{"id":6258,"date":"2020-11-16T12:32:18","date_gmt":"2020-11-16T12:32:18","guid":{"rendered":"https:\/\/extery.com\/?post_type=product&#038;p=6258"},"modified":"2024-01-31T18:26:41","modified_gmt":"2024-01-31T18:26:41","slug":"nippon-kuup","status":"publish","type":"product","link":"https:\/\/dev.codenot.studio\/extery-new\/tooted\/nippon-kuup\/","title":{"rendered":"Nippon kuup"},"content":{"rendered":"<p>Nippon kuup on arhitektuurselt selgete mahtudega lihtne pink, mis seisab kahe jalaga maa peal nagu rahu ise. Oma tagasihoidlikkusega sobib erinevatesse linnakeskkondadesse, m\u00f5judes modernses kontekstis tasakaalukalt ning pretensioonikamal taustal diskreetselt, pea n\u00e4htamatult. Paigutades pingid korduvalt platsi serva v\u00f5i pikalt m\u00f6\u00f6da mere\u00e4\u00e4rset promenaadi kulgevalt, v\u00f5imendub Nippon pingi lihtsuse v\u00f5lu veelgi enam.<\/p>\n","protected":false},"excerpt":{"rendered":"<p>Nippon kuup on arhitektuurselt selgete mahtudega lihtne pink, mis seisab kahe jalaga maa peal nagu rahu ise. Oma tagasihoidlikkusega sobib erinevatesse linnakeskkondadesse, m\u00f5judes modernses kontekstis tasakaalukalt ning pretensioonikamal taustal diskreetselt, pea n\u00e4htamatult. Paigutades pingid korduvalt platsi serva v\u00f5i pikalt m\u00f6\u00f6da mere\u00e4\u00e4rset promenaadi kulgevalt, v\u00f5imendub Nippon pingi lihtsuse v\u00f5lu veelgi enam.<\/p>\n","protected":false},"featured_media":1004,"comment_status":"open","ping_status":"closed","template":"","meta":{"_acf_changed":false},"product_cat":[32],"product_tag":[],"class_list":["post-6258","product","type-product","status-publish","has-post-thumbnail","hentry","product_cat-toolid-tumbad","product-family-nippon"],"acf":[],"yoast_head":"<!-- This site is optimized with the Yoast SEO plugin v24.1 - https:\/\/yoast.com\/wordpress\/plugins\/seo\/ -->\n<title>Nippon kuup - Extery<\/title>\n<meta name=\"description\" content=\"Nippon kuup on arhitektuurselt selgete mahtudega lihtne pink, mis seisab kahe jalaga maa peal nagu rahu ise. Oma tagasihoidlikkusega sobib erinevatesse linnakeskkondadesse.\" \/>\n<meta name=\"robots\" content=\"index, follow, max-snippet:-1, max-image-preview:large, max-video-preview:-1\" \/>\n<link rel=\"canonical\" href=\"https:\/\/dev.codenot.studio\/extery-new\/tooted\/nippon-kuup\/\" \/>\n<meta property=\"og:locale\" content=\"et_EE\" \/>\n<meta property=\"og:type\" content=\"article\" \/>\n<meta property=\"og:title\" content=\"Nippon kuup - Extery\" \/>\n<meta property=\"og:description\" content=\"Nippon kuup on arhitektuurselt selgete mahtudega lihtne pink, mis seisab kahe jalaga maa peal nagu rahu ise. Oma tagasihoidlikkusega sobib erinevatesse linnakeskkondadesse.\" \/>\n<meta property=\"og:url\" content=\"https:\/\/dev.codenot.studio\/extery-new\/tooted\/nippon-kuup\/\" \/>\n<meta property=\"og:site_name\" content=\"Extery\" \/>\n<meta property=\"article:modified_time\" content=\"2024-01-31T18:26:41+00:00\" \/>\n<meta property=\"og:image\" content=\"https:\/\/dev.codenot.studio\/extery-new\/wp-content\/uploads\/2020\/11\/nipponkuup_eest-scaled.jpg\" \/>\n\t<meta property=\"og:image:width\" content=\"2560\" \/>\n\t<meta property=\"og:image:height\" content=\"1702\" \/>\n\t<meta property=\"og:image:type\" content=\"image\/jpeg\" \/>\n<meta name=\"twitter:card\" content=\"summary_large_image\" \/>\n<meta name=\"twitter:label1\" content=\"Est. reading time\" \/>\n\t<meta name=\"twitter:data1\" content=\"1 minut\" \/>\n<script type=\"application\/ld+json\" class=\"yoast-schema-graph\">{\"@context\":\"https:\/\/schema.org\",\"@graph\":[{\"@type\":\"WebPage\",\"@id\":\"https:\/\/dev.codenot.studio\/extery-new\/tooted\/nippon-kuup\/\",\"url\":\"https:\/\/dev.codenot.studio\/extery-new\/tooted\/nippon-kuup\/\",\"name\":\"Nippon kuup - Extery\",\"isPartOf\":{\"@id\":\"https:\/\/dev.codenot.studio\/extery-new\/#website\"},\"primaryImageOfPage\":{\"@id\":\"https:\/\/dev.codenot.studio\/extery-new\/tooted\/nippon-kuup\/#primaryimage\"},\"image\":{\"@id\":\"https:\/\/dev.codenot.studio\/extery-new\/tooted\/nippon-kuup\/#primaryimage\"},\"thumbnailUrl\":\"https:\/\/dev.codenot.studio\/extery-new\/wp-content\/uploads\/2020\/11\/nipponkuup_eest-scaled.jpg\",\"datePublished\":\"2020-11-16T12:32:18+00:00\",\"dateModified\":\"2024-01-31T18:26:41+00:00\",\"description\":\"Nippon kuup on arhitektuurselt selgete mahtudega lihtne pink, mis seisab kahe jalaga maa peal nagu rahu ise. Oma tagasihoidlikkusega sobib erinevatesse linnakeskkondadesse.\",\"breadcrumb\":{\"@id\":\"https:\/\/dev.codenot.studio\/extery-new\/tooted\/nippon-kuup\/#breadcrumb\"},\"inLanguage\":\"et\",\"potentialAction\":[{\"@type\":\"ReadAction\",\"target\":[\"https:\/\/dev.codenot.studio\/extery-new\/tooted\/nippon-kuup\/\"]}]},{\"@type\":\"ImageObject\",\"inLanguage\":\"et\",\"@id\":\"https:\/\/dev.codenot.studio\/extery-new\/tooted\/nippon-kuup\/#primaryimage\",\"url\":\"https:\/\/dev.codenot.studio\/extery-new\/wp-content\/uploads\/2020\/11\/nipponkuup_eest-scaled.jpg\",\"contentUrl\":\"https:\/\/dev.codenot.studio\/extery-new\/wp-content\/uploads\/2020\/11\/nipponkuup_eest-scaled.jpg\",\"width\":2560,\"height\":1702},{\"@type\":\"BreadcrumbList\",\"@id\":\"https:\/\/dev.codenot.studio\/extery-new\/tooted\/nippon-kuup\/#breadcrumb\",\"itemListElement\":[{\"@type\":\"ListItem\",\"position\":1,\"name\":\"Home\",\"item\":\"https:\/\/dev.codenot.studio\/extery-new\/\"},{\"@type\":\"ListItem\",\"position\":2,\"name\":\"Tooted\",\"item\":\"https:\/\/dev.codenot.studio\/extery-new\/tooted\/\"},{\"@type\":\"ListItem\",\"position\":3,\"name\":\"Nippon kuup\"}]},{\"@type\":\"WebSite\",\"@id\":\"https:\/\/dev.codenot.studio\/extery-new\/#website\",\"url\":\"https:\/\/dev.codenot.studio\/extery-new\/\",\"name\":\"Extery\",\"description\":\"\",\"publisher\":{\"@id\":\"https:\/\/dev.codenot.studio\/extery-new\/#organization\"},\"potentialAction\":[{\"@type\":\"SearchAction\",\"target\":{\"@type\":\"EntryPoint\",\"urlTemplate\":\"https:\/\/dev.codenot.studio\/extery-new\/?s={search_term_string}\"},\"query-input\":{\"@type\":\"PropertyValueSpecification\",\"valueRequired\":true,\"valueName\":\"search_term_string\"}}],\"inLanguage\":\"et\"},{\"@type\":\"Organization\",\"@id\":\"https:\/\/dev.codenot.studio\/extery-new\/#organization\",\"name\":\"Extery\",\"url\":\"https:\/\/dev.codenot.studio\/extery-new\/\",\"logo\":{\"@type\":\"ImageObject\",\"inLanguage\":\"et\",\"@id\":\"https:\/\/dev.codenot.studio\/extery-new\/#\/schema\/logo\/image\/\",\"url\":\"https:\/\/dev.codenot.studio\/extery-new\/wp-content\/uploads\/2023\/11\/footer-logo.svg\",\"contentUrl\":\"https:\/\/dev.codenot.studio\/extery-new\/wp-content\/uploads\/2023\/11\/footer-logo.svg\",\"caption\":\"Extery\"},\"image\":{\"@id\":\"https:\/\/dev.codenot.studio\/extery-new\/#\/schema\/logo\/image\/\"}}]}<\/script>\n<!-- \/ Yoast SEO plugin. -->","yoast_head_json":{"title":"Nippon kuup - Extery","description":"Nippon kuup on arhitektuurselt selgete mahtudega lihtne pink, mis seisab kahe jalaga maa peal nagu rahu ise. Oma tagasihoidlikkusega sobib erinevatesse linnakeskkondadesse.","robots":{"index":"index","follow":"follow","max-snippet":"max-snippet:-1","max-image-preview":"max-image-preview:large","max-video-preview":"max-video-preview:-1"},"canonical":"https:\/\/dev.codenot.studio\/extery-new\/tooted\/nippon-kuup\/","og_locale":"et_EE","og_type":"article","og_title":"Nippon kuup - Extery","og_description":"Nippon kuup on arhitektuurselt selgete mahtudega lihtne pink, mis seisab kahe jalaga maa peal nagu rahu ise. Oma tagasihoidlikkusega sobib erinevatesse linnakeskkondadesse.","og_url":"https:\/\/dev.codenot.studio\/extery-new\/tooted\/nippon-kuup\/","og_site_name":"Extery","article_modified_time":"2024-01-31T18:26:41+00:00","og_image":[{"width":2560,"height":1702,"url":"https:\/\/dev.codenot.studio\/extery-new\/wp-content\/uploads\/2020\/11\/nipponkuup_eest-scaled.jpg","type":"image\/jpeg"}],"twitter_card":"summary_large_image","twitter_misc":{"Est. reading time":"1 minut"},"schema":{"@context":"https:\/\/schema.org","@graph":[{"@type":"WebPage","@id":"https:\/\/dev.codenot.studio\/extery-new\/tooted\/nippon-kuup\/","url":"https:\/\/dev.codenot.studio\/extery-new\/tooted\/nippon-kuup\/","name":"Nippon kuup - Extery","isPartOf":{"@id":"https:\/\/dev.codenot.studio\/extery-new\/#website"},"primaryImageOfPage":{"@id":"https:\/\/dev.codenot.studio\/extery-new\/tooted\/nippon-kuup\/#primaryimage"},"image":{"@id":"https:\/\/dev.codenot.studio\/extery-new\/tooted\/nippon-kuup\/#primaryimage"},"thumbnailUrl":"https:\/\/dev.codenot.studio\/extery-new\/wp-content\/uploads\/2020\/11\/nipponkuup_eest-scaled.jpg","datePublished":"2020-11-16T12:32:18+00:00","dateModified":"2024-01-31T18:26:41+00:00","description":"Nippon kuup on arhitektuurselt selgete mahtudega lihtne pink, mis seisab kahe jalaga maa peal nagu rahu ise. Oma tagasihoidlikkusega sobib erinevatesse linnakeskkondadesse.","breadcrumb":{"@id":"https:\/\/dev.codenot.studio\/extery-new\/tooted\/nippon-kuup\/#breadcrumb"},"inLanguage":"et","potentialAction":[{"@type":"ReadAction","target":["https:\/\/dev.codenot.studio\/extery-new\/tooted\/nippon-kuup\/"]}]},{"@type":"ImageObject","inLanguage":"et","@id":"https:\/\/dev.codenot.studio\/extery-new\/tooted\/nippon-kuup\/#primaryimage","url":"https:\/\/dev.codenot.studio\/extery-new\/wp-content\/uploads\/2020\/11\/nipponkuup_eest-scaled.jpg","contentUrl":"https:\/\/dev.codenot.studio\/extery-new\/wp-content\/uploads\/2020\/11\/nipponkuup_eest-scaled.jpg","width":2560,"height":1702},{"@type":"BreadcrumbList","@id":"https:\/\/dev.codenot.studio\/extery-new\/tooted\/nippon-kuup\/#breadcrumb","itemListElement":[{"@type":"ListItem","position":1,"name":"Home","item":"https:\/\/dev.codenot.studio\/extery-new\/"},{"@type":"ListItem","position":2,"name":"Tooted","item":"https:\/\/dev.codenot.studio\/extery-new\/tooted\/"},{"@type":"ListItem","position":3,"name":"Nippon kuup"}]},{"@type":"WebSite","@id":"https:\/\/dev.codenot.studio\/extery-new\/#website","url":"https:\/\/dev.codenot.studio\/extery-new\/","name":"Extery","description":"","publisher":{"@id":"https:\/\/dev.codenot.studio\/extery-new\/#organization"},"potentialAction":[{"@type":"SearchAction","target":{"@type":"EntryPoint","urlTemplate":"https:\/\/dev.codenot.studio\/extery-new\/?s={search_term_string}"},"query-input":{"@type":"PropertyValueSpecification","valueRequired":true,"valueName":"search_term_string"}}],"inLanguage":"et"},{"@type":"Organization","@id":"https:\/\/dev.codenot.studio\/extery-new\/#organization","name":"Extery","url":"https:\/\/dev.codenot.studio\/extery-new\/","logo":{"@type":"ImageObject","inLanguage":"et","@id":"https:\/\/dev.codenot.studio\/extery-new\/#\/schema\/logo\/image\/","url":"https:\/\/dev.codenot.studio\/extery-new\/wp-content\/uploads\/2023\/11\/footer-logo.svg","contentUrl":"https:\/\/dev.codenot.studio\/extery-new\/wp-content\/uploads\/2023\/11\/footer-logo.svg","caption":"Extery"},"image":{"@id":"https:\/\/dev.codenot.studio\/extery-new\/#\/schema\/logo\/image\/"}}]}},"_links":{"self":[{"href":"https:\/\/dev.codenot.studio\/extery-new\/wp-json\/wp\/v2\/product\/6258","targetHints":{"allow":["GET"]}}],"collection":[{"href":"https:\/\/dev.codenot.studio\/extery-new\/wp-json\/wp\/v2\/product"}],"about":[{"href":"https:\/\/dev.codenot.studio\/extery-new\/wp-json\/wp\/v2\/types\/product"}],"replies":[{"embeddable":true,"href":"https:\/\/dev.codenot.studio\/extery-new\/wp-json\/wp\/v2\/comments?post=6258"}],"wp:featuredmedia":[{"embeddable":true,"href":"https:\/\/dev.codenot.studio\/extery-new\/wp-json\/wp\/v2\/media\/1004"}],"wp:attachment":[{"href":"https:\/\/dev.codenot.studio\/extery-new\/wp-json\/wp\/v2\/media?parent=6258"}],"wp:term":[{"taxonomy":"product_cat","embeddable":true,"href":"https:\/\/dev.codenot.studio\/extery-new\/wp-json\/wp\/v2\/product_cat?post=6258"},{"taxonomy":"product_tag","embeddable":true,"href":"https:\/\/dev.codenot.studio\/extery-new\/wp-json\/wp\/v2\/product_tag?post=6258"}],"curies":[{"name":"wp","href":"https:\/\/api.w.org\/{rel}","templated":true}]}}