{"id":5745,"date":"2020-11-16T11:15:49","date_gmt":"2020-11-16T11:15:49","guid":{"rendered":"https:\/\/extery.com\/?post_type=product&#038;p=5745"},"modified":"2024-01-31T18:23:56","modified_gmt":"2024-01-31T18:23:56","slug":"voog-tool","status":"publish","type":"product","link":"https:\/\/dev.codenot.studio\/extery-new\/tooted\/voog-tool\/","title":{"rendered":"tool Voog"},"content":{"rendered":"<p>Tool Voog on kui maastikukujunduselement. Lookleva siluetiga pargi tool, mis justkui voogab maapinnast. Harmooniline ning voolujooneline vorm \u00e4ratab t\u00e4helepanu oma laitmatu viimistluse ning diskreetse ja maastikku sulanduva pehme vormiga. Pealispindadel puuduvad n\u00e4htavad kinnitusdetailid ning kogu toote olemus on puhas ja rahulik. Materjalideks on valitud p\u00f5hjamaisele karmile kliimale sobilikud ja vastupidavad materjalid.<\/p>\n<p>Voogi perekonnas on saadaval nii klassikaline kolmele istujale m\u00f5eldud pink, tool kui ka kaheinimese lamamistool.<\/p>\n","protected":false},"excerpt":{"rendered":"<p>Tool Voog on kui maastikukujunduselement. Lookleva siluetiga pargi tool, mis justkui voogab maapinnast. Harmooniline ning voolujooneline vorm \u00e4ratab t\u00e4helepanu oma laitmatu viimistluse ning diskreetse ja maastikku sulanduva pehme vormiga. Pealispindadel puuduvad n\u00e4htavad kinnitusdetailid ning kogu toote olemus on puhas ja rahulik. Materjalideks on valitud p\u00f5hjamaisele karmile kliimale sobilikud ja vastupidavad materjalid. Voogi perekonnas on saadaval [&hellip;]<\/p>\n","protected":false},"featured_media":10235,"comment_status":"open","ping_status":"closed","template":"","meta":{"_acf_changed":false},"product_cat":[32],"product_tag":[],"class_list":["post-5745","product","type-product","status-publish","has-post-thumbnail","hentry","product_cat-toolid-tumbad","product-family-voog"],"acf":[],"yoast_head":"<!-- This site is optimized with the Yoast SEO plugin v24.1 - https:\/\/yoast.com\/wordpress\/plugins\/seo\/ -->\n<title>tool Voog - Extery linnam\u00f6\u00f6bli kollektsiooni pargipingid<\/title>\n<meta name=\"description\" content=\"Tool Voog on kui maastikukujunduselement. Lookleva siluetiga seljatoega iste, mis justkui voogab maapinnast.\" \/>\n<meta name=\"robots\" content=\"index, follow, max-snippet:-1, max-image-preview:large, max-video-preview:-1\" \/>\n<link rel=\"canonical\" href=\"https:\/\/dev.codenot.studio\/extery-new\/tooted\/voog-tool\/\" \/>\n<meta property=\"og:locale\" content=\"et_EE\" \/>\n<meta property=\"og:type\" content=\"article\" \/>\n<meta property=\"og:title\" content=\"tool Voog - Extery linnam\u00f6\u00f6bli kollektsiooni pargipingid\" \/>\n<meta property=\"og:description\" content=\"Tool Voog on kui maastikukujunduselement. Lookleva siluetiga seljatoega iste, mis justkui voogab maapinnast.\" \/>\n<meta property=\"og:url\" content=\"https:\/\/dev.codenot.studio\/extery-new\/tooted\/voog-tool\/\" \/>\n<meta property=\"og:site_name\" content=\"Extery\" \/>\n<meta property=\"article:modified_time\" content=\"2024-01-31T18:23:56+00:00\" \/>\n<meta property=\"og:image\" content=\"https:\/\/dev.codenot.studio\/extery-new\/wp-content\/uploads\/2020\/12\/chair-voog-tool-scaled.jpg\" \/>\n\t<meta property=\"og:image:width\" content=\"2560\" \/>\n\t<meta property=\"og:image:height\" content=\"1707\" \/>\n\t<meta property=\"og:image:type\" content=\"image\/jpeg\" \/>\n<meta name=\"twitter:card\" content=\"summary_large_image\" \/>\n<meta name=\"twitter:label1\" content=\"Est. reading time\" \/>\n\t<meta name=\"twitter:data1\" content=\"1 minut\" \/>\n<script type=\"application\/ld+json\" class=\"yoast-schema-graph\">{\"@context\":\"https:\/\/schema.org\",\"@graph\":[{\"@type\":\"WebPage\",\"@id\":\"https:\/\/dev.codenot.studio\/extery-new\/tooted\/voog-tool\/\",\"url\":\"https:\/\/dev.codenot.studio\/extery-new\/tooted\/voog-tool\/\",\"name\":\"tool Voog - Extery linnam\u00f6\u00f6bli kollektsiooni pargipingid\",\"isPartOf\":{\"@id\":\"https:\/\/dev.codenot.studio\/extery-new\/#website\"},\"primaryImageOfPage\":{\"@id\":\"https:\/\/dev.codenot.studio\/extery-new\/tooted\/voog-tool\/#primaryimage\"},\"image\":{\"@id\":\"https:\/\/dev.codenot.studio\/extery-new\/tooted\/voog-tool\/#primaryimage\"},\"thumbnailUrl\":\"https:\/\/dev.codenot.studio\/extery-new\/wp-content\/uploads\/2020\/12\/chair-voog-tool-scaled.jpg\",\"datePublished\":\"2020-11-16T11:15:49+00:00\",\"dateModified\":\"2024-01-31T18:23:56+00:00\",\"description\":\"Tool Voog on kui maastikukujunduselement. Lookleva siluetiga seljatoega iste, mis justkui voogab maapinnast.\",\"breadcrumb\":{\"@id\":\"https:\/\/dev.codenot.studio\/extery-new\/tooted\/voog-tool\/#breadcrumb\"},\"inLanguage\":\"et\",\"potentialAction\":[{\"@type\":\"ReadAction\",\"target\":[\"https:\/\/dev.codenot.studio\/extery-new\/tooted\/voog-tool\/\"]}]},{\"@type\":\"ImageObject\",\"inLanguage\":\"et\",\"@id\":\"https:\/\/dev.codenot.studio\/extery-new\/tooted\/voog-tool\/#primaryimage\",\"url\":\"https:\/\/dev.codenot.studio\/extery-new\/wp-content\/uploads\/2020\/12\/chair-voog-tool-scaled.jpg\",\"contentUrl\":\"https:\/\/dev.codenot.studio\/extery-new\/wp-content\/uploads\/2020\/12\/chair-voog-tool-scaled.jpg\",\"width\":2560,\"height\":1707},{\"@type\":\"BreadcrumbList\",\"@id\":\"https:\/\/dev.codenot.studio\/extery-new\/tooted\/voog-tool\/#breadcrumb\",\"itemListElement\":[{\"@type\":\"ListItem\",\"position\":1,\"name\":\"Home\",\"item\":\"https:\/\/dev.codenot.studio\/extery-new\/\"},{\"@type\":\"ListItem\",\"position\":2,\"name\":\"Tooted\",\"item\":\"https:\/\/dev.codenot.studio\/extery-new\/tooted\/\"},{\"@type\":\"ListItem\",\"position\":3,\"name\":\"tool Voog\"}]},{\"@type\":\"WebSite\",\"@id\":\"https:\/\/dev.codenot.studio\/extery-new\/#website\",\"url\":\"https:\/\/dev.codenot.studio\/extery-new\/\",\"name\":\"Extery\",\"description\":\"\",\"publisher\":{\"@id\":\"https:\/\/dev.codenot.studio\/extery-new\/#organization\"},\"potentialAction\":[{\"@type\":\"SearchAction\",\"target\":{\"@type\":\"EntryPoint\",\"urlTemplate\":\"https:\/\/dev.codenot.studio\/extery-new\/?s={search_term_string}\"},\"query-input\":{\"@type\":\"PropertyValueSpecification\",\"valueRequired\":true,\"valueName\":\"search_term_string\"}}],\"inLanguage\":\"et\"},{\"@type\":\"Organization\",\"@id\":\"https:\/\/dev.codenot.studio\/extery-new\/#organization\",\"name\":\"Extery\",\"url\":\"https:\/\/dev.codenot.studio\/extery-new\/\",\"logo\":{\"@type\":\"ImageObject\",\"inLanguage\":\"et\",\"@id\":\"https:\/\/dev.codenot.studio\/extery-new\/#\/schema\/logo\/image\/\",\"url\":\"https:\/\/dev.codenot.studio\/extery-new\/wp-content\/uploads\/2023\/11\/footer-logo.svg\",\"contentUrl\":\"https:\/\/dev.codenot.studio\/extery-new\/wp-content\/uploads\/2023\/11\/footer-logo.svg\",\"caption\":\"Extery\"},\"image\":{\"@id\":\"https:\/\/dev.codenot.studio\/extery-new\/#\/schema\/logo\/image\/\"}}]}<\/script>\n<!-- \/ Yoast SEO plugin. -->","yoast_head_json":{"title":"tool Voog - Extery linnam\u00f6\u00f6bli kollektsiooni pargipingid","description":"Tool Voog on kui maastikukujunduselement. Lookleva siluetiga seljatoega iste, mis justkui voogab maapinnast.","robots":{"index":"index","follow":"follow","max-snippet":"max-snippet:-1","max-image-preview":"max-image-preview:large","max-video-preview":"max-video-preview:-1"},"canonical":"https:\/\/dev.codenot.studio\/extery-new\/tooted\/voog-tool\/","og_locale":"et_EE","og_type":"article","og_title":"tool Voog - Extery linnam\u00f6\u00f6bli kollektsiooni pargipingid","og_description":"Tool Voog on kui maastikukujunduselement. Lookleva siluetiga seljatoega iste, mis justkui voogab maapinnast.","og_url":"https:\/\/dev.codenot.studio\/extery-new\/tooted\/voog-tool\/","og_site_name":"Extery","article_modified_time":"2024-01-31T18:23:56+00:00","og_image":[{"width":2560,"height":1707,"url":"https:\/\/dev.codenot.studio\/extery-new\/wp-content\/uploads\/2020\/12\/chair-voog-tool-scaled.jpg","type":"image\/jpeg"}],"twitter_card":"summary_large_image","twitter_misc":{"Est. reading time":"1 minut"},"schema":{"@context":"https:\/\/schema.org","@graph":[{"@type":"WebPage","@id":"https:\/\/dev.codenot.studio\/extery-new\/tooted\/voog-tool\/","url":"https:\/\/dev.codenot.studio\/extery-new\/tooted\/voog-tool\/","name":"tool Voog - Extery linnam\u00f6\u00f6bli kollektsiooni pargipingid","isPartOf":{"@id":"https:\/\/dev.codenot.studio\/extery-new\/#website"},"primaryImageOfPage":{"@id":"https:\/\/dev.codenot.studio\/extery-new\/tooted\/voog-tool\/#primaryimage"},"image":{"@id":"https:\/\/dev.codenot.studio\/extery-new\/tooted\/voog-tool\/#primaryimage"},"thumbnailUrl":"https:\/\/dev.codenot.studio\/extery-new\/wp-content\/uploads\/2020\/12\/chair-voog-tool-scaled.jpg","datePublished":"2020-11-16T11:15:49+00:00","dateModified":"2024-01-31T18:23:56+00:00","description":"Tool Voog on kui maastikukujunduselement. Lookleva siluetiga seljatoega iste, mis justkui voogab maapinnast.","breadcrumb":{"@id":"https:\/\/dev.codenot.studio\/extery-new\/tooted\/voog-tool\/#breadcrumb"},"inLanguage":"et","potentialAction":[{"@type":"ReadAction","target":["https:\/\/dev.codenot.studio\/extery-new\/tooted\/voog-tool\/"]}]},{"@type":"ImageObject","inLanguage":"et","@id":"https:\/\/dev.codenot.studio\/extery-new\/tooted\/voog-tool\/#primaryimage","url":"https:\/\/dev.codenot.studio\/extery-new\/wp-content\/uploads\/2020\/12\/chair-voog-tool-scaled.jpg","contentUrl":"https:\/\/dev.codenot.studio\/extery-new\/wp-content\/uploads\/2020\/12\/chair-voog-tool-scaled.jpg","width":2560,"height":1707},{"@type":"BreadcrumbList","@id":"https:\/\/dev.codenot.studio\/extery-new\/tooted\/voog-tool\/#breadcrumb","itemListElement":[{"@type":"ListItem","position":1,"name":"Home","item":"https:\/\/dev.codenot.studio\/extery-new\/"},{"@type":"ListItem","position":2,"name":"Tooted","item":"https:\/\/dev.codenot.studio\/extery-new\/tooted\/"},{"@type":"ListItem","position":3,"name":"tool Voog"}]},{"@type":"WebSite","@id":"https:\/\/dev.codenot.studio\/extery-new\/#website","url":"https:\/\/dev.codenot.studio\/extery-new\/","name":"Extery","description":"","publisher":{"@id":"https:\/\/dev.codenot.studio\/extery-new\/#organization"},"potentialAction":[{"@type":"SearchAction","target":{"@type":"EntryPoint","urlTemplate":"https:\/\/dev.codenot.studio\/extery-new\/?s={search_term_string}"},"query-input":{"@type":"PropertyValueSpecification","valueRequired":true,"valueName":"search_term_string"}}],"inLanguage":"et"},{"@type":"Organization","@id":"https:\/\/dev.codenot.studio\/extery-new\/#organization","name":"Extery","url":"https:\/\/dev.codenot.studio\/extery-new\/","logo":{"@type":"ImageObject","inLanguage":"et","@id":"https:\/\/dev.codenot.studio\/extery-new\/#\/schema\/logo\/image\/","url":"https:\/\/dev.codenot.studio\/extery-new\/wp-content\/uploads\/2023\/11\/footer-logo.svg","contentUrl":"https:\/\/dev.codenot.studio\/extery-new\/wp-content\/uploads\/2023\/11\/footer-logo.svg","caption":"Extery"},"image":{"@id":"https:\/\/dev.codenot.studio\/extery-new\/#\/schema\/logo\/image\/"}}]}},"_links":{"self":[{"href":"https:\/\/dev.codenot.studio\/extery-new\/wp-json\/wp\/v2\/product\/5745","targetHints":{"allow":["GET"]}}],"collection":[{"href":"https:\/\/dev.codenot.studio\/extery-new\/wp-json\/wp\/v2\/product"}],"about":[{"href":"https:\/\/dev.codenot.studio\/extery-new\/wp-json\/wp\/v2\/types\/product"}],"replies":[{"embeddable":true,"href":"https:\/\/dev.codenot.studio\/extery-new\/wp-json\/wp\/v2\/comments?post=5745"}],"wp:featuredmedia":[{"embeddable":true,"href":"https:\/\/dev.codenot.studio\/extery-new\/wp-json\/wp\/v2\/media\/10235"}],"wp:attachment":[{"href":"https:\/\/dev.codenot.studio\/extery-new\/wp-json\/wp\/v2\/media?parent=5745"}],"wp:term":[{"taxonomy":"product_cat","embeddable":true,"href":"https:\/\/dev.codenot.studio\/extery-new\/wp-json\/wp\/v2\/product_cat?post=5745"},{"taxonomy":"product_tag","embeddable":true,"href":"https:\/\/dev.codenot.studio\/extery-new\/wp-json\/wp\/v2\/product_tag?post=5745"}],"curies":[{"name":"wp","href":"https:\/\/api.w.org\/{rel}","templated":true}]}}