{"id":53227,"date":"2024-10-14T10:22:21","date_gmt":"2024-10-14T10:22:21","guid":{"rendered":"https:\/\/extery.com\/?post_type=product&#038;p=53227"},"modified":"2025-02-05T14:28:31","modified_gmt":"2025-02-05T14:28:31","slug":"prugikast-trio-m1","status":"publish","type":"product","link":"https:\/\/dev.codenot.studio\/extery-new\/tooted\/prugikast-trio-m1\/","title":{"rendered":"pr\u00fcgikast Trio M1"},"content":{"rendered":"<p>Pr\u00fcgikast Trio on loodud pr\u00fcgi sorteerimise lihtsustamiseks. Perekonnas on saadaval nii \u00fcksikud pr\u00fcgikastid kui ka kolme konteineriga pr\u00fcgi sorteerimiseks m\u00f5eldud pr\u00fcgikastid. \u00dcksikud konteinerid muudavad Trio pr\u00fcgikastiperekonna kasutuse \u00fcmbruskonnale paindlikuks ja mitmekesiseks.<\/p>\n<p>TRIO &#8211; see on pr\u00fcgi sorteerimist v\u00f5imaldav kastide s\u00fcsteem avalikku ruumi. Sarjas on erinevad suurused, mis on sobilikud kasutada rahvarohketel aladel v\u00e4liruumis kui ka interj\u00f6\u00f6ris.<br \/>\nV\u00e4ljap\u00f6\u00f6rduvad v\u00e4rvilised pr\u00fcgiava servad kutsuvad pr\u00fcgi sorteerima ning annavad selgeid vihjeid pr\u00fcgi jaotuseks.<br \/>\nHummaanse l\u00e4henemise pudeliringlusele tagavad pr\u00fcgikasti korpusesse peidetud muust pr\u00fcgist eraldatud pudelipesad.<\/p>\n","protected":false},"excerpt":{"rendered":"<p>Pr\u00fcgikast Trio on loodud pr\u00fcgi sorteerimise lihtsustamiseks. Perekonnas on saadaval nii \u00fcksikud pr\u00fcgikastid kui ka kolme konteineriga pr\u00fcgi sorteerimiseks m\u00f5eldud pr\u00fcgikastid. \u00dcksikud konteinerid muudavad Trio pr\u00fcgikastiperekonna kasutuse \u00fcmbruskonnale paindlikuks ja mitmekesiseks. TRIO &#8211; see on pr\u00fcgi sorteerimist v\u00f5imaldav kastide s\u00fcsteem avalikku ruumi. Sarjas on erinevad suurused, mis on sobilikud kasutada rahvarohketel aladel v\u00e4liruumis kui ka [&hellip;]<\/p>\n","protected":false},"featured_media":53206,"comment_status":"open","ping_status":"closed","template":"","meta":{"_acf_changed":false},"product_cat":[46],"product_tag":[],"class_list":["post-53227","product","type-product","status-publish","has-post-thumbnail","hentry","product_cat-prugikastid","product-family-trio"],"acf":[],"yoast_head":"<!-- This site is optimized with the Yoast SEO plugin v24.1 - https:\/\/yoast.com\/wordpress\/plugins\/seo\/ -->\n<title>pr\u00fcgikast Trio M1 - Extery linnam\u00f6\u00f6bli kollektsiooni pr\u00fcgikastid<\/title>\n<meta name=\"description\" content=\"Pr\u00fcgikast Trio on loodud pr\u00fcgi sorteerimise lihtsustamiseks, samas on perekonnas saadaval ka \u00fcksikud pr\u00fcgikastid, mis muudavad perekonna kasutuse \u00fcmbruskonnale paindlikumaks.\" \/>\n<meta name=\"robots\" content=\"index, follow, max-snippet:-1, max-image-preview:large, max-video-preview:-1\" \/>\n<link rel=\"canonical\" href=\"https:\/\/dev.codenot.studio\/extery-new\/tooted\/prugikast-trio-m1\/\" \/>\n<meta property=\"og:locale\" content=\"et_EE\" \/>\n<meta property=\"og:type\" content=\"article\" \/>\n<meta property=\"og:title\" content=\"pr\u00fcgikast Trio M1 - Extery linnam\u00f6\u00f6bli kollektsiooni pr\u00fcgikastid\" \/>\n<meta property=\"og:description\" content=\"Pr\u00fcgikast Trio on loodud pr\u00fcgi sorteerimise lihtsustamiseks, samas on perekonnas saadaval ka \u00fcksikud pr\u00fcgikastid, mis muudavad perekonna kasutuse \u00fcmbruskonnale paindlikumaks.\" \/>\n<meta property=\"og:url\" content=\"https:\/\/dev.codenot.studio\/extery-new\/tooted\/prugikast-trio-m1\/\" \/>\n<meta property=\"og:site_name\" content=\"Extery\" \/>\n<meta property=\"article:modified_time\" content=\"2025-02-05T14:28:31+00:00\" \/>\n<meta property=\"og:image\" content=\"https:\/\/dev.codenot.studio\/extery-new\/wp-content\/uploads\/2024\/10\/TrioM-1-eest-Extery-linnamoobel-prugikastid-urban-furniture-litter-bin.jpg\" \/>\n\t<meta property=\"og:image:width\" content=\"1875\" \/>\n\t<meta property=\"og:image:height\" content=\"1250\" \/>\n\t<meta property=\"og:image:type\" content=\"image\/jpeg\" \/>\n<meta name=\"twitter:card\" content=\"summary_large_image\" \/>\n<meta name=\"twitter:label1\" content=\"Est. reading time\" \/>\n\t<meta name=\"twitter:data1\" content=\"1 minut\" \/>\n<script type=\"application\/ld+json\" class=\"yoast-schema-graph\">{\"@context\":\"https:\/\/schema.org\",\"@graph\":[{\"@type\":\"WebPage\",\"@id\":\"https:\/\/dev.codenot.studio\/extery-new\/tooted\/prugikast-trio-m1\/\",\"url\":\"https:\/\/dev.codenot.studio\/extery-new\/tooted\/prugikast-trio-m1\/\",\"name\":\"pr\u00fcgikast Trio M1 - Extery linnam\u00f6\u00f6bli kollektsiooni pr\u00fcgikastid\",\"isPartOf\":{\"@id\":\"https:\/\/dev.codenot.studio\/extery-new\/#website\"},\"primaryImageOfPage\":{\"@id\":\"https:\/\/dev.codenot.studio\/extery-new\/tooted\/prugikast-trio-m1\/#primaryimage\"},\"image\":{\"@id\":\"https:\/\/dev.codenot.studio\/extery-new\/tooted\/prugikast-trio-m1\/#primaryimage\"},\"thumbnailUrl\":\"https:\/\/dev.codenot.studio\/extery-new\/wp-content\/uploads\/2024\/10\/TrioM-1-eest-Extery-linnamoobel-prugikastid-urban-furniture-litter-bin.jpg\",\"datePublished\":\"2024-10-14T10:22:21+00:00\",\"dateModified\":\"2025-02-05T14:28:31+00:00\",\"description\":\"Pr\u00fcgikast Trio on loodud pr\u00fcgi sorteerimise lihtsustamiseks, samas on perekonnas saadaval ka \u00fcksikud pr\u00fcgikastid, mis muudavad perekonna kasutuse \u00fcmbruskonnale paindlikumaks.\",\"breadcrumb\":{\"@id\":\"https:\/\/dev.codenot.studio\/extery-new\/tooted\/prugikast-trio-m1\/#breadcrumb\"},\"inLanguage\":\"et\",\"potentialAction\":[{\"@type\":\"ReadAction\",\"target\":[\"https:\/\/dev.codenot.studio\/extery-new\/tooted\/prugikast-trio-m1\/\"]}]},{\"@type\":\"ImageObject\",\"inLanguage\":\"et\",\"@id\":\"https:\/\/dev.codenot.studio\/extery-new\/tooted\/prugikast-trio-m1\/#primaryimage\",\"url\":\"https:\/\/dev.codenot.studio\/extery-new\/wp-content\/uploads\/2024\/10\/TrioM-1-eest-Extery-linnamoobel-prugikastid-urban-furniture-litter-bin.jpg\",\"contentUrl\":\"https:\/\/dev.codenot.studio\/extery-new\/wp-content\/uploads\/2024\/10\/TrioM-1-eest-Extery-linnamoobel-prugikastid-urban-furniture-litter-bin.jpg\",\"width\":1875,\"height\":1250},{\"@type\":\"BreadcrumbList\",\"@id\":\"https:\/\/dev.codenot.studio\/extery-new\/tooted\/prugikast-trio-m1\/#breadcrumb\",\"itemListElement\":[{\"@type\":\"ListItem\",\"position\":1,\"name\":\"Home\",\"item\":\"https:\/\/dev.codenot.studio\/extery-new\/\"},{\"@type\":\"ListItem\",\"position\":2,\"name\":\"Tooted\",\"item\":\"https:\/\/dev.codenot.studio\/extery-new\/tooted\/\"},{\"@type\":\"ListItem\",\"position\":3,\"name\":\"pr\u00fcgikast Trio M1\"}]},{\"@type\":\"WebSite\",\"@id\":\"https:\/\/dev.codenot.studio\/extery-new\/#website\",\"url\":\"https:\/\/dev.codenot.studio\/extery-new\/\",\"name\":\"Extery\",\"description\":\"\",\"publisher\":{\"@id\":\"https:\/\/dev.codenot.studio\/extery-new\/#organization\"},\"potentialAction\":[{\"@type\":\"SearchAction\",\"target\":{\"@type\":\"EntryPoint\",\"urlTemplate\":\"https:\/\/dev.codenot.studio\/extery-new\/?s={search_term_string}\"},\"query-input\":{\"@type\":\"PropertyValueSpecification\",\"valueRequired\":true,\"valueName\":\"search_term_string\"}}],\"inLanguage\":\"et\"},{\"@type\":\"Organization\",\"@id\":\"https:\/\/dev.codenot.studio\/extery-new\/#organization\",\"name\":\"Extery\",\"url\":\"https:\/\/dev.codenot.studio\/extery-new\/\",\"logo\":{\"@type\":\"ImageObject\",\"inLanguage\":\"et\",\"@id\":\"https:\/\/dev.codenot.studio\/extery-new\/#\/schema\/logo\/image\/\",\"url\":\"https:\/\/dev.codenot.studio\/extery-new\/wp-content\/uploads\/2023\/11\/footer-logo.svg\",\"contentUrl\":\"https:\/\/dev.codenot.studio\/extery-new\/wp-content\/uploads\/2023\/11\/footer-logo.svg\",\"caption\":\"Extery\"},\"image\":{\"@id\":\"https:\/\/dev.codenot.studio\/extery-new\/#\/schema\/logo\/image\/\"}}]}<\/script>\n<!-- \/ Yoast SEO plugin. -->","yoast_head_json":{"title":"pr\u00fcgikast Trio M1 - Extery linnam\u00f6\u00f6bli kollektsiooni pr\u00fcgikastid","description":"Pr\u00fcgikast Trio on loodud pr\u00fcgi sorteerimise lihtsustamiseks, samas on perekonnas saadaval ka \u00fcksikud pr\u00fcgikastid, mis muudavad perekonna kasutuse \u00fcmbruskonnale paindlikumaks.","robots":{"index":"index","follow":"follow","max-snippet":"max-snippet:-1","max-image-preview":"max-image-preview:large","max-video-preview":"max-video-preview:-1"},"canonical":"https:\/\/dev.codenot.studio\/extery-new\/tooted\/prugikast-trio-m1\/","og_locale":"et_EE","og_type":"article","og_title":"pr\u00fcgikast Trio M1 - Extery linnam\u00f6\u00f6bli kollektsiooni pr\u00fcgikastid","og_description":"Pr\u00fcgikast Trio on loodud pr\u00fcgi sorteerimise lihtsustamiseks, samas on perekonnas saadaval ka \u00fcksikud pr\u00fcgikastid, mis muudavad perekonna kasutuse \u00fcmbruskonnale paindlikumaks.","og_url":"https:\/\/dev.codenot.studio\/extery-new\/tooted\/prugikast-trio-m1\/","og_site_name":"Extery","article_modified_time":"2025-02-05T14:28:31+00:00","og_image":[{"width":1875,"height":1250,"url":"https:\/\/dev.codenot.studio\/extery-new\/wp-content\/uploads\/2024\/10\/TrioM-1-eest-Extery-linnamoobel-prugikastid-urban-furniture-litter-bin.jpg","type":"image\/jpeg"}],"twitter_card":"summary_large_image","twitter_misc":{"Est. reading time":"1 minut"},"schema":{"@context":"https:\/\/schema.org","@graph":[{"@type":"WebPage","@id":"https:\/\/dev.codenot.studio\/extery-new\/tooted\/prugikast-trio-m1\/","url":"https:\/\/dev.codenot.studio\/extery-new\/tooted\/prugikast-trio-m1\/","name":"pr\u00fcgikast Trio M1 - Extery linnam\u00f6\u00f6bli kollektsiooni pr\u00fcgikastid","isPartOf":{"@id":"https:\/\/dev.codenot.studio\/extery-new\/#website"},"primaryImageOfPage":{"@id":"https:\/\/dev.codenot.studio\/extery-new\/tooted\/prugikast-trio-m1\/#primaryimage"},"image":{"@id":"https:\/\/dev.codenot.studio\/extery-new\/tooted\/prugikast-trio-m1\/#primaryimage"},"thumbnailUrl":"https:\/\/dev.codenot.studio\/extery-new\/wp-content\/uploads\/2024\/10\/TrioM-1-eest-Extery-linnamoobel-prugikastid-urban-furniture-litter-bin.jpg","datePublished":"2024-10-14T10:22:21+00:00","dateModified":"2025-02-05T14:28:31+00:00","description":"Pr\u00fcgikast Trio on loodud pr\u00fcgi sorteerimise lihtsustamiseks, samas on perekonnas saadaval ka \u00fcksikud pr\u00fcgikastid, mis muudavad perekonna kasutuse \u00fcmbruskonnale paindlikumaks.","breadcrumb":{"@id":"https:\/\/dev.codenot.studio\/extery-new\/tooted\/prugikast-trio-m1\/#breadcrumb"},"inLanguage":"et","potentialAction":[{"@type":"ReadAction","target":["https:\/\/dev.codenot.studio\/extery-new\/tooted\/prugikast-trio-m1\/"]}]},{"@type":"ImageObject","inLanguage":"et","@id":"https:\/\/dev.codenot.studio\/extery-new\/tooted\/prugikast-trio-m1\/#primaryimage","url":"https:\/\/dev.codenot.studio\/extery-new\/wp-content\/uploads\/2024\/10\/TrioM-1-eest-Extery-linnamoobel-prugikastid-urban-furniture-litter-bin.jpg","contentUrl":"https:\/\/dev.codenot.studio\/extery-new\/wp-content\/uploads\/2024\/10\/TrioM-1-eest-Extery-linnamoobel-prugikastid-urban-furniture-litter-bin.jpg","width":1875,"height":1250},{"@type":"BreadcrumbList","@id":"https:\/\/dev.codenot.studio\/extery-new\/tooted\/prugikast-trio-m1\/#breadcrumb","itemListElement":[{"@type":"ListItem","position":1,"name":"Home","item":"https:\/\/dev.codenot.studio\/extery-new\/"},{"@type":"ListItem","position":2,"name":"Tooted","item":"https:\/\/dev.codenot.studio\/extery-new\/tooted\/"},{"@type":"ListItem","position":3,"name":"pr\u00fcgikast Trio M1"}]},{"@type":"WebSite","@id":"https:\/\/dev.codenot.studio\/extery-new\/#website","url":"https:\/\/dev.codenot.studio\/extery-new\/","name":"Extery","description":"","publisher":{"@id":"https:\/\/dev.codenot.studio\/extery-new\/#organization"},"potentialAction":[{"@type":"SearchAction","target":{"@type":"EntryPoint","urlTemplate":"https:\/\/dev.codenot.studio\/extery-new\/?s={search_term_string}"},"query-input":{"@type":"PropertyValueSpecification","valueRequired":true,"valueName":"search_term_string"}}],"inLanguage":"et"},{"@type":"Organization","@id":"https:\/\/dev.codenot.studio\/extery-new\/#organization","name":"Extery","url":"https:\/\/dev.codenot.studio\/extery-new\/","logo":{"@type":"ImageObject","inLanguage":"et","@id":"https:\/\/dev.codenot.studio\/extery-new\/#\/schema\/logo\/image\/","url":"https:\/\/dev.codenot.studio\/extery-new\/wp-content\/uploads\/2023\/11\/footer-logo.svg","contentUrl":"https:\/\/dev.codenot.studio\/extery-new\/wp-content\/uploads\/2023\/11\/footer-logo.svg","caption":"Extery"},"image":{"@id":"https:\/\/dev.codenot.studio\/extery-new\/#\/schema\/logo\/image\/"}}]}},"_links":{"self":[{"href":"https:\/\/dev.codenot.studio\/extery-new\/wp-json\/wp\/v2\/product\/53227","targetHints":{"allow":["GET"]}}],"collection":[{"href":"https:\/\/dev.codenot.studio\/extery-new\/wp-json\/wp\/v2\/product"}],"about":[{"href":"https:\/\/dev.codenot.studio\/extery-new\/wp-json\/wp\/v2\/types\/product"}],"replies":[{"embeddable":true,"href":"https:\/\/dev.codenot.studio\/extery-new\/wp-json\/wp\/v2\/comments?post=53227"}],"wp:featuredmedia":[{"embeddable":true,"href":"https:\/\/dev.codenot.studio\/extery-new\/wp-json\/wp\/v2\/media\/53206"}],"wp:attachment":[{"href":"https:\/\/dev.codenot.studio\/extery-new\/wp-json\/wp\/v2\/media?parent=53227"}],"wp:term":[{"taxonomy":"product_cat","embeddable":true,"href":"https:\/\/dev.codenot.studio\/extery-new\/wp-json\/wp\/v2\/product_cat?post=53227"},{"taxonomy":"product_tag","embeddable":true,"href":"https:\/\/dev.codenot.studio\/extery-new\/wp-json\/wp\/v2\/product_tag?post=53227"}],"curies":[{"name":"wp","href":"https:\/\/api.w.org\/{rel}","templated":true}]}}