{"id":52374,"date":"2024-07-20T17:46:05","date_gmt":"2024-07-20T17:46:05","guid":{"rendered":"https:\/\/extery.com\/?post_type=product&#038;p=52374"},"modified":"2024-10-17T17:44:28","modified_gmt":"2024-10-17T17:44:28","slug":"laud-linn","status":"publish","type":"product","link":"https:\/\/dev.codenot.studio\/extery-new\/tooted\/laud-linn\/","title":{"rendered":"laud Linn"},"content":{"rendered":"<p>Laud Linn kuulub samanimelisse tooteperekonda, millega saab luua terviklikke komplekte avaliku v\u00e4liruumi sisustamiseks. \u00dcheskoos loovad Linn pereliikmed \u00fchtse, kutsuva keskkonna, mis soodustab kogukondlikku suhtlemist ja mugavat olemist.<\/p>\n<p>Linn seeriat luues oli eesm\u00e4rgiks ei rohkem ega v\u00e4hem kui saavutada parim mugavus ja elegantseim vorm, kaasaegse linna v\u00e4\u00e4riliselt. Tahtsime, et disain n\u00e4iks esmapilgul isetu ja enesestm\u00f5istetav,<br \/>\nkuid l\u00e4hemal silmitsemisel avaks m\u00e4rkajale oma ilu ning kasutamisel \u00fcllataks mugavusega. Just neid ideaale silmas pidades s\u00fcndis uus seeria Linn, mis on t\u00e4iesti m\u00fcravaba, piisavalt klassikaline, et t\u00e4iendada ajaloolist milj\u00f6\u00f6d kaasaegses v\u00f5tmes ja piisavalt modernne, et m\u00f5juda veenvalt uusarhitektuuri kontekstis.<\/p>\n<p>Laud linn on saadaval kahes pikkuses: pikem laud 1800 mm, ning l\u00fchike laud pikkusega 700mm. Linn laua pikem variant on disainitud spetsiaalselt ligip\u00e4\u00e4setavust silmas pidades, v\u00f5imaldades ka ratastoolis inimestel mugavalt laua taha tulla ja \u00fchiskondlikest tegevustest osa v\u00f5tta.<\/p>\n<p>&nbsp;<\/p>\n","protected":false},"excerpt":{"rendered":"<p>Laud Linn kuulub samanimelisse tooteperekonda, millega saab luua terviklikke komplekte avaliku v\u00e4liruumi sisustamiseks. \u00dcheskoos loovad Linn pereliikmed \u00fchtse, kutsuva keskkonna, mis soodustab kogukondlikku suhtlemist ja mugavat olemist. Linn seeriat luues oli eesm\u00e4rgiks ei rohkem ega v\u00e4hem kui saavutada parim mugavus ja elegantseim vorm, kaasaegse linna v\u00e4\u00e4riliselt. Tahtsime, et disain n\u00e4iks esmapilgul isetu ja enesestm\u00f5istetav, kuid [&hellip;]<\/p>\n","protected":false},"featured_media":51436,"comment_status":"open","ping_status":"closed","template":"","meta":{"_acf_changed":false},"product_cat":[33],"product_tag":[],"class_list":["post-52374","product","type-product","status-publish","has-post-thumbnail","hentry","product_cat-lauad","product-family-linn"],"acf":[],"yoast_head":"<!-- This site is optimized with the Yoast SEO plugin v24.1 - https:\/\/yoast.com\/wordpress\/plugins\/seo\/ -->\n<title>laud Linn - Extery linnam\u00f6\u00f6bli kollektsioon pargipingid ja lauad<\/title>\n<meta name=\"description\" content=\"Laud Linn on elegantne ning stiilipuhas. Tooli loomisel oli eesm\u00e4rgiks ei rohkem ega v\u00e4hem kui saavutada parim istumismugavus ja elegantseim vorm.\" \/>\n<meta name=\"robots\" content=\"index, follow, max-snippet:-1, max-image-preview:large, max-video-preview:-1\" \/>\n<link rel=\"canonical\" href=\"https:\/\/dev.codenot.studio\/extery-new\/tooted\/laud-linn\/\" \/>\n<meta property=\"og:locale\" content=\"et_EE\" \/>\n<meta property=\"og:type\" content=\"article\" \/>\n<meta property=\"og:title\" content=\"laud Linn - Extery linnam\u00f6\u00f6bli kollektsioon pargipingid ja lauad\" \/>\n<meta property=\"og:description\" content=\"Laud Linn on elegantne ning stiilipuhas. Tooli loomisel oli eesm\u00e4rgiks ei rohkem ega v\u00e4hem kui saavutada parim istumismugavus ja elegantseim vorm.\" \/>\n<meta property=\"og:url\" content=\"https:\/\/dev.codenot.studio\/extery-new\/tooted\/laud-linn\/\" \/>\n<meta property=\"og:site_name\" content=\"Extery\" \/>\n<meta property=\"article:modified_time\" content=\"2024-10-17T17:44:28+00:00\" \/>\n<meta property=\"og:image\" content=\"https:\/\/dev.codenot.studio\/extery-new\/wp-content\/uploads\/2024\/07\/Linn-laud-otse.jpg\" \/>\n\t<meta property=\"og:image:width\" content=\"2500\" \/>\n\t<meta property=\"og:image:height\" content=\"1667\" \/>\n\t<meta property=\"og:image:type\" content=\"image\/jpeg\" \/>\n<meta name=\"twitter:card\" content=\"summary_large_image\" \/>\n<meta name=\"twitter:label1\" content=\"Est. reading time\" \/>\n\t<meta name=\"twitter:data1\" content=\"1 minut\" \/>\n<script type=\"application\/ld+json\" class=\"yoast-schema-graph\">{\"@context\":\"https:\/\/schema.org\",\"@graph\":[{\"@type\":\"WebPage\",\"@id\":\"https:\/\/dev.codenot.studio\/extery-new\/tooted\/laud-linn\/\",\"url\":\"https:\/\/dev.codenot.studio\/extery-new\/tooted\/laud-linn\/\",\"name\":\"laud Linn - Extery linnam\u00f6\u00f6bli kollektsioon pargipingid ja lauad\",\"isPartOf\":{\"@id\":\"https:\/\/dev.codenot.studio\/extery-new\/#website\"},\"primaryImageOfPage\":{\"@id\":\"https:\/\/dev.codenot.studio\/extery-new\/tooted\/laud-linn\/#primaryimage\"},\"image\":{\"@id\":\"https:\/\/dev.codenot.studio\/extery-new\/tooted\/laud-linn\/#primaryimage\"},\"thumbnailUrl\":\"https:\/\/dev.codenot.studio\/extery-new\/wp-content\/uploads\/2024\/07\/Linn-laud-otse.jpg\",\"datePublished\":\"2024-07-20T17:46:05+00:00\",\"dateModified\":\"2024-10-17T17:44:28+00:00\",\"description\":\"Laud Linn on elegantne ning stiilipuhas. Tooli loomisel oli eesm\u00e4rgiks ei rohkem ega v\u00e4hem kui saavutada parim istumismugavus ja elegantseim vorm.\",\"breadcrumb\":{\"@id\":\"https:\/\/dev.codenot.studio\/extery-new\/tooted\/laud-linn\/#breadcrumb\"},\"inLanguage\":\"et\",\"potentialAction\":[{\"@type\":\"ReadAction\",\"target\":[\"https:\/\/dev.codenot.studio\/extery-new\/tooted\/laud-linn\/\"]}]},{\"@type\":\"ImageObject\",\"inLanguage\":\"et\",\"@id\":\"https:\/\/dev.codenot.studio\/extery-new\/tooted\/laud-linn\/#primaryimage\",\"url\":\"https:\/\/dev.codenot.studio\/extery-new\/wp-content\/uploads\/2024\/07\/Linn-laud-otse.jpg\",\"contentUrl\":\"https:\/\/dev.codenot.studio\/extery-new\/wp-content\/uploads\/2024\/07\/Linn-laud-otse.jpg\",\"width\":2500,\"height\":1667},{\"@type\":\"BreadcrumbList\",\"@id\":\"https:\/\/dev.codenot.studio\/extery-new\/tooted\/laud-linn\/#breadcrumb\",\"itemListElement\":[{\"@type\":\"ListItem\",\"position\":1,\"name\":\"Home\",\"item\":\"https:\/\/dev.codenot.studio\/extery-new\/\"},{\"@type\":\"ListItem\",\"position\":2,\"name\":\"Tooted\",\"item\":\"https:\/\/dev.codenot.studio\/extery-new\/tooted\/\"},{\"@type\":\"ListItem\",\"position\":3,\"name\":\"laud Linn\"}]},{\"@type\":\"WebSite\",\"@id\":\"https:\/\/dev.codenot.studio\/extery-new\/#website\",\"url\":\"https:\/\/dev.codenot.studio\/extery-new\/\",\"name\":\"Extery\",\"description\":\"\",\"publisher\":{\"@id\":\"https:\/\/dev.codenot.studio\/extery-new\/#organization\"},\"potentialAction\":[{\"@type\":\"SearchAction\",\"target\":{\"@type\":\"EntryPoint\",\"urlTemplate\":\"https:\/\/dev.codenot.studio\/extery-new\/?s={search_term_string}\"},\"query-input\":{\"@type\":\"PropertyValueSpecification\",\"valueRequired\":true,\"valueName\":\"search_term_string\"}}],\"inLanguage\":\"et\"},{\"@type\":\"Organization\",\"@id\":\"https:\/\/dev.codenot.studio\/extery-new\/#organization\",\"name\":\"Extery\",\"url\":\"https:\/\/dev.codenot.studio\/extery-new\/\",\"logo\":{\"@type\":\"ImageObject\",\"inLanguage\":\"et\",\"@id\":\"https:\/\/dev.codenot.studio\/extery-new\/#\/schema\/logo\/image\/\",\"url\":\"https:\/\/dev.codenot.studio\/extery-new\/wp-content\/uploads\/2023\/11\/footer-logo.svg\",\"contentUrl\":\"https:\/\/dev.codenot.studio\/extery-new\/wp-content\/uploads\/2023\/11\/footer-logo.svg\",\"caption\":\"Extery\"},\"image\":{\"@id\":\"https:\/\/dev.codenot.studio\/extery-new\/#\/schema\/logo\/image\/\"}}]}<\/script>\n<!-- \/ Yoast SEO plugin. -->","yoast_head_json":{"title":"laud Linn - Extery linnam\u00f6\u00f6bli kollektsioon pargipingid ja lauad","description":"Laud Linn on elegantne ning stiilipuhas. Tooli loomisel oli eesm\u00e4rgiks ei rohkem ega v\u00e4hem kui saavutada parim istumismugavus ja elegantseim vorm.","robots":{"index":"index","follow":"follow","max-snippet":"max-snippet:-1","max-image-preview":"max-image-preview:large","max-video-preview":"max-video-preview:-1"},"canonical":"https:\/\/dev.codenot.studio\/extery-new\/tooted\/laud-linn\/","og_locale":"et_EE","og_type":"article","og_title":"laud Linn - Extery linnam\u00f6\u00f6bli kollektsioon pargipingid ja lauad","og_description":"Laud Linn on elegantne ning stiilipuhas. Tooli loomisel oli eesm\u00e4rgiks ei rohkem ega v\u00e4hem kui saavutada parim istumismugavus ja elegantseim vorm.","og_url":"https:\/\/dev.codenot.studio\/extery-new\/tooted\/laud-linn\/","og_site_name":"Extery","article_modified_time":"2024-10-17T17:44:28+00:00","og_image":[{"width":2500,"height":1667,"url":"https:\/\/dev.codenot.studio\/extery-new\/wp-content\/uploads\/2024\/07\/Linn-laud-otse.jpg","type":"image\/jpeg"}],"twitter_card":"summary_large_image","twitter_misc":{"Est. reading time":"1 minut"},"schema":{"@context":"https:\/\/schema.org","@graph":[{"@type":"WebPage","@id":"https:\/\/dev.codenot.studio\/extery-new\/tooted\/laud-linn\/","url":"https:\/\/dev.codenot.studio\/extery-new\/tooted\/laud-linn\/","name":"laud Linn - Extery linnam\u00f6\u00f6bli kollektsioon pargipingid ja lauad","isPartOf":{"@id":"https:\/\/dev.codenot.studio\/extery-new\/#website"},"primaryImageOfPage":{"@id":"https:\/\/dev.codenot.studio\/extery-new\/tooted\/laud-linn\/#primaryimage"},"image":{"@id":"https:\/\/dev.codenot.studio\/extery-new\/tooted\/laud-linn\/#primaryimage"},"thumbnailUrl":"https:\/\/dev.codenot.studio\/extery-new\/wp-content\/uploads\/2024\/07\/Linn-laud-otse.jpg","datePublished":"2024-07-20T17:46:05+00:00","dateModified":"2024-10-17T17:44:28+00:00","description":"Laud Linn on elegantne ning stiilipuhas. Tooli loomisel oli eesm\u00e4rgiks ei rohkem ega v\u00e4hem kui saavutada parim istumismugavus ja elegantseim vorm.","breadcrumb":{"@id":"https:\/\/dev.codenot.studio\/extery-new\/tooted\/laud-linn\/#breadcrumb"},"inLanguage":"et","potentialAction":[{"@type":"ReadAction","target":["https:\/\/dev.codenot.studio\/extery-new\/tooted\/laud-linn\/"]}]},{"@type":"ImageObject","inLanguage":"et","@id":"https:\/\/dev.codenot.studio\/extery-new\/tooted\/laud-linn\/#primaryimage","url":"https:\/\/dev.codenot.studio\/extery-new\/wp-content\/uploads\/2024\/07\/Linn-laud-otse.jpg","contentUrl":"https:\/\/dev.codenot.studio\/extery-new\/wp-content\/uploads\/2024\/07\/Linn-laud-otse.jpg","width":2500,"height":1667},{"@type":"BreadcrumbList","@id":"https:\/\/dev.codenot.studio\/extery-new\/tooted\/laud-linn\/#breadcrumb","itemListElement":[{"@type":"ListItem","position":1,"name":"Home","item":"https:\/\/dev.codenot.studio\/extery-new\/"},{"@type":"ListItem","position":2,"name":"Tooted","item":"https:\/\/dev.codenot.studio\/extery-new\/tooted\/"},{"@type":"ListItem","position":3,"name":"laud Linn"}]},{"@type":"WebSite","@id":"https:\/\/dev.codenot.studio\/extery-new\/#website","url":"https:\/\/dev.codenot.studio\/extery-new\/","name":"Extery","description":"","publisher":{"@id":"https:\/\/dev.codenot.studio\/extery-new\/#organization"},"potentialAction":[{"@type":"SearchAction","target":{"@type":"EntryPoint","urlTemplate":"https:\/\/dev.codenot.studio\/extery-new\/?s={search_term_string}"},"query-input":{"@type":"PropertyValueSpecification","valueRequired":true,"valueName":"search_term_string"}}],"inLanguage":"et"},{"@type":"Organization","@id":"https:\/\/dev.codenot.studio\/extery-new\/#organization","name":"Extery","url":"https:\/\/dev.codenot.studio\/extery-new\/","logo":{"@type":"ImageObject","inLanguage":"et","@id":"https:\/\/dev.codenot.studio\/extery-new\/#\/schema\/logo\/image\/","url":"https:\/\/dev.codenot.studio\/extery-new\/wp-content\/uploads\/2023\/11\/footer-logo.svg","contentUrl":"https:\/\/dev.codenot.studio\/extery-new\/wp-content\/uploads\/2023\/11\/footer-logo.svg","caption":"Extery"},"image":{"@id":"https:\/\/dev.codenot.studio\/extery-new\/#\/schema\/logo\/image\/"}}]}},"_links":{"self":[{"href":"https:\/\/dev.codenot.studio\/extery-new\/wp-json\/wp\/v2\/product\/52374","targetHints":{"allow":["GET"]}}],"collection":[{"href":"https:\/\/dev.codenot.studio\/extery-new\/wp-json\/wp\/v2\/product"}],"about":[{"href":"https:\/\/dev.codenot.studio\/extery-new\/wp-json\/wp\/v2\/types\/product"}],"replies":[{"embeddable":true,"href":"https:\/\/dev.codenot.studio\/extery-new\/wp-json\/wp\/v2\/comments?post=52374"}],"wp:featuredmedia":[{"embeddable":true,"href":"https:\/\/dev.codenot.studio\/extery-new\/wp-json\/wp\/v2\/media\/51436"}],"wp:attachment":[{"href":"https:\/\/dev.codenot.studio\/extery-new\/wp-json\/wp\/v2\/media?parent=52374"}],"wp:term":[{"taxonomy":"product_cat","embeddable":true,"href":"https:\/\/dev.codenot.studio\/extery-new\/wp-json\/wp\/v2\/product_cat?post=52374"},{"taxonomy":"product_tag","embeddable":true,"href":"https:\/\/dev.codenot.studio\/extery-new\/wp-json\/wp\/v2\/product_tag?post=52374"}],"curies":[{"name":"wp","href":"https:\/\/api.w.org\/{rel}","templated":true}]}}