{"id":52367,"date":"2024-07-20T16:49:44","date_gmt":"2024-07-20T16:49:44","guid":{"rendered":"https:\/\/extery.com\/?post_type=product&#038;p=52367"},"modified":"2025-02-26T13:14:53","modified_gmt":"2025-02-26T13:14:53","slug":"lamamistool-linn","status":"publish","type":"product","link":"https:\/\/dev.codenot.studio\/extery-new\/tooted\/lamamistool-linn\/","title":{"rendered":"lamamistool Linn"},"content":{"rendered":"<p>Linn seeriat t\u00e4iendav <em>chaise longue<\/em> ei ole lihtsalt j\u00e4rjekordne lamamistool. Selle istumisasend ja ergonoomika on hoolikalt valitud, et pakkuda mugavat puhkehetke igas vanuses ja pikkuses inimestele. Tooli k\u00f5rgem ja sirgem seljatugi sobib h\u00e4sti nii raamatu lugemiseks kui ka telefoni sirvimiseks. L\u00fchem jalatugi j\u00e4tab jalatsid mugavalt \u00fcle \u00e4\u00e4re, muutes tooli ideaalseks mitte ainult pilvituks rannahooajaks kaldapealsel, vaid suudab pakkuda v\u00e4\u00e4rtust ja mitmek\u00fclgseid kasutusv\u00f5imalusi ka linlikus keskkonnas.<\/p>\n<p>Lamamistool Linn perekonnast pakub mugavust ja stiili kahes erinevas laiuses, sobitudes ideaalselt igasse parki, t\u00e4nava \u00e4\u00e4rde ja terrassile ning miks mitte sisustada Linn lamamistooldiega t\u00fchja v\u00e4ljakut. Valikus on praktiline ja elegantne kokteillauaga mudel, kuhu saab mugavalt asetada n\u00e4iteks kohvitopsi, v\u00f5i minimalistlik versioon ilma lauakeseta, pakkudes lihtsust ja puhtaid jooni.<\/p>\n<p>Lamamistool Linn kuulub samanimelisse tooteperekonda, millega saab luua terviklikke komplekte avaliku v\u00e4liruumi sisustamiseks. \u00dcheskoos loovad Linn pereliikmed \u00fchtse, kutsuva keskkonna, mis soodustab kogukondlikku suhtlemist ja mugavat olemist.<\/p>\n","protected":false},"excerpt":{"rendered":"<p>Linn seeriat t\u00e4iendav chaise longue ei ole lihtsalt j\u00e4rjekordne lamamistool. Selle istumisasend ja ergonoomika on hoolikalt valitud, et pakkuda mugavat puhkehetke igas vanuses ja pikkuses inimestele. Tooli k\u00f5rgem ja sirgem seljatugi sobib h\u00e4sti nii raamatu lugemiseks kui ka telefoni sirvimiseks. L\u00fchem jalatugi j\u00e4tab jalatsid mugavalt \u00fcle \u00e4\u00e4re, muutes tooli ideaalseks mitte ainult pilvituks rannahooajaks kaldapealsel, [&hellip;]<\/p>\n","protected":false},"featured_media":51415,"comment_status":"open","ping_status":"closed","template":"","meta":{"_acf_changed":false},"product_cat":[30],"product_tag":[346],"class_list":["post-52367","product","type-product","status-publish","has-post-thumbnail","hentry","product_cat-seljatoega-pargipingid","product_tag-uus","product-family-linn"],"acf":[],"yoast_head":"<!-- This site is optimized with the Yoast SEO plugin v24.1 - https:\/\/yoast.com\/wordpress\/plugins\/seo\/ -->\n<title>lamamistool Linn - Extery linnam\u00f6\u00f6bli kollektsioon pargipingid<\/title>\n<meta name=\"description\" content=\"Lamamistool Linn on elegantne ning stiilipuhas. Tooli loomisel oli eesm\u00e4rgiks ei rohkem ega v\u00e4hem kui saavutada parim istumismugavus ja elegantseim vorm.\" \/>\n<meta name=\"robots\" content=\"index, follow, max-snippet:-1, max-image-preview:large, max-video-preview:-1\" \/>\n<link rel=\"canonical\" href=\"https:\/\/dev.codenot.studio\/extery-new\/tooted\/lamamistool-linn\/\" \/>\n<meta property=\"og:locale\" content=\"et_EE\" \/>\n<meta property=\"og:type\" content=\"article\" \/>\n<meta property=\"og:title\" content=\"lamamistool Linn - Extery linnam\u00f6\u00f6bli kollektsioon pargipingid\" \/>\n<meta property=\"og:description\" content=\"Lamamistool Linn on elegantne ning stiilipuhas. Tooli loomisel oli eesm\u00e4rgiks ei rohkem ega v\u00e4hem kui saavutada parim istumismugavus ja elegantseim vorm.\" \/>\n<meta property=\"og:url\" content=\"https:\/\/dev.codenot.studio\/extery-new\/tooted\/lamamistool-linn\/\" \/>\n<meta property=\"og:site_name\" content=\"Extery\" \/>\n<meta property=\"article:modified_time\" content=\"2025-02-26T13:14:53+00:00\" \/>\n<meta property=\"og:image\" content=\"https:\/\/dev.codenot.studio\/extery-new\/wp-content\/uploads\/2024\/07\/lamamistool-kulg.jpg\" \/>\n\t<meta property=\"og:image:width\" content=\"2400\" \/>\n\t<meta property=\"og:image:height\" content=\"1600\" \/>\n\t<meta property=\"og:image:type\" content=\"image\/jpeg\" \/>\n<meta name=\"twitter:card\" content=\"summary_large_image\" \/>\n<meta name=\"twitter:label1\" content=\"Est. reading time\" \/>\n\t<meta name=\"twitter:data1\" content=\"1 minut\" \/>\n<script type=\"application\/ld+json\" class=\"yoast-schema-graph\">{\"@context\":\"https:\/\/schema.org\",\"@graph\":[{\"@type\":\"WebPage\",\"@id\":\"https:\/\/dev.codenot.studio\/extery-new\/tooted\/lamamistool-linn\/\",\"url\":\"https:\/\/dev.codenot.studio\/extery-new\/tooted\/lamamistool-linn\/\",\"name\":\"lamamistool Linn - Extery linnam\u00f6\u00f6bli kollektsioon pargipingid\",\"isPartOf\":{\"@id\":\"https:\/\/dev.codenot.studio\/extery-new\/#website\"},\"primaryImageOfPage\":{\"@id\":\"https:\/\/dev.codenot.studio\/extery-new\/tooted\/lamamistool-linn\/#primaryimage\"},\"image\":{\"@id\":\"https:\/\/dev.codenot.studio\/extery-new\/tooted\/lamamistool-linn\/#primaryimage\"},\"thumbnailUrl\":\"https:\/\/dev.codenot.studio\/extery-new\/wp-content\/uploads\/2024\/07\/lamamistool-kulg.jpg\",\"datePublished\":\"2024-07-20T16:49:44+00:00\",\"dateModified\":\"2025-02-26T13:14:53+00:00\",\"description\":\"Lamamistool Linn on elegantne ning stiilipuhas. Tooli loomisel oli eesm\u00e4rgiks ei rohkem ega v\u00e4hem kui saavutada parim istumismugavus ja elegantseim vorm.\",\"breadcrumb\":{\"@id\":\"https:\/\/dev.codenot.studio\/extery-new\/tooted\/lamamistool-linn\/#breadcrumb\"},\"inLanguage\":\"et\",\"potentialAction\":[{\"@type\":\"ReadAction\",\"target\":[\"https:\/\/dev.codenot.studio\/extery-new\/tooted\/lamamistool-linn\/\"]}]},{\"@type\":\"ImageObject\",\"inLanguage\":\"et\",\"@id\":\"https:\/\/dev.codenot.studio\/extery-new\/tooted\/lamamistool-linn\/#primaryimage\",\"url\":\"https:\/\/dev.codenot.studio\/extery-new\/wp-content\/uploads\/2024\/07\/lamamistool-kulg.jpg\",\"contentUrl\":\"https:\/\/dev.codenot.studio\/extery-new\/wp-content\/uploads\/2024\/07\/lamamistool-kulg.jpg\",\"width\":2400,\"height\":1600},{\"@type\":\"BreadcrumbList\",\"@id\":\"https:\/\/dev.codenot.studio\/extery-new\/tooted\/lamamistool-linn\/#breadcrumb\",\"itemListElement\":[{\"@type\":\"ListItem\",\"position\":1,\"name\":\"Home\",\"item\":\"https:\/\/dev.codenot.studio\/extery-new\/\"},{\"@type\":\"ListItem\",\"position\":2,\"name\":\"Tooted\",\"item\":\"https:\/\/dev.codenot.studio\/extery-new\/tooted\/\"},{\"@type\":\"ListItem\",\"position\":3,\"name\":\"lamamistool Linn\"}]},{\"@type\":\"WebSite\",\"@id\":\"https:\/\/dev.codenot.studio\/extery-new\/#website\",\"url\":\"https:\/\/dev.codenot.studio\/extery-new\/\",\"name\":\"Extery\",\"description\":\"\",\"publisher\":{\"@id\":\"https:\/\/dev.codenot.studio\/extery-new\/#organization\"},\"potentialAction\":[{\"@type\":\"SearchAction\",\"target\":{\"@type\":\"EntryPoint\",\"urlTemplate\":\"https:\/\/dev.codenot.studio\/extery-new\/?s={search_term_string}\"},\"query-input\":{\"@type\":\"PropertyValueSpecification\",\"valueRequired\":true,\"valueName\":\"search_term_string\"}}],\"inLanguage\":\"et\"},{\"@type\":\"Organization\",\"@id\":\"https:\/\/dev.codenot.studio\/extery-new\/#organization\",\"name\":\"Extery\",\"url\":\"https:\/\/dev.codenot.studio\/extery-new\/\",\"logo\":{\"@type\":\"ImageObject\",\"inLanguage\":\"et\",\"@id\":\"https:\/\/dev.codenot.studio\/extery-new\/#\/schema\/logo\/image\/\",\"url\":\"https:\/\/dev.codenot.studio\/extery-new\/wp-content\/uploads\/2023\/11\/footer-logo.svg\",\"contentUrl\":\"https:\/\/dev.codenot.studio\/extery-new\/wp-content\/uploads\/2023\/11\/footer-logo.svg\",\"caption\":\"Extery\"},\"image\":{\"@id\":\"https:\/\/dev.codenot.studio\/extery-new\/#\/schema\/logo\/image\/\"}}]}<\/script>\n<!-- \/ Yoast SEO plugin. -->","yoast_head_json":{"title":"lamamistool Linn - Extery linnam\u00f6\u00f6bli kollektsioon pargipingid","description":"Lamamistool Linn on elegantne ning stiilipuhas. Tooli loomisel oli eesm\u00e4rgiks ei rohkem ega v\u00e4hem kui saavutada parim istumismugavus ja elegantseim vorm.","robots":{"index":"index","follow":"follow","max-snippet":"max-snippet:-1","max-image-preview":"max-image-preview:large","max-video-preview":"max-video-preview:-1"},"canonical":"https:\/\/dev.codenot.studio\/extery-new\/tooted\/lamamistool-linn\/","og_locale":"et_EE","og_type":"article","og_title":"lamamistool Linn - Extery linnam\u00f6\u00f6bli kollektsioon pargipingid","og_description":"Lamamistool Linn on elegantne ning stiilipuhas. Tooli loomisel oli eesm\u00e4rgiks ei rohkem ega v\u00e4hem kui saavutada parim istumismugavus ja elegantseim vorm.","og_url":"https:\/\/dev.codenot.studio\/extery-new\/tooted\/lamamistool-linn\/","og_site_name":"Extery","article_modified_time":"2025-02-26T13:14:53+00:00","og_image":[{"width":2400,"height":1600,"url":"https:\/\/dev.codenot.studio\/extery-new\/wp-content\/uploads\/2024\/07\/lamamistool-kulg.jpg","type":"image\/jpeg"}],"twitter_card":"summary_large_image","twitter_misc":{"Est. reading time":"1 minut"},"schema":{"@context":"https:\/\/schema.org","@graph":[{"@type":"WebPage","@id":"https:\/\/dev.codenot.studio\/extery-new\/tooted\/lamamistool-linn\/","url":"https:\/\/dev.codenot.studio\/extery-new\/tooted\/lamamistool-linn\/","name":"lamamistool Linn - Extery linnam\u00f6\u00f6bli kollektsioon pargipingid","isPartOf":{"@id":"https:\/\/dev.codenot.studio\/extery-new\/#website"},"primaryImageOfPage":{"@id":"https:\/\/dev.codenot.studio\/extery-new\/tooted\/lamamistool-linn\/#primaryimage"},"image":{"@id":"https:\/\/dev.codenot.studio\/extery-new\/tooted\/lamamistool-linn\/#primaryimage"},"thumbnailUrl":"https:\/\/dev.codenot.studio\/extery-new\/wp-content\/uploads\/2024\/07\/lamamistool-kulg.jpg","datePublished":"2024-07-20T16:49:44+00:00","dateModified":"2025-02-26T13:14:53+00:00","description":"Lamamistool Linn on elegantne ning stiilipuhas. Tooli loomisel oli eesm\u00e4rgiks ei rohkem ega v\u00e4hem kui saavutada parim istumismugavus ja elegantseim vorm.","breadcrumb":{"@id":"https:\/\/dev.codenot.studio\/extery-new\/tooted\/lamamistool-linn\/#breadcrumb"},"inLanguage":"et","potentialAction":[{"@type":"ReadAction","target":["https:\/\/dev.codenot.studio\/extery-new\/tooted\/lamamistool-linn\/"]}]},{"@type":"ImageObject","inLanguage":"et","@id":"https:\/\/dev.codenot.studio\/extery-new\/tooted\/lamamistool-linn\/#primaryimage","url":"https:\/\/dev.codenot.studio\/extery-new\/wp-content\/uploads\/2024\/07\/lamamistool-kulg.jpg","contentUrl":"https:\/\/dev.codenot.studio\/extery-new\/wp-content\/uploads\/2024\/07\/lamamistool-kulg.jpg","width":2400,"height":1600},{"@type":"BreadcrumbList","@id":"https:\/\/dev.codenot.studio\/extery-new\/tooted\/lamamistool-linn\/#breadcrumb","itemListElement":[{"@type":"ListItem","position":1,"name":"Home","item":"https:\/\/dev.codenot.studio\/extery-new\/"},{"@type":"ListItem","position":2,"name":"Tooted","item":"https:\/\/dev.codenot.studio\/extery-new\/tooted\/"},{"@type":"ListItem","position":3,"name":"lamamistool Linn"}]},{"@type":"WebSite","@id":"https:\/\/dev.codenot.studio\/extery-new\/#website","url":"https:\/\/dev.codenot.studio\/extery-new\/","name":"Extery","description":"","publisher":{"@id":"https:\/\/dev.codenot.studio\/extery-new\/#organization"},"potentialAction":[{"@type":"SearchAction","target":{"@type":"EntryPoint","urlTemplate":"https:\/\/dev.codenot.studio\/extery-new\/?s={search_term_string}"},"query-input":{"@type":"PropertyValueSpecification","valueRequired":true,"valueName":"search_term_string"}}],"inLanguage":"et"},{"@type":"Organization","@id":"https:\/\/dev.codenot.studio\/extery-new\/#organization","name":"Extery","url":"https:\/\/dev.codenot.studio\/extery-new\/","logo":{"@type":"ImageObject","inLanguage":"et","@id":"https:\/\/dev.codenot.studio\/extery-new\/#\/schema\/logo\/image\/","url":"https:\/\/dev.codenot.studio\/extery-new\/wp-content\/uploads\/2023\/11\/footer-logo.svg","contentUrl":"https:\/\/dev.codenot.studio\/extery-new\/wp-content\/uploads\/2023\/11\/footer-logo.svg","caption":"Extery"},"image":{"@id":"https:\/\/dev.codenot.studio\/extery-new\/#\/schema\/logo\/image\/"}}]}},"_links":{"self":[{"href":"https:\/\/dev.codenot.studio\/extery-new\/wp-json\/wp\/v2\/product\/52367","targetHints":{"allow":["GET"]}}],"collection":[{"href":"https:\/\/dev.codenot.studio\/extery-new\/wp-json\/wp\/v2\/product"}],"about":[{"href":"https:\/\/dev.codenot.studio\/extery-new\/wp-json\/wp\/v2\/types\/product"}],"replies":[{"embeddable":true,"href":"https:\/\/dev.codenot.studio\/extery-new\/wp-json\/wp\/v2\/comments?post=52367"}],"wp:featuredmedia":[{"embeddable":true,"href":"https:\/\/dev.codenot.studio\/extery-new\/wp-json\/wp\/v2\/media\/51415"}],"wp:attachment":[{"href":"https:\/\/dev.codenot.studio\/extery-new\/wp-json\/wp\/v2\/media?parent=52367"}],"wp:term":[{"taxonomy":"product_cat","embeddable":true,"href":"https:\/\/dev.codenot.studio\/extery-new\/wp-json\/wp\/v2\/product_cat?post=52367"},{"taxonomy":"product_tag","embeddable":true,"href":"https:\/\/dev.codenot.studio\/extery-new\/wp-json\/wp\/v2\/product_tag?post=52367"}],"curies":[{"name":"wp","href":"https:\/\/api.w.org\/{rel}","templated":true}]}}