{"id":49347,"date":"2023-12-01T08:20:30","date_gmt":"2023-12-01T08:20:30","guid":{"rendered":"https:\/\/extery.com\/?post_type=product&#038;p=49347"},"modified":"2025-02-26T13:23:14","modified_gmt":"2025-02-26T13:23:14","slug":"pargipink-haru-set06","status":"publish","type":"product","link":"https:\/\/dev.codenot.studio\/extery-new\/tooted\/pargipink-haru-set06\/","title":{"rendered":"pargipink Haru SET06"},"content":{"rendered":"<p>Pargipink Haru on modulaarne ruumiline v\u00f5rgustik, mis \u00fcle platsi lahti rulludes muudab selle aktiivselt kasutatavaks ruumiks. See on barj\u00e4\u00e4r, mis ei katkesta, vaid imeb elu endasse, s\u00fcnnitades nii uut aktiivset linnaruumi. Ta ei suuna ega k\u00e4si, vaid v\u00f5imaldab erinevaid tegevusi, olgu inimesi \u00fcks v\u00f5i mitu. Ja ta on l\u00f5putu, olles v\u00f5imeline kasvama \u00fchest molekulist l\u00f5pmatusse ulatuvaks kudumiks.<\/p>\n<p>Pargipingi s\u00fcsteem s\u00fcmboliseerib mitmek\u00fclgsust, kus v\u00e4ljendusrikas disain \u00fcletab traditsioonilised istumise piirid. Istmete ja laudade v\u00f5rgustik, kus k\u00f5ik tasapinnad on samal k\u00f5rgusel, lubab materjalide varieeruvus kasutajal endal valida, kuidas toodet meelep\u00e4raselt kasutada. Kasutaja ise otsustab, Haru ei piira.<\/p>\n<p>Laua kattematerjaliks on 100% taaskasutatud plastik.<\/p>\n<p>Pargipingi komplekt Haru SET06 koosneb kuuest iste moodulist, kolmest laua moodulist ning \u00fcheksast liidesest. Kogu komplekti on v\u00f5imalik muuta ja kasvatada vastavalt soovile.<\/p>\n<p>Vaata ka teisi valmis komplekteeritud modulaarse pargipingi Haru sette <a href=\"https:\/\/dev.codenot.studio\/extery-new\/tootepered\/#haru\"><span style=\"color: #0000ff;\"><strong>siit<\/strong><\/span><\/a>.<\/p>\n","protected":false},"excerpt":{"rendered":"<p>Pargipink Haru on modulaarne ruumiline v\u00f5rgustik, mis \u00fcle platsi lahti rulludes muudab selle aktiivselt kasutatavaks ruumiks. See on barj\u00e4\u00e4r, mis ei katkesta, vaid imeb elu endasse, s\u00fcnnitades nii uut aktiivset linnaruumi. Ta ei suuna ega k\u00e4si, vaid v\u00f5imaldab erinevaid tegevusi, olgu inimesi \u00fcks v\u00f5i mitu. Ja ta on l\u00f5putu, olles v\u00f5imeline kasvama \u00fchest molekulist l\u00f5pmatusse [&hellip;]<\/p>\n","protected":false},"featured_media":41306,"comment_status":"closed","ping_status":"closed","template":"","meta":{"_acf_changed":false},"product_cat":[31,34],"product_tag":[346],"class_list":["post-49347","product","type-product","status-publish","has-post-thumbnail","hentry","product_cat-seljatoeta-pargipingid","product_cat-moodulpingid","product_tag-uus","product-family-haru"],"acf":[],"yoast_head":"<!-- This site is optimized with the Yoast SEO plugin v24.1 - https:\/\/yoast.com\/wordpress\/plugins\/seo\/ -->\n<title>pargipink Haru SET06 - Extery linnam\u00f6\u00f6bel<\/title>\n<meta name=\"description\" content=\"Pargipink Haru on modulaarne linnam\u00f6\u00f6bli s\u00fcsteem, mis elavdab linnav\u00e4ljakud. Vali sobiv komplekt meie kodulehelt!\" \/>\n<meta name=\"robots\" content=\"index, follow, max-snippet:-1, max-image-preview:large, max-video-preview:-1\" \/>\n<link rel=\"canonical\" href=\"https:\/\/dev.codenot.studio\/extery-new\/tooted\/pargipink-haru-set06\/\" \/>\n<meta property=\"og:locale\" content=\"et_EE\" \/>\n<meta property=\"og:type\" content=\"article\" \/>\n<meta property=\"og:title\" content=\"pargipink Haru SET06 - Extery linnam\u00f6\u00f6bel\" \/>\n<meta property=\"og:description\" content=\"Pargipink Haru on modulaarne linnam\u00f6\u00f6bli s\u00fcsteem, mis elavdab linnav\u00e4ljakud. Vali sobiv komplekt meie kodulehelt!\" \/>\n<meta property=\"og:url\" content=\"https:\/\/dev.codenot.studio\/extery-new\/tooted\/pargipink-haru-set06\/\" \/>\n<meta property=\"og:site_name\" content=\"Extery\" \/>\n<meta property=\"article:modified_time\" content=\"2025-02-26T13:23:14+00:00\" \/>\n<meta property=\"og:image\" content=\"https:\/\/dev.codenot.studio\/extery-new\/wp-content\/uploads\/2023\/10\/Haru-SET06-EXTERY-park-bench-urban-furniture-pargipink-linnamoobel-pilsetas-mebeles-sols-puistonpenkki.jpg\" \/>\n\t<meta property=\"og:image:width\" content=\"2048\" \/>\n\t<meta property=\"og:image:height\" content=\"1417\" \/>\n\t<meta property=\"og:image:type\" content=\"image\/jpeg\" \/>\n<meta name=\"twitter:card\" content=\"summary_large_image\" \/>\n<meta name=\"twitter:label1\" content=\"Est. reading time\" \/>\n\t<meta name=\"twitter:data1\" content=\"1 minut\" \/>\n<script type=\"application\/ld+json\" class=\"yoast-schema-graph\">{\"@context\":\"https:\/\/schema.org\",\"@graph\":[{\"@type\":\"WebPage\",\"@id\":\"https:\/\/dev.codenot.studio\/extery-new\/tooted\/pargipink-haru-set06\/\",\"url\":\"https:\/\/dev.codenot.studio\/extery-new\/tooted\/pargipink-haru-set06\/\",\"name\":\"pargipink Haru SET06 - Extery linnam\u00f6\u00f6bel\",\"isPartOf\":{\"@id\":\"https:\/\/dev.codenot.studio\/extery-new\/#website\"},\"primaryImageOfPage\":{\"@id\":\"https:\/\/dev.codenot.studio\/extery-new\/tooted\/pargipink-haru-set06\/#primaryimage\"},\"image\":{\"@id\":\"https:\/\/dev.codenot.studio\/extery-new\/tooted\/pargipink-haru-set06\/#primaryimage\"},\"thumbnailUrl\":\"https:\/\/dev.codenot.studio\/extery-new\/wp-content\/uploads\/2023\/10\/Haru-SET06-EXTERY-park-bench-urban-furniture-pargipink-linnamoobel-pilsetas-mebeles-sols-puistonpenkki.jpg\",\"datePublished\":\"2023-12-01T08:20:30+00:00\",\"dateModified\":\"2025-02-26T13:23:14+00:00\",\"description\":\"Pargipink Haru on modulaarne linnam\u00f6\u00f6bli s\u00fcsteem, mis elavdab linnav\u00e4ljakud. Vali sobiv komplekt meie kodulehelt!\",\"breadcrumb\":{\"@id\":\"https:\/\/dev.codenot.studio\/extery-new\/tooted\/pargipink-haru-set06\/#breadcrumb\"},\"inLanguage\":\"et\",\"potentialAction\":[{\"@type\":\"ReadAction\",\"target\":[\"https:\/\/dev.codenot.studio\/extery-new\/tooted\/pargipink-haru-set06\/\"]}]},{\"@type\":\"ImageObject\",\"inLanguage\":\"et\",\"@id\":\"https:\/\/dev.codenot.studio\/extery-new\/tooted\/pargipink-haru-set06\/#primaryimage\",\"url\":\"https:\/\/dev.codenot.studio\/extery-new\/wp-content\/uploads\/2023\/10\/Haru-SET06-EXTERY-park-bench-urban-furniture-pargipink-linnamoobel-pilsetas-mebeles-sols-puistonpenkki.jpg\",\"contentUrl\":\"https:\/\/dev.codenot.studio\/extery-new\/wp-content\/uploads\/2023\/10\/Haru-SET06-EXTERY-park-bench-urban-furniture-pargipink-linnamoobel-pilsetas-mebeles-sols-puistonpenkki.jpg\",\"width\":2048,\"height\":1417},{\"@type\":\"BreadcrumbList\",\"@id\":\"https:\/\/dev.codenot.studio\/extery-new\/tooted\/pargipink-haru-set06\/#breadcrumb\",\"itemListElement\":[{\"@type\":\"ListItem\",\"position\":1,\"name\":\"Home\",\"item\":\"https:\/\/dev.codenot.studio\/extery-new\/\"},{\"@type\":\"ListItem\",\"position\":2,\"name\":\"Tooted\",\"item\":\"https:\/\/dev.codenot.studio\/extery-new\/tooted\/\"},{\"@type\":\"ListItem\",\"position\":3,\"name\":\"pargipink Haru SET06\"}]},{\"@type\":\"WebSite\",\"@id\":\"https:\/\/dev.codenot.studio\/extery-new\/#website\",\"url\":\"https:\/\/dev.codenot.studio\/extery-new\/\",\"name\":\"Extery\",\"description\":\"\",\"publisher\":{\"@id\":\"https:\/\/dev.codenot.studio\/extery-new\/#organization\"},\"potentialAction\":[{\"@type\":\"SearchAction\",\"target\":{\"@type\":\"EntryPoint\",\"urlTemplate\":\"https:\/\/dev.codenot.studio\/extery-new\/?s={search_term_string}\"},\"query-input\":{\"@type\":\"PropertyValueSpecification\",\"valueRequired\":true,\"valueName\":\"search_term_string\"}}],\"inLanguage\":\"et\"},{\"@type\":\"Organization\",\"@id\":\"https:\/\/dev.codenot.studio\/extery-new\/#organization\",\"name\":\"Extery\",\"url\":\"https:\/\/dev.codenot.studio\/extery-new\/\",\"logo\":{\"@type\":\"ImageObject\",\"inLanguage\":\"et\",\"@id\":\"https:\/\/dev.codenot.studio\/extery-new\/#\/schema\/logo\/image\/\",\"url\":\"https:\/\/dev.codenot.studio\/extery-new\/wp-content\/uploads\/2023\/11\/footer-logo.svg\",\"contentUrl\":\"https:\/\/dev.codenot.studio\/extery-new\/wp-content\/uploads\/2023\/11\/footer-logo.svg\",\"caption\":\"Extery\"},\"image\":{\"@id\":\"https:\/\/dev.codenot.studio\/extery-new\/#\/schema\/logo\/image\/\"}}]}<\/script>\n<!-- \/ Yoast SEO plugin. -->","yoast_head_json":{"title":"pargipink Haru SET06 - Extery linnam\u00f6\u00f6bel","description":"Pargipink Haru on modulaarne linnam\u00f6\u00f6bli s\u00fcsteem, mis elavdab linnav\u00e4ljakud. Vali sobiv komplekt meie kodulehelt!","robots":{"index":"index","follow":"follow","max-snippet":"max-snippet:-1","max-image-preview":"max-image-preview:large","max-video-preview":"max-video-preview:-1"},"canonical":"https:\/\/dev.codenot.studio\/extery-new\/tooted\/pargipink-haru-set06\/","og_locale":"et_EE","og_type":"article","og_title":"pargipink Haru SET06 - Extery linnam\u00f6\u00f6bel","og_description":"Pargipink Haru on modulaarne linnam\u00f6\u00f6bli s\u00fcsteem, mis elavdab linnav\u00e4ljakud. Vali sobiv komplekt meie kodulehelt!","og_url":"https:\/\/dev.codenot.studio\/extery-new\/tooted\/pargipink-haru-set06\/","og_site_name":"Extery","article_modified_time":"2025-02-26T13:23:14+00:00","og_image":[{"width":2048,"height":1417,"url":"https:\/\/dev.codenot.studio\/extery-new\/wp-content\/uploads\/2023\/10\/Haru-SET06-EXTERY-park-bench-urban-furniture-pargipink-linnamoobel-pilsetas-mebeles-sols-puistonpenkki.jpg","type":"image\/jpeg"}],"twitter_card":"summary_large_image","twitter_misc":{"Est. reading time":"1 minut"},"schema":{"@context":"https:\/\/schema.org","@graph":[{"@type":"WebPage","@id":"https:\/\/dev.codenot.studio\/extery-new\/tooted\/pargipink-haru-set06\/","url":"https:\/\/dev.codenot.studio\/extery-new\/tooted\/pargipink-haru-set06\/","name":"pargipink Haru SET06 - Extery linnam\u00f6\u00f6bel","isPartOf":{"@id":"https:\/\/dev.codenot.studio\/extery-new\/#website"},"primaryImageOfPage":{"@id":"https:\/\/dev.codenot.studio\/extery-new\/tooted\/pargipink-haru-set06\/#primaryimage"},"image":{"@id":"https:\/\/dev.codenot.studio\/extery-new\/tooted\/pargipink-haru-set06\/#primaryimage"},"thumbnailUrl":"https:\/\/dev.codenot.studio\/extery-new\/wp-content\/uploads\/2023\/10\/Haru-SET06-EXTERY-park-bench-urban-furniture-pargipink-linnamoobel-pilsetas-mebeles-sols-puistonpenkki.jpg","datePublished":"2023-12-01T08:20:30+00:00","dateModified":"2025-02-26T13:23:14+00:00","description":"Pargipink Haru on modulaarne linnam\u00f6\u00f6bli s\u00fcsteem, mis elavdab linnav\u00e4ljakud. Vali sobiv komplekt meie kodulehelt!","breadcrumb":{"@id":"https:\/\/dev.codenot.studio\/extery-new\/tooted\/pargipink-haru-set06\/#breadcrumb"},"inLanguage":"et","potentialAction":[{"@type":"ReadAction","target":["https:\/\/dev.codenot.studio\/extery-new\/tooted\/pargipink-haru-set06\/"]}]},{"@type":"ImageObject","inLanguage":"et","@id":"https:\/\/dev.codenot.studio\/extery-new\/tooted\/pargipink-haru-set06\/#primaryimage","url":"https:\/\/dev.codenot.studio\/extery-new\/wp-content\/uploads\/2023\/10\/Haru-SET06-EXTERY-park-bench-urban-furniture-pargipink-linnamoobel-pilsetas-mebeles-sols-puistonpenkki.jpg","contentUrl":"https:\/\/dev.codenot.studio\/extery-new\/wp-content\/uploads\/2023\/10\/Haru-SET06-EXTERY-park-bench-urban-furniture-pargipink-linnamoobel-pilsetas-mebeles-sols-puistonpenkki.jpg","width":2048,"height":1417},{"@type":"BreadcrumbList","@id":"https:\/\/dev.codenot.studio\/extery-new\/tooted\/pargipink-haru-set06\/#breadcrumb","itemListElement":[{"@type":"ListItem","position":1,"name":"Home","item":"https:\/\/dev.codenot.studio\/extery-new\/"},{"@type":"ListItem","position":2,"name":"Tooted","item":"https:\/\/dev.codenot.studio\/extery-new\/tooted\/"},{"@type":"ListItem","position":3,"name":"pargipink Haru SET06"}]},{"@type":"WebSite","@id":"https:\/\/dev.codenot.studio\/extery-new\/#website","url":"https:\/\/dev.codenot.studio\/extery-new\/","name":"Extery","description":"","publisher":{"@id":"https:\/\/dev.codenot.studio\/extery-new\/#organization"},"potentialAction":[{"@type":"SearchAction","target":{"@type":"EntryPoint","urlTemplate":"https:\/\/dev.codenot.studio\/extery-new\/?s={search_term_string}"},"query-input":{"@type":"PropertyValueSpecification","valueRequired":true,"valueName":"search_term_string"}}],"inLanguage":"et"},{"@type":"Organization","@id":"https:\/\/dev.codenot.studio\/extery-new\/#organization","name":"Extery","url":"https:\/\/dev.codenot.studio\/extery-new\/","logo":{"@type":"ImageObject","inLanguage":"et","@id":"https:\/\/dev.codenot.studio\/extery-new\/#\/schema\/logo\/image\/","url":"https:\/\/dev.codenot.studio\/extery-new\/wp-content\/uploads\/2023\/11\/footer-logo.svg","contentUrl":"https:\/\/dev.codenot.studio\/extery-new\/wp-content\/uploads\/2023\/11\/footer-logo.svg","caption":"Extery"},"image":{"@id":"https:\/\/dev.codenot.studio\/extery-new\/#\/schema\/logo\/image\/"}}]}},"_links":{"self":[{"href":"https:\/\/dev.codenot.studio\/extery-new\/wp-json\/wp\/v2\/product\/49347","targetHints":{"allow":["GET"]}}],"collection":[{"href":"https:\/\/dev.codenot.studio\/extery-new\/wp-json\/wp\/v2\/product"}],"about":[{"href":"https:\/\/dev.codenot.studio\/extery-new\/wp-json\/wp\/v2\/types\/product"}],"replies":[{"embeddable":true,"href":"https:\/\/dev.codenot.studio\/extery-new\/wp-json\/wp\/v2\/comments?post=49347"}],"wp:featuredmedia":[{"embeddable":true,"href":"https:\/\/dev.codenot.studio\/extery-new\/wp-json\/wp\/v2\/media\/41306"}],"wp:attachment":[{"href":"https:\/\/dev.codenot.studio\/extery-new\/wp-json\/wp\/v2\/media?parent=49347"}],"wp:term":[{"taxonomy":"product_cat","embeddable":true,"href":"https:\/\/dev.codenot.studio\/extery-new\/wp-json\/wp\/v2\/product_cat?post=49347"},{"taxonomy":"product_tag","embeddable":true,"href":"https:\/\/dev.codenot.studio\/extery-new\/wp-json\/wp\/v2\/product_tag?post=49347"}],"curies":[{"name":"wp","href":"https:\/\/api.w.org\/{rel}","templated":true}]}}