{"id":3674,"date":"2020-11-13T08:20:21","date_gmt":"2020-11-13T08:20:21","guid":{"rendered":"https:\/\/extery.com\/?post_type=product&#038;p=3674"},"modified":"2023-12-01T13:23:14","modified_gmt":"2023-12-01T13:23:14","slug":"piip-pollar","status":"publish","type":"product","link":"https:\/\/dev.codenot.studio\/extery-new\/tooted\/piip-pollar\/","title":{"rendered":"pollar Piip"},"content":{"rendered":"<p>Pollar Piip omab \u00e4\u00e4rmiselt minimalistlikku vormi, mis linnapildis ei vaja suuremat m\u00e4rkamist vaid pigem selgitust piirangutest ja kindlust liiklejatele. Piip \u00e4\u00e4ristab v\u00e4ljakud ning t\u00e4nava servad, kuhu s\u00f5idukiga ligip\u00e4\u00e4su piirata.<br \/>\nPiip tagab piirangud, olles osa linnaruumist.<\/p>\n","protected":false},"excerpt":{"rendered":"<p>Pollar Piip omab \u00e4\u00e4rmiselt minimalistlikku vormi, mis linnapildis ei vaja suuremat m\u00e4rkamist vaid pigem selgitust piirangutest ja kindlust liiklejatele. Piip \u00e4\u00e4ristab v\u00e4ljakud ning t\u00e4nava servad, kuhu s\u00f5idukiga ligip\u00e4\u00e4su piirata. Piip tagab piirangud, olles osa linnaruumist.<\/p>\n","protected":false},"featured_media":11074,"comment_status":"open","ping_status":"closed","template":"","meta":{"_acf_changed":false},"product_cat":[36],"product_tag":[],"class_list":["post-3674","product","type-product","status-publish","has-post-thumbnail","hentry","product_cat-linnaruumi-elemendid","product-family-piip"],"acf":[],"yoast_head":"<!-- This site is optimized with the Yoast SEO plugin v24.1 - https:\/\/yoast.com\/wordpress\/plugins\/seo\/ -->\n<title>pollar Piip - Extery linnam\u00f6\u00f6bli kollektsiooni pollarid<\/title>\n<meta name=\"description\" content=\"Pollar Piip omab \u00e4\u00e4rmiselt minimalistlikku vormi, mis linnapildis ei vaja suuremat m\u00e4rkamist vaid pigem m\u00f5istmist piirangutest ja kindlust liiklejatele.\" \/>\n<meta name=\"robots\" content=\"index, follow, max-snippet:-1, max-image-preview:large, max-video-preview:-1\" \/>\n<link rel=\"canonical\" href=\"https:\/\/dev.codenot.studio\/extery-new\/tooted\/piip-pollar\/\" \/>\n<meta property=\"og:locale\" content=\"et_EE\" \/>\n<meta property=\"og:type\" content=\"article\" \/>\n<meta property=\"og:title\" content=\"pollar Piip - Extery linnam\u00f6\u00f6bli kollektsiooni pollarid\" \/>\n<meta property=\"og:description\" content=\"Pollar Piip omab \u00e4\u00e4rmiselt minimalistlikku vormi, mis linnapildis ei vaja suuremat m\u00e4rkamist vaid pigem m\u00f5istmist piirangutest ja kindlust liiklejatele.\" \/>\n<meta property=\"og:url\" content=\"https:\/\/dev.codenot.studio\/extery-new\/tooted\/piip-pollar\/\" \/>\n<meta property=\"og:site_name\" content=\"Extery\" \/>\n<meta property=\"article:modified_time\" content=\"2023-12-01T13:23:14+00:00\" \/>\n<meta property=\"og:image\" content=\"https:\/\/dev.codenot.studio\/extery-new\/wp-content\/uploads\/2020\/11\/soidutoke-pollar-Piip.-Pollard-Piip-scaled.jpg\" \/>\n\t<meta property=\"og:image:width\" content=\"2560\" \/>\n\t<meta property=\"og:image:height\" content=\"1707\" \/>\n\t<meta property=\"og:image:type\" content=\"image\/jpeg\" \/>\n<meta name=\"twitter:card\" content=\"summary_large_image\" \/>\n<meta name=\"twitter:label1\" content=\"Est. reading time\" \/>\n\t<meta name=\"twitter:data1\" content=\"1 minut\" \/>\n<script type=\"application\/ld+json\" class=\"yoast-schema-graph\">{\"@context\":\"https:\/\/schema.org\",\"@graph\":[{\"@type\":\"WebPage\",\"@id\":\"https:\/\/dev.codenot.studio\/extery-new\/tooted\/piip-pollar\/\",\"url\":\"https:\/\/dev.codenot.studio\/extery-new\/tooted\/piip-pollar\/\",\"name\":\"pollar Piip - Extery linnam\u00f6\u00f6bli kollektsiooni pollarid\",\"isPartOf\":{\"@id\":\"https:\/\/dev.codenot.studio\/extery-new\/#website\"},\"primaryImageOfPage\":{\"@id\":\"https:\/\/dev.codenot.studio\/extery-new\/tooted\/piip-pollar\/#primaryimage\"},\"image\":{\"@id\":\"https:\/\/dev.codenot.studio\/extery-new\/tooted\/piip-pollar\/#primaryimage\"},\"thumbnailUrl\":\"https:\/\/dev.codenot.studio\/extery-new\/wp-content\/uploads\/2020\/11\/soidutoke-pollar-Piip.-Pollard-Piip-scaled.jpg\",\"datePublished\":\"2020-11-13T08:20:21+00:00\",\"dateModified\":\"2023-12-01T13:23:14+00:00\",\"description\":\"Pollar Piip omab \u00e4\u00e4rmiselt minimalistlikku vormi, mis linnapildis ei vaja suuremat m\u00e4rkamist vaid pigem m\u00f5istmist piirangutest ja kindlust liiklejatele.\",\"breadcrumb\":{\"@id\":\"https:\/\/dev.codenot.studio\/extery-new\/tooted\/piip-pollar\/#breadcrumb\"},\"inLanguage\":\"et\",\"potentialAction\":[{\"@type\":\"ReadAction\",\"target\":[\"https:\/\/dev.codenot.studio\/extery-new\/tooted\/piip-pollar\/\"]}]},{\"@type\":\"ImageObject\",\"inLanguage\":\"et\",\"@id\":\"https:\/\/dev.codenot.studio\/extery-new\/tooted\/piip-pollar\/#primaryimage\",\"url\":\"https:\/\/dev.codenot.studio\/extery-new\/wp-content\/uploads\/2020\/11\/soidutoke-pollar-Piip.-Pollard-Piip-scaled.jpg\",\"contentUrl\":\"https:\/\/dev.codenot.studio\/extery-new\/wp-content\/uploads\/2020\/11\/soidutoke-pollar-Piip.-Pollard-Piip-scaled.jpg\",\"width\":2560,\"height\":1707},{\"@type\":\"BreadcrumbList\",\"@id\":\"https:\/\/dev.codenot.studio\/extery-new\/tooted\/piip-pollar\/#breadcrumb\",\"itemListElement\":[{\"@type\":\"ListItem\",\"position\":1,\"name\":\"Home\",\"item\":\"https:\/\/dev.codenot.studio\/extery-new\/\"},{\"@type\":\"ListItem\",\"position\":2,\"name\":\"Tooted\",\"item\":\"https:\/\/dev.codenot.studio\/extery-new\/tooted\/\"},{\"@type\":\"ListItem\",\"position\":3,\"name\":\"pollar Piip\"}]},{\"@type\":\"WebSite\",\"@id\":\"https:\/\/dev.codenot.studio\/extery-new\/#website\",\"url\":\"https:\/\/dev.codenot.studio\/extery-new\/\",\"name\":\"Extery\",\"description\":\"\",\"publisher\":{\"@id\":\"https:\/\/dev.codenot.studio\/extery-new\/#organization\"},\"potentialAction\":[{\"@type\":\"SearchAction\",\"target\":{\"@type\":\"EntryPoint\",\"urlTemplate\":\"https:\/\/dev.codenot.studio\/extery-new\/?s={search_term_string}\"},\"query-input\":{\"@type\":\"PropertyValueSpecification\",\"valueRequired\":true,\"valueName\":\"search_term_string\"}}],\"inLanguage\":\"et\"},{\"@type\":\"Organization\",\"@id\":\"https:\/\/dev.codenot.studio\/extery-new\/#organization\",\"name\":\"Extery\",\"url\":\"https:\/\/dev.codenot.studio\/extery-new\/\",\"logo\":{\"@type\":\"ImageObject\",\"inLanguage\":\"et\",\"@id\":\"https:\/\/dev.codenot.studio\/extery-new\/#\/schema\/logo\/image\/\",\"url\":\"https:\/\/dev.codenot.studio\/extery-new\/wp-content\/uploads\/2023\/11\/footer-logo.svg\",\"contentUrl\":\"https:\/\/dev.codenot.studio\/extery-new\/wp-content\/uploads\/2023\/11\/footer-logo.svg\",\"caption\":\"Extery\"},\"image\":{\"@id\":\"https:\/\/dev.codenot.studio\/extery-new\/#\/schema\/logo\/image\/\"}}]}<\/script>\n<!-- \/ Yoast SEO plugin. -->","yoast_head_json":{"title":"pollar Piip - Extery linnam\u00f6\u00f6bli kollektsiooni pollarid","description":"Pollar Piip omab \u00e4\u00e4rmiselt minimalistlikku vormi, mis linnapildis ei vaja suuremat m\u00e4rkamist vaid pigem m\u00f5istmist piirangutest ja kindlust liiklejatele.","robots":{"index":"index","follow":"follow","max-snippet":"max-snippet:-1","max-image-preview":"max-image-preview:large","max-video-preview":"max-video-preview:-1"},"canonical":"https:\/\/dev.codenot.studio\/extery-new\/tooted\/piip-pollar\/","og_locale":"et_EE","og_type":"article","og_title":"pollar Piip - Extery linnam\u00f6\u00f6bli kollektsiooni pollarid","og_description":"Pollar Piip omab \u00e4\u00e4rmiselt minimalistlikku vormi, mis linnapildis ei vaja suuremat m\u00e4rkamist vaid pigem m\u00f5istmist piirangutest ja kindlust liiklejatele.","og_url":"https:\/\/dev.codenot.studio\/extery-new\/tooted\/piip-pollar\/","og_site_name":"Extery","article_modified_time":"2023-12-01T13:23:14+00:00","og_image":[{"width":2560,"height":1707,"url":"https:\/\/dev.codenot.studio\/extery-new\/wp-content\/uploads\/2020\/11\/soidutoke-pollar-Piip.-Pollard-Piip-scaled.jpg","type":"image\/jpeg"}],"twitter_card":"summary_large_image","twitter_misc":{"Est. reading time":"1 minut"},"schema":{"@context":"https:\/\/schema.org","@graph":[{"@type":"WebPage","@id":"https:\/\/dev.codenot.studio\/extery-new\/tooted\/piip-pollar\/","url":"https:\/\/dev.codenot.studio\/extery-new\/tooted\/piip-pollar\/","name":"pollar Piip - Extery linnam\u00f6\u00f6bli kollektsiooni pollarid","isPartOf":{"@id":"https:\/\/dev.codenot.studio\/extery-new\/#website"},"primaryImageOfPage":{"@id":"https:\/\/dev.codenot.studio\/extery-new\/tooted\/piip-pollar\/#primaryimage"},"image":{"@id":"https:\/\/dev.codenot.studio\/extery-new\/tooted\/piip-pollar\/#primaryimage"},"thumbnailUrl":"https:\/\/dev.codenot.studio\/extery-new\/wp-content\/uploads\/2020\/11\/soidutoke-pollar-Piip.-Pollard-Piip-scaled.jpg","datePublished":"2020-11-13T08:20:21+00:00","dateModified":"2023-12-01T13:23:14+00:00","description":"Pollar Piip omab \u00e4\u00e4rmiselt minimalistlikku vormi, mis linnapildis ei vaja suuremat m\u00e4rkamist vaid pigem m\u00f5istmist piirangutest ja kindlust liiklejatele.","breadcrumb":{"@id":"https:\/\/dev.codenot.studio\/extery-new\/tooted\/piip-pollar\/#breadcrumb"},"inLanguage":"et","potentialAction":[{"@type":"ReadAction","target":["https:\/\/dev.codenot.studio\/extery-new\/tooted\/piip-pollar\/"]}]},{"@type":"ImageObject","inLanguage":"et","@id":"https:\/\/dev.codenot.studio\/extery-new\/tooted\/piip-pollar\/#primaryimage","url":"https:\/\/dev.codenot.studio\/extery-new\/wp-content\/uploads\/2020\/11\/soidutoke-pollar-Piip.-Pollard-Piip-scaled.jpg","contentUrl":"https:\/\/dev.codenot.studio\/extery-new\/wp-content\/uploads\/2020\/11\/soidutoke-pollar-Piip.-Pollard-Piip-scaled.jpg","width":2560,"height":1707},{"@type":"BreadcrumbList","@id":"https:\/\/dev.codenot.studio\/extery-new\/tooted\/piip-pollar\/#breadcrumb","itemListElement":[{"@type":"ListItem","position":1,"name":"Home","item":"https:\/\/dev.codenot.studio\/extery-new\/"},{"@type":"ListItem","position":2,"name":"Tooted","item":"https:\/\/dev.codenot.studio\/extery-new\/tooted\/"},{"@type":"ListItem","position":3,"name":"pollar Piip"}]},{"@type":"WebSite","@id":"https:\/\/dev.codenot.studio\/extery-new\/#website","url":"https:\/\/dev.codenot.studio\/extery-new\/","name":"Extery","description":"","publisher":{"@id":"https:\/\/dev.codenot.studio\/extery-new\/#organization"},"potentialAction":[{"@type":"SearchAction","target":{"@type":"EntryPoint","urlTemplate":"https:\/\/dev.codenot.studio\/extery-new\/?s={search_term_string}"},"query-input":{"@type":"PropertyValueSpecification","valueRequired":true,"valueName":"search_term_string"}}],"inLanguage":"et"},{"@type":"Organization","@id":"https:\/\/dev.codenot.studio\/extery-new\/#organization","name":"Extery","url":"https:\/\/dev.codenot.studio\/extery-new\/","logo":{"@type":"ImageObject","inLanguage":"et","@id":"https:\/\/dev.codenot.studio\/extery-new\/#\/schema\/logo\/image\/","url":"https:\/\/dev.codenot.studio\/extery-new\/wp-content\/uploads\/2023\/11\/footer-logo.svg","contentUrl":"https:\/\/dev.codenot.studio\/extery-new\/wp-content\/uploads\/2023\/11\/footer-logo.svg","caption":"Extery"},"image":{"@id":"https:\/\/dev.codenot.studio\/extery-new\/#\/schema\/logo\/image\/"}}]}},"_links":{"self":[{"href":"https:\/\/dev.codenot.studio\/extery-new\/wp-json\/wp\/v2\/product\/3674","targetHints":{"allow":["GET"]}}],"collection":[{"href":"https:\/\/dev.codenot.studio\/extery-new\/wp-json\/wp\/v2\/product"}],"about":[{"href":"https:\/\/dev.codenot.studio\/extery-new\/wp-json\/wp\/v2\/types\/product"}],"replies":[{"embeddable":true,"href":"https:\/\/dev.codenot.studio\/extery-new\/wp-json\/wp\/v2\/comments?post=3674"}],"wp:featuredmedia":[{"embeddable":true,"href":"https:\/\/dev.codenot.studio\/extery-new\/wp-json\/wp\/v2\/media\/11074"}],"wp:attachment":[{"href":"https:\/\/dev.codenot.studio\/extery-new\/wp-json\/wp\/v2\/media?parent=3674"}],"wp:term":[{"taxonomy":"product_cat","embeddable":true,"href":"https:\/\/dev.codenot.studio\/extery-new\/wp-json\/wp\/v2\/product_cat?post=3674"},{"taxonomy":"product_tag","embeddable":true,"href":"https:\/\/dev.codenot.studio\/extery-new\/wp-json\/wp\/v2\/product_tag?post=3674"}],"curies":[{"name":"wp","href":"https:\/\/api.w.org\/{rel}","templated":true}]}}