{"id":3667,"date":"2020-11-13T08:13:32","date_gmt":"2020-11-13T08:13:32","guid":{"rendered":"https:\/\/extery.com\/?post_type=product&#038;p=3667"},"modified":"2023-12-01T13:21:02","modified_gmt":"2023-12-01T13:21:02","slug":"jalgrattahoidja-kaar","status":"publish","type":"product","link":"https:\/\/dev.codenot.studio\/extery-new\/tooted\/jalgrattahoidja-kaar\/","title":{"rendered":"jalgrattahoidja Kaar"},"content":{"rendered":"<p>Jalgrattahoidja Kaar on lihtsa vormiga, elegantne kuid tugev, sobides t\u00e4navatele ka n\u00e4iteks s\u00f5idut\u00f5keteks. Maapinnast v\u00e4ljaulatuv puhas siluett ning minimalistlik vorm on alati kompromissitult sobiv nii t\u00e4nap\u00e4evases kui ka erinevates milj\u00f6\u00f6h\u00f5ngulistes arhitektuurides.<\/p>\n<p>Jalgrattahoidja Kaar on saadaval kahes suuruses &#8211; kitsam, torude vahelise laiusega 360 mm ning laiem, 1000 mm laiusega. \u00dche Kaar rattahoidja k\u00fclge saab turvaliselt lukustada kuni kaks jalgratast. Kaar jalgrattahoidja eelis on tema kompaktsus, lihtsus ja mugav kasutus.<\/p>\n","protected":false},"excerpt":{"rendered":"<p>Jalgrattahoidja Kaar on lihtsa vormiga, elegantne kuid tugev, sobides t\u00e4navatele ka n\u00e4iteks s\u00f5idut\u00f5keteks. Maapinnast v\u00e4ljaulatuv puhas siluett ning minimalistlik vorm on alati kompromissitult sobiv nii t\u00e4nap\u00e4evases kui ka erinevates milj\u00f6\u00f6h\u00f5ngulistes arhitektuurides. Jalgrattahoidja Kaar on saadaval kahes suuruses &#8211; kitsam, torude vahelise laiusega 360 mm ning laiem, 1000 mm laiusega. \u00dche Kaar rattahoidja k\u00fclge saab turvaliselt [&hellip;]<\/p>\n","protected":false},"featured_media":1980,"comment_status":"open","ping_status":"closed","template":"","meta":{"_acf_changed":false},"product_cat":[35],"product_tag":[],"class_list":["post-3667","product","type-product","status-publish","has-post-thumbnail","hentry","product_cat-jalgrattahoidjad","product-family-kaar"],"acf":[],"yoast_head":"<!-- This site is optimized with the Yoast SEO plugin v24.1 - https:\/\/yoast.com\/wordpress\/plugins\/seo\/ -->\n<title>jalgrattahoidja Kaar - Extery linnam\u00f6\u00f6bli kollektsioon<\/title>\n<meta name=\"description\" content=\"Jalgrattahoidja Kaar on lihtsa vormiga, kuid tugev, sobides t\u00e4navatele ka s\u00f5idut\u00f5keteks. Jalgrattahoidja Kaar on lihtsa vormiga, elegantne kuid tugev, sobides t\u00e4navatele ka n\u00e4iteks s\u00f5idut\u00f5keteks.\" \/>\n<meta name=\"robots\" content=\"index, follow, max-snippet:-1, max-image-preview:large, max-video-preview:-1\" \/>\n<link rel=\"canonical\" href=\"https:\/\/dev.codenot.studio\/extery-new\/tooted\/jalgrattahoidja-kaar\/\" \/>\n<meta property=\"og:locale\" content=\"et_EE\" \/>\n<meta property=\"og:type\" content=\"article\" \/>\n<meta property=\"og:title\" content=\"jalgrattahoidja Kaar - Extery linnam\u00f6\u00f6bli kollektsioon\" \/>\n<meta property=\"og:description\" content=\"Jalgrattahoidja Kaar on lihtsa vormiga, kuid tugev, sobides t\u00e4navatele ka s\u00f5idut\u00f5keteks. Jalgrattahoidja Kaar on lihtsa vormiga, elegantne kuid tugev, sobides t\u00e4navatele ka n\u00e4iteks s\u00f5idut\u00f5keteks.\" \/>\n<meta property=\"og:url\" content=\"https:\/\/dev.codenot.studio\/extery-new\/tooted\/jalgrattahoidja-kaar\/\" \/>\n<meta property=\"og:site_name\" content=\"Extery\" \/>\n<meta property=\"article:modified_time\" content=\"2023-12-01T13:21:02+00:00\" \/>\n<meta property=\"og:image\" content=\"https:\/\/dev.codenot.studio\/extery-new\/wp-content\/uploads\/2020\/11\/Kaar-1000-ja-300-rattahoidja-E-scaled.jpg\" \/>\n\t<meta property=\"og:image:width\" content=\"2560\" \/>\n\t<meta property=\"og:image:height\" content=\"1707\" \/>\n\t<meta property=\"og:image:type\" content=\"image\/jpeg\" \/>\n<meta name=\"twitter:card\" content=\"summary_large_image\" \/>\n<meta name=\"twitter:label1\" content=\"Est. reading time\" \/>\n\t<meta name=\"twitter:data1\" content=\"1 minut\" \/>\n<script type=\"application\/ld+json\" class=\"yoast-schema-graph\">{\"@context\":\"https:\/\/schema.org\",\"@graph\":[{\"@type\":\"WebPage\",\"@id\":\"https:\/\/dev.codenot.studio\/extery-new\/tooted\/jalgrattahoidja-kaar\/\",\"url\":\"https:\/\/dev.codenot.studio\/extery-new\/tooted\/jalgrattahoidja-kaar\/\",\"name\":\"jalgrattahoidja Kaar - Extery linnam\u00f6\u00f6bli kollektsioon\",\"isPartOf\":{\"@id\":\"https:\/\/dev.codenot.studio\/extery-new\/#website\"},\"primaryImageOfPage\":{\"@id\":\"https:\/\/dev.codenot.studio\/extery-new\/tooted\/jalgrattahoidja-kaar\/#primaryimage\"},\"image\":{\"@id\":\"https:\/\/dev.codenot.studio\/extery-new\/tooted\/jalgrattahoidja-kaar\/#primaryimage\"},\"thumbnailUrl\":\"https:\/\/dev.codenot.studio\/extery-new\/wp-content\/uploads\/2020\/11\/Kaar-1000-ja-300-rattahoidja-E-scaled.jpg\",\"datePublished\":\"2020-11-13T08:13:32+00:00\",\"dateModified\":\"2023-12-01T13:21:02+00:00\",\"description\":\"Jalgrattahoidja Kaar on lihtsa vormiga, kuid tugev, sobides t\u00e4navatele ka s\u00f5idut\u00f5keteks. Jalgrattahoidja Kaar on lihtsa vormiga, elegantne kuid tugev, sobides t\u00e4navatele ka n\u00e4iteks s\u00f5idut\u00f5keteks.\",\"breadcrumb\":{\"@id\":\"https:\/\/dev.codenot.studio\/extery-new\/tooted\/jalgrattahoidja-kaar\/#breadcrumb\"},\"inLanguage\":\"et\",\"potentialAction\":[{\"@type\":\"ReadAction\",\"target\":[\"https:\/\/dev.codenot.studio\/extery-new\/tooted\/jalgrattahoidja-kaar\/\"]}]},{\"@type\":\"ImageObject\",\"inLanguage\":\"et\",\"@id\":\"https:\/\/dev.codenot.studio\/extery-new\/tooted\/jalgrattahoidja-kaar\/#primaryimage\",\"url\":\"https:\/\/dev.codenot.studio\/extery-new\/wp-content\/uploads\/2020\/11\/Kaar-1000-ja-300-rattahoidja-E-scaled.jpg\",\"contentUrl\":\"https:\/\/dev.codenot.studio\/extery-new\/wp-content\/uploads\/2020\/11\/Kaar-1000-ja-300-rattahoidja-E-scaled.jpg\",\"width\":2560,\"height\":1707},{\"@type\":\"BreadcrumbList\",\"@id\":\"https:\/\/dev.codenot.studio\/extery-new\/tooted\/jalgrattahoidja-kaar\/#breadcrumb\",\"itemListElement\":[{\"@type\":\"ListItem\",\"position\":1,\"name\":\"Home\",\"item\":\"https:\/\/dev.codenot.studio\/extery-new\/\"},{\"@type\":\"ListItem\",\"position\":2,\"name\":\"Tooted\",\"item\":\"https:\/\/dev.codenot.studio\/extery-new\/tooted\/\"},{\"@type\":\"ListItem\",\"position\":3,\"name\":\"jalgrattahoidja Kaar\"}]},{\"@type\":\"WebSite\",\"@id\":\"https:\/\/dev.codenot.studio\/extery-new\/#website\",\"url\":\"https:\/\/dev.codenot.studio\/extery-new\/\",\"name\":\"Extery\",\"description\":\"\",\"publisher\":{\"@id\":\"https:\/\/dev.codenot.studio\/extery-new\/#organization\"},\"potentialAction\":[{\"@type\":\"SearchAction\",\"target\":{\"@type\":\"EntryPoint\",\"urlTemplate\":\"https:\/\/dev.codenot.studio\/extery-new\/?s={search_term_string}\"},\"query-input\":{\"@type\":\"PropertyValueSpecification\",\"valueRequired\":true,\"valueName\":\"search_term_string\"}}],\"inLanguage\":\"et\"},{\"@type\":\"Organization\",\"@id\":\"https:\/\/dev.codenot.studio\/extery-new\/#organization\",\"name\":\"Extery\",\"url\":\"https:\/\/dev.codenot.studio\/extery-new\/\",\"logo\":{\"@type\":\"ImageObject\",\"inLanguage\":\"et\",\"@id\":\"https:\/\/dev.codenot.studio\/extery-new\/#\/schema\/logo\/image\/\",\"url\":\"https:\/\/dev.codenot.studio\/extery-new\/wp-content\/uploads\/2023\/11\/footer-logo.svg\",\"contentUrl\":\"https:\/\/dev.codenot.studio\/extery-new\/wp-content\/uploads\/2023\/11\/footer-logo.svg\",\"caption\":\"Extery\"},\"image\":{\"@id\":\"https:\/\/dev.codenot.studio\/extery-new\/#\/schema\/logo\/image\/\"}}]}<\/script>\n<!-- \/ Yoast SEO plugin. -->","yoast_head_json":{"title":"jalgrattahoidja Kaar - Extery linnam\u00f6\u00f6bli kollektsioon","description":"Jalgrattahoidja Kaar on lihtsa vormiga, kuid tugev, sobides t\u00e4navatele ka s\u00f5idut\u00f5keteks. Jalgrattahoidja Kaar on lihtsa vormiga, elegantne kuid tugev, sobides t\u00e4navatele ka n\u00e4iteks s\u00f5idut\u00f5keteks.","robots":{"index":"index","follow":"follow","max-snippet":"max-snippet:-1","max-image-preview":"max-image-preview:large","max-video-preview":"max-video-preview:-1"},"canonical":"https:\/\/dev.codenot.studio\/extery-new\/tooted\/jalgrattahoidja-kaar\/","og_locale":"et_EE","og_type":"article","og_title":"jalgrattahoidja Kaar - Extery linnam\u00f6\u00f6bli kollektsioon","og_description":"Jalgrattahoidja Kaar on lihtsa vormiga, kuid tugev, sobides t\u00e4navatele ka s\u00f5idut\u00f5keteks. Jalgrattahoidja Kaar on lihtsa vormiga, elegantne kuid tugev, sobides t\u00e4navatele ka n\u00e4iteks s\u00f5idut\u00f5keteks.","og_url":"https:\/\/dev.codenot.studio\/extery-new\/tooted\/jalgrattahoidja-kaar\/","og_site_name":"Extery","article_modified_time":"2023-12-01T13:21:02+00:00","og_image":[{"width":2560,"height":1707,"url":"https:\/\/dev.codenot.studio\/extery-new\/wp-content\/uploads\/2020\/11\/Kaar-1000-ja-300-rattahoidja-E-scaled.jpg","type":"image\/jpeg"}],"twitter_card":"summary_large_image","twitter_misc":{"Est. reading time":"1 minut"},"schema":{"@context":"https:\/\/schema.org","@graph":[{"@type":"WebPage","@id":"https:\/\/dev.codenot.studio\/extery-new\/tooted\/jalgrattahoidja-kaar\/","url":"https:\/\/dev.codenot.studio\/extery-new\/tooted\/jalgrattahoidja-kaar\/","name":"jalgrattahoidja Kaar - Extery linnam\u00f6\u00f6bli kollektsioon","isPartOf":{"@id":"https:\/\/dev.codenot.studio\/extery-new\/#website"},"primaryImageOfPage":{"@id":"https:\/\/dev.codenot.studio\/extery-new\/tooted\/jalgrattahoidja-kaar\/#primaryimage"},"image":{"@id":"https:\/\/dev.codenot.studio\/extery-new\/tooted\/jalgrattahoidja-kaar\/#primaryimage"},"thumbnailUrl":"https:\/\/dev.codenot.studio\/extery-new\/wp-content\/uploads\/2020\/11\/Kaar-1000-ja-300-rattahoidja-E-scaled.jpg","datePublished":"2020-11-13T08:13:32+00:00","dateModified":"2023-12-01T13:21:02+00:00","description":"Jalgrattahoidja Kaar on lihtsa vormiga, kuid tugev, sobides t\u00e4navatele ka s\u00f5idut\u00f5keteks. Jalgrattahoidja Kaar on lihtsa vormiga, elegantne kuid tugev, sobides t\u00e4navatele ka n\u00e4iteks s\u00f5idut\u00f5keteks.","breadcrumb":{"@id":"https:\/\/dev.codenot.studio\/extery-new\/tooted\/jalgrattahoidja-kaar\/#breadcrumb"},"inLanguage":"et","potentialAction":[{"@type":"ReadAction","target":["https:\/\/dev.codenot.studio\/extery-new\/tooted\/jalgrattahoidja-kaar\/"]}]},{"@type":"ImageObject","inLanguage":"et","@id":"https:\/\/dev.codenot.studio\/extery-new\/tooted\/jalgrattahoidja-kaar\/#primaryimage","url":"https:\/\/dev.codenot.studio\/extery-new\/wp-content\/uploads\/2020\/11\/Kaar-1000-ja-300-rattahoidja-E-scaled.jpg","contentUrl":"https:\/\/dev.codenot.studio\/extery-new\/wp-content\/uploads\/2020\/11\/Kaar-1000-ja-300-rattahoidja-E-scaled.jpg","width":2560,"height":1707},{"@type":"BreadcrumbList","@id":"https:\/\/dev.codenot.studio\/extery-new\/tooted\/jalgrattahoidja-kaar\/#breadcrumb","itemListElement":[{"@type":"ListItem","position":1,"name":"Home","item":"https:\/\/dev.codenot.studio\/extery-new\/"},{"@type":"ListItem","position":2,"name":"Tooted","item":"https:\/\/dev.codenot.studio\/extery-new\/tooted\/"},{"@type":"ListItem","position":3,"name":"jalgrattahoidja Kaar"}]},{"@type":"WebSite","@id":"https:\/\/dev.codenot.studio\/extery-new\/#website","url":"https:\/\/dev.codenot.studio\/extery-new\/","name":"Extery","description":"","publisher":{"@id":"https:\/\/dev.codenot.studio\/extery-new\/#organization"},"potentialAction":[{"@type":"SearchAction","target":{"@type":"EntryPoint","urlTemplate":"https:\/\/dev.codenot.studio\/extery-new\/?s={search_term_string}"},"query-input":{"@type":"PropertyValueSpecification","valueRequired":true,"valueName":"search_term_string"}}],"inLanguage":"et"},{"@type":"Organization","@id":"https:\/\/dev.codenot.studio\/extery-new\/#organization","name":"Extery","url":"https:\/\/dev.codenot.studio\/extery-new\/","logo":{"@type":"ImageObject","inLanguage":"et","@id":"https:\/\/dev.codenot.studio\/extery-new\/#\/schema\/logo\/image\/","url":"https:\/\/dev.codenot.studio\/extery-new\/wp-content\/uploads\/2023\/11\/footer-logo.svg","contentUrl":"https:\/\/dev.codenot.studio\/extery-new\/wp-content\/uploads\/2023\/11\/footer-logo.svg","caption":"Extery"},"image":{"@id":"https:\/\/dev.codenot.studio\/extery-new\/#\/schema\/logo\/image\/"}}]}},"_links":{"self":[{"href":"https:\/\/dev.codenot.studio\/extery-new\/wp-json\/wp\/v2\/product\/3667","targetHints":{"allow":["GET"]}}],"collection":[{"href":"https:\/\/dev.codenot.studio\/extery-new\/wp-json\/wp\/v2\/product"}],"about":[{"href":"https:\/\/dev.codenot.studio\/extery-new\/wp-json\/wp\/v2\/types\/product"}],"replies":[{"embeddable":true,"href":"https:\/\/dev.codenot.studio\/extery-new\/wp-json\/wp\/v2\/comments?post=3667"}],"wp:featuredmedia":[{"embeddable":true,"href":"https:\/\/dev.codenot.studio\/extery-new\/wp-json\/wp\/v2\/media\/1980"}],"wp:attachment":[{"href":"https:\/\/dev.codenot.studio\/extery-new\/wp-json\/wp\/v2\/media?parent=3667"}],"wp:term":[{"taxonomy":"product_cat","embeddable":true,"href":"https:\/\/dev.codenot.studio\/extery-new\/wp-json\/wp\/v2\/product_cat?post=3667"},{"taxonomy":"product_tag","embeddable":true,"href":"https:\/\/dev.codenot.studio\/extery-new\/wp-json\/wp\/v2\/product_tag?post=3667"}],"curies":[{"name":"wp","href":"https:\/\/api.w.org\/{rel}","templated":true}]}}