{"id":3660,"date":"2020-11-13T08:06:01","date_gmt":"2020-11-13T08:06:01","guid":{"rendered":"https:\/\/extery.com\/?post_type=product&#038;p=3660"},"modified":"2023-12-01T13:24:11","modified_gmt":"2023-12-01T13:24:11","slug":"dogstation-m5","status":"publish","type":"product","link":"https:\/\/dev.codenot.studio\/extery-new\/tooted\/dogstation-m5\/","title":{"rendered":"DogStation M5"},"content":{"rendered":"<p>DogStation M5 on lemmikloomade j\u00e4relt koristamiseks m\u00f5eldud lahendus, mis \u00fchendab pr\u00fcgikonteineri ja puhaste kilekottide hoidiku.<\/p>\n<p>Sulle meeldib jalutada puhtas pargis ja sama korras kodut\u00e4navatel. Vaadata pilvi ja vastutulevaid inimesi selle asemel, et hoolikalt jalgealust j\u00e4lgida. Puhta linnaruumi v\u00f5lu peitubki selles, et p\u00f5hjuseid muretsemiseks on v\u00e4hem.<br \/>\nDogStationi kohalolu linnaruumis ei ole ainu\u00fcksi kasulik \u2013 see on ka m\u00e4rk puhtusearmastusest ja hoolivusest.<\/p>\n","protected":false},"excerpt":{"rendered":"<p>DogStation M5 on lemmikloomade j\u00e4relt koristamiseks m\u00f5eldud lahendus, mis \u00fchendab pr\u00fcgikonteineri ja puhaste kilekottide hoidiku. Sulle meeldib jalutada puhtas pargis ja sama korras kodut\u00e4navatel. Vaadata pilvi ja vastutulevaid inimesi selle asemel, et hoolikalt jalgealust j\u00e4lgida. Puhta linnaruumi v\u00f5lu peitubki selles, et p\u00f5hjuseid muretsemiseks on v\u00e4hem. DogStationi kohalolu linnaruumis ei ole ainu\u00fcksi kasulik \u2013 see on [&hellip;]<\/p>\n","protected":false},"featured_media":1972,"comment_status":"open","ping_status":"closed","template":"","meta":{"_acf_changed":false},"product_cat":[46],"product_tag":[],"class_list":["post-3660","product","type-product","status-publish","has-post-thumbnail","hentry","product_cat-prugikastid"],"acf":[],"yoast_head":"<!-- This site is optimized with the Yoast SEO plugin v24.1 - https:\/\/yoast.com\/wordpress\/plugins\/seo\/ -->\n<title>DogStation M5 - Extery linnam\u00f6\u00f6bli kollektsiooni pr\u00fcgikastid<\/title>\n<meta name=\"description\" content=\"DogStation M5 on lemmikloomade j\u00e4relt koristamiseks m\u00f5eldud lahendus, mis \u00fchendab pr\u00fcgikonteineri ja puhaste kilekottide hoidiku.\" \/>\n<meta name=\"robots\" content=\"index, follow, max-snippet:-1, max-image-preview:large, max-video-preview:-1\" \/>\n<link rel=\"canonical\" href=\"https:\/\/dev.codenot.studio\/extery-new\/tooted\/dogstation-m5\/\" \/>\n<meta property=\"og:locale\" content=\"et_EE\" \/>\n<meta property=\"og:type\" content=\"article\" \/>\n<meta property=\"og:title\" content=\"DogStation M5 - Extery linnam\u00f6\u00f6bli kollektsiooni pr\u00fcgikastid\" \/>\n<meta property=\"og:description\" content=\"DogStation M5 on lemmikloomade j\u00e4relt koristamiseks m\u00f5eldud lahendus, mis \u00fchendab pr\u00fcgikonteineri ja puhaste kilekottide hoidiku.\" \/>\n<meta property=\"og:url\" content=\"https:\/\/dev.codenot.studio\/extery-new\/tooted\/dogstation-m5\/\" \/>\n<meta property=\"og:site_name\" content=\"Extery\" \/>\n<meta property=\"article:modified_time\" content=\"2023-12-01T13:24:11+00:00\" \/>\n<meta property=\"og:image\" content=\"https:\/\/dev.codenot.studio\/extery-new\/wp-content\/uploads\/2020\/11\/Dogstation-M5-K-scaled.jpg\" \/>\n\t<meta property=\"og:image:width\" content=\"2560\" \/>\n\t<meta property=\"og:image:height\" content=\"1707\" \/>\n\t<meta property=\"og:image:type\" content=\"image\/jpeg\" \/>\n<meta name=\"twitter:card\" content=\"summary_large_image\" \/>\n<meta name=\"twitter:label1\" content=\"Est. reading time\" \/>\n\t<meta name=\"twitter:data1\" content=\"1 minut\" \/>\n<script type=\"application\/ld+json\" class=\"yoast-schema-graph\">{\"@context\":\"https:\/\/schema.org\",\"@graph\":[{\"@type\":\"WebPage\",\"@id\":\"https:\/\/dev.codenot.studio\/extery-new\/tooted\/dogstation-m5\/\",\"url\":\"https:\/\/dev.codenot.studio\/extery-new\/tooted\/dogstation-m5\/\",\"name\":\"DogStation M5 - Extery linnam\u00f6\u00f6bli kollektsiooni pr\u00fcgikastid\",\"isPartOf\":{\"@id\":\"https:\/\/dev.codenot.studio\/extery-new\/#website\"},\"primaryImageOfPage\":{\"@id\":\"https:\/\/dev.codenot.studio\/extery-new\/tooted\/dogstation-m5\/#primaryimage\"},\"image\":{\"@id\":\"https:\/\/dev.codenot.studio\/extery-new\/tooted\/dogstation-m5\/#primaryimage\"},\"thumbnailUrl\":\"https:\/\/dev.codenot.studio\/extery-new\/wp-content\/uploads\/2020\/11\/Dogstation-M5-K-scaled.jpg\",\"datePublished\":\"2020-11-13T08:06:01+00:00\",\"dateModified\":\"2023-12-01T13:24:11+00:00\",\"description\":\"DogStation M5 on lemmikloomade j\u00e4relt koristamiseks m\u00f5eldud lahendus, mis \u00fchendab pr\u00fcgikonteineri ja puhaste kilekottide hoidiku.\",\"breadcrumb\":{\"@id\":\"https:\/\/dev.codenot.studio\/extery-new\/tooted\/dogstation-m5\/#breadcrumb\"},\"inLanguage\":\"et\",\"potentialAction\":[{\"@type\":\"ReadAction\",\"target\":[\"https:\/\/dev.codenot.studio\/extery-new\/tooted\/dogstation-m5\/\"]}]},{\"@type\":\"ImageObject\",\"inLanguage\":\"et\",\"@id\":\"https:\/\/dev.codenot.studio\/extery-new\/tooted\/dogstation-m5\/#primaryimage\",\"url\":\"https:\/\/dev.codenot.studio\/extery-new\/wp-content\/uploads\/2020\/11\/Dogstation-M5-K-scaled.jpg\",\"contentUrl\":\"https:\/\/dev.codenot.studio\/extery-new\/wp-content\/uploads\/2020\/11\/Dogstation-M5-K-scaled.jpg\",\"width\":2560,\"height\":1707},{\"@type\":\"BreadcrumbList\",\"@id\":\"https:\/\/dev.codenot.studio\/extery-new\/tooted\/dogstation-m5\/#breadcrumb\",\"itemListElement\":[{\"@type\":\"ListItem\",\"position\":1,\"name\":\"Home\",\"item\":\"https:\/\/dev.codenot.studio\/extery-new\/\"},{\"@type\":\"ListItem\",\"position\":2,\"name\":\"Tooted\",\"item\":\"https:\/\/dev.codenot.studio\/extery-new\/tooted\/\"},{\"@type\":\"ListItem\",\"position\":3,\"name\":\"DogStation M5\"}]},{\"@type\":\"WebSite\",\"@id\":\"https:\/\/dev.codenot.studio\/extery-new\/#website\",\"url\":\"https:\/\/dev.codenot.studio\/extery-new\/\",\"name\":\"Extery\",\"description\":\"\",\"publisher\":{\"@id\":\"https:\/\/dev.codenot.studio\/extery-new\/#organization\"},\"potentialAction\":[{\"@type\":\"SearchAction\",\"target\":{\"@type\":\"EntryPoint\",\"urlTemplate\":\"https:\/\/dev.codenot.studio\/extery-new\/?s={search_term_string}\"},\"query-input\":{\"@type\":\"PropertyValueSpecification\",\"valueRequired\":true,\"valueName\":\"search_term_string\"}}],\"inLanguage\":\"et\"},{\"@type\":\"Organization\",\"@id\":\"https:\/\/dev.codenot.studio\/extery-new\/#organization\",\"name\":\"Extery\",\"url\":\"https:\/\/dev.codenot.studio\/extery-new\/\",\"logo\":{\"@type\":\"ImageObject\",\"inLanguage\":\"et\",\"@id\":\"https:\/\/dev.codenot.studio\/extery-new\/#\/schema\/logo\/image\/\",\"url\":\"https:\/\/dev.codenot.studio\/extery-new\/wp-content\/uploads\/2023\/11\/footer-logo.svg\",\"contentUrl\":\"https:\/\/dev.codenot.studio\/extery-new\/wp-content\/uploads\/2023\/11\/footer-logo.svg\",\"caption\":\"Extery\"},\"image\":{\"@id\":\"https:\/\/dev.codenot.studio\/extery-new\/#\/schema\/logo\/image\/\"}}]}<\/script>\n<!-- \/ Yoast SEO plugin. -->","yoast_head_json":{"title":"DogStation M5 - Extery linnam\u00f6\u00f6bli kollektsiooni pr\u00fcgikastid","description":"DogStation M5 on lemmikloomade j\u00e4relt koristamiseks m\u00f5eldud lahendus, mis \u00fchendab pr\u00fcgikonteineri ja puhaste kilekottide hoidiku.","robots":{"index":"index","follow":"follow","max-snippet":"max-snippet:-1","max-image-preview":"max-image-preview:large","max-video-preview":"max-video-preview:-1"},"canonical":"https:\/\/dev.codenot.studio\/extery-new\/tooted\/dogstation-m5\/","og_locale":"et_EE","og_type":"article","og_title":"DogStation M5 - Extery linnam\u00f6\u00f6bli kollektsiooni pr\u00fcgikastid","og_description":"DogStation M5 on lemmikloomade j\u00e4relt koristamiseks m\u00f5eldud lahendus, mis \u00fchendab pr\u00fcgikonteineri ja puhaste kilekottide hoidiku.","og_url":"https:\/\/dev.codenot.studio\/extery-new\/tooted\/dogstation-m5\/","og_site_name":"Extery","article_modified_time":"2023-12-01T13:24:11+00:00","og_image":[{"width":2560,"height":1707,"url":"https:\/\/dev.codenot.studio\/extery-new\/wp-content\/uploads\/2020\/11\/Dogstation-M5-K-scaled.jpg","type":"image\/jpeg"}],"twitter_card":"summary_large_image","twitter_misc":{"Est. reading time":"1 minut"},"schema":{"@context":"https:\/\/schema.org","@graph":[{"@type":"WebPage","@id":"https:\/\/dev.codenot.studio\/extery-new\/tooted\/dogstation-m5\/","url":"https:\/\/dev.codenot.studio\/extery-new\/tooted\/dogstation-m5\/","name":"DogStation M5 - Extery linnam\u00f6\u00f6bli kollektsiooni pr\u00fcgikastid","isPartOf":{"@id":"https:\/\/dev.codenot.studio\/extery-new\/#website"},"primaryImageOfPage":{"@id":"https:\/\/dev.codenot.studio\/extery-new\/tooted\/dogstation-m5\/#primaryimage"},"image":{"@id":"https:\/\/dev.codenot.studio\/extery-new\/tooted\/dogstation-m5\/#primaryimage"},"thumbnailUrl":"https:\/\/dev.codenot.studio\/extery-new\/wp-content\/uploads\/2020\/11\/Dogstation-M5-K-scaled.jpg","datePublished":"2020-11-13T08:06:01+00:00","dateModified":"2023-12-01T13:24:11+00:00","description":"DogStation M5 on lemmikloomade j\u00e4relt koristamiseks m\u00f5eldud lahendus, mis \u00fchendab pr\u00fcgikonteineri ja puhaste kilekottide hoidiku.","breadcrumb":{"@id":"https:\/\/dev.codenot.studio\/extery-new\/tooted\/dogstation-m5\/#breadcrumb"},"inLanguage":"et","potentialAction":[{"@type":"ReadAction","target":["https:\/\/dev.codenot.studio\/extery-new\/tooted\/dogstation-m5\/"]}]},{"@type":"ImageObject","inLanguage":"et","@id":"https:\/\/dev.codenot.studio\/extery-new\/tooted\/dogstation-m5\/#primaryimage","url":"https:\/\/dev.codenot.studio\/extery-new\/wp-content\/uploads\/2020\/11\/Dogstation-M5-K-scaled.jpg","contentUrl":"https:\/\/dev.codenot.studio\/extery-new\/wp-content\/uploads\/2020\/11\/Dogstation-M5-K-scaled.jpg","width":2560,"height":1707},{"@type":"BreadcrumbList","@id":"https:\/\/dev.codenot.studio\/extery-new\/tooted\/dogstation-m5\/#breadcrumb","itemListElement":[{"@type":"ListItem","position":1,"name":"Home","item":"https:\/\/dev.codenot.studio\/extery-new\/"},{"@type":"ListItem","position":2,"name":"Tooted","item":"https:\/\/dev.codenot.studio\/extery-new\/tooted\/"},{"@type":"ListItem","position":3,"name":"DogStation M5"}]},{"@type":"WebSite","@id":"https:\/\/dev.codenot.studio\/extery-new\/#website","url":"https:\/\/dev.codenot.studio\/extery-new\/","name":"Extery","description":"","publisher":{"@id":"https:\/\/dev.codenot.studio\/extery-new\/#organization"},"potentialAction":[{"@type":"SearchAction","target":{"@type":"EntryPoint","urlTemplate":"https:\/\/dev.codenot.studio\/extery-new\/?s={search_term_string}"},"query-input":{"@type":"PropertyValueSpecification","valueRequired":true,"valueName":"search_term_string"}}],"inLanguage":"et"},{"@type":"Organization","@id":"https:\/\/dev.codenot.studio\/extery-new\/#organization","name":"Extery","url":"https:\/\/dev.codenot.studio\/extery-new\/","logo":{"@type":"ImageObject","inLanguage":"et","@id":"https:\/\/dev.codenot.studio\/extery-new\/#\/schema\/logo\/image\/","url":"https:\/\/dev.codenot.studio\/extery-new\/wp-content\/uploads\/2023\/11\/footer-logo.svg","contentUrl":"https:\/\/dev.codenot.studio\/extery-new\/wp-content\/uploads\/2023\/11\/footer-logo.svg","caption":"Extery"},"image":{"@id":"https:\/\/dev.codenot.studio\/extery-new\/#\/schema\/logo\/image\/"}}]}},"_links":{"self":[{"href":"https:\/\/dev.codenot.studio\/extery-new\/wp-json\/wp\/v2\/product\/3660","targetHints":{"allow":["GET"]}}],"collection":[{"href":"https:\/\/dev.codenot.studio\/extery-new\/wp-json\/wp\/v2\/product"}],"about":[{"href":"https:\/\/dev.codenot.studio\/extery-new\/wp-json\/wp\/v2\/types\/product"}],"replies":[{"embeddable":true,"href":"https:\/\/dev.codenot.studio\/extery-new\/wp-json\/wp\/v2\/comments?post=3660"}],"wp:featuredmedia":[{"embeddable":true,"href":"https:\/\/dev.codenot.studio\/extery-new\/wp-json\/wp\/v2\/media\/1972"}],"wp:attachment":[{"href":"https:\/\/dev.codenot.studio\/extery-new\/wp-json\/wp\/v2\/media?parent=3660"}],"wp:term":[{"taxonomy":"product_cat","embeddable":true,"href":"https:\/\/dev.codenot.studio\/extery-new\/wp-json\/wp\/v2\/product_cat?post=3660"},{"taxonomy":"product_tag","embeddable":true,"href":"https:\/\/dev.codenot.studio\/extery-new\/wp-json\/wp\/v2\/product_tag?post=3660"}],"curies":[{"name":"wp","href":"https:\/\/api.w.org\/{rel}","templated":true}]}}