{"id":3615,"date":"2020-11-12T15:11:06","date_gmt":"2020-11-12T15:11:06","guid":{"rendered":"https:\/\/extery.com\/?post_type=product&#038;p=3615"},"modified":"2023-12-01T13:27:32","modified_gmt":"2023-12-01T13:27:32","slug":"net-100","status":"publish","type":"product","link":"https:\/\/dev.codenot.studio\/extery-new\/tooted\/net-100\/","title":{"rendered":"pr\u00fcgikast Net 30 \/ 100"},"content":{"rendered":"<p>Pr\u00fcgikast Net 30 ja Net 100 puidu ja metalli kerge ning tasakaalustatud kokkum\u00e4ng annab Net pr\u00fcgikastile just sobiva aktsendi eksklusiivsust. Perforeeritud esi- ja tagapaneelid lisavad juurde iselooomu ning muudavad pr\u00fcgikasti visuaalselt \u00f5huliseks, sobitudes suurep\u00e4raselt lisaks linnat\u00e4navatele ka avalikesse siseruumidesse.<\/p>\n<p><iframe title=\"Waste bin NET100 by EXTERY urban furniture\" width=\"500\" height=\"281\" src=\"https:\/\/www.youtube.com\/embed\/jr-g7r1k5gg?feature=oembed\" frameborder=\"0\" allow=\"accelerometer; autoplay; clipboard-write; encrypted-media; gyroscope; picture-in-picture; web-share\" referrerpolicy=\"strict-origin-when-cross-origin\" allowfullscreen loading=\"lazy\"><\/iframe><\/p>\n<p>Pr\u00fcgikastid Net 30 ja Net 100 on kolmnurkv\u00f5tmega pealt avatavad ning sees asuv konteiner tagab mugava hoolduse.<\/p>\n","protected":false},"excerpt":{"rendered":"<p>Pr\u00fcgikast Net 30 ja Net 100 puidu ja metalli kerge ning tasakaalustatud kokkum\u00e4ng annab Net pr\u00fcgikastile just sobiva aktsendi eksklusiivsust. Perforeeritud esi- ja tagapaneelid lisavad juurde iselooomu ning muudavad pr\u00fcgikasti visuaalselt \u00f5huliseks, sobitudes suurep\u00e4raselt lisaks linnat\u00e4navatele ka avalikesse siseruumidesse. Pr\u00fcgikastid Net 30 ja Net 100 on kolmnurkv\u00f5tmega pealt avatavad ning sees asuv konteiner tagab mugava [&hellip;]<\/p>\n","protected":false},"featured_media":2051,"comment_status":"open","ping_status":"closed","template":"","meta":{"_acf_changed":false},"product_cat":[46],"product_tag":[],"class_list":["post-3615","product","type-product","status-publish","has-post-thumbnail","hentry","product_cat-prugikastid"],"acf":[],"yoast_head":"<!-- This site is optimized with the Yoast SEO plugin v24.1 - https:\/\/yoast.com\/wordpress\/plugins\/seo\/ -->\n<title>pr\u00fcgikast Net 30 \/ 100 - Extery<\/title>\n<meta name=\"description\" content=\"Pr\u00fcgikast Net 30 ja Net 100 puidu ja metalli kerge ning tasakaalustatud kokkum\u00e4ng annab Net pr\u00fcgikastile just sobiva aktsendi eksklusiivsust.\" \/>\n<meta name=\"robots\" content=\"index, follow, max-snippet:-1, max-image-preview:large, max-video-preview:-1\" \/>\n<link rel=\"canonical\" href=\"https:\/\/dev.codenot.studio\/extery-new\/tooted\/net-100\/\" \/>\n<meta property=\"og:locale\" content=\"et_EE\" \/>\n<meta property=\"og:type\" content=\"article\" \/>\n<meta property=\"og:title\" content=\"pr\u00fcgikast Net 30 \/ 100 - Extery\" \/>\n<meta property=\"og:description\" content=\"Pr\u00fcgikast Net 30 ja Net 100 puidu ja metalli kerge ning tasakaalustatud kokkum\u00e4ng annab Net pr\u00fcgikastile just sobiva aktsendi eksklusiivsust.\" \/>\n<meta property=\"og:url\" content=\"https:\/\/dev.codenot.studio\/extery-new\/tooted\/net-100\/\" \/>\n<meta property=\"og:site_name\" content=\"Extery\" \/>\n<meta property=\"article:modified_time\" content=\"2023-12-01T13:27:32+00:00\" \/>\n<meta property=\"og:image\" content=\"https:\/\/dev.codenot.studio\/extery-new\/wp-content\/uploads\/2020\/11\/Net100-E-scaled.jpg\" \/>\n\t<meta property=\"og:image:width\" content=\"2560\" \/>\n\t<meta property=\"og:image:height\" content=\"1707\" \/>\n\t<meta property=\"og:image:type\" content=\"image\/jpeg\" \/>\n<meta name=\"twitter:card\" content=\"summary_large_image\" \/>\n<meta name=\"twitter:label1\" content=\"Est. reading time\" \/>\n\t<meta name=\"twitter:data1\" content=\"1 minut\" \/>\n<script type=\"application\/ld+json\" class=\"yoast-schema-graph\">{\"@context\":\"https:\/\/schema.org\",\"@graph\":[{\"@type\":\"WebPage\",\"@id\":\"https:\/\/dev.codenot.studio\/extery-new\/tooted\/net-100\/\",\"url\":\"https:\/\/dev.codenot.studio\/extery-new\/tooted\/net-100\/\",\"name\":\"pr\u00fcgikast Net 30 \/ 100 - Extery\",\"isPartOf\":{\"@id\":\"https:\/\/dev.codenot.studio\/extery-new\/#website\"},\"primaryImageOfPage\":{\"@id\":\"https:\/\/dev.codenot.studio\/extery-new\/tooted\/net-100\/#primaryimage\"},\"image\":{\"@id\":\"https:\/\/dev.codenot.studio\/extery-new\/tooted\/net-100\/#primaryimage\"},\"thumbnailUrl\":\"https:\/\/dev.codenot.studio\/extery-new\/wp-content\/uploads\/2020\/11\/Net100-E-scaled.jpg\",\"datePublished\":\"2020-11-12T15:11:06+00:00\",\"dateModified\":\"2023-12-01T13:27:32+00:00\",\"description\":\"Pr\u00fcgikast Net 30 ja Net 100 puidu ja metalli kerge ning tasakaalustatud kokkum\u00e4ng annab Net pr\u00fcgikastile just sobiva aktsendi eksklusiivsust.\",\"breadcrumb\":{\"@id\":\"https:\/\/dev.codenot.studio\/extery-new\/tooted\/net-100\/#breadcrumb\"},\"inLanguage\":\"et\",\"potentialAction\":[{\"@type\":\"ReadAction\",\"target\":[\"https:\/\/dev.codenot.studio\/extery-new\/tooted\/net-100\/\"]}]},{\"@type\":\"ImageObject\",\"inLanguage\":\"et\",\"@id\":\"https:\/\/dev.codenot.studio\/extery-new\/tooted\/net-100\/#primaryimage\",\"url\":\"https:\/\/dev.codenot.studio\/extery-new\/wp-content\/uploads\/2020\/11\/Net100-E-scaled.jpg\",\"contentUrl\":\"https:\/\/dev.codenot.studio\/extery-new\/wp-content\/uploads\/2020\/11\/Net100-E-scaled.jpg\",\"width\":2560,\"height\":1707},{\"@type\":\"BreadcrumbList\",\"@id\":\"https:\/\/dev.codenot.studio\/extery-new\/tooted\/net-100\/#breadcrumb\",\"itemListElement\":[{\"@type\":\"ListItem\",\"position\":1,\"name\":\"Home\",\"item\":\"https:\/\/dev.codenot.studio\/extery-new\/\"},{\"@type\":\"ListItem\",\"position\":2,\"name\":\"Tooted\",\"item\":\"https:\/\/dev.codenot.studio\/extery-new\/tooted\/\"},{\"@type\":\"ListItem\",\"position\":3,\"name\":\"pr\u00fcgikast Net 30 \/ 100\"}]},{\"@type\":\"WebSite\",\"@id\":\"https:\/\/dev.codenot.studio\/extery-new\/#website\",\"url\":\"https:\/\/dev.codenot.studio\/extery-new\/\",\"name\":\"Extery\",\"description\":\"\",\"publisher\":{\"@id\":\"https:\/\/dev.codenot.studio\/extery-new\/#organization\"},\"potentialAction\":[{\"@type\":\"SearchAction\",\"target\":{\"@type\":\"EntryPoint\",\"urlTemplate\":\"https:\/\/dev.codenot.studio\/extery-new\/?s={search_term_string}\"},\"query-input\":{\"@type\":\"PropertyValueSpecification\",\"valueRequired\":true,\"valueName\":\"search_term_string\"}}],\"inLanguage\":\"et\"},{\"@type\":\"Organization\",\"@id\":\"https:\/\/dev.codenot.studio\/extery-new\/#organization\",\"name\":\"Extery\",\"url\":\"https:\/\/dev.codenot.studio\/extery-new\/\",\"logo\":{\"@type\":\"ImageObject\",\"inLanguage\":\"et\",\"@id\":\"https:\/\/dev.codenot.studio\/extery-new\/#\/schema\/logo\/image\/\",\"url\":\"https:\/\/dev.codenot.studio\/extery-new\/wp-content\/uploads\/2023\/11\/footer-logo.svg\",\"contentUrl\":\"https:\/\/dev.codenot.studio\/extery-new\/wp-content\/uploads\/2023\/11\/footer-logo.svg\",\"caption\":\"Extery\"},\"image\":{\"@id\":\"https:\/\/dev.codenot.studio\/extery-new\/#\/schema\/logo\/image\/\"}}]}<\/script>\n<!-- \/ Yoast SEO plugin. -->","yoast_head_json":{"title":"pr\u00fcgikast Net 30 \/ 100 - Extery","description":"Pr\u00fcgikast Net 30 ja Net 100 puidu ja metalli kerge ning tasakaalustatud kokkum\u00e4ng annab Net pr\u00fcgikastile just sobiva aktsendi eksklusiivsust.","robots":{"index":"index","follow":"follow","max-snippet":"max-snippet:-1","max-image-preview":"max-image-preview:large","max-video-preview":"max-video-preview:-1"},"canonical":"https:\/\/dev.codenot.studio\/extery-new\/tooted\/net-100\/","og_locale":"et_EE","og_type":"article","og_title":"pr\u00fcgikast Net 30 \/ 100 - Extery","og_description":"Pr\u00fcgikast Net 30 ja Net 100 puidu ja metalli kerge ning tasakaalustatud kokkum\u00e4ng annab Net pr\u00fcgikastile just sobiva aktsendi eksklusiivsust.","og_url":"https:\/\/dev.codenot.studio\/extery-new\/tooted\/net-100\/","og_site_name":"Extery","article_modified_time":"2023-12-01T13:27:32+00:00","og_image":[{"width":2560,"height":1707,"url":"https:\/\/dev.codenot.studio\/extery-new\/wp-content\/uploads\/2020\/11\/Net100-E-scaled.jpg","type":"image\/jpeg"}],"twitter_card":"summary_large_image","twitter_misc":{"Est. reading time":"1 minut"},"schema":{"@context":"https:\/\/schema.org","@graph":[{"@type":"WebPage","@id":"https:\/\/dev.codenot.studio\/extery-new\/tooted\/net-100\/","url":"https:\/\/dev.codenot.studio\/extery-new\/tooted\/net-100\/","name":"pr\u00fcgikast Net 30 \/ 100 - Extery","isPartOf":{"@id":"https:\/\/dev.codenot.studio\/extery-new\/#website"},"primaryImageOfPage":{"@id":"https:\/\/dev.codenot.studio\/extery-new\/tooted\/net-100\/#primaryimage"},"image":{"@id":"https:\/\/dev.codenot.studio\/extery-new\/tooted\/net-100\/#primaryimage"},"thumbnailUrl":"https:\/\/dev.codenot.studio\/extery-new\/wp-content\/uploads\/2020\/11\/Net100-E-scaled.jpg","datePublished":"2020-11-12T15:11:06+00:00","dateModified":"2023-12-01T13:27:32+00:00","description":"Pr\u00fcgikast Net 30 ja Net 100 puidu ja metalli kerge ning tasakaalustatud kokkum\u00e4ng annab Net pr\u00fcgikastile just sobiva aktsendi eksklusiivsust.","breadcrumb":{"@id":"https:\/\/dev.codenot.studio\/extery-new\/tooted\/net-100\/#breadcrumb"},"inLanguage":"et","potentialAction":[{"@type":"ReadAction","target":["https:\/\/dev.codenot.studio\/extery-new\/tooted\/net-100\/"]}]},{"@type":"ImageObject","inLanguage":"et","@id":"https:\/\/dev.codenot.studio\/extery-new\/tooted\/net-100\/#primaryimage","url":"https:\/\/dev.codenot.studio\/extery-new\/wp-content\/uploads\/2020\/11\/Net100-E-scaled.jpg","contentUrl":"https:\/\/dev.codenot.studio\/extery-new\/wp-content\/uploads\/2020\/11\/Net100-E-scaled.jpg","width":2560,"height":1707},{"@type":"BreadcrumbList","@id":"https:\/\/dev.codenot.studio\/extery-new\/tooted\/net-100\/#breadcrumb","itemListElement":[{"@type":"ListItem","position":1,"name":"Home","item":"https:\/\/dev.codenot.studio\/extery-new\/"},{"@type":"ListItem","position":2,"name":"Tooted","item":"https:\/\/dev.codenot.studio\/extery-new\/tooted\/"},{"@type":"ListItem","position":3,"name":"pr\u00fcgikast Net 30 \/ 100"}]},{"@type":"WebSite","@id":"https:\/\/dev.codenot.studio\/extery-new\/#website","url":"https:\/\/dev.codenot.studio\/extery-new\/","name":"Extery","description":"","publisher":{"@id":"https:\/\/dev.codenot.studio\/extery-new\/#organization"},"potentialAction":[{"@type":"SearchAction","target":{"@type":"EntryPoint","urlTemplate":"https:\/\/dev.codenot.studio\/extery-new\/?s={search_term_string}"},"query-input":{"@type":"PropertyValueSpecification","valueRequired":true,"valueName":"search_term_string"}}],"inLanguage":"et"},{"@type":"Organization","@id":"https:\/\/dev.codenot.studio\/extery-new\/#organization","name":"Extery","url":"https:\/\/dev.codenot.studio\/extery-new\/","logo":{"@type":"ImageObject","inLanguage":"et","@id":"https:\/\/dev.codenot.studio\/extery-new\/#\/schema\/logo\/image\/","url":"https:\/\/dev.codenot.studio\/extery-new\/wp-content\/uploads\/2023\/11\/footer-logo.svg","contentUrl":"https:\/\/dev.codenot.studio\/extery-new\/wp-content\/uploads\/2023\/11\/footer-logo.svg","caption":"Extery"},"image":{"@id":"https:\/\/dev.codenot.studio\/extery-new\/#\/schema\/logo\/image\/"}}]}},"_links":{"self":[{"href":"https:\/\/dev.codenot.studio\/extery-new\/wp-json\/wp\/v2\/product\/3615","targetHints":{"allow":["GET"]}}],"collection":[{"href":"https:\/\/dev.codenot.studio\/extery-new\/wp-json\/wp\/v2\/product"}],"about":[{"href":"https:\/\/dev.codenot.studio\/extery-new\/wp-json\/wp\/v2\/types\/product"}],"replies":[{"embeddable":true,"href":"https:\/\/dev.codenot.studio\/extery-new\/wp-json\/wp\/v2\/comments?post=3615"}],"wp:featuredmedia":[{"embeddable":true,"href":"https:\/\/dev.codenot.studio\/extery-new\/wp-json\/wp\/v2\/media\/2051"}],"wp:attachment":[{"href":"https:\/\/dev.codenot.studio\/extery-new\/wp-json\/wp\/v2\/media?parent=3615"}],"wp:term":[{"taxonomy":"product_cat","embeddable":true,"href":"https:\/\/dev.codenot.studio\/extery-new\/wp-json\/wp\/v2\/product_cat?post=3615"},{"taxonomy":"product_tag","embeddable":true,"href":"https:\/\/dev.codenot.studio\/extery-new\/wp-json\/wp\/v2\/product_tag?post=3615"}],"curies":[{"name":"wp","href":"https:\/\/api.w.org\/{rel}","templated":true}]}}