{"id":3608,"date":"2020-11-12T15:08:32","date_gmt":"2020-11-12T15:08:32","guid":{"rendered":"https:\/\/extery.com\/?post_type=product&#038;p=3608"},"modified":"2023-12-01T13:30:47","modified_gmt":"2023-12-01T13:30:47","slug":"vandal-75","status":"publish","type":"product","link":"https:\/\/dev.codenot.studio\/extery-new\/tooted\/vandal-75\/","title":{"rendered":"pr\u00fcgikast Vandal 75"},"content":{"rendered":"<p>Pr\u00fcgikast Vandal 75 on lihtne ja \u0161armantne. Geomeetriline lihtsus ja elegants Vandal 75 kuues muudavad pr\u00fcgikasti linnaruumis samaaegselt nii keskkonda perfektselt sulanduvaks kui ka parajalt pilkup\u00fc\u00fcdvaks. Pr\u00fcgiava kohal olev kaas ei lase vihmal pr\u00fcgikasti sisse sadada, ega lindudel pr\u00fcgi v\u00e4lja kiskuda.<\/p>\n<p><iframe title=\"Litter bin VANDAL 75 by EXTERY urban furniture\" width=\"500\" height=\"281\" src=\"https:\/\/www.youtube.com\/embed\/EoOM33YsdRY?feature=oembed\" frameborder=\"0\" allow=\"accelerometer; autoplay; clipboard-write; encrypted-media; gyroscope; picture-in-picture; web-share\" referrerpolicy=\"strict-origin-when-cross-origin\" allowfullscreen loading=\"lazy\"><\/iframe><\/p>\n<p>Vandali konstruktsioon, fikseeritud konteiner ja konitops ning lahtiste detailide puudumine, on loodud selliselt, et tagada toote vastupidavus vandalismi suhtes.<\/p>\n","protected":false},"excerpt":{"rendered":"<p>Pr\u00fcgikast Vandal 75 on lihtne ja \u0161armantne. Geomeetriline lihtsus ja elegants Vandal 75 kuues muudavad pr\u00fcgikasti linnaruumis samaaegselt nii keskkonda perfektselt sulanduvaks kui ka parajalt pilkup\u00fc\u00fcdvaks. Pr\u00fcgiava kohal olev kaas ei lase vihmal pr\u00fcgikasti sisse sadada, ega lindudel pr\u00fcgi v\u00e4lja kiskuda. Vandali konstruktsioon, fikseeritud konteiner ja konitops ning lahtiste detailide puudumine, on loodud selliselt, et [&hellip;]<\/p>\n","protected":false},"featured_media":2121,"comment_status":"open","ping_status":"closed","template":"","meta":{"_acf_changed":false},"product_cat":[46],"product_tag":[],"class_list":["post-3608","product","type-product","status-publish","has-post-thumbnail","hentry","product_cat-prugikastid","product-family-vandal"],"acf":[],"yoast_head":"<!-- This site is optimized with the Yoast SEO plugin v24.1 - https:\/\/yoast.com\/wordpress\/plugins\/seo\/ -->\n<title>pr\u00fcgikast Vandal 75 - Extery linnam\u00f6\u00f6bli kollektsiooni pr\u00fcgikastid<\/title>\n<meta name=\"description\" content=\"Pr\u00fcgikast Vandal 75 omab geomeetrilist lihtsust ja elegantsi, mis muudab pr\u00fcgikasti linnaruumis samaaegselt nii keskkonda perfektselt sulanduvaks kui ka parajalt pilkup\u00fc\u00fcdvaks.\" \/>\n<meta name=\"robots\" content=\"index, follow, max-snippet:-1, max-image-preview:large, max-video-preview:-1\" \/>\n<link rel=\"canonical\" href=\"https:\/\/dev.codenot.studio\/extery-new\/tooted\/vandal-75\/\" \/>\n<meta property=\"og:locale\" content=\"et_EE\" \/>\n<meta property=\"og:type\" content=\"article\" \/>\n<meta property=\"og:title\" content=\"pr\u00fcgikast Vandal 75 - Extery linnam\u00f6\u00f6bli kollektsiooni pr\u00fcgikastid\" \/>\n<meta property=\"og:description\" content=\"Pr\u00fcgikast Vandal 75 omab geomeetrilist lihtsust ja elegantsi, mis muudab pr\u00fcgikasti linnaruumis samaaegselt nii keskkonda perfektselt sulanduvaks kui ka parajalt pilkup\u00fc\u00fcdvaks.\" \/>\n<meta property=\"og:url\" content=\"https:\/\/dev.codenot.studio\/extery-new\/tooted\/vandal-75\/\" \/>\n<meta property=\"og:site_name\" content=\"Extery\" \/>\n<meta property=\"article:modified_time\" content=\"2023-12-01T13:30:47+00:00\" \/>\n<meta property=\"og:image\" content=\"https:\/\/dev.codenot.studio\/extery-new\/wp-content\/uploads\/2020\/11\/Vandal75-E-scaled.jpg\" \/>\n\t<meta property=\"og:image:width\" content=\"2560\" \/>\n\t<meta property=\"og:image:height\" content=\"1707\" \/>\n\t<meta property=\"og:image:type\" content=\"image\/jpeg\" \/>\n<meta name=\"twitter:card\" content=\"summary_large_image\" \/>\n<meta name=\"twitter:label1\" content=\"Est. reading time\" \/>\n\t<meta name=\"twitter:data1\" content=\"1 minut\" \/>\n<script type=\"application\/ld+json\" class=\"yoast-schema-graph\">{\"@context\":\"https:\/\/schema.org\",\"@graph\":[{\"@type\":\"WebPage\",\"@id\":\"https:\/\/dev.codenot.studio\/extery-new\/tooted\/vandal-75\/\",\"url\":\"https:\/\/dev.codenot.studio\/extery-new\/tooted\/vandal-75\/\",\"name\":\"pr\u00fcgikast Vandal 75 - Extery linnam\u00f6\u00f6bli kollektsiooni pr\u00fcgikastid\",\"isPartOf\":{\"@id\":\"https:\/\/dev.codenot.studio\/extery-new\/#website\"},\"primaryImageOfPage\":{\"@id\":\"https:\/\/dev.codenot.studio\/extery-new\/tooted\/vandal-75\/#primaryimage\"},\"image\":{\"@id\":\"https:\/\/dev.codenot.studio\/extery-new\/tooted\/vandal-75\/#primaryimage\"},\"thumbnailUrl\":\"https:\/\/dev.codenot.studio\/extery-new\/wp-content\/uploads\/2020\/11\/Vandal75-E-scaled.jpg\",\"datePublished\":\"2020-11-12T15:08:32+00:00\",\"dateModified\":\"2023-12-01T13:30:47+00:00\",\"description\":\"Pr\u00fcgikast Vandal 75 omab geomeetrilist lihtsust ja elegantsi, mis muudab pr\u00fcgikasti linnaruumis samaaegselt nii keskkonda perfektselt sulanduvaks kui ka parajalt pilkup\u00fc\u00fcdvaks.\",\"breadcrumb\":{\"@id\":\"https:\/\/dev.codenot.studio\/extery-new\/tooted\/vandal-75\/#breadcrumb\"},\"inLanguage\":\"et\",\"potentialAction\":[{\"@type\":\"ReadAction\",\"target\":[\"https:\/\/dev.codenot.studio\/extery-new\/tooted\/vandal-75\/\"]}]},{\"@type\":\"ImageObject\",\"inLanguage\":\"et\",\"@id\":\"https:\/\/dev.codenot.studio\/extery-new\/tooted\/vandal-75\/#primaryimage\",\"url\":\"https:\/\/dev.codenot.studio\/extery-new\/wp-content\/uploads\/2020\/11\/Vandal75-E-scaled.jpg\",\"contentUrl\":\"https:\/\/dev.codenot.studio\/extery-new\/wp-content\/uploads\/2020\/11\/Vandal75-E-scaled.jpg\",\"width\":2560,\"height\":1707},{\"@type\":\"BreadcrumbList\",\"@id\":\"https:\/\/dev.codenot.studio\/extery-new\/tooted\/vandal-75\/#breadcrumb\",\"itemListElement\":[{\"@type\":\"ListItem\",\"position\":1,\"name\":\"Home\",\"item\":\"https:\/\/dev.codenot.studio\/extery-new\/\"},{\"@type\":\"ListItem\",\"position\":2,\"name\":\"Tooted\",\"item\":\"https:\/\/dev.codenot.studio\/extery-new\/tooted\/\"},{\"@type\":\"ListItem\",\"position\":3,\"name\":\"pr\u00fcgikast Vandal 75\"}]},{\"@type\":\"WebSite\",\"@id\":\"https:\/\/dev.codenot.studio\/extery-new\/#website\",\"url\":\"https:\/\/dev.codenot.studio\/extery-new\/\",\"name\":\"Extery\",\"description\":\"\",\"publisher\":{\"@id\":\"https:\/\/dev.codenot.studio\/extery-new\/#organization\"},\"potentialAction\":[{\"@type\":\"SearchAction\",\"target\":{\"@type\":\"EntryPoint\",\"urlTemplate\":\"https:\/\/dev.codenot.studio\/extery-new\/?s={search_term_string}\"},\"query-input\":{\"@type\":\"PropertyValueSpecification\",\"valueRequired\":true,\"valueName\":\"search_term_string\"}}],\"inLanguage\":\"et\"},{\"@type\":\"Organization\",\"@id\":\"https:\/\/dev.codenot.studio\/extery-new\/#organization\",\"name\":\"Extery\",\"url\":\"https:\/\/dev.codenot.studio\/extery-new\/\",\"logo\":{\"@type\":\"ImageObject\",\"inLanguage\":\"et\",\"@id\":\"https:\/\/dev.codenot.studio\/extery-new\/#\/schema\/logo\/image\/\",\"url\":\"https:\/\/dev.codenot.studio\/extery-new\/wp-content\/uploads\/2023\/11\/footer-logo.svg\",\"contentUrl\":\"https:\/\/dev.codenot.studio\/extery-new\/wp-content\/uploads\/2023\/11\/footer-logo.svg\",\"caption\":\"Extery\"},\"image\":{\"@id\":\"https:\/\/dev.codenot.studio\/extery-new\/#\/schema\/logo\/image\/\"}}]}<\/script>\n<!-- \/ Yoast SEO plugin. -->","yoast_head_json":{"title":"pr\u00fcgikast Vandal 75 - Extery linnam\u00f6\u00f6bli kollektsiooni pr\u00fcgikastid","description":"Pr\u00fcgikast Vandal 75 omab geomeetrilist lihtsust ja elegantsi, mis muudab pr\u00fcgikasti linnaruumis samaaegselt nii keskkonda perfektselt sulanduvaks kui ka parajalt pilkup\u00fc\u00fcdvaks.","robots":{"index":"index","follow":"follow","max-snippet":"max-snippet:-1","max-image-preview":"max-image-preview:large","max-video-preview":"max-video-preview:-1"},"canonical":"https:\/\/dev.codenot.studio\/extery-new\/tooted\/vandal-75\/","og_locale":"et_EE","og_type":"article","og_title":"pr\u00fcgikast Vandal 75 - Extery linnam\u00f6\u00f6bli kollektsiooni pr\u00fcgikastid","og_description":"Pr\u00fcgikast Vandal 75 omab geomeetrilist lihtsust ja elegantsi, mis muudab pr\u00fcgikasti linnaruumis samaaegselt nii keskkonda perfektselt sulanduvaks kui ka parajalt pilkup\u00fc\u00fcdvaks.","og_url":"https:\/\/dev.codenot.studio\/extery-new\/tooted\/vandal-75\/","og_site_name":"Extery","article_modified_time":"2023-12-01T13:30:47+00:00","og_image":[{"width":2560,"height":1707,"url":"https:\/\/dev.codenot.studio\/extery-new\/wp-content\/uploads\/2020\/11\/Vandal75-E-scaled.jpg","type":"image\/jpeg"}],"twitter_card":"summary_large_image","twitter_misc":{"Est. reading time":"1 minut"},"schema":{"@context":"https:\/\/schema.org","@graph":[{"@type":"WebPage","@id":"https:\/\/dev.codenot.studio\/extery-new\/tooted\/vandal-75\/","url":"https:\/\/dev.codenot.studio\/extery-new\/tooted\/vandal-75\/","name":"pr\u00fcgikast Vandal 75 - Extery linnam\u00f6\u00f6bli kollektsiooni pr\u00fcgikastid","isPartOf":{"@id":"https:\/\/dev.codenot.studio\/extery-new\/#website"},"primaryImageOfPage":{"@id":"https:\/\/dev.codenot.studio\/extery-new\/tooted\/vandal-75\/#primaryimage"},"image":{"@id":"https:\/\/dev.codenot.studio\/extery-new\/tooted\/vandal-75\/#primaryimage"},"thumbnailUrl":"https:\/\/dev.codenot.studio\/extery-new\/wp-content\/uploads\/2020\/11\/Vandal75-E-scaled.jpg","datePublished":"2020-11-12T15:08:32+00:00","dateModified":"2023-12-01T13:30:47+00:00","description":"Pr\u00fcgikast Vandal 75 omab geomeetrilist lihtsust ja elegantsi, mis muudab pr\u00fcgikasti linnaruumis samaaegselt nii keskkonda perfektselt sulanduvaks kui ka parajalt pilkup\u00fc\u00fcdvaks.","breadcrumb":{"@id":"https:\/\/dev.codenot.studio\/extery-new\/tooted\/vandal-75\/#breadcrumb"},"inLanguage":"et","potentialAction":[{"@type":"ReadAction","target":["https:\/\/dev.codenot.studio\/extery-new\/tooted\/vandal-75\/"]}]},{"@type":"ImageObject","inLanguage":"et","@id":"https:\/\/dev.codenot.studio\/extery-new\/tooted\/vandal-75\/#primaryimage","url":"https:\/\/dev.codenot.studio\/extery-new\/wp-content\/uploads\/2020\/11\/Vandal75-E-scaled.jpg","contentUrl":"https:\/\/dev.codenot.studio\/extery-new\/wp-content\/uploads\/2020\/11\/Vandal75-E-scaled.jpg","width":2560,"height":1707},{"@type":"BreadcrumbList","@id":"https:\/\/dev.codenot.studio\/extery-new\/tooted\/vandal-75\/#breadcrumb","itemListElement":[{"@type":"ListItem","position":1,"name":"Home","item":"https:\/\/dev.codenot.studio\/extery-new\/"},{"@type":"ListItem","position":2,"name":"Tooted","item":"https:\/\/dev.codenot.studio\/extery-new\/tooted\/"},{"@type":"ListItem","position":3,"name":"pr\u00fcgikast Vandal 75"}]},{"@type":"WebSite","@id":"https:\/\/dev.codenot.studio\/extery-new\/#website","url":"https:\/\/dev.codenot.studio\/extery-new\/","name":"Extery","description":"","publisher":{"@id":"https:\/\/dev.codenot.studio\/extery-new\/#organization"},"potentialAction":[{"@type":"SearchAction","target":{"@type":"EntryPoint","urlTemplate":"https:\/\/dev.codenot.studio\/extery-new\/?s={search_term_string}"},"query-input":{"@type":"PropertyValueSpecification","valueRequired":true,"valueName":"search_term_string"}}],"inLanguage":"et"},{"@type":"Organization","@id":"https:\/\/dev.codenot.studio\/extery-new\/#organization","name":"Extery","url":"https:\/\/dev.codenot.studio\/extery-new\/","logo":{"@type":"ImageObject","inLanguage":"et","@id":"https:\/\/dev.codenot.studio\/extery-new\/#\/schema\/logo\/image\/","url":"https:\/\/dev.codenot.studio\/extery-new\/wp-content\/uploads\/2023\/11\/footer-logo.svg","contentUrl":"https:\/\/dev.codenot.studio\/extery-new\/wp-content\/uploads\/2023\/11\/footer-logo.svg","caption":"Extery"},"image":{"@id":"https:\/\/dev.codenot.studio\/extery-new\/#\/schema\/logo\/image\/"}}]}},"_links":{"self":[{"href":"https:\/\/dev.codenot.studio\/extery-new\/wp-json\/wp\/v2\/product\/3608","targetHints":{"allow":["GET"]}}],"collection":[{"href":"https:\/\/dev.codenot.studio\/extery-new\/wp-json\/wp\/v2\/product"}],"about":[{"href":"https:\/\/dev.codenot.studio\/extery-new\/wp-json\/wp\/v2\/types\/product"}],"replies":[{"embeddable":true,"href":"https:\/\/dev.codenot.studio\/extery-new\/wp-json\/wp\/v2\/comments?post=3608"}],"wp:featuredmedia":[{"embeddable":true,"href":"https:\/\/dev.codenot.studio\/extery-new\/wp-json\/wp\/v2\/media\/2121"}],"wp:attachment":[{"href":"https:\/\/dev.codenot.studio\/extery-new\/wp-json\/wp\/v2\/media?parent=3608"}],"wp:term":[{"taxonomy":"product_cat","embeddable":true,"href":"https:\/\/dev.codenot.studio\/extery-new\/wp-json\/wp\/v2\/product_cat?post=3608"},{"taxonomy":"product_tag","embeddable":true,"href":"https:\/\/dev.codenot.studio\/extery-new\/wp-json\/wp\/v2\/product_tag?post=3608"}],"curies":[{"name":"wp","href":"https:\/\/api.w.org\/{rel}","templated":true}]}}