{"id":3600,"date":"2020-11-12T11:21:10","date_gmt":"2020-11-12T11:21:10","guid":{"rendered":"https:\/\/extery.com\/?post_type=product&#038;p=3600"},"modified":"2024-07-31T08:37:49","modified_gmt":"2024-07-31T08:37:49","slug":"prugikast-look70","status":"publish","type":"product","link":"https:\/\/dev.codenot.studio\/extery-new\/tooted\/prugikast-look70\/","title":{"rendered":"pr\u00fcgikast Look 70"},"content":{"rendered":"<p>Pr\u00fcgikast Look 70 on elegantne ja diskreetne. Look seeria on loodud kaasaegset linnaruumi silmas pidades. Olles m\u00e4rkamatu, kuid muutudes soovi korral edevaks reklaampinnaks, on Look ideaalseks v\u00f5imaluseks<br \/>\navaliku ruumi kujundamisel. Mitmek\u00fclgsed konteinerid sobivad kasutamiseks nii soliidsete b\u00fcroohoonete vahelises ruumis, bensiinijaamades kui ka t\u00e4nap\u00e4evaste korterelamute hoovides.<\/p>\n<p>Mitme salvega varustatuna v\u00f5imaldavad Look seeriasse kuuluvad pr\u00fcgikastid mugavalt ladustada ka eelsorteeritud j\u00e4\u00e4tmeid.<\/p>\n<p>&nbsp;<\/p>\n","protected":false},"excerpt":{"rendered":"<p>Pr\u00fcgikast Look 70 on elegantne ja diskreetne. Look seeria on loodud kaasaegset linnaruumi silmas pidades. Olles m\u00e4rkamatu, kuid muutudes soovi korral edevaks reklaampinnaks, on Look ideaalseks v\u00f5imaluseks avaliku ruumi kujundamisel. Mitmek\u00fclgsed konteinerid sobivad kasutamiseks nii soliidsete b\u00fcroohoonete vahelises ruumis, bensiinijaamades kui ka t\u00e4nap\u00e4evaste korterelamute hoovides. Mitme salvega varustatuna v\u00f5imaldavad Look seeriasse kuuluvad pr\u00fcgikastid mugavalt ladustada [&hellip;]<\/p>\n","protected":false},"featured_media":2037,"comment_status":"open","ping_status":"closed","template":"","meta":{"_acf_changed":false},"product_cat":[46],"product_tag":[],"class_list":["post-3600","product","type-product","status-publish","has-post-thumbnail","hentry","product_cat-prugikastid","product-family-look"],"acf":[],"yoast_head":"<!-- This site is optimized with the Yoast SEO plugin v24.1 - https:\/\/yoast.com\/wordpress\/plugins\/seo\/ -->\n<title>pr\u00fcgikast Look 70 - Extery<\/title>\n<meta name=\"description\" content=\"Pr\u00fcgikast Look 70 on elegantne ja diskreetne. Look seeria on loodud kaasaegset linnaruumi silmas pidades. Olles m\u00e4rkamatu, kuid muutudes soovi korral edevaks reklaampinnaks.\" \/>\n<meta name=\"robots\" content=\"index, follow, max-snippet:-1, max-image-preview:large, max-video-preview:-1\" \/>\n<link rel=\"canonical\" href=\"https:\/\/dev.codenot.studio\/extery-new\/tooted\/prugikast-look70\/\" \/>\n<meta property=\"og:locale\" content=\"et_EE\" \/>\n<meta property=\"og:type\" content=\"article\" \/>\n<meta property=\"og:title\" content=\"pr\u00fcgikast Look 70 - Extery\" \/>\n<meta property=\"og:description\" content=\"Pr\u00fcgikast Look 70 on elegantne ja diskreetne. Look seeria on loodud kaasaegset linnaruumi silmas pidades. Olles m\u00e4rkamatu, kuid muutudes soovi korral edevaks reklaampinnaks.\" \/>\n<meta property=\"og:url\" content=\"https:\/\/dev.codenot.studio\/extery-new\/tooted\/prugikast-look70\/\" \/>\n<meta property=\"og:site_name\" content=\"Extery\" \/>\n<meta property=\"article:modified_time\" content=\"2024-07-31T08:37:49+00:00\" \/>\n<meta property=\"og:image\" content=\"https:\/\/dev.codenot.studio\/extery-new\/wp-content\/uploads\/2020\/11\/Look70-E-scaled.jpg\" \/>\n\t<meta property=\"og:image:width\" content=\"2560\" \/>\n\t<meta property=\"og:image:height\" content=\"1707\" \/>\n\t<meta property=\"og:image:type\" content=\"image\/jpeg\" \/>\n<meta name=\"twitter:card\" content=\"summary_large_image\" \/>\n<meta name=\"twitter:label1\" content=\"Est. reading time\" \/>\n\t<meta name=\"twitter:data1\" content=\"1 minut\" \/>\n<script type=\"application\/ld+json\" class=\"yoast-schema-graph\">{\"@context\":\"https:\/\/schema.org\",\"@graph\":[{\"@type\":\"WebPage\",\"@id\":\"https:\/\/dev.codenot.studio\/extery-new\/tooted\/prugikast-look70\/\",\"url\":\"https:\/\/dev.codenot.studio\/extery-new\/tooted\/prugikast-look70\/\",\"name\":\"pr\u00fcgikast Look 70 - Extery\",\"isPartOf\":{\"@id\":\"https:\/\/dev.codenot.studio\/extery-new\/#website\"},\"primaryImageOfPage\":{\"@id\":\"https:\/\/dev.codenot.studio\/extery-new\/tooted\/prugikast-look70\/#primaryimage\"},\"image\":{\"@id\":\"https:\/\/dev.codenot.studio\/extery-new\/tooted\/prugikast-look70\/#primaryimage\"},\"thumbnailUrl\":\"https:\/\/dev.codenot.studio\/extery-new\/wp-content\/uploads\/2020\/11\/Look70-E-scaled.jpg\",\"datePublished\":\"2020-11-12T11:21:10+00:00\",\"dateModified\":\"2024-07-31T08:37:49+00:00\",\"description\":\"Pr\u00fcgikast Look 70 on elegantne ja diskreetne. Look seeria on loodud kaasaegset linnaruumi silmas pidades. Olles m\u00e4rkamatu, kuid muutudes soovi korral edevaks reklaampinnaks.\",\"breadcrumb\":{\"@id\":\"https:\/\/dev.codenot.studio\/extery-new\/tooted\/prugikast-look70\/#breadcrumb\"},\"inLanguage\":\"et\",\"potentialAction\":[{\"@type\":\"ReadAction\",\"target\":[\"https:\/\/dev.codenot.studio\/extery-new\/tooted\/prugikast-look70\/\"]}]},{\"@type\":\"ImageObject\",\"inLanguage\":\"et\",\"@id\":\"https:\/\/dev.codenot.studio\/extery-new\/tooted\/prugikast-look70\/#primaryimage\",\"url\":\"https:\/\/dev.codenot.studio\/extery-new\/wp-content\/uploads\/2020\/11\/Look70-E-scaled.jpg\",\"contentUrl\":\"https:\/\/dev.codenot.studio\/extery-new\/wp-content\/uploads\/2020\/11\/Look70-E-scaled.jpg\",\"width\":2560,\"height\":1707},{\"@type\":\"BreadcrumbList\",\"@id\":\"https:\/\/dev.codenot.studio\/extery-new\/tooted\/prugikast-look70\/#breadcrumb\",\"itemListElement\":[{\"@type\":\"ListItem\",\"position\":1,\"name\":\"Home\",\"item\":\"https:\/\/dev.codenot.studio\/extery-new\/\"},{\"@type\":\"ListItem\",\"position\":2,\"name\":\"Tooted\",\"item\":\"https:\/\/dev.codenot.studio\/extery-new\/tooted\/\"},{\"@type\":\"ListItem\",\"position\":3,\"name\":\"pr\u00fcgikast Look 70\"}]},{\"@type\":\"WebSite\",\"@id\":\"https:\/\/dev.codenot.studio\/extery-new\/#website\",\"url\":\"https:\/\/dev.codenot.studio\/extery-new\/\",\"name\":\"Extery\",\"description\":\"\",\"publisher\":{\"@id\":\"https:\/\/dev.codenot.studio\/extery-new\/#organization\"},\"potentialAction\":[{\"@type\":\"SearchAction\",\"target\":{\"@type\":\"EntryPoint\",\"urlTemplate\":\"https:\/\/dev.codenot.studio\/extery-new\/?s={search_term_string}\"},\"query-input\":{\"@type\":\"PropertyValueSpecification\",\"valueRequired\":true,\"valueName\":\"search_term_string\"}}],\"inLanguage\":\"et\"},{\"@type\":\"Organization\",\"@id\":\"https:\/\/dev.codenot.studio\/extery-new\/#organization\",\"name\":\"Extery\",\"url\":\"https:\/\/dev.codenot.studio\/extery-new\/\",\"logo\":{\"@type\":\"ImageObject\",\"inLanguage\":\"et\",\"@id\":\"https:\/\/dev.codenot.studio\/extery-new\/#\/schema\/logo\/image\/\",\"url\":\"https:\/\/dev.codenot.studio\/extery-new\/wp-content\/uploads\/2023\/11\/footer-logo.svg\",\"contentUrl\":\"https:\/\/dev.codenot.studio\/extery-new\/wp-content\/uploads\/2023\/11\/footer-logo.svg\",\"caption\":\"Extery\"},\"image\":{\"@id\":\"https:\/\/dev.codenot.studio\/extery-new\/#\/schema\/logo\/image\/\"}}]}<\/script>\n<!-- \/ Yoast SEO plugin. -->","yoast_head_json":{"title":"pr\u00fcgikast Look 70 - Extery","description":"Pr\u00fcgikast Look 70 on elegantne ja diskreetne. Look seeria on loodud kaasaegset linnaruumi silmas pidades. Olles m\u00e4rkamatu, kuid muutudes soovi korral edevaks reklaampinnaks.","robots":{"index":"index","follow":"follow","max-snippet":"max-snippet:-1","max-image-preview":"max-image-preview:large","max-video-preview":"max-video-preview:-1"},"canonical":"https:\/\/dev.codenot.studio\/extery-new\/tooted\/prugikast-look70\/","og_locale":"et_EE","og_type":"article","og_title":"pr\u00fcgikast Look 70 - Extery","og_description":"Pr\u00fcgikast Look 70 on elegantne ja diskreetne. Look seeria on loodud kaasaegset linnaruumi silmas pidades. Olles m\u00e4rkamatu, kuid muutudes soovi korral edevaks reklaampinnaks.","og_url":"https:\/\/dev.codenot.studio\/extery-new\/tooted\/prugikast-look70\/","og_site_name":"Extery","article_modified_time":"2024-07-31T08:37:49+00:00","og_image":[{"width":2560,"height":1707,"url":"https:\/\/dev.codenot.studio\/extery-new\/wp-content\/uploads\/2020\/11\/Look70-E-scaled.jpg","type":"image\/jpeg"}],"twitter_card":"summary_large_image","twitter_misc":{"Est. reading time":"1 minut"},"schema":{"@context":"https:\/\/schema.org","@graph":[{"@type":"WebPage","@id":"https:\/\/dev.codenot.studio\/extery-new\/tooted\/prugikast-look70\/","url":"https:\/\/dev.codenot.studio\/extery-new\/tooted\/prugikast-look70\/","name":"pr\u00fcgikast Look 70 - Extery","isPartOf":{"@id":"https:\/\/dev.codenot.studio\/extery-new\/#website"},"primaryImageOfPage":{"@id":"https:\/\/dev.codenot.studio\/extery-new\/tooted\/prugikast-look70\/#primaryimage"},"image":{"@id":"https:\/\/dev.codenot.studio\/extery-new\/tooted\/prugikast-look70\/#primaryimage"},"thumbnailUrl":"https:\/\/dev.codenot.studio\/extery-new\/wp-content\/uploads\/2020\/11\/Look70-E-scaled.jpg","datePublished":"2020-11-12T11:21:10+00:00","dateModified":"2024-07-31T08:37:49+00:00","description":"Pr\u00fcgikast Look 70 on elegantne ja diskreetne. Look seeria on loodud kaasaegset linnaruumi silmas pidades. Olles m\u00e4rkamatu, kuid muutudes soovi korral edevaks reklaampinnaks.","breadcrumb":{"@id":"https:\/\/dev.codenot.studio\/extery-new\/tooted\/prugikast-look70\/#breadcrumb"},"inLanguage":"et","potentialAction":[{"@type":"ReadAction","target":["https:\/\/dev.codenot.studio\/extery-new\/tooted\/prugikast-look70\/"]}]},{"@type":"ImageObject","inLanguage":"et","@id":"https:\/\/dev.codenot.studio\/extery-new\/tooted\/prugikast-look70\/#primaryimage","url":"https:\/\/dev.codenot.studio\/extery-new\/wp-content\/uploads\/2020\/11\/Look70-E-scaled.jpg","contentUrl":"https:\/\/dev.codenot.studio\/extery-new\/wp-content\/uploads\/2020\/11\/Look70-E-scaled.jpg","width":2560,"height":1707},{"@type":"BreadcrumbList","@id":"https:\/\/dev.codenot.studio\/extery-new\/tooted\/prugikast-look70\/#breadcrumb","itemListElement":[{"@type":"ListItem","position":1,"name":"Home","item":"https:\/\/dev.codenot.studio\/extery-new\/"},{"@type":"ListItem","position":2,"name":"Tooted","item":"https:\/\/dev.codenot.studio\/extery-new\/tooted\/"},{"@type":"ListItem","position":3,"name":"pr\u00fcgikast Look 70"}]},{"@type":"WebSite","@id":"https:\/\/dev.codenot.studio\/extery-new\/#website","url":"https:\/\/dev.codenot.studio\/extery-new\/","name":"Extery","description":"","publisher":{"@id":"https:\/\/dev.codenot.studio\/extery-new\/#organization"},"potentialAction":[{"@type":"SearchAction","target":{"@type":"EntryPoint","urlTemplate":"https:\/\/dev.codenot.studio\/extery-new\/?s={search_term_string}"},"query-input":{"@type":"PropertyValueSpecification","valueRequired":true,"valueName":"search_term_string"}}],"inLanguage":"et"},{"@type":"Organization","@id":"https:\/\/dev.codenot.studio\/extery-new\/#organization","name":"Extery","url":"https:\/\/dev.codenot.studio\/extery-new\/","logo":{"@type":"ImageObject","inLanguage":"et","@id":"https:\/\/dev.codenot.studio\/extery-new\/#\/schema\/logo\/image\/","url":"https:\/\/dev.codenot.studio\/extery-new\/wp-content\/uploads\/2023\/11\/footer-logo.svg","contentUrl":"https:\/\/dev.codenot.studio\/extery-new\/wp-content\/uploads\/2023\/11\/footer-logo.svg","caption":"Extery"},"image":{"@id":"https:\/\/dev.codenot.studio\/extery-new\/#\/schema\/logo\/image\/"}}]}},"_links":{"self":[{"href":"https:\/\/dev.codenot.studio\/extery-new\/wp-json\/wp\/v2\/product\/3600","targetHints":{"allow":["GET"]}}],"collection":[{"href":"https:\/\/dev.codenot.studio\/extery-new\/wp-json\/wp\/v2\/product"}],"about":[{"href":"https:\/\/dev.codenot.studio\/extery-new\/wp-json\/wp\/v2\/types\/product"}],"replies":[{"embeddable":true,"href":"https:\/\/dev.codenot.studio\/extery-new\/wp-json\/wp\/v2\/comments?post=3600"}],"wp:featuredmedia":[{"embeddable":true,"href":"https:\/\/dev.codenot.studio\/extery-new\/wp-json\/wp\/v2\/media\/2037"}],"wp:attachment":[{"href":"https:\/\/dev.codenot.studio\/extery-new\/wp-json\/wp\/v2\/media?parent=3600"}],"wp:term":[{"taxonomy":"product_cat","embeddable":true,"href":"https:\/\/dev.codenot.studio\/extery-new\/wp-json\/wp\/v2\/product_cat?post=3600"},{"taxonomy":"product_tag","embeddable":true,"href":"https:\/\/dev.codenot.studio\/extery-new\/wp-json\/wp\/v2\/product_tag?post=3600"}],"curies":[{"name":"wp","href":"https:\/\/api.w.org\/{rel}","templated":true}]}}