{"id":3593,"date":"2020-11-12T11:18:43","date_gmt":"2020-11-12T11:18:43","guid":{"rendered":"https:\/\/extery.com\/?post_type=product&#038;p=3593"},"modified":"2024-05-21T07:25:33","modified_gmt":"2024-05-21T07:25:33","slug":"solo-60-p60","status":"publish","type":"product","link":"https:\/\/dev.codenot.studio\/extery-new\/tooted\/solo-60-p60\/","title":{"rendered":"pr\u00fcgikast Solo 60 \/ P60"},"content":{"rendered":"<p>Pr\u00fcgikast Solo 60 on hea ja lihtne pr\u00fcgikast, mis sobib nii parki kui linnat\u00e4navale. Kaardus k\u00fcljed teevad Solo visuaalselt saledamaks hoolimata oma suurele mahutavusele. \u00dcmarad avad annavad Solole pehme ja tagasihoidliku v\u00e4limuse.<br \/>\nT\u00e4nu k\u00f5rgemale t\u00f5stetud korpusele on lumekoristus ja muu \u00fcmbruskonna hooldus lihtsustatud.<\/p>\n<p>Solo P60 on jalgadeta versioon, mis on h\u00f5lpsalt kinnitatav nii seinale kui ka postile.<\/p>\n","protected":false},"excerpt":{"rendered":"<p>Pr\u00fcgikast Solo 60 on hea ja lihtne pr\u00fcgikast, mis sobib nii parki kui linnat\u00e4navale. Kaardus k\u00fcljed teevad Solo visuaalselt saledamaks hoolimata oma suurele mahutavusele. \u00dcmarad avad annavad Solole pehme ja tagasihoidliku v\u00e4limuse. T\u00e4nu k\u00f5rgemale t\u00f5stetud korpusele on lumekoristus ja muu \u00fcmbruskonna hooldus lihtsustatud. Solo P60 on jalgadeta versioon, mis on h\u00f5lpsalt kinnitatav nii seinale kui [&hellip;]<\/p>\n","protected":false},"featured_media":2079,"comment_status":"open","ping_status":"closed","template":"","meta":{"_acf_changed":false},"product_cat":[46],"product_tag":[],"class_list":["post-3593","product","type-product","status-publish","has-post-thumbnail","hentry","product_cat-prugikastid","product-family-solo"],"acf":[],"yoast_head":"<!-- This site is optimized with the Yoast SEO plugin v24.1 - https:\/\/yoast.com\/wordpress\/plugins\/seo\/ -->\n<title>pr\u00fcgikast Solo 60 \/ P60 - Extery<\/title>\n<meta name=\"description\" content=\"Pr\u00fcgikast Solo 60 on hea ja lihtne pr\u00fcgikast, mis sobib nii parki kui linnat\u00e4navale. Kaardus k\u00fcljed teevad Solo visuaalselt saledamaks.\" \/>\n<meta name=\"robots\" content=\"index, follow, max-snippet:-1, max-image-preview:large, max-video-preview:-1\" \/>\n<link rel=\"canonical\" href=\"https:\/\/dev.codenot.studio\/extery-new\/tooted\/solo-60-p60\/\" \/>\n<meta property=\"og:locale\" content=\"et_EE\" \/>\n<meta property=\"og:type\" content=\"article\" \/>\n<meta property=\"og:title\" content=\"pr\u00fcgikast Solo 60 \/ P60 - Extery\" \/>\n<meta property=\"og:description\" content=\"Pr\u00fcgikast Solo 60 on hea ja lihtne pr\u00fcgikast, mis sobib nii parki kui linnat\u00e4navale. Kaardus k\u00fcljed teevad Solo visuaalselt saledamaks.\" \/>\n<meta property=\"og:url\" content=\"https:\/\/dev.codenot.studio\/extery-new\/tooted\/solo-60-p60\/\" \/>\n<meta property=\"og:site_name\" content=\"Extery\" \/>\n<meta property=\"article:modified_time\" content=\"2024-05-21T07:25:33+00:00\" \/>\n<meta property=\"og:image\" content=\"https:\/\/dev.codenot.studio\/extery-new\/wp-content\/uploads\/2020\/11\/Solo-60-K-hele-scaled.jpg\" \/>\n\t<meta property=\"og:image:width\" content=\"2560\" \/>\n\t<meta property=\"og:image:height\" content=\"1707\" \/>\n\t<meta property=\"og:image:type\" content=\"image\/jpeg\" \/>\n<meta name=\"twitter:card\" content=\"summary_large_image\" \/>\n<meta name=\"twitter:label1\" content=\"Est. reading time\" \/>\n\t<meta name=\"twitter:data1\" content=\"1 minut\" \/>\n<script type=\"application\/ld+json\" class=\"yoast-schema-graph\">{\"@context\":\"https:\/\/schema.org\",\"@graph\":[{\"@type\":\"WebPage\",\"@id\":\"https:\/\/dev.codenot.studio\/extery-new\/tooted\/solo-60-p60\/\",\"url\":\"https:\/\/dev.codenot.studio\/extery-new\/tooted\/solo-60-p60\/\",\"name\":\"pr\u00fcgikast Solo 60 \/ P60 - Extery\",\"isPartOf\":{\"@id\":\"https:\/\/dev.codenot.studio\/extery-new\/#website\"},\"primaryImageOfPage\":{\"@id\":\"https:\/\/dev.codenot.studio\/extery-new\/tooted\/solo-60-p60\/#primaryimage\"},\"image\":{\"@id\":\"https:\/\/dev.codenot.studio\/extery-new\/tooted\/solo-60-p60\/#primaryimage\"},\"thumbnailUrl\":\"https:\/\/dev.codenot.studio\/extery-new\/wp-content\/uploads\/2020\/11\/Solo-60-K-hele-scaled.jpg\",\"datePublished\":\"2020-11-12T11:18:43+00:00\",\"dateModified\":\"2024-05-21T07:25:33+00:00\",\"description\":\"Pr\u00fcgikast Solo 60 on hea ja lihtne pr\u00fcgikast, mis sobib nii parki kui linnat\u00e4navale. Kaardus k\u00fcljed teevad Solo visuaalselt saledamaks.\",\"breadcrumb\":{\"@id\":\"https:\/\/dev.codenot.studio\/extery-new\/tooted\/solo-60-p60\/#breadcrumb\"},\"inLanguage\":\"et\",\"potentialAction\":[{\"@type\":\"ReadAction\",\"target\":[\"https:\/\/dev.codenot.studio\/extery-new\/tooted\/solo-60-p60\/\"]}]},{\"@type\":\"ImageObject\",\"inLanguage\":\"et\",\"@id\":\"https:\/\/dev.codenot.studio\/extery-new\/tooted\/solo-60-p60\/#primaryimage\",\"url\":\"https:\/\/dev.codenot.studio\/extery-new\/wp-content\/uploads\/2020\/11\/Solo-60-K-hele-scaled.jpg\",\"contentUrl\":\"https:\/\/dev.codenot.studio\/extery-new\/wp-content\/uploads\/2020\/11\/Solo-60-K-hele-scaled.jpg\",\"width\":2560,\"height\":1707},{\"@type\":\"BreadcrumbList\",\"@id\":\"https:\/\/dev.codenot.studio\/extery-new\/tooted\/solo-60-p60\/#breadcrumb\",\"itemListElement\":[{\"@type\":\"ListItem\",\"position\":1,\"name\":\"Home\",\"item\":\"https:\/\/dev.codenot.studio\/extery-new\/\"},{\"@type\":\"ListItem\",\"position\":2,\"name\":\"Tooted\",\"item\":\"https:\/\/dev.codenot.studio\/extery-new\/tooted\/\"},{\"@type\":\"ListItem\",\"position\":3,\"name\":\"pr\u00fcgikast Solo 60 \/ P60\"}]},{\"@type\":\"WebSite\",\"@id\":\"https:\/\/dev.codenot.studio\/extery-new\/#website\",\"url\":\"https:\/\/dev.codenot.studio\/extery-new\/\",\"name\":\"Extery\",\"description\":\"\",\"publisher\":{\"@id\":\"https:\/\/dev.codenot.studio\/extery-new\/#organization\"},\"potentialAction\":[{\"@type\":\"SearchAction\",\"target\":{\"@type\":\"EntryPoint\",\"urlTemplate\":\"https:\/\/dev.codenot.studio\/extery-new\/?s={search_term_string}\"},\"query-input\":{\"@type\":\"PropertyValueSpecification\",\"valueRequired\":true,\"valueName\":\"search_term_string\"}}],\"inLanguage\":\"et\"},{\"@type\":\"Organization\",\"@id\":\"https:\/\/dev.codenot.studio\/extery-new\/#organization\",\"name\":\"Extery\",\"url\":\"https:\/\/dev.codenot.studio\/extery-new\/\",\"logo\":{\"@type\":\"ImageObject\",\"inLanguage\":\"et\",\"@id\":\"https:\/\/dev.codenot.studio\/extery-new\/#\/schema\/logo\/image\/\",\"url\":\"https:\/\/dev.codenot.studio\/extery-new\/wp-content\/uploads\/2023\/11\/footer-logo.svg\",\"contentUrl\":\"https:\/\/dev.codenot.studio\/extery-new\/wp-content\/uploads\/2023\/11\/footer-logo.svg\",\"caption\":\"Extery\"},\"image\":{\"@id\":\"https:\/\/dev.codenot.studio\/extery-new\/#\/schema\/logo\/image\/\"}}]}<\/script>\n<!-- \/ Yoast SEO plugin. -->","yoast_head_json":{"title":"pr\u00fcgikast Solo 60 \/ P60 - Extery","description":"Pr\u00fcgikast Solo 60 on hea ja lihtne pr\u00fcgikast, mis sobib nii parki kui linnat\u00e4navale. Kaardus k\u00fcljed teevad Solo visuaalselt saledamaks.","robots":{"index":"index","follow":"follow","max-snippet":"max-snippet:-1","max-image-preview":"max-image-preview:large","max-video-preview":"max-video-preview:-1"},"canonical":"https:\/\/dev.codenot.studio\/extery-new\/tooted\/solo-60-p60\/","og_locale":"et_EE","og_type":"article","og_title":"pr\u00fcgikast Solo 60 \/ P60 - Extery","og_description":"Pr\u00fcgikast Solo 60 on hea ja lihtne pr\u00fcgikast, mis sobib nii parki kui linnat\u00e4navale. Kaardus k\u00fcljed teevad Solo visuaalselt saledamaks.","og_url":"https:\/\/dev.codenot.studio\/extery-new\/tooted\/solo-60-p60\/","og_site_name":"Extery","article_modified_time":"2024-05-21T07:25:33+00:00","og_image":[{"width":2560,"height":1707,"url":"https:\/\/dev.codenot.studio\/extery-new\/wp-content\/uploads\/2020\/11\/Solo-60-K-hele-scaled.jpg","type":"image\/jpeg"}],"twitter_card":"summary_large_image","twitter_misc":{"Est. reading time":"1 minut"},"schema":{"@context":"https:\/\/schema.org","@graph":[{"@type":"WebPage","@id":"https:\/\/dev.codenot.studio\/extery-new\/tooted\/solo-60-p60\/","url":"https:\/\/dev.codenot.studio\/extery-new\/tooted\/solo-60-p60\/","name":"pr\u00fcgikast Solo 60 \/ P60 - Extery","isPartOf":{"@id":"https:\/\/dev.codenot.studio\/extery-new\/#website"},"primaryImageOfPage":{"@id":"https:\/\/dev.codenot.studio\/extery-new\/tooted\/solo-60-p60\/#primaryimage"},"image":{"@id":"https:\/\/dev.codenot.studio\/extery-new\/tooted\/solo-60-p60\/#primaryimage"},"thumbnailUrl":"https:\/\/dev.codenot.studio\/extery-new\/wp-content\/uploads\/2020\/11\/Solo-60-K-hele-scaled.jpg","datePublished":"2020-11-12T11:18:43+00:00","dateModified":"2024-05-21T07:25:33+00:00","description":"Pr\u00fcgikast Solo 60 on hea ja lihtne pr\u00fcgikast, mis sobib nii parki kui linnat\u00e4navale. Kaardus k\u00fcljed teevad Solo visuaalselt saledamaks.","breadcrumb":{"@id":"https:\/\/dev.codenot.studio\/extery-new\/tooted\/solo-60-p60\/#breadcrumb"},"inLanguage":"et","potentialAction":[{"@type":"ReadAction","target":["https:\/\/dev.codenot.studio\/extery-new\/tooted\/solo-60-p60\/"]}]},{"@type":"ImageObject","inLanguage":"et","@id":"https:\/\/dev.codenot.studio\/extery-new\/tooted\/solo-60-p60\/#primaryimage","url":"https:\/\/dev.codenot.studio\/extery-new\/wp-content\/uploads\/2020\/11\/Solo-60-K-hele-scaled.jpg","contentUrl":"https:\/\/dev.codenot.studio\/extery-new\/wp-content\/uploads\/2020\/11\/Solo-60-K-hele-scaled.jpg","width":2560,"height":1707},{"@type":"BreadcrumbList","@id":"https:\/\/dev.codenot.studio\/extery-new\/tooted\/solo-60-p60\/#breadcrumb","itemListElement":[{"@type":"ListItem","position":1,"name":"Home","item":"https:\/\/dev.codenot.studio\/extery-new\/"},{"@type":"ListItem","position":2,"name":"Tooted","item":"https:\/\/dev.codenot.studio\/extery-new\/tooted\/"},{"@type":"ListItem","position":3,"name":"pr\u00fcgikast Solo 60 \/ P60"}]},{"@type":"WebSite","@id":"https:\/\/dev.codenot.studio\/extery-new\/#website","url":"https:\/\/dev.codenot.studio\/extery-new\/","name":"Extery","description":"","publisher":{"@id":"https:\/\/dev.codenot.studio\/extery-new\/#organization"},"potentialAction":[{"@type":"SearchAction","target":{"@type":"EntryPoint","urlTemplate":"https:\/\/dev.codenot.studio\/extery-new\/?s={search_term_string}"},"query-input":{"@type":"PropertyValueSpecification","valueRequired":true,"valueName":"search_term_string"}}],"inLanguage":"et"},{"@type":"Organization","@id":"https:\/\/dev.codenot.studio\/extery-new\/#organization","name":"Extery","url":"https:\/\/dev.codenot.studio\/extery-new\/","logo":{"@type":"ImageObject","inLanguage":"et","@id":"https:\/\/dev.codenot.studio\/extery-new\/#\/schema\/logo\/image\/","url":"https:\/\/dev.codenot.studio\/extery-new\/wp-content\/uploads\/2023\/11\/footer-logo.svg","contentUrl":"https:\/\/dev.codenot.studio\/extery-new\/wp-content\/uploads\/2023\/11\/footer-logo.svg","caption":"Extery"},"image":{"@id":"https:\/\/dev.codenot.studio\/extery-new\/#\/schema\/logo\/image\/"}}]}},"_links":{"self":[{"href":"https:\/\/dev.codenot.studio\/extery-new\/wp-json\/wp\/v2\/product\/3593","targetHints":{"allow":["GET"]}}],"collection":[{"href":"https:\/\/dev.codenot.studio\/extery-new\/wp-json\/wp\/v2\/product"}],"about":[{"href":"https:\/\/dev.codenot.studio\/extery-new\/wp-json\/wp\/v2\/types\/product"}],"replies":[{"embeddable":true,"href":"https:\/\/dev.codenot.studio\/extery-new\/wp-json\/wp\/v2\/comments?post=3593"}],"wp:featuredmedia":[{"embeddable":true,"href":"https:\/\/dev.codenot.studio\/extery-new\/wp-json\/wp\/v2\/media\/2079"}],"wp:attachment":[{"href":"https:\/\/dev.codenot.studio\/extery-new\/wp-json\/wp\/v2\/media?parent=3593"}],"wp:term":[{"taxonomy":"product_cat","embeddable":true,"href":"https:\/\/dev.codenot.studio\/extery-new\/wp-json\/wp\/v2\/product_cat?post=3593"},{"taxonomy":"product_tag","embeddable":true,"href":"https:\/\/dev.codenot.studio\/extery-new\/wp-json\/wp\/v2\/product_tag?post=3593"}],"curies":[{"name":"wp","href":"https:\/\/api.w.org\/{rel}","templated":true}]}}