{"id":3572,"date":"2020-11-12T10:53:18","date_gmt":"2020-11-12T10:53:18","guid":{"rendered":"https:\/\/extery.com\/?post_type=product&#038;p=3572"},"modified":"2025-02-26T13:23:23","modified_gmt":"2025-02-26T13:23:23","slug":"modulaarne-pargipink-jada-set01","status":"publish","type":"product","link":"https:\/\/dev.codenot.studio\/extery-new\/tooted\/modulaarne-pargipink-jada-set01\/","title":{"rendered":"modulaarne pargipink JADA SET01"},"content":{"rendered":"<p>Pargipink Jada SET01 on t\u00e4hekujuline kombinatsioon kaare moodulitest ning sirgetest moodulitest. Komplekt koosneb 8-st v\u00e4ikesest kaare moodulist ning 8-st sirgest moodulist.<\/p>\n<p style=\"text-align: left;\">Jadaga on v\u00f5imalik moodustada erinevaid kooslusi l\u00e4htuvalt teie ideedele ja n\u00f5udmistele. Lisaks t\u00e4he kujundile on sirgeid ja kaare mooduleid kasutades v\u00f5imalik luua rohkelt teisi erinevaid kujundeid. Sirgetele moodulitele on v\u00f5imalus juurde lisada ka seljatugesid ja lauakesi, et komplekti mitmek\u00fclgsemaks muuta.<\/p>\n<p>Rohkem lahendusi leiad <span style=\"color: #0000ff;\"><a style=\"color: #0000ff;\" href=\"https:\/\/dev.codenot.studio\/extery-new\/tootekategooria\/moodulpingid\/\">siit<\/a><\/span> v\u00f5i PDF tootelehelt.<\/p>\n<p>Jada on Extery linnam\u00f6\u00f6bli kollektsiooni modulaarne linnam\u00f6\u00f6blis\u00fcsteem, mis v\u00f5imaldab lihtsalt luua terviklikke istumisalasid. Jadast saab tekitada l\u00f5pmatult kombinatsioone, et palistada v\u00e4ljakute \u00e4\u00e4ri, \u00e4\u00e4ristada looklevaid jalgteid v\u00f5i t\u00e4ita plats \u00fcllatavate kujunditega. Seljatugesid on v\u00f5imalik paigutada nii k\u00f5rvuti kui ka vastakuti, luues lamamiskohti v\u00f5i eraldatust. Laudu saab pikkida \u00f5dusalt privaatsetesse istumispaikadesse v\u00f5i kombineerida laudadega m\u00f5nusaid sotsiaalsust \u00f5hutavaid kooslusi.<\/p>\n<p>&nbsp;<\/p>\n","protected":false},"excerpt":{"rendered":"<p>Pargipink Jada SET01 on t\u00e4hekujuline kombinatsioon kaare moodulitest ning sirgetest moodulitest. Komplekt koosneb 8-st v\u00e4ikesest kaare moodulist ning 8-st sirgest moodulist. Jadaga on v\u00f5imalik moodustada erinevaid kooslusi l\u00e4htuvalt teie ideedele ja n\u00f5udmistele. Lisaks t\u00e4he kujundile on sirgeid ja kaare mooduleid kasutades v\u00f5imalik luua rohkelt teisi erinevaid kujundeid. Sirgetele moodulitele on v\u00f5imalus juurde lisada ka seljatugesid [&hellip;]<\/p>\n","protected":false},"featured_media":11028,"comment_status":"open","ping_status":"closed","template":"","meta":{"_acf_changed":false},"product_cat":[31,34],"product_tag":[346],"class_list":["post-3572","product","type-product","status-publish","has-post-thumbnail","hentry","product_cat-seljatoeta-pargipingid","product_cat-moodulpingid","product_tag-uus","product-family-jada"],"acf":[],"yoast_head":"<!-- This site is optimized with the Yoast SEO plugin v24.1 - https:\/\/yoast.com\/wordpress\/plugins\/seo\/ -->\n<title>modulaarne pargipink JADA SET01 - Extery modulaarne linnam\u00f6\u00f6bli komplekt<\/title>\n<meta name=\"description\" content=\"Jada on modulaarne linnam\u00f6\u00f6blis\u00fcsteem, mis v\u00f5imaldab lihtsalt luua terviklikke istumisalasid. Jadast saab tekitada l\u00f5pmatult kombinatsioone.\" \/>\n<meta name=\"robots\" content=\"index, follow, max-snippet:-1, max-image-preview:large, max-video-preview:-1\" \/>\n<link rel=\"canonical\" href=\"https:\/\/dev.codenot.studio\/extery-new\/tooted\/modulaarne-pargipink-jada-set01\/\" \/>\n<meta property=\"og:locale\" content=\"et_EE\" \/>\n<meta property=\"og:type\" content=\"article\" \/>\n<meta property=\"og:title\" content=\"modulaarne pargipink JADA SET01 - Extery modulaarne linnam\u00f6\u00f6bli komplekt\" \/>\n<meta property=\"og:description\" content=\"Jada on modulaarne linnam\u00f6\u00f6blis\u00fcsteem, mis v\u00f5imaldab lihtsalt luua terviklikke istumisalasid. Jadast saab tekitada l\u00f5pmatult kombinatsioone.\" \/>\n<meta property=\"og:url\" content=\"https:\/\/dev.codenot.studio\/extery-new\/tooted\/modulaarne-pargipink-jada-set01\/\" \/>\n<meta property=\"og:site_name\" content=\"Extery\" \/>\n<meta property=\"article:modified_time\" content=\"2025-02-26T13:23:23+00:00\" \/>\n<meta property=\"og:image\" content=\"https:\/\/dev.codenot.studio\/extery-new\/wp-content\/uploads\/2021\/01\/modulaarne-pargipink-Jada-taht-modular-park-bench-jada-star-2.jpg\" \/>\n\t<meta property=\"og:image:width\" content=\"2255\" \/>\n\t<meta property=\"og:image:height\" content=\"1560\" \/>\n\t<meta property=\"og:image:type\" content=\"image\/jpeg\" \/>\n<meta name=\"twitter:card\" content=\"summary_large_image\" \/>\n<meta name=\"twitter:label1\" content=\"Est. reading time\" \/>\n\t<meta name=\"twitter:data1\" content=\"1 minut\" \/>\n<script type=\"application\/ld+json\" class=\"yoast-schema-graph\">{\"@context\":\"https:\/\/schema.org\",\"@graph\":[{\"@type\":\"WebPage\",\"@id\":\"https:\/\/dev.codenot.studio\/extery-new\/tooted\/modulaarne-pargipink-jada-set01\/\",\"url\":\"https:\/\/dev.codenot.studio\/extery-new\/tooted\/modulaarne-pargipink-jada-set01\/\",\"name\":\"modulaarne pargipink JADA SET01 - Extery modulaarne linnam\u00f6\u00f6bli komplekt\",\"isPartOf\":{\"@id\":\"https:\/\/dev.codenot.studio\/extery-new\/#website\"},\"primaryImageOfPage\":{\"@id\":\"https:\/\/dev.codenot.studio\/extery-new\/tooted\/modulaarne-pargipink-jada-set01\/#primaryimage\"},\"image\":{\"@id\":\"https:\/\/dev.codenot.studio\/extery-new\/tooted\/modulaarne-pargipink-jada-set01\/#primaryimage\"},\"thumbnailUrl\":\"https:\/\/dev.codenot.studio\/extery-new\/wp-content\/uploads\/2021\/01\/modulaarne-pargipink-Jada-taht-modular-park-bench-jada-star-2.jpg\",\"datePublished\":\"2020-11-12T10:53:18+00:00\",\"dateModified\":\"2025-02-26T13:23:23+00:00\",\"description\":\"Jada on modulaarne linnam\u00f6\u00f6blis\u00fcsteem, mis v\u00f5imaldab lihtsalt luua terviklikke istumisalasid. Jadast saab tekitada l\u00f5pmatult kombinatsioone.\",\"breadcrumb\":{\"@id\":\"https:\/\/dev.codenot.studio\/extery-new\/tooted\/modulaarne-pargipink-jada-set01\/#breadcrumb\"},\"inLanguage\":\"et\",\"potentialAction\":[{\"@type\":\"ReadAction\",\"target\":[\"https:\/\/dev.codenot.studio\/extery-new\/tooted\/modulaarne-pargipink-jada-set01\/\"]}]},{\"@type\":\"ImageObject\",\"inLanguage\":\"et\",\"@id\":\"https:\/\/dev.codenot.studio\/extery-new\/tooted\/modulaarne-pargipink-jada-set01\/#primaryimage\",\"url\":\"https:\/\/dev.codenot.studio\/extery-new\/wp-content\/uploads\/2021\/01\/modulaarne-pargipink-Jada-taht-modular-park-bench-jada-star-2.jpg\",\"contentUrl\":\"https:\/\/dev.codenot.studio\/extery-new\/wp-content\/uploads\/2021\/01\/modulaarne-pargipink-Jada-taht-modular-park-bench-jada-star-2.jpg\",\"width\":2255,\"height\":1560},{\"@type\":\"BreadcrumbList\",\"@id\":\"https:\/\/dev.codenot.studio\/extery-new\/tooted\/modulaarne-pargipink-jada-set01\/#breadcrumb\",\"itemListElement\":[{\"@type\":\"ListItem\",\"position\":1,\"name\":\"Home\",\"item\":\"https:\/\/dev.codenot.studio\/extery-new\/\"},{\"@type\":\"ListItem\",\"position\":2,\"name\":\"Tooted\",\"item\":\"https:\/\/dev.codenot.studio\/extery-new\/tooted\/\"},{\"@type\":\"ListItem\",\"position\":3,\"name\":\"modulaarne pargipink JADA SET01\"}]},{\"@type\":\"WebSite\",\"@id\":\"https:\/\/dev.codenot.studio\/extery-new\/#website\",\"url\":\"https:\/\/dev.codenot.studio\/extery-new\/\",\"name\":\"Extery\",\"description\":\"\",\"publisher\":{\"@id\":\"https:\/\/dev.codenot.studio\/extery-new\/#organization\"},\"potentialAction\":[{\"@type\":\"SearchAction\",\"target\":{\"@type\":\"EntryPoint\",\"urlTemplate\":\"https:\/\/dev.codenot.studio\/extery-new\/?s={search_term_string}\"},\"query-input\":{\"@type\":\"PropertyValueSpecification\",\"valueRequired\":true,\"valueName\":\"search_term_string\"}}],\"inLanguage\":\"et\"},{\"@type\":\"Organization\",\"@id\":\"https:\/\/dev.codenot.studio\/extery-new\/#organization\",\"name\":\"Extery\",\"url\":\"https:\/\/dev.codenot.studio\/extery-new\/\",\"logo\":{\"@type\":\"ImageObject\",\"inLanguage\":\"et\",\"@id\":\"https:\/\/dev.codenot.studio\/extery-new\/#\/schema\/logo\/image\/\",\"url\":\"https:\/\/dev.codenot.studio\/extery-new\/wp-content\/uploads\/2023\/11\/footer-logo.svg\",\"contentUrl\":\"https:\/\/dev.codenot.studio\/extery-new\/wp-content\/uploads\/2023\/11\/footer-logo.svg\",\"caption\":\"Extery\"},\"image\":{\"@id\":\"https:\/\/dev.codenot.studio\/extery-new\/#\/schema\/logo\/image\/\"}}]}<\/script>\n<!-- \/ Yoast SEO plugin. -->","yoast_head_json":{"title":"modulaarne pargipink JADA SET01 - Extery modulaarne linnam\u00f6\u00f6bli komplekt","description":"Jada on modulaarne linnam\u00f6\u00f6blis\u00fcsteem, mis v\u00f5imaldab lihtsalt luua terviklikke istumisalasid. Jadast saab tekitada l\u00f5pmatult kombinatsioone.","robots":{"index":"index","follow":"follow","max-snippet":"max-snippet:-1","max-image-preview":"max-image-preview:large","max-video-preview":"max-video-preview:-1"},"canonical":"https:\/\/dev.codenot.studio\/extery-new\/tooted\/modulaarne-pargipink-jada-set01\/","og_locale":"et_EE","og_type":"article","og_title":"modulaarne pargipink JADA SET01 - Extery modulaarne linnam\u00f6\u00f6bli komplekt","og_description":"Jada on modulaarne linnam\u00f6\u00f6blis\u00fcsteem, mis v\u00f5imaldab lihtsalt luua terviklikke istumisalasid. Jadast saab tekitada l\u00f5pmatult kombinatsioone.","og_url":"https:\/\/dev.codenot.studio\/extery-new\/tooted\/modulaarne-pargipink-jada-set01\/","og_site_name":"Extery","article_modified_time":"2025-02-26T13:23:23+00:00","og_image":[{"width":2255,"height":1560,"url":"https:\/\/dev.codenot.studio\/extery-new\/wp-content\/uploads\/2021\/01\/modulaarne-pargipink-Jada-taht-modular-park-bench-jada-star-2.jpg","type":"image\/jpeg"}],"twitter_card":"summary_large_image","twitter_misc":{"Est. reading time":"1 minut"},"schema":{"@context":"https:\/\/schema.org","@graph":[{"@type":"WebPage","@id":"https:\/\/dev.codenot.studio\/extery-new\/tooted\/modulaarne-pargipink-jada-set01\/","url":"https:\/\/dev.codenot.studio\/extery-new\/tooted\/modulaarne-pargipink-jada-set01\/","name":"modulaarne pargipink JADA SET01 - Extery modulaarne linnam\u00f6\u00f6bli komplekt","isPartOf":{"@id":"https:\/\/dev.codenot.studio\/extery-new\/#website"},"primaryImageOfPage":{"@id":"https:\/\/dev.codenot.studio\/extery-new\/tooted\/modulaarne-pargipink-jada-set01\/#primaryimage"},"image":{"@id":"https:\/\/dev.codenot.studio\/extery-new\/tooted\/modulaarne-pargipink-jada-set01\/#primaryimage"},"thumbnailUrl":"https:\/\/dev.codenot.studio\/extery-new\/wp-content\/uploads\/2021\/01\/modulaarne-pargipink-Jada-taht-modular-park-bench-jada-star-2.jpg","datePublished":"2020-11-12T10:53:18+00:00","dateModified":"2025-02-26T13:23:23+00:00","description":"Jada on modulaarne linnam\u00f6\u00f6blis\u00fcsteem, mis v\u00f5imaldab lihtsalt luua terviklikke istumisalasid. Jadast saab tekitada l\u00f5pmatult kombinatsioone.","breadcrumb":{"@id":"https:\/\/dev.codenot.studio\/extery-new\/tooted\/modulaarne-pargipink-jada-set01\/#breadcrumb"},"inLanguage":"et","potentialAction":[{"@type":"ReadAction","target":["https:\/\/dev.codenot.studio\/extery-new\/tooted\/modulaarne-pargipink-jada-set01\/"]}]},{"@type":"ImageObject","inLanguage":"et","@id":"https:\/\/dev.codenot.studio\/extery-new\/tooted\/modulaarne-pargipink-jada-set01\/#primaryimage","url":"https:\/\/dev.codenot.studio\/extery-new\/wp-content\/uploads\/2021\/01\/modulaarne-pargipink-Jada-taht-modular-park-bench-jada-star-2.jpg","contentUrl":"https:\/\/dev.codenot.studio\/extery-new\/wp-content\/uploads\/2021\/01\/modulaarne-pargipink-Jada-taht-modular-park-bench-jada-star-2.jpg","width":2255,"height":1560},{"@type":"BreadcrumbList","@id":"https:\/\/dev.codenot.studio\/extery-new\/tooted\/modulaarne-pargipink-jada-set01\/#breadcrumb","itemListElement":[{"@type":"ListItem","position":1,"name":"Home","item":"https:\/\/dev.codenot.studio\/extery-new\/"},{"@type":"ListItem","position":2,"name":"Tooted","item":"https:\/\/dev.codenot.studio\/extery-new\/tooted\/"},{"@type":"ListItem","position":3,"name":"modulaarne pargipink JADA SET01"}]},{"@type":"WebSite","@id":"https:\/\/dev.codenot.studio\/extery-new\/#website","url":"https:\/\/dev.codenot.studio\/extery-new\/","name":"Extery","description":"","publisher":{"@id":"https:\/\/dev.codenot.studio\/extery-new\/#organization"},"potentialAction":[{"@type":"SearchAction","target":{"@type":"EntryPoint","urlTemplate":"https:\/\/dev.codenot.studio\/extery-new\/?s={search_term_string}"},"query-input":{"@type":"PropertyValueSpecification","valueRequired":true,"valueName":"search_term_string"}}],"inLanguage":"et"},{"@type":"Organization","@id":"https:\/\/dev.codenot.studio\/extery-new\/#organization","name":"Extery","url":"https:\/\/dev.codenot.studio\/extery-new\/","logo":{"@type":"ImageObject","inLanguage":"et","@id":"https:\/\/dev.codenot.studio\/extery-new\/#\/schema\/logo\/image\/","url":"https:\/\/dev.codenot.studio\/extery-new\/wp-content\/uploads\/2023\/11\/footer-logo.svg","contentUrl":"https:\/\/dev.codenot.studio\/extery-new\/wp-content\/uploads\/2023\/11\/footer-logo.svg","caption":"Extery"},"image":{"@id":"https:\/\/dev.codenot.studio\/extery-new\/#\/schema\/logo\/image\/"}}]}},"_links":{"self":[{"href":"https:\/\/dev.codenot.studio\/extery-new\/wp-json\/wp\/v2\/product\/3572","targetHints":{"allow":["GET"]}}],"collection":[{"href":"https:\/\/dev.codenot.studio\/extery-new\/wp-json\/wp\/v2\/product"}],"about":[{"href":"https:\/\/dev.codenot.studio\/extery-new\/wp-json\/wp\/v2\/types\/product"}],"replies":[{"embeddable":true,"href":"https:\/\/dev.codenot.studio\/extery-new\/wp-json\/wp\/v2\/comments?post=3572"}],"wp:featuredmedia":[{"embeddable":true,"href":"https:\/\/dev.codenot.studio\/extery-new\/wp-json\/wp\/v2\/media\/11028"}],"wp:attachment":[{"href":"https:\/\/dev.codenot.studio\/extery-new\/wp-json\/wp\/v2\/media?parent=3572"}],"wp:term":[{"taxonomy":"product_cat","embeddable":true,"href":"https:\/\/dev.codenot.studio\/extery-new\/wp-json\/wp\/v2\/product_cat?post=3572"},{"taxonomy":"product_tag","embeddable":true,"href":"https:\/\/dev.codenot.studio\/extery-new\/wp-json\/wp\/v2\/product_tag?post=3572"}],"curies":[{"name":"wp","href":"https:\/\/api.w.org\/{rel}","templated":true}]}}