{"id":3565,"date":"2020-11-12T10:49:39","date_gmt":"2020-11-12T10:49:39","guid":{"rendered":"https:\/\/extery.com\/?post_type=product&#038;p=3565"},"modified":"2024-01-31T18:21:20","modified_gmt":"2024-01-31T18:21:20","slug":"nippon-ebe-duo","status":"publish","type":"product","link":"https:\/\/dev.codenot.studio\/extery-new\/tooted\/nippon-ebe-duo\/","title":{"rendered":"pargipink Nippon Ebe Duo"},"content":{"rendered":"<p>Pargipink Nippon Ebe on lihtne pink oma selges t\u00e4iuses \u2013 \u00fchtaegu eksklusiivselt esinduslik ja korrektselt tagasihoidlik, \u00fchtaegu massiivne ja \u00f5huliselt h\u00f5ljuv, \u00fchtaegu haakuv nii modernse arhitektuuri kui ajaloolise ruumiga, \u00fchtaegu sobiv nii v\u00e4iksele v\u00e4ljakule kui avarasse fuajeesse.<br \/>\nPuhas lihtsus ja t\u00e4iuslikkus, on omadused, mis muudavad Nippon Ebe niiv\u00f5rd mitmekesiseks.<\/p>\n","protected":false},"excerpt":{"rendered":"<p>Pargipink Nippon Ebe on lihtne pink oma selges t\u00e4iuses \u2013 \u00fchtaegu eksklusiivselt esinduslik ja korrektselt tagasihoidlik, \u00fchtaegu massiivne ja \u00f5huliselt h\u00f5ljuv, \u00fchtaegu haakuv nii modernse arhitektuuri kui ajaloolise ruumiga, \u00fchtaegu sobiv nii v\u00e4iksele v\u00e4ljakule kui avarasse fuajeesse. Puhas lihtsus ja t\u00e4iuslikkus, on omadused, mis muudavad Nippon Ebe niiv\u00f5rd mitmekesiseks.<\/p>\n","protected":false},"featured_media":773,"comment_status":"open","ping_status":"closed","template":"","meta":{"_acf_changed":false},"product_cat":[30],"product_tag":[],"class_list":["post-3565","product","type-product","status-publish","has-post-thumbnail","hentry","product_cat-seljatoega-pargipingid","product-family-nippon-ebe"],"acf":[],"yoast_head":"<!-- This site is optimized with the Yoast SEO plugin v24.1 - https:\/\/yoast.com\/wordpress\/plugins\/seo\/ -->\n<title>pargipink Nippon Ebe Duo - Extery linnam\u00f6\u00f6bli kollektsiooni pargipink<\/title>\n<meta name=\"description\" content=\"Pargipink Nippon Ebe on lihtne pink oma selges t\u00e4iuses. Eksklusiivselt esinduslik ja korrektselt tagasihoidlik. Linnam\u00f6\u00f6blel- pargipingid ja pr\u00fcgikastid.\" \/>\n<meta name=\"robots\" content=\"index, follow, max-snippet:-1, max-image-preview:large, max-video-preview:-1\" \/>\n<link rel=\"canonical\" href=\"https:\/\/dev.codenot.studio\/extery-new\/tooted\/nippon-ebe-duo\/\" \/>\n<meta property=\"og:locale\" content=\"et_EE\" \/>\n<meta property=\"og:type\" content=\"article\" \/>\n<meta property=\"og:title\" content=\"pargipink Nippon Ebe Duo - Extery linnam\u00f6\u00f6bli kollektsiooni pargipink\" \/>\n<meta property=\"og:description\" content=\"Pargipink Nippon Ebe on lihtne pink oma selges t\u00e4iuses. Eksklusiivselt esinduslik ja korrektselt tagasihoidlik. Linnam\u00f6\u00f6blel- pargipingid ja pr\u00fcgikastid.\" \/>\n<meta property=\"og:url\" content=\"https:\/\/dev.codenot.studio\/extery-new\/tooted\/nippon-ebe-duo\/\" \/>\n<meta property=\"og:site_name\" content=\"Extery\" \/>\n<meta property=\"article:modified_time\" content=\"2024-01-31T18:21:20+00:00\" \/>\n<meta property=\"og:image\" content=\"https:\/\/dev.codenot.studio\/extery-new\/wp-content\/uploads\/2020\/11\/NIppon-Ebe-Duo-S-E-scaled.jpg\" \/>\n\t<meta property=\"og:image:width\" content=\"2560\" \/>\n\t<meta property=\"og:image:height\" content=\"1707\" \/>\n\t<meta property=\"og:image:type\" content=\"image\/jpeg\" \/>\n<meta name=\"twitter:card\" content=\"summary_large_image\" \/>\n<meta name=\"twitter:label1\" content=\"Est. reading time\" \/>\n\t<meta name=\"twitter:data1\" content=\"1 minut\" \/>\n<script type=\"application\/ld+json\" class=\"yoast-schema-graph\">{\"@context\":\"https:\/\/schema.org\",\"@graph\":[{\"@type\":\"WebPage\",\"@id\":\"https:\/\/dev.codenot.studio\/extery-new\/tooted\/nippon-ebe-duo\/\",\"url\":\"https:\/\/dev.codenot.studio\/extery-new\/tooted\/nippon-ebe-duo\/\",\"name\":\"pargipink Nippon Ebe Duo - Extery linnam\u00f6\u00f6bli kollektsiooni pargipink\",\"isPartOf\":{\"@id\":\"https:\/\/dev.codenot.studio\/extery-new\/#website\"},\"primaryImageOfPage\":{\"@id\":\"https:\/\/dev.codenot.studio\/extery-new\/tooted\/nippon-ebe-duo\/#primaryimage\"},\"image\":{\"@id\":\"https:\/\/dev.codenot.studio\/extery-new\/tooted\/nippon-ebe-duo\/#primaryimage\"},\"thumbnailUrl\":\"https:\/\/dev.codenot.studio\/extery-new\/wp-content\/uploads\/2020\/11\/NIppon-Ebe-Duo-S-E-scaled.jpg\",\"datePublished\":\"2020-11-12T10:49:39+00:00\",\"dateModified\":\"2024-01-31T18:21:20+00:00\",\"description\":\"Pargipink Nippon Ebe on lihtne pink oma selges t\u00e4iuses. Eksklusiivselt esinduslik ja korrektselt tagasihoidlik. Linnam\u00f6\u00f6blel- pargipingid ja pr\u00fcgikastid.\",\"breadcrumb\":{\"@id\":\"https:\/\/dev.codenot.studio\/extery-new\/tooted\/nippon-ebe-duo\/#breadcrumb\"},\"inLanguage\":\"et\",\"potentialAction\":[{\"@type\":\"ReadAction\",\"target\":[\"https:\/\/dev.codenot.studio\/extery-new\/tooted\/nippon-ebe-duo\/\"]}]},{\"@type\":\"ImageObject\",\"inLanguage\":\"et\",\"@id\":\"https:\/\/dev.codenot.studio\/extery-new\/tooted\/nippon-ebe-duo\/#primaryimage\",\"url\":\"https:\/\/dev.codenot.studio\/extery-new\/wp-content\/uploads\/2020\/11\/NIppon-Ebe-Duo-S-E-scaled.jpg\",\"contentUrl\":\"https:\/\/dev.codenot.studio\/extery-new\/wp-content\/uploads\/2020\/11\/NIppon-Ebe-Duo-S-E-scaled.jpg\",\"width\":2560,\"height\":1707},{\"@type\":\"BreadcrumbList\",\"@id\":\"https:\/\/dev.codenot.studio\/extery-new\/tooted\/nippon-ebe-duo\/#breadcrumb\",\"itemListElement\":[{\"@type\":\"ListItem\",\"position\":1,\"name\":\"Home\",\"item\":\"https:\/\/dev.codenot.studio\/extery-new\/\"},{\"@type\":\"ListItem\",\"position\":2,\"name\":\"Tooted\",\"item\":\"https:\/\/dev.codenot.studio\/extery-new\/tooted\/\"},{\"@type\":\"ListItem\",\"position\":3,\"name\":\"pargipink Nippon Ebe Duo\"}]},{\"@type\":\"WebSite\",\"@id\":\"https:\/\/dev.codenot.studio\/extery-new\/#website\",\"url\":\"https:\/\/dev.codenot.studio\/extery-new\/\",\"name\":\"Extery\",\"description\":\"\",\"publisher\":{\"@id\":\"https:\/\/dev.codenot.studio\/extery-new\/#organization\"},\"potentialAction\":[{\"@type\":\"SearchAction\",\"target\":{\"@type\":\"EntryPoint\",\"urlTemplate\":\"https:\/\/dev.codenot.studio\/extery-new\/?s={search_term_string}\"},\"query-input\":{\"@type\":\"PropertyValueSpecification\",\"valueRequired\":true,\"valueName\":\"search_term_string\"}}],\"inLanguage\":\"et\"},{\"@type\":\"Organization\",\"@id\":\"https:\/\/dev.codenot.studio\/extery-new\/#organization\",\"name\":\"Extery\",\"url\":\"https:\/\/dev.codenot.studio\/extery-new\/\",\"logo\":{\"@type\":\"ImageObject\",\"inLanguage\":\"et\",\"@id\":\"https:\/\/dev.codenot.studio\/extery-new\/#\/schema\/logo\/image\/\",\"url\":\"https:\/\/dev.codenot.studio\/extery-new\/wp-content\/uploads\/2023\/11\/footer-logo.svg\",\"contentUrl\":\"https:\/\/dev.codenot.studio\/extery-new\/wp-content\/uploads\/2023\/11\/footer-logo.svg\",\"caption\":\"Extery\"},\"image\":{\"@id\":\"https:\/\/dev.codenot.studio\/extery-new\/#\/schema\/logo\/image\/\"}}]}<\/script>\n<!-- \/ Yoast SEO plugin. -->","yoast_head_json":{"title":"pargipink Nippon Ebe Duo - Extery linnam\u00f6\u00f6bli kollektsiooni pargipink","description":"Pargipink Nippon Ebe on lihtne pink oma selges t\u00e4iuses. Eksklusiivselt esinduslik ja korrektselt tagasihoidlik. Linnam\u00f6\u00f6blel- pargipingid ja pr\u00fcgikastid.","robots":{"index":"index","follow":"follow","max-snippet":"max-snippet:-1","max-image-preview":"max-image-preview:large","max-video-preview":"max-video-preview:-1"},"canonical":"https:\/\/dev.codenot.studio\/extery-new\/tooted\/nippon-ebe-duo\/","og_locale":"et_EE","og_type":"article","og_title":"pargipink Nippon Ebe Duo - Extery linnam\u00f6\u00f6bli kollektsiooni pargipink","og_description":"Pargipink Nippon Ebe on lihtne pink oma selges t\u00e4iuses. Eksklusiivselt esinduslik ja korrektselt tagasihoidlik. Linnam\u00f6\u00f6blel- pargipingid ja pr\u00fcgikastid.","og_url":"https:\/\/dev.codenot.studio\/extery-new\/tooted\/nippon-ebe-duo\/","og_site_name":"Extery","article_modified_time":"2024-01-31T18:21:20+00:00","og_image":[{"width":2560,"height":1707,"url":"https:\/\/dev.codenot.studio\/extery-new\/wp-content\/uploads\/2020\/11\/NIppon-Ebe-Duo-S-E-scaled.jpg","type":"image\/jpeg"}],"twitter_card":"summary_large_image","twitter_misc":{"Est. reading time":"1 minut"},"schema":{"@context":"https:\/\/schema.org","@graph":[{"@type":"WebPage","@id":"https:\/\/dev.codenot.studio\/extery-new\/tooted\/nippon-ebe-duo\/","url":"https:\/\/dev.codenot.studio\/extery-new\/tooted\/nippon-ebe-duo\/","name":"pargipink Nippon Ebe Duo - Extery linnam\u00f6\u00f6bli kollektsiooni pargipink","isPartOf":{"@id":"https:\/\/dev.codenot.studio\/extery-new\/#website"},"primaryImageOfPage":{"@id":"https:\/\/dev.codenot.studio\/extery-new\/tooted\/nippon-ebe-duo\/#primaryimage"},"image":{"@id":"https:\/\/dev.codenot.studio\/extery-new\/tooted\/nippon-ebe-duo\/#primaryimage"},"thumbnailUrl":"https:\/\/dev.codenot.studio\/extery-new\/wp-content\/uploads\/2020\/11\/NIppon-Ebe-Duo-S-E-scaled.jpg","datePublished":"2020-11-12T10:49:39+00:00","dateModified":"2024-01-31T18:21:20+00:00","description":"Pargipink Nippon Ebe on lihtne pink oma selges t\u00e4iuses. Eksklusiivselt esinduslik ja korrektselt tagasihoidlik. Linnam\u00f6\u00f6blel- pargipingid ja pr\u00fcgikastid.","breadcrumb":{"@id":"https:\/\/dev.codenot.studio\/extery-new\/tooted\/nippon-ebe-duo\/#breadcrumb"},"inLanguage":"et","potentialAction":[{"@type":"ReadAction","target":["https:\/\/dev.codenot.studio\/extery-new\/tooted\/nippon-ebe-duo\/"]}]},{"@type":"ImageObject","inLanguage":"et","@id":"https:\/\/dev.codenot.studio\/extery-new\/tooted\/nippon-ebe-duo\/#primaryimage","url":"https:\/\/dev.codenot.studio\/extery-new\/wp-content\/uploads\/2020\/11\/NIppon-Ebe-Duo-S-E-scaled.jpg","contentUrl":"https:\/\/dev.codenot.studio\/extery-new\/wp-content\/uploads\/2020\/11\/NIppon-Ebe-Duo-S-E-scaled.jpg","width":2560,"height":1707},{"@type":"BreadcrumbList","@id":"https:\/\/dev.codenot.studio\/extery-new\/tooted\/nippon-ebe-duo\/#breadcrumb","itemListElement":[{"@type":"ListItem","position":1,"name":"Home","item":"https:\/\/dev.codenot.studio\/extery-new\/"},{"@type":"ListItem","position":2,"name":"Tooted","item":"https:\/\/dev.codenot.studio\/extery-new\/tooted\/"},{"@type":"ListItem","position":3,"name":"pargipink Nippon Ebe Duo"}]},{"@type":"WebSite","@id":"https:\/\/dev.codenot.studio\/extery-new\/#website","url":"https:\/\/dev.codenot.studio\/extery-new\/","name":"Extery","description":"","publisher":{"@id":"https:\/\/dev.codenot.studio\/extery-new\/#organization"},"potentialAction":[{"@type":"SearchAction","target":{"@type":"EntryPoint","urlTemplate":"https:\/\/dev.codenot.studio\/extery-new\/?s={search_term_string}"},"query-input":{"@type":"PropertyValueSpecification","valueRequired":true,"valueName":"search_term_string"}}],"inLanguage":"et"},{"@type":"Organization","@id":"https:\/\/dev.codenot.studio\/extery-new\/#organization","name":"Extery","url":"https:\/\/dev.codenot.studio\/extery-new\/","logo":{"@type":"ImageObject","inLanguage":"et","@id":"https:\/\/dev.codenot.studio\/extery-new\/#\/schema\/logo\/image\/","url":"https:\/\/dev.codenot.studio\/extery-new\/wp-content\/uploads\/2023\/11\/footer-logo.svg","contentUrl":"https:\/\/dev.codenot.studio\/extery-new\/wp-content\/uploads\/2023\/11\/footer-logo.svg","caption":"Extery"},"image":{"@id":"https:\/\/dev.codenot.studio\/extery-new\/#\/schema\/logo\/image\/"}}]}},"_links":{"self":[{"href":"https:\/\/dev.codenot.studio\/extery-new\/wp-json\/wp\/v2\/product\/3565","targetHints":{"allow":["GET"]}}],"collection":[{"href":"https:\/\/dev.codenot.studio\/extery-new\/wp-json\/wp\/v2\/product"}],"about":[{"href":"https:\/\/dev.codenot.studio\/extery-new\/wp-json\/wp\/v2\/types\/product"}],"replies":[{"embeddable":true,"href":"https:\/\/dev.codenot.studio\/extery-new\/wp-json\/wp\/v2\/comments?post=3565"}],"wp:featuredmedia":[{"embeddable":true,"href":"https:\/\/dev.codenot.studio\/extery-new\/wp-json\/wp\/v2\/media\/773"}],"wp:attachment":[{"href":"https:\/\/dev.codenot.studio\/extery-new\/wp-json\/wp\/v2\/media?parent=3565"}],"wp:term":[{"taxonomy":"product_cat","embeddable":true,"href":"https:\/\/dev.codenot.studio\/extery-new\/wp-json\/wp\/v2\/product_cat?post=3565"},{"taxonomy":"product_tag","embeddable":true,"href":"https:\/\/dev.codenot.studio\/extery-new\/wp-json\/wp\/v2\/product_tag?post=3565"}],"curies":[{"name":"wp","href":"https:\/\/api.w.org\/{rel}","templated":true}]}}