{"id":3543,"date":"2020-11-12T10:11:19","date_gmt":"2020-11-12T10:11:19","guid":{"rendered":"https:\/\/extery.com\/?post_type=product&#038;p=3543"},"modified":"2024-01-31T18:26:14","modified_gmt":"2024-01-31T18:26:14","slug":"nippon-duo-pargipink","status":"publish","type":"product","link":"https:\/\/dev.codenot.studio\/extery-new\/tooted\/nippon-duo-pargipink\/","title":{"rendered":"pargipink Nippon Duo"},"content":{"rendered":"<p>Pargipink Nippon Duo on arhitektuurselt selgete mahtudega lihtne pink, mis seisab kahe jalaga maa peal nagu rahu ise. Oma tagasihoidlikkusega sobib erinevatesse linnakeskkondadesse, m\u00f5judes modernses kontekstis tasakaalukalt ning pretensioonikamal taustal diskreetselt, pea n\u00e4htamatult. Paigutades pingid korduvalt platsi serva v\u00f5i pikalt m\u00f6\u00f6da mere\u00e4\u00e4rset promenaadi kulgevalt, v\u00f5imendub Nippon pingi lihtsuse v\u00f5lu veelgi enam.<\/p>\n","protected":false},"excerpt":{"rendered":"<p>Pargipink Nippon Duo on arhitektuurselt selgete mahtudega lihtne pink, mis seisab kahe jalaga maa peal nagu rahu ise. Oma tagasihoidlikkusega sobib erinevatesse linnakeskkondadesse, m\u00f5judes modernses kontekstis tasakaalukalt ning pretensioonikamal taustal diskreetselt, pea n\u00e4htamatult. Paigutades pingid korduvalt platsi serva v\u00f5i pikalt m\u00f6\u00f6da mere\u00e4\u00e4rset promenaadi kulgevalt, v\u00f5imendub Nippon pingi lihtsuse v\u00f5lu veelgi enam.<\/p>\n","protected":false},"featured_media":10391,"comment_status":"open","ping_status":"closed","template":"","meta":{"_acf_changed":false},"product_cat":[30],"product_tag":[],"class_list":["post-3543","product","type-product","status-publish","has-post-thumbnail","hentry","product_cat-seljatoega-pargipingid","product-family-nippon"],"acf":[],"yoast_head":"<!-- This site is optimized with the Yoast SEO plugin v24.1 - https:\/\/yoast.com\/wordpress\/plugins\/seo\/ -->\n<title>pargipink Nippon Duo - Extery linnam\u00f6\u00f6bli kollektsiooni pargipink<\/title>\n<meta name=\"description\" content=\"Pargipink Nippon Duo on arhitektuurselt selgete mahtudega lihtne pink. Linnam\u00f6\u00f6bel- pargipingid, pr\u00fcgikastid, pollarid ning jalgrattahoidjad.\" \/>\n<meta name=\"robots\" content=\"index, follow, max-snippet:-1, max-image-preview:large, max-video-preview:-1\" \/>\n<link rel=\"canonical\" href=\"https:\/\/dev.codenot.studio\/extery-new\/tooted\/nippon-duo-pargipink\/\" \/>\n<meta property=\"og:locale\" content=\"et_EE\" \/>\n<meta property=\"og:type\" content=\"article\" \/>\n<meta property=\"og:title\" content=\"pargipink Nippon Duo - Extery linnam\u00f6\u00f6bli kollektsiooni pargipink\" \/>\n<meta property=\"og:description\" content=\"Pargipink Nippon Duo on arhitektuurselt selgete mahtudega lihtne pink. Linnam\u00f6\u00f6bel- pargipingid, pr\u00fcgikastid, pollarid ning jalgrattahoidjad.\" \/>\n<meta property=\"og:url\" content=\"https:\/\/dev.codenot.studio\/extery-new\/tooted\/nippon-duo-pargipink\/\" \/>\n<meta property=\"og:site_name\" content=\"Extery\" \/>\n<meta property=\"article:modified_time\" content=\"2024-01-31T18:26:14+00:00\" \/>\n<meta property=\"og:image\" content=\"https:\/\/dev.codenot.studio\/extery-new\/wp-content\/uploads\/2020\/12\/Nippon-Duo-park-bench-pargipink.jpg\" \/>\n\t<meta property=\"og:image:width\" content=\"1000\" \/>\n\t<meta property=\"og:image:height\" content=\"667\" \/>\n\t<meta property=\"og:image:type\" content=\"image\/jpeg\" \/>\n<meta name=\"twitter:card\" content=\"summary_large_image\" \/>\n<meta name=\"twitter:label1\" content=\"Est. reading time\" \/>\n\t<meta name=\"twitter:data1\" content=\"1 minut\" \/>\n<script type=\"application\/ld+json\" class=\"yoast-schema-graph\">{\"@context\":\"https:\/\/schema.org\",\"@graph\":[{\"@type\":\"WebPage\",\"@id\":\"https:\/\/dev.codenot.studio\/extery-new\/tooted\/nippon-duo-pargipink\/\",\"url\":\"https:\/\/dev.codenot.studio\/extery-new\/tooted\/nippon-duo-pargipink\/\",\"name\":\"pargipink Nippon Duo - Extery linnam\u00f6\u00f6bli kollektsiooni pargipink\",\"isPartOf\":{\"@id\":\"https:\/\/dev.codenot.studio\/extery-new\/#website\"},\"primaryImageOfPage\":{\"@id\":\"https:\/\/dev.codenot.studio\/extery-new\/tooted\/nippon-duo-pargipink\/#primaryimage\"},\"image\":{\"@id\":\"https:\/\/dev.codenot.studio\/extery-new\/tooted\/nippon-duo-pargipink\/#primaryimage\"},\"thumbnailUrl\":\"https:\/\/dev.codenot.studio\/extery-new\/wp-content\/uploads\/2020\/12\/Nippon-Duo-park-bench-pargipink.jpg\",\"datePublished\":\"2020-11-12T10:11:19+00:00\",\"dateModified\":\"2024-01-31T18:26:14+00:00\",\"description\":\"Pargipink Nippon Duo on arhitektuurselt selgete mahtudega lihtne pink. Linnam\u00f6\u00f6bel- pargipingid, pr\u00fcgikastid, pollarid ning jalgrattahoidjad.\",\"breadcrumb\":{\"@id\":\"https:\/\/dev.codenot.studio\/extery-new\/tooted\/nippon-duo-pargipink\/#breadcrumb\"},\"inLanguage\":\"et\",\"potentialAction\":[{\"@type\":\"ReadAction\",\"target\":[\"https:\/\/dev.codenot.studio\/extery-new\/tooted\/nippon-duo-pargipink\/\"]}]},{\"@type\":\"ImageObject\",\"inLanguage\":\"et\",\"@id\":\"https:\/\/dev.codenot.studio\/extery-new\/tooted\/nippon-duo-pargipink\/#primaryimage\",\"url\":\"https:\/\/dev.codenot.studio\/extery-new\/wp-content\/uploads\/2020\/12\/Nippon-Duo-park-bench-pargipink.jpg\",\"contentUrl\":\"https:\/\/dev.codenot.studio\/extery-new\/wp-content\/uploads\/2020\/12\/Nippon-Duo-park-bench-pargipink.jpg\",\"width\":1000,\"height\":667},{\"@type\":\"BreadcrumbList\",\"@id\":\"https:\/\/dev.codenot.studio\/extery-new\/tooted\/nippon-duo-pargipink\/#breadcrumb\",\"itemListElement\":[{\"@type\":\"ListItem\",\"position\":1,\"name\":\"Home\",\"item\":\"https:\/\/dev.codenot.studio\/extery-new\/\"},{\"@type\":\"ListItem\",\"position\":2,\"name\":\"Tooted\",\"item\":\"https:\/\/dev.codenot.studio\/extery-new\/tooted\/\"},{\"@type\":\"ListItem\",\"position\":3,\"name\":\"pargipink Nippon Duo\"}]},{\"@type\":\"WebSite\",\"@id\":\"https:\/\/dev.codenot.studio\/extery-new\/#website\",\"url\":\"https:\/\/dev.codenot.studio\/extery-new\/\",\"name\":\"Extery\",\"description\":\"\",\"publisher\":{\"@id\":\"https:\/\/dev.codenot.studio\/extery-new\/#organization\"},\"potentialAction\":[{\"@type\":\"SearchAction\",\"target\":{\"@type\":\"EntryPoint\",\"urlTemplate\":\"https:\/\/dev.codenot.studio\/extery-new\/?s={search_term_string}\"},\"query-input\":{\"@type\":\"PropertyValueSpecification\",\"valueRequired\":true,\"valueName\":\"search_term_string\"}}],\"inLanguage\":\"et\"},{\"@type\":\"Organization\",\"@id\":\"https:\/\/dev.codenot.studio\/extery-new\/#organization\",\"name\":\"Extery\",\"url\":\"https:\/\/dev.codenot.studio\/extery-new\/\",\"logo\":{\"@type\":\"ImageObject\",\"inLanguage\":\"et\",\"@id\":\"https:\/\/dev.codenot.studio\/extery-new\/#\/schema\/logo\/image\/\",\"url\":\"https:\/\/dev.codenot.studio\/extery-new\/wp-content\/uploads\/2023\/11\/footer-logo.svg\",\"contentUrl\":\"https:\/\/dev.codenot.studio\/extery-new\/wp-content\/uploads\/2023\/11\/footer-logo.svg\",\"caption\":\"Extery\"},\"image\":{\"@id\":\"https:\/\/dev.codenot.studio\/extery-new\/#\/schema\/logo\/image\/\"}}]}<\/script>\n<!-- \/ Yoast SEO plugin. -->","yoast_head_json":{"title":"pargipink Nippon Duo - Extery linnam\u00f6\u00f6bli kollektsiooni pargipink","description":"Pargipink Nippon Duo on arhitektuurselt selgete mahtudega lihtne pink. Linnam\u00f6\u00f6bel- pargipingid, pr\u00fcgikastid, pollarid ning jalgrattahoidjad.","robots":{"index":"index","follow":"follow","max-snippet":"max-snippet:-1","max-image-preview":"max-image-preview:large","max-video-preview":"max-video-preview:-1"},"canonical":"https:\/\/dev.codenot.studio\/extery-new\/tooted\/nippon-duo-pargipink\/","og_locale":"et_EE","og_type":"article","og_title":"pargipink Nippon Duo - Extery linnam\u00f6\u00f6bli kollektsiooni pargipink","og_description":"Pargipink Nippon Duo on arhitektuurselt selgete mahtudega lihtne pink. Linnam\u00f6\u00f6bel- pargipingid, pr\u00fcgikastid, pollarid ning jalgrattahoidjad.","og_url":"https:\/\/dev.codenot.studio\/extery-new\/tooted\/nippon-duo-pargipink\/","og_site_name":"Extery","article_modified_time":"2024-01-31T18:26:14+00:00","og_image":[{"width":1000,"height":667,"url":"https:\/\/dev.codenot.studio\/extery-new\/wp-content\/uploads\/2020\/12\/Nippon-Duo-park-bench-pargipink.jpg","type":"image\/jpeg"}],"twitter_card":"summary_large_image","twitter_misc":{"Est. reading time":"1 minut"},"schema":{"@context":"https:\/\/schema.org","@graph":[{"@type":"WebPage","@id":"https:\/\/dev.codenot.studio\/extery-new\/tooted\/nippon-duo-pargipink\/","url":"https:\/\/dev.codenot.studio\/extery-new\/tooted\/nippon-duo-pargipink\/","name":"pargipink Nippon Duo - Extery linnam\u00f6\u00f6bli kollektsiooni pargipink","isPartOf":{"@id":"https:\/\/dev.codenot.studio\/extery-new\/#website"},"primaryImageOfPage":{"@id":"https:\/\/dev.codenot.studio\/extery-new\/tooted\/nippon-duo-pargipink\/#primaryimage"},"image":{"@id":"https:\/\/dev.codenot.studio\/extery-new\/tooted\/nippon-duo-pargipink\/#primaryimage"},"thumbnailUrl":"https:\/\/dev.codenot.studio\/extery-new\/wp-content\/uploads\/2020\/12\/Nippon-Duo-park-bench-pargipink.jpg","datePublished":"2020-11-12T10:11:19+00:00","dateModified":"2024-01-31T18:26:14+00:00","description":"Pargipink Nippon Duo on arhitektuurselt selgete mahtudega lihtne pink. Linnam\u00f6\u00f6bel- pargipingid, pr\u00fcgikastid, pollarid ning jalgrattahoidjad.","breadcrumb":{"@id":"https:\/\/dev.codenot.studio\/extery-new\/tooted\/nippon-duo-pargipink\/#breadcrumb"},"inLanguage":"et","potentialAction":[{"@type":"ReadAction","target":["https:\/\/dev.codenot.studio\/extery-new\/tooted\/nippon-duo-pargipink\/"]}]},{"@type":"ImageObject","inLanguage":"et","@id":"https:\/\/dev.codenot.studio\/extery-new\/tooted\/nippon-duo-pargipink\/#primaryimage","url":"https:\/\/dev.codenot.studio\/extery-new\/wp-content\/uploads\/2020\/12\/Nippon-Duo-park-bench-pargipink.jpg","contentUrl":"https:\/\/dev.codenot.studio\/extery-new\/wp-content\/uploads\/2020\/12\/Nippon-Duo-park-bench-pargipink.jpg","width":1000,"height":667},{"@type":"BreadcrumbList","@id":"https:\/\/dev.codenot.studio\/extery-new\/tooted\/nippon-duo-pargipink\/#breadcrumb","itemListElement":[{"@type":"ListItem","position":1,"name":"Home","item":"https:\/\/dev.codenot.studio\/extery-new\/"},{"@type":"ListItem","position":2,"name":"Tooted","item":"https:\/\/dev.codenot.studio\/extery-new\/tooted\/"},{"@type":"ListItem","position":3,"name":"pargipink Nippon Duo"}]},{"@type":"WebSite","@id":"https:\/\/dev.codenot.studio\/extery-new\/#website","url":"https:\/\/dev.codenot.studio\/extery-new\/","name":"Extery","description":"","publisher":{"@id":"https:\/\/dev.codenot.studio\/extery-new\/#organization"},"potentialAction":[{"@type":"SearchAction","target":{"@type":"EntryPoint","urlTemplate":"https:\/\/dev.codenot.studio\/extery-new\/?s={search_term_string}"},"query-input":{"@type":"PropertyValueSpecification","valueRequired":true,"valueName":"search_term_string"}}],"inLanguage":"et"},{"@type":"Organization","@id":"https:\/\/dev.codenot.studio\/extery-new\/#organization","name":"Extery","url":"https:\/\/dev.codenot.studio\/extery-new\/","logo":{"@type":"ImageObject","inLanguage":"et","@id":"https:\/\/dev.codenot.studio\/extery-new\/#\/schema\/logo\/image\/","url":"https:\/\/dev.codenot.studio\/extery-new\/wp-content\/uploads\/2023\/11\/footer-logo.svg","contentUrl":"https:\/\/dev.codenot.studio\/extery-new\/wp-content\/uploads\/2023\/11\/footer-logo.svg","caption":"Extery"},"image":{"@id":"https:\/\/dev.codenot.studio\/extery-new\/#\/schema\/logo\/image\/"}}]}},"_links":{"self":[{"href":"https:\/\/dev.codenot.studio\/extery-new\/wp-json\/wp\/v2\/product\/3543","targetHints":{"allow":["GET"]}}],"collection":[{"href":"https:\/\/dev.codenot.studio\/extery-new\/wp-json\/wp\/v2\/product"}],"about":[{"href":"https:\/\/dev.codenot.studio\/extery-new\/wp-json\/wp\/v2\/types\/product"}],"replies":[{"embeddable":true,"href":"https:\/\/dev.codenot.studio\/extery-new\/wp-json\/wp\/v2\/comments?post=3543"}],"wp:featuredmedia":[{"embeddable":true,"href":"https:\/\/dev.codenot.studio\/extery-new\/wp-json\/wp\/v2\/media\/10391"}],"wp:attachment":[{"href":"https:\/\/dev.codenot.studio\/extery-new\/wp-json\/wp\/v2\/media?parent=3543"}],"wp:term":[{"taxonomy":"product_cat","embeddable":true,"href":"https:\/\/dev.codenot.studio\/extery-new\/wp-json\/wp\/v2\/product_cat?post=3543"},{"taxonomy":"product_tag","embeddable":true,"href":"https:\/\/dev.codenot.studio\/extery-new\/wp-json\/wp\/v2\/product_tag?post=3543"}],"curies":[{"name":"wp","href":"https:\/\/api.w.org\/{rel}","templated":true}]}}