{"id":3536,"date":"2020-11-12T10:09:03","date_gmt":"2020-11-12T10:09:03","guid":{"rendered":"https:\/\/extery.com\/?post_type=product&#038;p=3536"},"modified":"2024-01-31T18:26:30","modified_gmt":"2024-01-31T18:26:30","slug":"nippon-pink-seljatoeta","status":"publish","type":"product","link":"https:\/\/dev.codenot.studio\/extery-new\/tooted\/nippon-pink-seljatoeta\/","title":{"rendered":"pargipink Nippon, seljatoeta"},"content":{"rendered":"<p>Pargipink Nippon on arhitektuurselt selgete mahtudega lihtne pink, mis seisab kahe jalaga maa peal nagu rahu ise. Oma tagasihoidlikkusega sobib erinevatesse linnakeskkondadesse, m\u00f5judes modernses kontekstis tasakaalukalt ning pretensioonikamal taustal diskreetselt, pea n\u00e4htamatult. Paigutades pingid korduvalt platsi serva v\u00f5i pikalt m\u00f6\u00f6da mere\u00e4\u00e4rset promenaadi kulgevalt, v\u00f5imendub Nippon pingi lihtsuse v\u00f5lu veelgi enam.<\/p>\n","protected":false},"excerpt":{"rendered":"<p>Pargipink Nippon on arhitektuurselt selgete mahtudega lihtne pink, mis seisab kahe jalaga maa peal nagu rahu ise. Oma tagasihoidlikkusega sobib erinevatesse linnakeskkondadesse, m\u00f5judes modernses kontekstis tasakaalukalt ning pretensioonikamal taustal diskreetselt, pea n\u00e4htamatult. Paigutades pingid korduvalt platsi serva v\u00f5i pikalt m\u00f6\u00f6da mere\u00e4\u00e4rset promenaadi kulgevalt, v\u00f5imendub Nippon pingi lihtsuse v\u00f5lu veelgi enam.<\/p>\n","protected":false},"featured_media":808,"comment_status":"open","ping_status":"closed","template":"","meta":{"_acf_changed":false},"product_cat":[31],"product_tag":[],"class_list":["post-3536","product","type-product","status-publish","has-post-thumbnail","hentry","product_cat-seljatoeta-pargipingid","product-family-nippon"],"acf":[],"yoast_head":"<!-- This site is optimized with the Yoast SEO plugin v24.1 - https:\/\/yoast.com\/wordpress\/plugins\/seo\/ -->\n<title>pargipink Nippon, seljatoeta - Extery linnam\u00f6\u00f6bli kollektsioon<\/title>\n<meta name=\"description\" content=\"Pargipink Nippon on arhitektuurselt selgete mahtudega lihtne pink, mis seisab kahe jalaga maa peal nagu rahu ise.\" \/>\n<meta name=\"robots\" content=\"index, follow, max-snippet:-1, max-image-preview:large, max-video-preview:-1\" \/>\n<link rel=\"canonical\" href=\"https:\/\/dev.codenot.studio\/extery-new\/tooted\/nippon-pink-seljatoeta\/\" \/>\n<meta property=\"og:locale\" content=\"et_EE\" \/>\n<meta property=\"og:type\" content=\"article\" \/>\n<meta property=\"og:title\" content=\"pargipink Nippon, seljatoeta - Extery linnam\u00f6\u00f6bli kollektsioon\" \/>\n<meta property=\"og:description\" content=\"Pargipink Nippon on arhitektuurselt selgete mahtudega lihtne pink, mis seisab kahe jalaga maa peal nagu rahu ise.\" \/>\n<meta property=\"og:url\" content=\"https:\/\/dev.codenot.studio\/extery-new\/tooted\/nippon-pink-seljatoeta\/\" \/>\n<meta property=\"og:site_name\" content=\"Extery\" \/>\n<meta property=\"article:modified_time\" content=\"2024-01-31T18:26:30+00:00\" \/>\n<meta property=\"og:image\" content=\"https:\/\/dev.codenot.studio\/extery-new\/wp-content\/uploads\/2020\/11\/Nippon-J-E-scaled.jpg\" \/>\n\t<meta property=\"og:image:width\" content=\"2560\" \/>\n\t<meta property=\"og:image:height\" content=\"1707\" \/>\n\t<meta property=\"og:image:type\" content=\"image\/jpeg\" \/>\n<meta name=\"twitter:card\" content=\"summary_large_image\" \/>\n<meta name=\"twitter:label1\" content=\"Est. reading time\" \/>\n\t<meta name=\"twitter:data1\" content=\"1 minut\" \/>\n<script type=\"application\/ld+json\" class=\"yoast-schema-graph\">{\"@context\":\"https:\/\/schema.org\",\"@graph\":[{\"@type\":\"WebPage\",\"@id\":\"https:\/\/dev.codenot.studio\/extery-new\/tooted\/nippon-pink-seljatoeta\/\",\"url\":\"https:\/\/dev.codenot.studio\/extery-new\/tooted\/nippon-pink-seljatoeta\/\",\"name\":\"pargipink Nippon, seljatoeta - Extery linnam\u00f6\u00f6bli kollektsioon\",\"isPartOf\":{\"@id\":\"https:\/\/dev.codenot.studio\/extery-new\/#website\"},\"primaryImageOfPage\":{\"@id\":\"https:\/\/dev.codenot.studio\/extery-new\/tooted\/nippon-pink-seljatoeta\/#primaryimage\"},\"image\":{\"@id\":\"https:\/\/dev.codenot.studio\/extery-new\/tooted\/nippon-pink-seljatoeta\/#primaryimage\"},\"thumbnailUrl\":\"https:\/\/dev.codenot.studio\/extery-new\/wp-content\/uploads\/2020\/11\/Nippon-J-E-scaled.jpg\",\"datePublished\":\"2020-11-12T10:09:03+00:00\",\"dateModified\":\"2024-01-31T18:26:30+00:00\",\"description\":\"Pargipink Nippon on arhitektuurselt selgete mahtudega lihtne pink, mis seisab kahe jalaga maa peal nagu rahu ise.\",\"breadcrumb\":{\"@id\":\"https:\/\/dev.codenot.studio\/extery-new\/tooted\/nippon-pink-seljatoeta\/#breadcrumb\"},\"inLanguage\":\"et\",\"potentialAction\":[{\"@type\":\"ReadAction\",\"target\":[\"https:\/\/dev.codenot.studio\/extery-new\/tooted\/nippon-pink-seljatoeta\/\"]}]},{\"@type\":\"ImageObject\",\"inLanguage\":\"et\",\"@id\":\"https:\/\/dev.codenot.studio\/extery-new\/tooted\/nippon-pink-seljatoeta\/#primaryimage\",\"url\":\"https:\/\/dev.codenot.studio\/extery-new\/wp-content\/uploads\/2020\/11\/Nippon-J-E-scaled.jpg\",\"contentUrl\":\"https:\/\/dev.codenot.studio\/extery-new\/wp-content\/uploads\/2020\/11\/Nippon-J-E-scaled.jpg\",\"width\":2560,\"height\":1707},{\"@type\":\"BreadcrumbList\",\"@id\":\"https:\/\/dev.codenot.studio\/extery-new\/tooted\/nippon-pink-seljatoeta\/#breadcrumb\",\"itemListElement\":[{\"@type\":\"ListItem\",\"position\":1,\"name\":\"Home\",\"item\":\"https:\/\/dev.codenot.studio\/extery-new\/\"},{\"@type\":\"ListItem\",\"position\":2,\"name\":\"Tooted\",\"item\":\"https:\/\/dev.codenot.studio\/extery-new\/tooted\/\"},{\"@type\":\"ListItem\",\"position\":3,\"name\":\"pargipink Nippon, seljatoeta\"}]},{\"@type\":\"WebSite\",\"@id\":\"https:\/\/dev.codenot.studio\/extery-new\/#website\",\"url\":\"https:\/\/dev.codenot.studio\/extery-new\/\",\"name\":\"Extery\",\"description\":\"\",\"publisher\":{\"@id\":\"https:\/\/dev.codenot.studio\/extery-new\/#organization\"},\"potentialAction\":[{\"@type\":\"SearchAction\",\"target\":{\"@type\":\"EntryPoint\",\"urlTemplate\":\"https:\/\/dev.codenot.studio\/extery-new\/?s={search_term_string}\"},\"query-input\":{\"@type\":\"PropertyValueSpecification\",\"valueRequired\":true,\"valueName\":\"search_term_string\"}}],\"inLanguage\":\"et\"},{\"@type\":\"Organization\",\"@id\":\"https:\/\/dev.codenot.studio\/extery-new\/#organization\",\"name\":\"Extery\",\"url\":\"https:\/\/dev.codenot.studio\/extery-new\/\",\"logo\":{\"@type\":\"ImageObject\",\"inLanguage\":\"et\",\"@id\":\"https:\/\/dev.codenot.studio\/extery-new\/#\/schema\/logo\/image\/\",\"url\":\"https:\/\/dev.codenot.studio\/extery-new\/wp-content\/uploads\/2023\/11\/footer-logo.svg\",\"contentUrl\":\"https:\/\/dev.codenot.studio\/extery-new\/wp-content\/uploads\/2023\/11\/footer-logo.svg\",\"caption\":\"Extery\"},\"image\":{\"@id\":\"https:\/\/dev.codenot.studio\/extery-new\/#\/schema\/logo\/image\/\"}}]}<\/script>\n<!-- \/ Yoast SEO plugin. -->","yoast_head_json":{"title":"pargipink Nippon, seljatoeta - Extery linnam\u00f6\u00f6bli kollektsioon","description":"Pargipink Nippon on arhitektuurselt selgete mahtudega lihtne pink, mis seisab kahe jalaga maa peal nagu rahu ise.","robots":{"index":"index","follow":"follow","max-snippet":"max-snippet:-1","max-image-preview":"max-image-preview:large","max-video-preview":"max-video-preview:-1"},"canonical":"https:\/\/dev.codenot.studio\/extery-new\/tooted\/nippon-pink-seljatoeta\/","og_locale":"et_EE","og_type":"article","og_title":"pargipink Nippon, seljatoeta - Extery linnam\u00f6\u00f6bli kollektsioon","og_description":"Pargipink Nippon on arhitektuurselt selgete mahtudega lihtne pink, mis seisab kahe jalaga maa peal nagu rahu ise.","og_url":"https:\/\/dev.codenot.studio\/extery-new\/tooted\/nippon-pink-seljatoeta\/","og_site_name":"Extery","article_modified_time":"2024-01-31T18:26:30+00:00","og_image":[{"width":2560,"height":1707,"url":"https:\/\/dev.codenot.studio\/extery-new\/wp-content\/uploads\/2020\/11\/Nippon-J-E-scaled.jpg","type":"image\/jpeg"}],"twitter_card":"summary_large_image","twitter_misc":{"Est. reading time":"1 minut"},"schema":{"@context":"https:\/\/schema.org","@graph":[{"@type":"WebPage","@id":"https:\/\/dev.codenot.studio\/extery-new\/tooted\/nippon-pink-seljatoeta\/","url":"https:\/\/dev.codenot.studio\/extery-new\/tooted\/nippon-pink-seljatoeta\/","name":"pargipink Nippon, seljatoeta - Extery linnam\u00f6\u00f6bli kollektsioon","isPartOf":{"@id":"https:\/\/dev.codenot.studio\/extery-new\/#website"},"primaryImageOfPage":{"@id":"https:\/\/dev.codenot.studio\/extery-new\/tooted\/nippon-pink-seljatoeta\/#primaryimage"},"image":{"@id":"https:\/\/dev.codenot.studio\/extery-new\/tooted\/nippon-pink-seljatoeta\/#primaryimage"},"thumbnailUrl":"https:\/\/dev.codenot.studio\/extery-new\/wp-content\/uploads\/2020\/11\/Nippon-J-E-scaled.jpg","datePublished":"2020-11-12T10:09:03+00:00","dateModified":"2024-01-31T18:26:30+00:00","description":"Pargipink Nippon on arhitektuurselt selgete mahtudega lihtne pink, mis seisab kahe jalaga maa peal nagu rahu ise.","breadcrumb":{"@id":"https:\/\/dev.codenot.studio\/extery-new\/tooted\/nippon-pink-seljatoeta\/#breadcrumb"},"inLanguage":"et","potentialAction":[{"@type":"ReadAction","target":["https:\/\/dev.codenot.studio\/extery-new\/tooted\/nippon-pink-seljatoeta\/"]}]},{"@type":"ImageObject","inLanguage":"et","@id":"https:\/\/dev.codenot.studio\/extery-new\/tooted\/nippon-pink-seljatoeta\/#primaryimage","url":"https:\/\/dev.codenot.studio\/extery-new\/wp-content\/uploads\/2020\/11\/Nippon-J-E-scaled.jpg","contentUrl":"https:\/\/dev.codenot.studio\/extery-new\/wp-content\/uploads\/2020\/11\/Nippon-J-E-scaled.jpg","width":2560,"height":1707},{"@type":"BreadcrumbList","@id":"https:\/\/dev.codenot.studio\/extery-new\/tooted\/nippon-pink-seljatoeta\/#breadcrumb","itemListElement":[{"@type":"ListItem","position":1,"name":"Home","item":"https:\/\/dev.codenot.studio\/extery-new\/"},{"@type":"ListItem","position":2,"name":"Tooted","item":"https:\/\/dev.codenot.studio\/extery-new\/tooted\/"},{"@type":"ListItem","position":3,"name":"pargipink Nippon, seljatoeta"}]},{"@type":"WebSite","@id":"https:\/\/dev.codenot.studio\/extery-new\/#website","url":"https:\/\/dev.codenot.studio\/extery-new\/","name":"Extery","description":"","publisher":{"@id":"https:\/\/dev.codenot.studio\/extery-new\/#organization"},"potentialAction":[{"@type":"SearchAction","target":{"@type":"EntryPoint","urlTemplate":"https:\/\/dev.codenot.studio\/extery-new\/?s={search_term_string}"},"query-input":{"@type":"PropertyValueSpecification","valueRequired":true,"valueName":"search_term_string"}}],"inLanguage":"et"},{"@type":"Organization","@id":"https:\/\/dev.codenot.studio\/extery-new\/#organization","name":"Extery","url":"https:\/\/dev.codenot.studio\/extery-new\/","logo":{"@type":"ImageObject","inLanguage":"et","@id":"https:\/\/dev.codenot.studio\/extery-new\/#\/schema\/logo\/image\/","url":"https:\/\/dev.codenot.studio\/extery-new\/wp-content\/uploads\/2023\/11\/footer-logo.svg","contentUrl":"https:\/\/dev.codenot.studio\/extery-new\/wp-content\/uploads\/2023\/11\/footer-logo.svg","caption":"Extery"},"image":{"@id":"https:\/\/dev.codenot.studio\/extery-new\/#\/schema\/logo\/image\/"}}]}},"_links":{"self":[{"href":"https:\/\/dev.codenot.studio\/extery-new\/wp-json\/wp\/v2\/product\/3536","targetHints":{"allow":["GET"]}}],"collection":[{"href":"https:\/\/dev.codenot.studio\/extery-new\/wp-json\/wp\/v2\/product"}],"about":[{"href":"https:\/\/dev.codenot.studio\/extery-new\/wp-json\/wp\/v2\/types\/product"}],"replies":[{"embeddable":true,"href":"https:\/\/dev.codenot.studio\/extery-new\/wp-json\/wp\/v2\/comments?post=3536"}],"wp:featuredmedia":[{"embeddable":true,"href":"https:\/\/dev.codenot.studio\/extery-new\/wp-json\/wp\/v2\/media\/808"}],"wp:attachment":[{"href":"https:\/\/dev.codenot.studio\/extery-new\/wp-json\/wp\/v2\/media?parent=3536"}],"wp:term":[{"taxonomy":"product_cat","embeddable":true,"href":"https:\/\/dev.codenot.studio\/extery-new\/wp-json\/wp\/v2\/product_cat?post=3536"},{"taxonomy":"product_tag","embeddable":true,"href":"https:\/\/dev.codenot.studio\/extery-new\/wp-json\/wp\/v2\/product_tag?post=3536"}],"curies":[{"name":"wp","href":"https:\/\/api.w.org\/{rel}","templated":true}]}}