{"id":3470,"date":"2020-11-12T08:06:15","date_gmt":"2020-11-12T08:06:15","guid":{"rendered":"https:\/\/extery.com\/?post_type=product&#038;p=3470"},"modified":"2024-01-31T18:08:49","modified_gmt":"2024-01-31T18:08:49","slug":"klaar-wood","status":"publish","type":"product","link":"https:\/\/dev.codenot.studio\/extery-new\/tooted\/klaar-wood\/","title":{"rendered":"laud Klaar Wood"},"content":{"rendered":"<p>Klaarile iseloomulik ratsionaalsus, neutraalsus ja detailide t\u00e4pne esteetiline viimistletus on kvaliteedid, mis ei aegu ega allu kiiresti vahelduvatele moevooludele. Oma vormi selguse ja kerguse ning materjalide laia valikuga sobib Klaar kasutamiseks v\u00e4ga erinevates kaasaegsetes arhitektuurikontekstides, pakkudes lahendusi erinevatele vajadustele.<br \/>\nLaud ning mitmete k\u00e4etoe variatsioonidega pingid ja toolid loovad Klaar perekonna terviku, millega saab h\u00f5lpsalt erineva funktsionaalsusega komplekte luua.<\/p>\n","protected":false},"excerpt":{"rendered":"<p>Klaarile iseloomulik ratsionaalsus, neutraalsus ja detailide t\u00e4pne esteetiline viimistletus on kvaliteedid, mis ei aegu ega allu kiiresti vahelduvatele moevooludele. Oma vormi selguse ja kerguse ning materjalide laia valikuga sobib Klaar kasutamiseks v\u00e4ga erinevates kaasaegsetes arhitektuurikontekstides, pakkudes lahendusi erinevatele vajadustele. Laud ning mitmete k\u00e4etoe variatsioonidega pingid ja toolid loovad Klaar perekonna terviku, millega saab h\u00f5lpsalt erineva [&hellip;]<\/p>\n","protected":false},"featured_media":661,"comment_status":"open","ping_status":"closed","template":"","meta":{"_acf_changed":false},"product_cat":[33],"product_tag":[],"class_list":["post-3470","product","type-product","status-publish","has-post-thumbnail","hentry","product_cat-lauad","product-family-klaar-wood"],"acf":[],"yoast_head":"<!-- This site is optimized with the Yoast SEO plugin v24.1 - https:\/\/yoast.com\/wordpress\/plugins\/seo\/ -->\n<title>laud Klaar Wood - Extery linnam\u00f6\u00f6bli kollektsiooni laud<\/title>\n<meta name=\"description\" content=\"Laud Klaar Wood on ratsionaalsus. Iseloomulik neutraalsus ja detailide t\u00e4pne esteetiline viimistletus. Linnam\u00f6\u00f6bel- pargipingid, pr\u00fcgikastid ning jalgrattahoidjad.\" \/>\n<meta name=\"robots\" content=\"index, follow, max-snippet:-1, max-image-preview:large, max-video-preview:-1\" \/>\n<link rel=\"canonical\" href=\"https:\/\/dev.codenot.studio\/extery-new\/tooted\/klaar-wood\/\" \/>\n<meta property=\"og:locale\" content=\"et_EE\" \/>\n<meta property=\"og:type\" content=\"article\" \/>\n<meta property=\"og:title\" content=\"laud Klaar Wood - Extery linnam\u00f6\u00f6bli kollektsiooni laud\" \/>\n<meta property=\"og:description\" content=\"Laud Klaar Wood on ratsionaalsus. Iseloomulik neutraalsus ja detailide t\u00e4pne esteetiline viimistletus. Linnam\u00f6\u00f6bel- pargipingid, pr\u00fcgikastid ning jalgrattahoidjad.\" \/>\n<meta property=\"og:url\" content=\"https:\/\/dev.codenot.studio\/extery-new\/tooted\/klaar-wood\/\" \/>\n<meta property=\"og:site_name\" content=\"Extery\" \/>\n<meta property=\"article:modified_time\" content=\"2024-01-31T18:08:49+00:00\" \/>\n<meta property=\"og:image\" content=\"https:\/\/dev.codenot.studio\/extery-new\/wp-content\/uploads\/2020\/11\/Klaar-Wood-laud-E-scaled.jpg\" \/>\n\t<meta property=\"og:image:width\" content=\"2560\" \/>\n\t<meta property=\"og:image:height\" content=\"1707\" \/>\n\t<meta property=\"og:image:type\" content=\"image\/jpeg\" \/>\n<meta name=\"twitter:card\" content=\"summary_large_image\" \/>\n<meta name=\"twitter:label1\" content=\"Est. reading time\" \/>\n\t<meta name=\"twitter:data1\" content=\"1 minut\" \/>\n<script type=\"application\/ld+json\" class=\"yoast-schema-graph\">{\"@context\":\"https:\/\/schema.org\",\"@graph\":[{\"@type\":\"WebPage\",\"@id\":\"https:\/\/dev.codenot.studio\/extery-new\/tooted\/klaar-wood\/\",\"url\":\"https:\/\/dev.codenot.studio\/extery-new\/tooted\/klaar-wood\/\",\"name\":\"laud Klaar Wood - Extery linnam\u00f6\u00f6bli kollektsiooni laud\",\"isPartOf\":{\"@id\":\"https:\/\/dev.codenot.studio\/extery-new\/#website\"},\"primaryImageOfPage\":{\"@id\":\"https:\/\/dev.codenot.studio\/extery-new\/tooted\/klaar-wood\/#primaryimage\"},\"image\":{\"@id\":\"https:\/\/dev.codenot.studio\/extery-new\/tooted\/klaar-wood\/#primaryimage\"},\"thumbnailUrl\":\"https:\/\/dev.codenot.studio\/extery-new\/wp-content\/uploads\/2020\/11\/Klaar-Wood-laud-E-scaled.jpg\",\"datePublished\":\"2020-11-12T08:06:15+00:00\",\"dateModified\":\"2024-01-31T18:08:49+00:00\",\"description\":\"Laud Klaar Wood on ratsionaalsus. Iseloomulik neutraalsus ja detailide t\u00e4pne esteetiline viimistletus. Linnam\u00f6\u00f6bel- pargipingid, pr\u00fcgikastid ning jalgrattahoidjad.\",\"breadcrumb\":{\"@id\":\"https:\/\/dev.codenot.studio\/extery-new\/tooted\/klaar-wood\/#breadcrumb\"},\"inLanguage\":\"et\",\"potentialAction\":[{\"@type\":\"ReadAction\",\"target\":[\"https:\/\/dev.codenot.studio\/extery-new\/tooted\/klaar-wood\/\"]}]},{\"@type\":\"ImageObject\",\"inLanguage\":\"et\",\"@id\":\"https:\/\/dev.codenot.studio\/extery-new\/tooted\/klaar-wood\/#primaryimage\",\"url\":\"https:\/\/dev.codenot.studio\/extery-new\/wp-content\/uploads\/2020\/11\/Klaar-Wood-laud-E-scaled.jpg\",\"contentUrl\":\"https:\/\/dev.codenot.studio\/extery-new\/wp-content\/uploads\/2020\/11\/Klaar-Wood-laud-E-scaled.jpg\",\"width\":2560,\"height\":1707},{\"@type\":\"BreadcrumbList\",\"@id\":\"https:\/\/dev.codenot.studio\/extery-new\/tooted\/klaar-wood\/#breadcrumb\",\"itemListElement\":[{\"@type\":\"ListItem\",\"position\":1,\"name\":\"Home\",\"item\":\"https:\/\/dev.codenot.studio\/extery-new\/\"},{\"@type\":\"ListItem\",\"position\":2,\"name\":\"Tooted\",\"item\":\"https:\/\/dev.codenot.studio\/extery-new\/tooted\/\"},{\"@type\":\"ListItem\",\"position\":3,\"name\":\"laud Klaar Wood\"}]},{\"@type\":\"WebSite\",\"@id\":\"https:\/\/dev.codenot.studio\/extery-new\/#website\",\"url\":\"https:\/\/dev.codenot.studio\/extery-new\/\",\"name\":\"Extery\",\"description\":\"\",\"publisher\":{\"@id\":\"https:\/\/dev.codenot.studio\/extery-new\/#organization\"},\"potentialAction\":[{\"@type\":\"SearchAction\",\"target\":{\"@type\":\"EntryPoint\",\"urlTemplate\":\"https:\/\/dev.codenot.studio\/extery-new\/?s={search_term_string}\"},\"query-input\":{\"@type\":\"PropertyValueSpecification\",\"valueRequired\":true,\"valueName\":\"search_term_string\"}}],\"inLanguage\":\"et\"},{\"@type\":\"Organization\",\"@id\":\"https:\/\/dev.codenot.studio\/extery-new\/#organization\",\"name\":\"Extery\",\"url\":\"https:\/\/dev.codenot.studio\/extery-new\/\",\"logo\":{\"@type\":\"ImageObject\",\"inLanguage\":\"et\",\"@id\":\"https:\/\/dev.codenot.studio\/extery-new\/#\/schema\/logo\/image\/\",\"url\":\"https:\/\/dev.codenot.studio\/extery-new\/wp-content\/uploads\/2023\/11\/footer-logo.svg\",\"contentUrl\":\"https:\/\/dev.codenot.studio\/extery-new\/wp-content\/uploads\/2023\/11\/footer-logo.svg\",\"caption\":\"Extery\"},\"image\":{\"@id\":\"https:\/\/dev.codenot.studio\/extery-new\/#\/schema\/logo\/image\/\"}}]}<\/script>\n<!-- \/ Yoast SEO plugin. -->","yoast_head_json":{"title":"laud Klaar Wood - Extery linnam\u00f6\u00f6bli kollektsiooni laud","description":"Laud Klaar Wood on ratsionaalsus. Iseloomulik neutraalsus ja detailide t\u00e4pne esteetiline viimistletus. Linnam\u00f6\u00f6bel- pargipingid, pr\u00fcgikastid ning jalgrattahoidjad.","robots":{"index":"index","follow":"follow","max-snippet":"max-snippet:-1","max-image-preview":"max-image-preview:large","max-video-preview":"max-video-preview:-1"},"canonical":"https:\/\/dev.codenot.studio\/extery-new\/tooted\/klaar-wood\/","og_locale":"et_EE","og_type":"article","og_title":"laud Klaar Wood - Extery linnam\u00f6\u00f6bli kollektsiooni laud","og_description":"Laud Klaar Wood on ratsionaalsus. Iseloomulik neutraalsus ja detailide t\u00e4pne esteetiline viimistletus. Linnam\u00f6\u00f6bel- pargipingid, pr\u00fcgikastid ning jalgrattahoidjad.","og_url":"https:\/\/dev.codenot.studio\/extery-new\/tooted\/klaar-wood\/","og_site_name":"Extery","article_modified_time":"2024-01-31T18:08:49+00:00","og_image":[{"width":2560,"height":1707,"url":"https:\/\/dev.codenot.studio\/extery-new\/wp-content\/uploads\/2020\/11\/Klaar-Wood-laud-E-scaled.jpg","type":"image\/jpeg"}],"twitter_card":"summary_large_image","twitter_misc":{"Est. reading time":"1 minut"},"schema":{"@context":"https:\/\/schema.org","@graph":[{"@type":"WebPage","@id":"https:\/\/dev.codenot.studio\/extery-new\/tooted\/klaar-wood\/","url":"https:\/\/dev.codenot.studio\/extery-new\/tooted\/klaar-wood\/","name":"laud Klaar Wood - Extery linnam\u00f6\u00f6bli kollektsiooni laud","isPartOf":{"@id":"https:\/\/dev.codenot.studio\/extery-new\/#website"},"primaryImageOfPage":{"@id":"https:\/\/dev.codenot.studio\/extery-new\/tooted\/klaar-wood\/#primaryimage"},"image":{"@id":"https:\/\/dev.codenot.studio\/extery-new\/tooted\/klaar-wood\/#primaryimage"},"thumbnailUrl":"https:\/\/dev.codenot.studio\/extery-new\/wp-content\/uploads\/2020\/11\/Klaar-Wood-laud-E-scaled.jpg","datePublished":"2020-11-12T08:06:15+00:00","dateModified":"2024-01-31T18:08:49+00:00","description":"Laud Klaar Wood on ratsionaalsus. Iseloomulik neutraalsus ja detailide t\u00e4pne esteetiline viimistletus. Linnam\u00f6\u00f6bel- pargipingid, pr\u00fcgikastid ning jalgrattahoidjad.","breadcrumb":{"@id":"https:\/\/dev.codenot.studio\/extery-new\/tooted\/klaar-wood\/#breadcrumb"},"inLanguage":"et","potentialAction":[{"@type":"ReadAction","target":["https:\/\/dev.codenot.studio\/extery-new\/tooted\/klaar-wood\/"]}]},{"@type":"ImageObject","inLanguage":"et","@id":"https:\/\/dev.codenot.studio\/extery-new\/tooted\/klaar-wood\/#primaryimage","url":"https:\/\/dev.codenot.studio\/extery-new\/wp-content\/uploads\/2020\/11\/Klaar-Wood-laud-E-scaled.jpg","contentUrl":"https:\/\/dev.codenot.studio\/extery-new\/wp-content\/uploads\/2020\/11\/Klaar-Wood-laud-E-scaled.jpg","width":2560,"height":1707},{"@type":"BreadcrumbList","@id":"https:\/\/dev.codenot.studio\/extery-new\/tooted\/klaar-wood\/#breadcrumb","itemListElement":[{"@type":"ListItem","position":1,"name":"Home","item":"https:\/\/dev.codenot.studio\/extery-new\/"},{"@type":"ListItem","position":2,"name":"Tooted","item":"https:\/\/dev.codenot.studio\/extery-new\/tooted\/"},{"@type":"ListItem","position":3,"name":"laud Klaar Wood"}]},{"@type":"WebSite","@id":"https:\/\/dev.codenot.studio\/extery-new\/#website","url":"https:\/\/dev.codenot.studio\/extery-new\/","name":"Extery","description":"","publisher":{"@id":"https:\/\/dev.codenot.studio\/extery-new\/#organization"},"potentialAction":[{"@type":"SearchAction","target":{"@type":"EntryPoint","urlTemplate":"https:\/\/dev.codenot.studio\/extery-new\/?s={search_term_string}"},"query-input":{"@type":"PropertyValueSpecification","valueRequired":true,"valueName":"search_term_string"}}],"inLanguage":"et"},{"@type":"Organization","@id":"https:\/\/dev.codenot.studio\/extery-new\/#organization","name":"Extery","url":"https:\/\/dev.codenot.studio\/extery-new\/","logo":{"@type":"ImageObject","inLanguage":"et","@id":"https:\/\/dev.codenot.studio\/extery-new\/#\/schema\/logo\/image\/","url":"https:\/\/dev.codenot.studio\/extery-new\/wp-content\/uploads\/2023\/11\/footer-logo.svg","contentUrl":"https:\/\/dev.codenot.studio\/extery-new\/wp-content\/uploads\/2023\/11\/footer-logo.svg","caption":"Extery"},"image":{"@id":"https:\/\/dev.codenot.studio\/extery-new\/#\/schema\/logo\/image\/"}}]}},"_links":{"self":[{"href":"https:\/\/dev.codenot.studio\/extery-new\/wp-json\/wp\/v2\/product\/3470","targetHints":{"allow":["GET"]}}],"collection":[{"href":"https:\/\/dev.codenot.studio\/extery-new\/wp-json\/wp\/v2\/product"}],"about":[{"href":"https:\/\/dev.codenot.studio\/extery-new\/wp-json\/wp\/v2\/types\/product"}],"replies":[{"embeddable":true,"href":"https:\/\/dev.codenot.studio\/extery-new\/wp-json\/wp\/v2\/comments?post=3470"}],"wp:featuredmedia":[{"embeddable":true,"href":"https:\/\/dev.codenot.studio\/extery-new\/wp-json\/wp\/v2\/media\/661"}],"wp:attachment":[{"href":"https:\/\/dev.codenot.studio\/extery-new\/wp-json\/wp\/v2\/media?parent=3470"}],"wp:term":[{"taxonomy":"product_cat","embeddable":true,"href":"https:\/\/dev.codenot.studio\/extery-new\/wp-json\/wp\/v2\/product_cat?post=3470"},{"taxonomy":"product_tag","embeddable":true,"href":"https:\/\/dev.codenot.studio\/extery-new\/wp-json\/wp\/v2\/product_tag?post=3470"}],"curies":[{"name":"wp","href":"https:\/\/api.w.org\/{rel}","templated":true}]}}