{"id":3457,"date":"2020-11-11T15:33:25","date_gmt":"2020-11-11T15:33:25","guid":{"rendered":"https:\/\/extery.com\/?post_type=product&#038;p=3457"},"modified":"2024-12-02T19:36:34","modified_gmt":"2024-12-02T19:36:34","slug":"prima-pargipink-seljatoeta","status":"publish","type":"product","link":"https:\/\/dev.codenot.studio\/extery-new\/tooted\/prima-pargipink-seljatoeta\/","title":{"rendered":"pargipink Prima seljatoeta"},"content":{"rendered":"<p>Pargipink Prima on pragmaatiline valik, mille kvaliteedis ei ole tehtud kompromisse, detailid on l\u00e4bim\u00f5eldud ja hoolega teostatud. Kerge oleku ja klassikaliste proportsioonidega pinke saab valida seljatoega v\u00f5i ilma, k\u00e4etugedega v\u00f5i ilma. Seeriasse kuulub ka laud. Tagasihoidlikus ilmes on k\u00fcbeke nostalgiat ja tuttavat tunnet, seet\u00f5ttu pole Prima linnam\u00f6\u00f6blit raske ette kujutada \u00fcheski milj\u00f6\u00f6s.<\/p>\n","protected":false},"excerpt":{"rendered":"<p>Pargipink Prima on pragmaatiline valik, mille kvaliteedis ei ole tehtud kompromisse, detailid on l\u00e4bim\u00f5eldud ja hoolega teostatud. Kerge oleku ja klassikaliste proportsioonidega pinke saab valida seljatoega v\u00f5i ilma, k\u00e4etugedega v\u00f5i ilma. Seeriasse kuulub ka laud. Tagasihoidlikus ilmes on k\u00fcbeke nostalgiat ja tuttavat tunnet, seet\u00f5ttu pole Prima linnam\u00f6\u00f6blit raske ette kujutada \u00fcheski milj\u00f6\u00f6s.<\/p>\n","protected":false},"featured_media":836,"comment_status":"open","ping_status":"closed","template":"","meta":{"_acf_changed":false},"product_cat":[31],"product_tag":[],"class_list":["post-3457","product","type-product","status-publish","has-post-thumbnail","hentry","product_cat-seljatoeta-pargipingid","product-family-prima"],"acf":[],"yoast_head":"<!-- This site is optimized with the Yoast SEO plugin v24.1 - https:\/\/yoast.com\/wordpress\/plugins\/seo\/ -->\n<title>pargipink Prima seljatoeta - Extery linnam\u00f6\u00f6bli kollektsiooni pargipink<\/title>\n<meta name=\"description\" content=\"Pargipink Prima on pragmaatiline valik, mille kvaliteedis ei ole tehtud kompromisse. Linnam\u00f6\u00f6bel- pargipingid, pr\u00fcgikastid ning jalgrattahoidjad.\" \/>\n<meta name=\"robots\" content=\"index, follow, max-snippet:-1, max-image-preview:large, max-video-preview:-1\" \/>\n<link rel=\"canonical\" href=\"https:\/\/dev.codenot.studio\/extery-new\/tooted\/prima-pargipink-seljatoeta\/\" \/>\n<meta property=\"og:locale\" content=\"et_EE\" \/>\n<meta property=\"og:type\" content=\"article\" \/>\n<meta property=\"og:title\" content=\"pargipink Prima seljatoeta - Extery linnam\u00f6\u00f6bli kollektsiooni pargipink\" \/>\n<meta property=\"og:description\" content=\"Pargipink Prima on pragmaatiline valik, mille kvaliteedis ei ole tehtud kompromisse. Linnam\u00f6\u00f6bel- pargipingid, pr\u00fcgikastid ning jalgrattahoidjad.\" \/>\n<meta property=\"og:url\" content=\"https:\/\/dev.codenot.studio\/extery-new\/tooted\/prima-pargipink-seljatoeta\/\" \/>\n<meta property=\"og:site_name\" content=\"Extery\" \/>\n<meta property=\"article:modified_time\" content=\"2024-12-02T19:36:34+00:00\" \/>\n<meta property=\"og:image\" content=\"https:\/\/dev.codenot.studio\/extery-new\/wp-content\/uploads\/2020\/11\/Prima-pink-J-E-scaled.jpg\" \/>\n\t<meta property=\"og:image:width\" content=\"2560\" \/>\n\t<meta property=\"og:image:height\" content=\"1707\" \/>\n\t<meta property=\"og:image:type\" content=\"image\/jpeg\" \/>\n<meta name=\"twitter:card\" content=\"summary_large_image\" \/>\n<meta name=\"twitter:label1\" content=\"Est. reading time\" \/>\n\t<meta name=\"twitter:data1\" content=\"1 minut\" \/>\n<script type=\"application\/ld+json\" class=\"yoast-schema-graph\">{\"@context\":\"https:\/\/schema.org\",\"@graph\":[{\"@type\":\"WebPage\",\"@id\":\"https:\/\/dev.codenot.studio\/extery-new\/tooted\/prima-pargipink-seljatoeta\/\",\"url\":\"https:\/\/dev.codenot.studio\/extery-new\/tooted\/prima-pargipink-seljatoeta\/\",\"name\":\"pargipink Prima seljatoeta - Extery linnam\u00f6\u00f6bli kollektsiooni pargipink\",\"isPartOf\":{\"@id\":\"https:\/\/dev.codenot.studio\/extery-new\/#website\"},\"primaryImageOfPage\":{\"@id\":\"https:\/\/dev.codenot.studio\/extery-new\/tooted\/prima-pargipink-seljatoeta\/#primaryimage\"},\"image\":{\"@id\":\"https:\/\/dev.codenot.studio\/extery-new\/tooted\/prima-pargipink-seljatoeta\/#primaryimage\"},\"thumbnailUrl\":\"https:\/\/dev.codenot.studio\/extery-new\/wp-content\/uploads\/2020\/11\/Prima-pink-J-E-scaled.jpg\",\"datePublished\":\"2020-11-11T15:33:25+00:00\",\"dateModified\":\"2024-12-02T19:36:34+00:00\",\"description\":\"Pargipink Prima on pragmaatiline valik, mille kvaliteedis ei ole tehtud kompromisse. Linnam\u00f6\u00f6bel- pargipingid, pr\u00fcgikastid ning jalgrattahoidjad.\",\"breadcrumb\":{\"@id\":\"https:\/\/dev.codenot.studio\/extery-new\/tooted\/prima-pargipink-seljatoeta\/#breadcrumb\"},\"inLanguage\":\"et\",\"potentialAction\":[{\"@type\":\"ReadAction\",\"target\":[\"https:\/\/dev.codenot.studio\/extery-new\/tooted\/prima-pargipink-seljatoeta\/\"]}]},{\"@type\":\"ImageObject\",\"inLanguage\":\"et\",\"@id\":\"https:\/\/dev.codenot.studio\/extery-new\/tooted\/prima-pargipink-seljatoeta\/#primaryimage\",\"url\":\"https:\/\/dev.codenot.studio\/extery-new\/wp-content\/uploads\/2020\/11\/Prima-pink-J-E-scaled.jpg\",\"contentUrl\":\"https:\/\/dev.codenot.studio\/extery-new\/wp-content\/uploads\/2020\/11\/Prima-pink-J-E-scaled.jpg\",\"width\":2560,\"height\":1707},{\"@type\":\"BreadcrumbList\",\"@id\":\"https:\/\/dev.codenot.studio\/extery-new\/tooted\/prima-pargipink-seljatoeta\/#breadcrumb\",\"itemListElement\":[{\"@type\":\"ListItem\",\"position\":1,\"name\":\"Home\",\"item\":\"https:\/\/dev.codenot.studio\/extery-new\/\"},{\"@type\":\"ListItem\",\"position\":2,\"name\":\"Tooted\",\"item\":\"https:\/\/dev.codenot.studio\/extery-new\/tooted\/\"},{\"@type\":\"ListItem\",\"position\":3,\"name\":\"pargipink Prima seljatoeta\"}]},{\"@type\":\"WebSite\",\"@id\":\"https:\/\/dev.codenot.studio\/extery-new\/#website\",\"url\":\"https:\/\/dev.codenot.studio\/extery-new\/\",\"name\":\"Extery\",\"description\":\"\",\"publisher\":{\"@id\":\"https:\/\/dev.codenot.studio\/extery-new\/#organization\"},\"potentialAction\":[{\"@type\":\"SearchAction\",\"target\":{\"@type\":\"EntryPoint\",\"urlTemplate\":\"https:\/\/dev.codenot.studio\/extery-new\/?s={search_term_string}\"},\"query-input\":{\"@type\":\"PropertyValueSpecification\",\"valueRequired\":true,\"valueName\":\"search_term_string\"}}],\"inLanguage\":\"et\"},{\"@type\":\"Organization\",\"@id\":\"https:\/\/dev.codenot.studio\/extery-new\/#organization\",\"name\":\"Extery\",\"url\":\"https:\/\/dev.codenot.studio\/extery-new\/\",\"logo\":{\"@type\":\"ImageObject\",\"inLanguage\":\"et\",\"@id\":\"https:\/\/dev.codenot.studio\/extery-new\/#\/schema\/logo\/image\/\",\"url\":\"https:\/\/dev.codenot.studio\/extery-new\/wp-content\/uploads\/2023\/11\/footer-logo.svg\",\"contentUrl\":\"https:\/\/dev.codenot.studio\/extery-new\/wp-content\/uploads\/2023\/11\/footer-logo.svg\",\"caption\":\"Extery\"},\"image\":{\"@id\":\"https:\/\/dev.codenot.studio\/extery-new\/#\/schema\/logo\/image\/\"}}]}<\/script>\n<!-- \/ Yoast SEO plugin. -->","yoast_head_json":{"title":"pargipink Prima seljatoeta - Extery linnam\u00f6\u00f6bli kollektsiooni pargipink","description":"Pargipink Prima on pragmaatiline valik, mille kvaliteedis ei ole tehtud kompromisse. Linnam\u00f6\u00f6bel- pargipingid, pr\u00fcgikastid ning jalgrattahoidjad.","robots":{"index":"index","follow":"follow","max-snippet":"max-snippet:-1","max-image-preview":"max-image-preview:large","max-video-preview":"max-video-preview:-1"},"canonical":"https:\/\/dev.codenot.studio\/extery-new\/tooted\/prima-pargipink-seljatoeta\/","og_locale":"et_EE","og_type":"article","og_title":"pargipink Prima seljatoeta - Extery linnam\u00f6\u00f6bli kollektsiooni pargipink","og_description":"Pargipink Prima on pragmaatiline valik, mille kvaliteedis ei ole tehtud kompromisse. Linnam\u00f6\u00f6bel- pargipingid, pr\u00fcgikastid ning jalgrattahoidjad.","og_url":"https:\/\/dev.codenot.studio\/extery-new\/tooted\/prima-pargipink-seljatoeta\/","og_site_name":"Extery","article_modified_time":"2024-12-02T19:36:34+00:00","og_image":[{"width":2560,"height":1707,"url":"https:\/\/dev.codenot.studio\/extery-new\/wp-content\/uploads\/2020\/11\/Prima-pink-J-E-scaled.jpg","type":"image\/jpeg"}],"twitter_card":"summary_large_image","twitter_misc":{"Est. reading time":"1 minut"},"schema":{"@context":"https:\/\/schema.org","@graph":[{"@type":"WebPage","@id":"https:\/\/dev.codenot.studio\/extery-new\/tooted\/prima-pargipink-seljatoeta\/","url":"https:\/\/dev.codenot.studio\/extery-new\/tooted\/prima-pargipink-seljatoeta\/","name":"pargipink Prima seljatoeta - Extery linnam\u00f6\u00f6bli kollektsiooni pargipink","isPartOf":{"@id":"https:\/\/dev.codenot.studio\/extery-new\/#website"},"primaryImageOfPage":{"@id":"https:\/\/dev.codenot.studio\/extery-new\/tooted\/prima-pargipink-seljatoeta\/#primaryimage"},"image":{"@id":"https:\/\/dev.codenot.studio\/extery-new\/tooted\/prima-pargipink-seljatoeta\/#primaryimage"},"thumbnailUrl":"https:\/\/dev.codenot.studio\/extery-new\/wp-content\/uploads\/2020\/11\/Prima-pink-J-E-scaled.jpg","datePublished":"2020-11-11T15:33:25+00:00","dateModified":"2024-12-02T19:36:34+00:00","description":"Pargipink Prima on pragmaatiline valik, mille kvaliteedis ei ole tehtud kompromisse. Linnam\u00f6\u00f6bel- pargipingid, pr\u00fcgikastid ning jalgrattahoidjad.","breadcrumb":{"@id":"https:\/\/dev.codenot.studio\/extery-new\/tooted\/prima-pargipink-seljatoeta\/#breadcrumb"},"inLanguage":"et","potentialAction":[{"@type":"ReadAction","target":["https:\/\/dev.codenot.studio\/extery-new\/tooted\/prima-pargipink-seljatoeta\/"]}]},{"@type":"ImageObject","inLanguage":"et","@id":"https:\/\/dev.codenot.studio\/extery-new\/tooted\/prima-pargipink-seljatoeta\/#primaryimage","url":"https:\/\/dev.codenot.studio\/extery-new\/wp-content\/uploads\/2020\/11\/Prima-pink-J-E-scaled.jpg","contentUrl":"https:\/\/dev.codenot.studio\/extery-new\/wp-content\/uploads\/2020\/11\/Prima-pink-J-E-scaled.jpg","width":2560,"height":1707},{"@type":"BreadcrumbList","@id":"https:\/\/dev.codenot.studio\/extery-new\/tooted\/prima-pargipink-seljatoeta\/#breadcrumb","itemListElement":[{"@type":"ListItem","position":1,"name":"Home","item":"https:\/\/dev.codenot.studio\/extery-new\/"},{"@type":"ListItem","position":2,"name":"Tooted","item":"https:\/\/dev.codenot.studio\/extery-new\/tooted\/"},{"@type":"ListItem","position":3,"name":"pargipink Prima seljatoeta"}]},{"@type":"WebSite","@id":"https:\/\/dev.codenot.studio\/extery-new\/#website","url":"https:\/\/dev.codenot.studio\/extery-new\/","name":"Extery","description":"","publisher":{"@id":"https:\/\/dev.codenot.studio\/extery-new\/#organization"},"potentialAction":[{"@type":"SearchAction","target":{"@type":"EntryPoint","urlTemplate":"https:\/\/dev.codenot.studio\/extery-new\/?s={search_term_string}"},"query-input":{"@type":"PropertyValueSpecification","valueRequired":true,"valueName":"search_term_string"}}],"inLanguage":"et"},{"@type":"Organization","@id":"https:\/\/dev.codenot.studio\/extery-new\/#organization","name":"Extery","url":"https:\/\/dev.codenot.studio\/extery-new\/","logo":{"@type":"ImageObject","inLanguage":"et","@id":"https:\/\/dev.codenot.studio\/extery-new\/#\/schema\/logo\/image\/","url":"https:\/\/dev.codenot.studio\/extery-new\/wp-content\/uploads\/2023\/11\/footer-logo.svg","contentUrl":"https:\/\/dev.codenot.studio\/extery-new\/wp-content\/uploads\/2023\/11\/footer-logo.svg","caption":"Extery"},"image":{"@id":"https:\/\/dev.codenot.studio\/extery-new\/#\/schema\/logo\/image\/"}}]}},"_links":{"self":[{"href":"https:\/\/dev.codenot.studio\/extery-new\/wp-json\/wp\/v2\/product\/3457","targetHints":{"allow":["GET"]}}],"collection":[{"href":"https:\/\/dev.codenot.studio\/extery-new\/wp-json\/wp\/v2\/product"}],"about":[{"href":"https:\/\/dev.codenot.studio\/extery-new\/wp-json\/wp\/v2\/types\/product"}],"replies":[{"embeddable":true,"href":"https:\/\/dev.codenot.studio\/extery-new\/wp-json\/wp\/v2\/comments?post=3457"}],"wp:featuredmedia":[{"embeddable":true,"href":"https:\/\/dev.codenot.studio\/extery-new\/wp-json\/wp\/v2\/media\/836"}],"wp:attachment":[{"href":"https:\/\/dev.codenot.studio\/extery-new\/wp-json\/wp\/v2\/media?parent=3457"}],"wp:term":[{"taxonomy":"product_cat","embeddable":true,"href":"https:\/\/dev.codenot.studio\/extery-new\/wp-json\/wp\/v2\/product_cat?post=3457"},{"taxonomy":"product_tag","embeddable":true,"href":"https:\/\/dev.codenot.studio\/extery-new\/wp-json\/wp\/v2\/product_tag?post=3457"}],"curies":[{"name":"wp","href":"https:\/\/api.w.org\/{rel}","templated":true}]}}