{"id":3362,"date":"2020-11-11T10:51:57","date_gmt":"2020-11-11T10:51:57","guid":{"rendered":"https:\/\/extery.com\/?post_type=product&#038;p=3362"},"modified":"2023-11-07T12:30:46","modified_gmt":"2023-11-07T12:30:46","slug":"tiide","status":"publish","type":"product","link":"https:\/\/dev.codenot.studio\/extery-new\/tooted\/tiide\/","title":{"rendered":"iste Tiide, \u00fcmar"},"content":{"rendered":"<p>Iste Tiide kuulub suuremasse Tiide perekonda, mille liikmetega on v\u00f5imalik luua mitmekesiseid ja erinevaid puhkealasid.<\/p>\n<p>Tiide on Extery linnam\u00f6\u00f6blikolleksiooni v\u00e4ike \u201er\u00fcblik\u201d, disainitud selleks, et tuua linnakujundaja ja maastikuarhitekti arsenali v\u00e4rskeid v\u00f5imalusi. Tiide juures erineb k\u00f5ik varasemast: \u00fcmarad vormid, pehmed painded, lustlikud proportsioonid. Silma torkavad kaasaegsest m\u00f6\u00f6blidisainist tuttavaid v\u00f5tteid, mis konservatiivsemasse linnam\u00f6\u00f6bli valdkonda j\u00f5uavad harvemini. N\u00e4iteks v\u00e4ike flirt Bauhausiga. Detailides paistab silma filigraanselt viimistletud diagonaalne plangutus. Terasdetailid piiravad puidust tasapindasid veenvalt ja t\u00e4pselt. Pingi seljatuge ja lauaplaate katab tugev elastomeer, mis muudab metallpinnad puudutusele meeldivaks.<\/p>\n<p>Tiide on v\u00e4liselt m\u00e4nguline ja s\u00f5bralik, aga sisult robustne: kasutatud materjalid on kvaliteetsed, proportsioonid j\u00f5ulised ning k\u00f5ik viimistlused on v\u00e4ga vastupidavad, nagu Extery puhul kombeks.<\/p>\n<p>Tooteperes on kuus elementi, mis \u00fcksi v\u00f5i gruppidena annavad avalikule ruumile v\u00e4rske ja oman\u00e4olise aktsendi.<\/p>\n","protected":false},"excerpt":{"rendered":"<p>Iste Tiide kuulub suuremasse Tiide perekonda, mille liikmetega on v\u00f5imalik luua mitmekesiseid ja erinevaid puhkealasid. Tiide on Extery linnam\u00f6\u00f6blikolleksiooni v\u00e4ike \u201er\u00fcblik\u201d, disainitud selleks, et tuua linnakujundaja ja maastikuarhitekti arsenali v\u00e4rskeid v\u00f5imalusi. Tiide juures erineb k\u00f5ik varasemast: \u00fcmarad vormid, pehmed painded, lustlikud proportsioonid. Silma torkavad kaasaegsest m\u00f6\u00f6blidisainist tuttavaid v\u00f5tteid, mis konservatiivsemasse linnam\u00f6\u00f6bli valdkonda j\u00f5uavad harvemini. N\u00e4iteks [&hellip;]<\/p>\n","protected":false},"featured_media":962,"comment_status":"open","ping_status":"closed","template":"","meta":{"_acf_changed":false},"product_cat":[32],"product_tag":[],"class_list":["post-3362","product","type-product","status-publish","has-post-thumbnail","hentry","product_cat-toolid-tumbad","product-family-tiide"],"acf":[],"yoast_head":"<!-- This site is optimized with the Yoast SEO plugin v24.1 - https:\/\/yoast.com\/wordpress\/plugins\/seo\/ -->\n<title>iste Tiide, \u00fcmar - Extery linnam\u00f6\u00f6bli kollektsiooni pargipingid<\/title>\n<meta name=\"description\" content=\"Iste Tiide on Extery linnam\u00f6\u00f6blikolleksiooni v\u00e4ike \u201er\u00fcblik\u201d, disainitud selleks, et tuua linnakujundaja ja maastikuarhitekti arsenali v\u00e4rskeid v\u00f5imalusi.\" \/>\n<meta name=\"robots\" content=\"index, follow, max-snippet:-1, max-image-preview:large, max-video-preview:-1\" \/>\n<link rel=\"canonical\" href=\"https:\/\/dev.codenot.studio\/extery-new\/tooted\/tiide\/\" \/>\n<meta property=\"og:locale\" content=\"et_EE\" \/>\n<meta property=\"og:type\" content=\"article\" \/>\n<meta property=\"og:title\" content=\"iste Tiide, \u00fcmar - Extery linnam\u00f6\u00f6bli kollektsiooni pargipingid\" \/>\n<meta property=\"og:description\" content=\"Iste Tiide on Extery linnam\u00f6\u00f6blikolleksiooni v\u00e4ike \u201er\u00fcblik\u201d, disainitud selleks, et tuua linnakujundaja ja maastikuarhitekti arsenali v\u00e4rskeid v\u00f5imalusi.\" \/>\n<meta property=\"og:url\" content=\"https:\/\/dev.codenot.studio\/extery-new\/tooted\/tiide\/\" \/>\n<meta property=\"og:site_name\" content=\"Extery\" \/>\n<meta property=\"article:modified_time\" content=\"2023-11-07T12:30:46+00:00\" \/>\n<meta property=\"og:image\" content=\"https:\/\/dev.codenot.studio\/extery-new\/wp-content\/uploads\/2020\/11\/Tiide-T-U-E-scaled.jpg\" \/>\n\t<meta property=\"og:image:width\" content=\"2560\" \/>\n\t<meta property=\"og:image:height\" content=\"1707\" \/>\n\t<meta property=\"og:image:type\" content=\"image\/jpeg\" \/>\n<meta name=\"twitter:card\" content=\"summary_large_image\" \/>\n<meta name=\"twitter:label1\" content=\"Est. reading time\" \/>\n\t<meta name=\"twitter:data1\" content=\"1 minut\" \/>\n<script type=\"application\/ld+json\" class=\"yoast-schema-graph\">{\"@context\":\"https:\/\/schema.org\",\"@graph\":[{\"@type\":\"WebPage\",\"@id\":\"https:\/\/dev.codenot.studio\/extery-new\/tooted\/tiide\/\",\"url\":\"https:\/\/dev.codenot.studio\/extery-new\/tooted\/tiide\/\",\"name\":\"iste Tiide, \u00fcmar - Extery linnam\u00f6\u00f6bli kollektsiooni pargipingid\",\"isPartOf\":{\"@id\":\"https:\/\/dev.codenot.studio\/extery-new\/#website\"},\"primaryImageOfPage\":{\"@id\":\"https:\/\/dev.codenot.studio\/extery-new\/tooted\/tiide\/#primaryimage\"},\"image\":{\"@id\":\"https:\/\/dev.codenot.studio\/extery-new\/tooted\/tiide\/#primaryimage\"},\"thumbnailUrl\":\"https:\/\/dev.codenot.studio\/extery-new\/wp-content\/uploads\/2020\/11\/Tiide-T-U-E-scaled.jpg\",\"datePublished\":\"2020-11-11T10:51:57+00:00\",\"dateModified\":\"2023-11-07T12:30:46+00:00\",\"description\":\"Iste Tiide on Extery linnam\u00f6\u00f6blikolleksiooni v\u00e4ike \u201er\u00fcblik\u201d, disainitud selleks, et tuua linnakujundaja ja maastikuarhitekti arsenali v\u00e4rskeid v\u00f5imalusi.\",\"breadcrumb\":{\"@id\":\"https:\/\/dev.codenot.studio\/extery-new\/tooted\/tiide\/#breadcrumb\"},\"inLanguage\":\"et\",\"potentialAction\":[{\"@type\":\"ReadAction\",\"target\":[\"https:\/\/dev.codenot.studio\/extery-new\/tooted\/tiide\/\"]}]},{\"@type\":\"ImageObject\",\"inLanguage\":\"et\",\"@id\":\"https:\/\/dev.codenot.studio\/extery-new\/tooted\/tiide\/#primaryimage\",\"url\":\"https:\/\/dev.codenot.studio\/extery-new\/wp-content\/uploads\/2020\/11\/Tiide-T-U-E-scaled.jpg\",\"contentUrl\":\"https:\/\/dev.codenot.studio\/extery-new\/wp-content\/uploads\/2020\/11\/Tiide-T-U-E-scaled.jpg\",\"width\":2560,\"height\":1707},{\"@type\":\"BreadcrumbList\",\"@id\":\"https:\/\/dev.codenot.studio\/extery-new\/tooted\/tiide\/#breadcrumb\",\"itemListElement\":[{\"@type\":\"ListItem\",\"position\":1,\"name\":\"Home\",\"item\":\"https:\/\/dev.codenot.studio\/extery-new\/\"},{\"@type\":\"ListItem\",\"position\":2,\"name\":\"Tooted\",\"item\":\"https:\/\/dev.codenot.studio\/extery-new\/tooted\/\"},{\"@type\":\"ListItem\",\"position\":3,\"name\":\"iste Tiide, \u00fcmar\"}]},{\"@type\":\"WebSite\",\"@id\":\"https:\/\/dev.codenot.studio\/extery-new\/#website\",\"url\":\"https:\/\/dev.codenot.studio\/extery-new\/\",\"name\":\"Extery\",\"description\":\"\",\"publisher\":{\"@id\":\"https:\/\/dev.codenot.studio\/extery-new\/#organization\"},\"potentialAction\":[{\"@type\":\"SearchAction\",\"target\":{\"@type\":\"EntryPoint\",\"urlTemplate\":\"https:\/\/dev.codenot.studio\/extery-new\/?s={search_term_string}\"},\"query-input\":{\"@type\":\"PropertyValueSpecification\",\"valueRequired\":true,\"valueName\":\"search_term_string\"}}],\"inLanguage\":\"et\"},{\"@type\":\"Organization\",\"@id\":\"https:\/\/dev.codenot.studio\/extery-new\/#organization\",\"name\":\"Extery\",\"url\":\"https:\/\/dev.codenot.studio\/extery-new\/\",\"logo\":{\"@type\":\"ImageObject\",\"inLanguage\":\"et\",\"@id\":\"https:\/\/dev.codenot.studio\/extery-new\/#\/schema\/logo\/image\/\",\"url\":\"https:\/\/dev.codenot.studio\/extery-new\/wp-content\/uploads\/2023\/11\/footer-logo.svg\",\"contentUrl\":\"https:\/\/dev.codenot.studio\/extery-new\/wp-content\/uploads\/2023\/11\/footer-logo.svg\",\"caption\":\"Extery\"},\"image\":{\"@id\":\"https:\/\/dev.codenot.studio\/extery-new\/#\/schema\/logo\/image\/\"}}]}<\/script>\n<!-- \/ Yoast SEO plugin. -->","yoast_head_json":{"title":"iste Tiide, \u00fcmar - Extery linnam\u00f6\u00f6bli kollektsiooni pargipingid","description":"Iste Tiide on Extery linnam\u00f6\u00f6blikolleksiooni v\u00e4ike \u201er\u00fcblik\u201d, disainitud selleks, et tuua linnakujundaja ja maastikuarhitekti arsenali v\u00e4rskeid v\u00f5imalusi.","robots":{"index":"index","follow":"follow","max-snippet":"max-snippet:-1","max-image-preview":"max-image-preview:large","max-video-preview":"max-video-preview:-1"},"canonical":"https:\/\/dev.codenot.studio\/extery-new\/tooted\/tiide\/","og_locale":"et_EE","og_type":"article","og_title":"iste Tiide, \u00fcmar - Extery linnam\u00f6\u00f6bli kollektsiooni pargipingid","og_description":"Iste Tiide on Extery linnam\u00f6\u00f6blikolleksiooni v\u00e4ike \u201er\u00fcblik\u201d, disainitud selleks, et tuua linnakujundaja ja maastikuarhitekti arsenali v\u00e4rskeid v\u00f5imalusi.","og_url":"https:\/\/dev.codenot.studio\/extery-new\/tooted\/tiide\/","og_site_name":"Extery","article_modified_time":"2023-11-07T12:30:46+00:00","og_image":[{"width":2560,"height":1707,"url":"https:\/\/dev.codenot.studio\/extery-new\/wp-content\/uploads\/2020\/11\/Tiide-T-U-E-scaled.jpg","type":"image\/jpeg"}],"twitter_card":"summary_large_image","twitter_misc":{"Est. reading time":"1 minut"},"schema":{"@context":"https:\/\/schema.org","@graph":[{"@type":"WebPage","@id":"https:\/\/dev.codenot.studio\/extery-new\/tooted\/tiide\/","url":"https:\/\/dev.codenot.studio\/extery-new\/tooted\/tiide\/","name":"iste Tiide, \u00fcmar - Extery linnam\u00f6\u00f6bli kollektsiooni pargipingid","isPartOf":{"@id":"https:\/\/dev.codenot.studio\/extery-new\/#website"},"primaryImageOfPage":{"@id":"https:\/\/dev.codenot.studio\/extery-new\/tooted\/tiide\/#primaryimage"},"image":{"@id":"https:\/\/dev.codenot.studio\/extery-new\/tooted\/tiide\/#primaryimage"},"thumbnailUrl":"https:\/\/dev.codenot.studio\/extery-new\/wp-content\/uploads\/2020\/11\/Tiide-T-U-E-scaled.jpg","datePublished":"2020-11-11T10:51:57+00:00","dateModified":"2023-11-07T12:30:46+00:00","description":"Iste Tiide on Extery linnam\u00f6\u00f6blikolleksiooni v\u00e4ike \u201er\u00fcblik\u201d, disainitud selleks, et tuua linnakujundaja ja maastikuarhitekti arsenali v\u00e4rskeid v\u00f5imalusi.","breadcrumb":{"@id":"https:\/\/dev.codenot.studio\/extery-new\/tooted\/tiide\/#breadcrumb"},"inLanguage":"et","potentialAction":[{"@type":"ReadAction","target":["https:\/\/dev.codenot.studio\/extery-new\/tooted\/tiide\/"]}]},{"@type":"ImageObject","inLanguage":"et","@id":"https:\/\/dev.codenot.studio\/extery-new\/tooted\/tiide\/#primaryimage","url":"https:\/\/dev.codenot.studio\/extery-new\/wp-content\/uploads\/2020\/11\/Tiide-T-U-E-scaled.jpg","contentUrl":"https:\/\/dev.codenot.studio\/extery-new\/wp-content\/uploads\/2020\/11\/Tiide-T-U-E-scaled.jpg","width":2560,"height":1707},{"@type":"BreadcrumbList","@id":"https:\/\/dev.codenot.studio\/extery-new\/tooted\/tiide\/#breadcrumb","itemListElement":[{"@type":"ListItem","position":1,"name":"Home","item":"https:\/\/dev.codenot.studio\/extery-new\/"},{"@type":"ListItem","position":2,"name":"Tooted","item":"https:\/\/dev.codenot.studio\/extery-new\/tooted\/"},{"@type":"ListItem","position":3,"name":"iste Tiide, \u00fcmar"}]},{"@type":"WebSite","@id":"https:\/\/dev.codenot.studio\/extery-new\/#website","url":"https:\/\/dev.codenot.studio\/extery-new\/","name":"Extery","description":"","publisher":{"@id":"https:\/\/dev.codenot.studio\/extery-new\/#organization"},"potentialAction":[{"@type":"SearchAction","target":{"@type":"EntryPoint","urlTemplate":"https:\/\/dev.codenot.studio\/extery-new\/?s={search_term_string}"},"query-input":{"@type":"PropertyValueSpecification","valueRequired":true,"valueName":"search_term_string"}}],"inLanguage":"et"},{"@type":"Organization","@id":"https:\/\/dev.codenot.studio\/extery-new\/#organization","name":"Extery","url":"https:\/\/dev.codenot.studio\/extery-new\/","logo":{"@type":"ImageObject","inLanguage":"et","@id":"https:\/\/dev.codenot.studio\/extery-new\/#\/schema\/logo\/image\/","url":"https:\/\/dev.codenot.studio\/extery-new\/wp-content\/uploads\/2023\/11\/footer-logo.svg","contentUrl":"https:\/\/dev.codenot.studio\/extery-new\/wp-content\/uploads\/2023\/11\/footer-logo.svg","caption":"Extery"},"image":{"@id":"https:\/\/dev.codenot.studio\/extery-new\/#\/schema\/logo\/image\/"}}]}},"_links":{"self":[{"href":"https:\/\/dev.codenot.studio\/extery-new\/wp-json\/wp\/v2\/product\/3362","targetHints":{"allow":["GET"]}}],"collection":[{"href":"https:\/\/dev.codenot.studio\/extery-new\/wp-json\/wp\/v2\/product"}],"about":[{"href":"https:\/\/dev.codenot.studio\/extery-new\/wp-json\/wp\/v2\/types\/product"}],"replies":[{"embeddable":true,"href":"https:\/\/dev.codenot.studio\/extery-new\/wp-json\/wp\/v2\/comments?post=3362"}],"wp:featuredmedia":[{"embeddable":true,"href":"https:\/\/dev.codenot.studio\/extery-new\/wp-json\/wp\/v2\/media\/962"}],"wp:attachment":[{"href":"https:\/\/dev.codenot.studio\/extery-new\/wp-json\/wp\/v2\/media?parent=3362"}],"wp:term":[{"taxonomy":"product_cat","embeddable":true,"href":"https:\/\/dev.codenot.studio\/extery-new\/wp-json\/wp\/v2\/product_cat?post=3362"},{"taxonomy":"product_tag","embeddable":true,"href":"https:\/\/dev.codenot.studio\/extery-new\/wp-json\/wp\/v2\/product_tag?post=3362"}],"curies":[{"name":"wp","href":"https:\/\/api.w.org\/{rel}","templated":true}]}}