{"id":25799,"date":"2023-06-08T10:39:48","date_gmt":"2023-06-08T10:39:48","guid":{"rendered":"https:\/\/extery.com\/?post_type=product&#038;p=25799"},"modified":"2024-02-22T12:55:46","modified_gmt":"2024-02-22T12:55:46","slug":"taimekonteiner-jada","status":"publish","type":"product","link":"https:\/\/dev.codenot.studio\/extery-new\/tooted\/taimekonteiner-jada\/","title":{"rendered":"taimekonteiner Jada"},"content":{"rendered":"<p>Taimekonteiner Jada aitab luua \u00f5dusaid rohelisi nurgakesi linnaruumi just sellise r\u00fctmi ja mahuga nagu hing ihaldab, sest valikus on kolm erinevat suurust, mis v\u00f5imaldab ruumile l\u00e4heneda paindlikult ja loominguliselt.<\/p>\n<p>Taimekonteineri sisu ja raam on kuumtsingitud ning pulberv\u00e4rvitud teraslehest, mis muudab toote niiskusele ja erinevatele ilmastikutingimustele \u00e4\u00e4rmiselt vastupidavaks. Loomulikku v\u00f5lu ja pehmust lisab v\u00e4limistel k\u00fclgedel olev kvaliteetne oksavaba puitlaudis. Jada taimekonteineriga saad ka kalgimasse arhitektuuri tuua killuke loodust ja soojust.<\/p>\n<p>Jada taimekonteiner on \u00fcks element suuremast Jada perekonnast, kuhu kuuluvad lisaks erinevad pargipingi moodulid, millega on v\u00f5imalus luua l\u00f5putult p\u00f5nevaid lahendusi iga linnaruumi jaoks.<\/p>\n<p>&nbsp;<\/p>\n","protected":false},"excerpt":{"rendered":"<p>Taimekonteiner Jada aitab luua \u00f5dusaid rohelisi nurgakesi linnaruumi just sellise r\u00fctmi ja mahuga nagu hing ihaldab, sest valikus on kolm erinevat suurust, mis v\u00f5imaldab ruumile l\u00e4heneda paindlikult ja loominguliselt. Taimekonteineri sisu ja raam on kuumtsingitud ning pulberv\u00e4rvitud teraslehest, mis muudab toote niiskusele ja erinevatele ilmastikutingimustele \u00e4\u00e4rmiselt vastupidavaks. Loomulikku v\u00f5lu ja pehmust lisab v\u00e4limistel k\u00fclgedel olev [&hellip;]<\/p>\n","protected":false},"featured_media":25884,"comment_status":"open","ping_status":"closed","template":"","meta":{"_acf_changed":false},"product_cat":[36],"product_tag":[],"class_list":["post-25799","product","type-product","status-publish","has-post-thumbnail","hentry","product_cat-linnaruumi-elemendid","product-family-jada"],"acf":[],"yoast_head":"<!-- This site is optimized with the Yoast SEO plugin v24.1 - https:\/\/yoast.com\/wordpress\/plugins\/seo\/ -->\n<title>taimekonteiner Jada - Extery linnam\u00f6\u00f6bli kollektsiooni taimekonteiner<\/title>\n<meta name=\"description\" content=\"Taimekonteiner Jada aitab luua \u00f5dusaid rohelisi alasid linnaruumi just sellise r\u00fctmi ja mahuga nagu hing ihaldab, sest valikus on kolm erinevat suurust, mis v\u00f5imaldab ruumile l\u00e4heneda paindlikult ja loominguliselt.\" \/>\n<meta name=\"robots\" content=\"index, follow, max-snippet:-1, max-image-preview:large, max-video-preview:-1\" \/>\n<link rel=\"canonical\" href=\"https:\/\/dev.codenot.studio\/extery-new\/tooted\/taimekonteiner-jada\/\" \/>\n<meta property=\"og:locale\" content=\"et_EE\" \/>\n<meta property=\"og:type\" content=\"article\" \/>\n<meta property=\"og:title\" content=\"taimekonteiner Jada - Extery linnam\u00f6\u00f6bli kollektsiooni taimekonteiner\" \/>\n<meta property=\"og:description\" content=\"Taimekonteiner Jada aitab luua \u00f5dusaid rohelisi alasid linnaruumi just sellise r\u00fctmi ja mahuga nagu hing ihaldab, sest valikus on kolm erinevat suurust, mis v\u00f5imaldab ruumile l\u00e4heneda paindlikult ja loominguliselt.\" \/>\n<meta property=\"og:url\" content=\"https:\/\/dev.codenot.studio\/extery-new\/tooted\/taimekonteiner-jada\/\" \/>\n<meta property=\"og:site_name\" content=\"Extery\" \/>\n<meta property=\"article:modified_time\" content=\"2024-02-22T12:55:46+00:00\" \/>\n<meta property=\"og:image\" content=\"https:\/\/dev.codenot.studio\/extery-new\/wp-content\/uploads\/2023\/06\/EXtery-Jada-planter-plants.jpg\" \/>\n\t<meta property=\"og:image:width\" content=\"1875\" \/>\n\t<meta property=\"og:image:height\" content=\"1250\" \/>\n\t<meta property=\"og:image:type\" content=\"image\/jpeg\" \/>\n<meta name=\"twitter:card\" content=\"summary_large_image\" \/>\n<meta name=\"twitter:label1\" content=\"Est. reading time\" \/>\n\t<meta name=\"twitter:data1\" content=\"1 minut\" \/>\n<script type=\"application\/ld+json\" class=\"yoast-schema-graph\">{\"@context\":\"https:\/\/schema.org\",\"@graph\":[{\"@type\":\"WebPage\",\"@id\":\"https:\/\/dev.codenot.studio\/extery-new\/tooted\/taimekonteiner-jada\/\",\"url\":\"https:\/\/dev.codenot.studio\/extery-new\/tooted\/taimekonteiner-jada\/\",\"name\":\"taimekonteiner Jada - Extery linnam\u00f6\u00f6bli kollektsiooni taimekonteiner\",\"isPartOf\":{\"@id\":\"https:\/\/dev.codenot.studio\/extery-new\/#website\"},\"primaryImageOfPage\":{\"@id\":\"https:\/\/dev.codenot.studio\/extery-new\/tooted\/taimekonteiner-jada\/#primaryimage\"},\"image\":{\"@id\":\"https:\/\/dev.codenot.studio\/extery-new\/tooted\/taimekonteiner-jada\/#primaryimage\"},\"thumbnailUrl\":\"https:\/\/dev.codenot.studio\/extery-new\/wp-content\/uploads\/2023\/06\/EXtery-Jada-planter-plants.jpg\",\"datePublished\":\"2023-06-08T10:39:48+00:00\",\"dateModified\":\"2024-02-22T12:55:46+00:00\",\"description\":\"Taimekonteiner Jada aitab luua \u00f5dusaid rohelisi alasid linnaruumi just sellise r\u00fctmi ja mahuga nagu hing ihaldab, sest valikus on kolm erinevat suurust, mis v\u00f5imaldab ruumile l\u00e4heneda paindlikult ja loominguliselt.\",\"breadcrumb\":{\"@id\":\"https:\/\/dev.codenot.studio\/extery-new\/tooted\/taimekonteiner-jada\/#breadcrumb\"},\"inLanguage\":\"et\",\"potentialAction\":[{\"@type\":\"ReadAction\",\"target\":[\"https:\/\/dev.codenot.studio\/extery-new\/tooted\/taimekonteiner-jada\/\"]}]},{\"@type\":\"ImageObject\",\"inLanguage\":\"et\",\"@id\":\"https:\/\/dev.codenot.studio\/extery-new\/tooted\/taimekonteiner-jada\/#primaryimage\",\"url\":\"https:\/\/dev.codenot.studio\/extery-new\/wp-content\/uploads\/2023\/06\/EXtery-Jada-planter-plants.jpg\",\"contentUrl\":\"https:\/\/dev.codenot.studio\/extery-new\/wp-content\/uploads\/2023\/06\/EXtery-Jada-planter-plants.jpg\",\"width\":1875,\"height\":1250},{\"@type\":\"BreadcrumbList\",\"@id\":\"https:\/\/dev.codenot.studio\/extery-new\/tooted\/taimekonteiner-jada\/#breadcrumb\",\"itemListElement\":[{\"@type\":\"ListItem\",\"position\":1,\"name\":\"Home\",\"item\":\"https:\/\/dev.codenot.studio\/extery-new\/\"},{\"@type\":\"ListItem\",\"position\":2,\"name\":\"Tooted\",\"item\":\"https:\/\/dev.codenot.studio\/extery-new\/tooted\/\"},{\"@type\":\"ListItem\",\"position\":3,\"name\":\"taimekonteiner Jada\"}]},{\"@type\":\"WebSite\",\"@id\":\"https:\/\/dev.codenot.studio\/extery-new\/#website\",\"url\":\"https:\/\/dev.codenot.studio\/extery-new\/\",\"name\":\"Extery\",\"description\":\"\",\"publisher\":{\"@id\":\"https:\/\/dev.codenot.studio\/extery-new\/#organization\"},\"potentialAction\":[{\"@type\":\"SearchAction\",\"target\":{\"@type\":\"EntryPoint\",\"urlTemplate\":\"https:\/\/dev.codenot.studio\/extery-new\/?s={search_term_string}\"},\"query-input\":{\"@type\":\"PropertyValueSpecification\",\"valueRequired\":true,\"valueName\":\"search_term_string\"}}],\"inLanguage\":\"et\"},{\"@type\":\"Organization\",\"@id\":\"https:\/\/dev.codenot.studio\/extery-new\/#organization\",\"name\":\"Extery\",\"url\":\"https:\/\/dev.codenot.studio\/extery-new\/\",\"logo\":{\"@type\":\"ImageObject\",\"inLanguage\":\"et\",\"@id\":\"https:\/\/dev.codenot.studio\/extery-new\/#\/schema\/logo\/image\/\",\"url\":\"https:\/\/dev.codenot.studio\/extery-new\/wp-content\/uploads\/2023\/11\/footer-logo.svg\",\"contentUrl\":\"https:\/\/dev.codenot.studio\/extery-new\/wp-content\/uploads\/2023\/11\/footer-logo.svg\",\"caption\":\"Extery\"},\"image\":{\"@id\":\"https:\/\/dev.codenot.studio\/extery-new\/#\/schema\/logo\/image\/\"}}]}<\/script>\n<!-- \/ Yoast SEO plugin. -->","yoast_head_json":{"title":"taimekonteiner Jada - Extery linnam\u00f6\u00f6bli kollektsiooni taimekonteiner","description":"Taimekonteiner Jada aitab luua \u00f5dusaid rohelisi alasid linnaruumi just sellise r\u00fctmi ja mahuga nagu hing ihaldab, sest valikus on kolm erinevat suurust, mis v\u00f5imaldab ruumile l\u00e4heneda paindlikult ja loominguliselt.","robots":{"index":"index","follow":"follow","max-snippet":"max-snippet:-1","max-image-preview":"max-image-preview:large","max-video-preview":"max-video-preview:-1"},"canonical":"https:\/\/dev.codenot.studio\/extery-new\/tooted\/taimekonteiner-jada\/","og_locale":"et_EE","og_type":"article","og_title":"taimekonteiner Jada - Extery linnam\u00f6\u00f6bli kollektsiooni taimekonteiner","og_description":"Taimekonteiner Jada aitab luua \u00f5dusaid rohelisi alasid linnaruumi just sellise r\u00fctmi ja mahuga nagu hing ihaldab, sest valikus on kolm erinevat suurust, mis v\u00f5imaldab ruumile l\u00e4heneda paindlikult ja loominguliselt.","og_url":"https:\/\/dev.codenot.studio\/extery-new\/tooted\/taimekonteiner-jada\/","og_site_name":"Extery","article_modified_time":"2024-02-22T12:55:46+00:00","og_image":[{"width":1875,"height":1250,"url":"https:\/\/dev.codenot.studio\/extery-new\/wp-content\/uploads\/2023\/06\/EXtery-Jada-planter-plants.jpg","type":"image\/jpeg"}],"twitter_card":"summary_large_image","twitter_misc":{"Est. reading time":"1 minut"},"schema":{"@context":"https:\/\/schema.org","@graph":[{"@type":"WebPage","@id":"https:\/\/dev.codenot.studio\/extery-new\/tooted\/taimekonteiner-jada\/","url":"https:\/\/dev.codenot.studio\/extery-new\/tooted\/taimekonteiner-jada\/","name":"taimekonteiner Jada - Extery linnam\u00f6\u00f6bli kollektsiooni taimekonteiner","isPartOf":{"@id":"https:\/\/dev.codenot.studio\/extery-new\/#website"},"primaryImageOfPage":{"@id":"https:\/\/dev.codenot.studio\/extery-new\/tooted\/taimekonteiner-jada\/#primaryimage"},"image":{"@id":"https:\/\/dev.codenot.studio\/extery-new\/tooted\/taimekonteiner-jada\/#primaryimage"},"thumbnailUrl":"https:\/\/dev.codenot.studio\/extery-new\/wp-content\/uploads\/2023\/06\/EXtery-Jada-planter-plants.jpg","datePublished":"2023-06-08T10:39:48+00:00","dateModified":"2024-02-22T12:55:46+00:00","description":"Taimekonteiner Jada aitab luua \u00f5dusaid rohelisi alasid linnaruumi just sellise r\u00fctmi ja mahuga nagu hing ihaldab, sest valikus on kolm erinevat suurust, mis v\u00f5imaldab ruumile l\u00e4heneda paindlikult ja loominguliselt.","breadcrumb":{"@id":"https:\/\/dev.codenot.studio\/extery-new\/tooted\/taimekonteiner-jada\/#breadcrumb"},"inLanguage":"et","potentialAction":[{"@type":"ReadAction","target":["https:\/\/dev.codenot.studio\/extery-new\/tooted\/taimekonteiner-jada\/"]}]},{"@type":"ImageObject","inLanguage":"et","@id":"https:\/\/dev.codenot.studio\/extery-new\/tooted\/taimekonteiner-jada\/#primaryimage","url":"https:\/\/dev.codenot.studio\/extery-new\/wp-content\/uploads\/2023\/06\/EXtery-Jada-planter-plants.jpg","contentUrl":"https:\/\/dev.codenot.studio\/extery-new\/wp-content\/uploads\/2023\/06\/EXtery-Jada-planter-plants.jpg","width":1875,"height":1250},{"@type":"BreadcrumbList","@id":"https:\/\/dev.codenot.studio\/extery-new\/tooted\/taimekonteiner-jada\/#breadcrumb","itemListElement":[{"@type":"ListItem","position":1,"name":"Home","item":"https:\/\/dev.codenot.studio\/extery-new\/"},{"@type":"ListItem","position":2,"name":"Tooted","item":"https:\/\/dev.codenot.studio\/extery-new\/tooted\/"},{"@type":"ListItem","position":3,"name":"taimekonteiner Jada"}]},{"@type":"WebSite","@id":"https:\/\/dev.codenot.studio\/extery-new\/#website","url":"https:\/\/dev.codenot.studio\/extery-new\/","name":"Extery","description":"","publisher":{"@id":"https:\/\/dev.codenot.studio\/extery-new\/#organization"},"potentialAction":[{"@type":"SearchAction","target":{"@type":"EntryPoint","urlTemplate":"https:\/\/dev.codenot.studio\/extery-new\/?s={search_term_string}"},"query-input":{"@type":"PropertyValueSpecification","valueRequired":true,"valueName":"search_term_string"}}],"inLanguage":"et"},{"@type":"Organization","@id":"https:\/\/dev.codenot.studio\/extery-new\/#organization","name":"Extery","url":"https:\/\/dev.codenot.studio\/extery-new\/","logo":{"@type":"ImageObject","inLanguage":"et","@id":"https:\/\/dev.codenot.studio\/extery-new\/#\/schema\/logo\/image\/","url":"https:\/\/dev.codenot.studio\/extery-new\/wp-content\/uploads\/2023\/11\/footer-logo.svg","contentUrl":"https:\/\/dev.codenot.studio\/extery-new\/wp-content\/uploads\/2023\/11\/footer-logo.svg","caption":"Extery"},"image":{"@id":"https:\/\/dev.codenot.studio\/extery-new\/#\/schema\/logo\/image\/"}}]}},"_links":{"self":[{"href":"https:\/\/dev.codenot.studio\/extery-new\/wp-json\/wp\/v2\/product\/25799","targetHints":{"allow":["GET"]}}],"collection":[{"href":"https:\/\/dev.codenot.studio\/extery-new\/wp-json\/wp\/v2\/product"}],"about":[{"href":"https:\/\/dev.codenot.studio\/extery-new\/wp-json\/wp\/v2\/types\/product"}],"replies":[{"embeddable":true,"href":"https:\/\/dev.codenot.studio\/extery-new\/wp-json\/wp\/v2\/comments?post=25799"}],"wp:featuredmedia":[{"embeddable":true,"href":"https:\/\/dev.codenot.studio\/extery-new\/wp-json\/wp\/v2\/media\/25884"}],"wp:attachment":[{"href":"https:\/\/dev.codenot.studio\/extery-new\/wp-json\/wp\/v2\/media?parent=25799"}],"wp:term":[{"taxonomy":"product_cat","embeddable":true,"href":"https:\/\/dev.codenot.studio\/extery-new\/wp-json\/wp\/v2\/product_cat?post=25799"},{"taxonomy":"product_tag","embeddable":true,"href":"https:\/\/dev.codenot.studio\/extery-new\/wp-json\/wp\/v2\/product_tag?post=25799"}],"curies":[{"name":"wp","href":"https:\/\/api.w.org\/{rel}","templated":true}]}}