{"id":25049,"date":"2023-05-31T10:50:50","date_gmt":"2023-05-31T10:50:50","guid":{"rendered":"https:\/\/extery.com\/?post_type=product&#038;p=25049"},"modified":"2023-11-22T08:11:07","modified_gmt":"2023-11-22T08:11:07","slug":"pargipink-veer","status":"publish","type":"product","link":"https:\/\/dev.codenot.studio\/extery-new\/tooted\/pargipink-veer\/","title":{"rendered":"pargipink Veer"},"content":{"rendered":"<p>Pargipink Veer &#8211; funktsionalistlikult selge olekuga, valgust ja \u00f5hku endast l\u00e4bilaskev disain sobib tundlikuks t\u00e4ienduseks arhitektuurile v\u00f5i pakkuma meeldivat kontrasti looduslikul foonil.<\/p>\n<p>Kasutaja mugavusele suunatud disain pakub pingil puhkajale mitmeid eriilmelisi ja m\u00f5nusaid asendeid. Pargipingi Veer erip\u00e4ra on selle seljatoe l\u00f5pus asuv horisontaalne pind. See on paigutatud t\u00e4pselt \u00f5igele k\u00f5rgusele, et toetada k\u00e4tt telefoni, raamatut v\u00f5i kohvitopsi k\u00e4es hoides. \u00a0Lisaks on Veeri disainis kasutatud \u00fcmaraid toruvorme, mis v\u00f5imendab elutoa diivani tuttavlikkust ning lisab avalikku ruumi kodust mugavust. Veer toob elu igasse avalikku ruumi, luues d\u00fcnaamilisi ja elavaid paikasid.<\/p>\n<p>Veer on saadaval kolmes standardlaiuses: klassikaline pargipingi laius, mis Veeri iseloomuliku vormi t\u00f5ttu m\u00f5jub diivanlikult; tugitooli laius, mis pakub mitmek\u00fclgseid v\u00f5imalusi m\u00f6\u00f6bli paigutamiseks maastikul; ning vahepealne twin laius, mis on ideaalne nii \u00fcksi laiutamiseks kui ka l\u00e4hedase inimesega salajuttude jagamiseks.<\/p>\n<p>Extery linnam\u00f6\u00f6bel aitab luua elavaid v\u00e4liruume, tuues igasse avalikku ruumi elu ja s\u00e4ra. Pargipink Veer pakub just seda \u201emiskit\u201c, et muuta avalik ruum atraktiivsemaks ja kutsuvamaks.<\/p>\n","protected":false},"excerpt":{"rendered":"<p>Pargipink Veer &#8211; funktsionalistlikult selge olekuga, valgust ja \u00f5hku endast l\u00e4bilaskev disain sobib tundlikuks t\u00e4ienduseks arhitektuurile v\u00f5i pakkuma meeldivat kontrasti looduslikul foonil. Kasutaja mugavusele suunatud disain pakub pingil puhkajale mitmeid eriilmelisi ja m\u00f5nusaid asendeid. Pargipingi Veer erip\u00e4ra on selle seljatoe l\u00f5pus asuv horisontaalne pind. See on paigutatud t\u00e4pselt \u00f5igele k\u00f5rgusele, et toetada k\u00e4tt telefoni, raamatut [&hellip;]<\/p>\n","protected":false},"featured_media":25764,"comment_status":"open","ping_status":"closed","template":"","meta":{"_acf_changed":false},"product_cat":[30],"product_tag":[],"class_list":["post-25049","product","type-product","status-publish","has-post-thumbnail","hentry","product_cat-seljatoega-pargipingid","product-family-veer"],"acf":[],"yoast_head":"<!-- This site is optimized with the Yoast SEO plugin v24.1 - https:\/\/yoast.com\/wordpress\/plugins\/seo\/ -->\n<title>pargipink Veer - Extery linnam\u00f6\u00f6bli kollektsiooni pargipink<\/title>\n<meta name=\"description\" content=\"Pargipink Veer on loodud maastikukujunduslike astmete v\u00f5i servade t\u00e4iendamiseks, muutes need uskumatult mugavateks istumispindadeks linnaruumis.\" \/>\n<meta name=\"robots\" content=\"index, follow, max-snippet:-1, max-image-preview:large, max-video-preview:-1\" \/>\n<link rel=\"canonical\" href=\"https:\/\/dev.codenot.studio\/extery-new\/tooted\/pargipink-veer\/\" \/>\n<meta property=\"og:locale\" content=\"et_EE\" \/>\n<meta property=\"og:type\" content=\"article\" \/>\n<meta property=\"og:title\" content=\"pargipink Veer - Extery linnam\u00f6\u00f6bli kollektsiooni pargipink\" \/>\n<meta property=\"og:description\" content=\"Pargipink Veer on loodud maastikukujunduslike astmete v\u00f5i servade t\u00e4iendamiseks, muutes need uskumatult mugavateks istumispindadeks linnaruumis.\" \/>\n<meta property=\"og:url\" content=\"https:\/\/dev.codenot.studio\/extery-new\/tooted\/pargipink-veer\/\" \/>\n<meta property=\"og:site_name\" content=\"Extery\" \/>\n<meta property=\"article:modified_time\" content=\"2023-11-22T08:11:07+00:00\" \/>\n<meta property=\"og:image\" content=\"https:\/\/dev.codenot.studio\/extery-new\/wp-content\/uploads\/2023\/06\/Extery-park-bench-Veer-2m-1-scaled.jpg\" \/>\n\t<meta property=\"og:image:width\" content=\"2560\" \/>\n\t<meta property=\"og:image:height\" content=\"1707\" \/>\n\t<meta property=\"og:image:type\" content=\"image\/jpeg\" \/>\n<meta name=\"twitter:card\" content=\"summary_large_image\" \/>\n<meta name=\"twitter:label1\" content=\"Est. reading time\" \/>\n\t<meta name=\"twitter:data1\" content=\"1 minut\" \/>\n<script type=\"application\/ld+json\" class=\"yoast-schema-graph\">{\"@context\":\"https:\/\/schema.org\",\"@graph\":[{\"@type\":\"WebPage\",\"@id\":\"https:\/\/dev.codenot.studio\/extery-new\/tooted\/pargipink-veer\/\",\"url\":\"https:\/\/dev.codenot.studio\/extery-new\/tooted\/pargipink-veer\/\",\"name\":\"pargipink Veer - Extery linnam\u00f6\u00f6bli kollektsiooni pargipink\",\"isPartOf\":{\"@id\":\"https:\/\/dev.codenot.studio\/extery-new\/#website\"},\"primaryImageOfPage\":{\"@id\":\"https:\/\/dev.codenot.studio\/extery-new\/tooted\/pargipink-veer\/#primaryimage\"},\"image\":{\"@id\":\"https:\/\/dev.codenot.studio\/extery-new\/tooted\/pargipink-veer\/#primaryimage\"},\"thumbnailUrl\":\"https:\/\/dev.codenot.studio\/extery-new\/wp-content\/uploads\/2023\/06\/Extery-park-bench-Veer-2m-1-scaled.jpg\",\"datePublished\":\"2023-05-31T10:50:50+00:00\",\"dateModified\":\"2023-11-22T08:11:07+00:00\",\"description\":\"Pargipink Veer on loodud maastikukujunduslike astmete v\u00f5i servade t\u00e4iendamiseks, muutes need uskumatult mugavateks istumispindadeks linnaruumis.\",\"breadcrumb\":{\"@id\":\"https:\/\/dev.codenot.studio\/extery-new\/tooted\/pargipink-veer\/#breadcrumb\"},\"inLanguage\":\"et\",\"potentialAction\":[{\"@type\":\"ReadAction\",\"target\":[\"https:\/\/dev.codenot.studio\/extery-new\/tooted\/pargipink-veer\/\"]}]},{\"@type\":\"ImageObject\",\"inLanguage\":\"et\",\"@id\":\"https:\/\/dev.codenot.studio\/extery-new\/tooted\/pargipink-veer\/#primaryimage\",\"url\":\"https:\/\/dev.codenot.studio\/extery-new\/wp-content\/uploads\/2023\/06\/Extery-park-bench-Veer-2m-1-scaled.jpg\",\"contentUrl\":\"https:\/\/dev.codenot.studio\/extery-new\/wp-content\/uploads\/2023\/06\/Extery-park-bench-Veer-2m-1-scaled.jpg\",\"width\":2560,\"height\":1707},{\"@type\":\"BreadcrumbList\",\"@id\":\"https:\/\/dev.codenot.studio\/extery-new\/tooted\/pargipink-veer\/#breadcrumb\",\"itemListElement\":[{\"@type\":\"ListItem\",\"position\":1,\"name\":\"Home\",\"item\":\"https:\/\/dev.codenot.studio\/extery-new\/\"},{\"@type\":\"ListItem\",\"position\":2,\"name\":\"Tooted\",\"item\":\"https:\/\/dev.codenot.studio\/extery-new\/tooted\/\"},{\"@type\":\"ListItem\",\"position\":3,\"name\":\"pargipink Veer\"}]},{\"@type\":\"WebSite\",\"@id\":\"https:\/\/dev.codenot.studio\/extery-new\/#website\",\"url\":\"https:\/\/dev.codenot.studio\/extery-new\/\",\"name\":\"Extery\",\"description\":\"\",\"publisher\":{\"@id\":\"https:\/\/dev.codenot.studio\/extery-new\/#organization\"},\"potentialAction\":[{\"@type\":\"SearchAction\",\"target\":{\"@type\":\"EntryPoint\",\"urlTemplate\":\"https:\/\/dev.codenot.studio\/extery-new\/?s={search_term_string}\"},\"query-input\":{\"@type\":\"PropertyValueSpecification\",\"valueRequired\":true,\"valueName\":\"search_term_string\"}}],\"inLanguage\":\"et\"},{\"@type\":\"Organization\",\"@id\":\"https:\/\/dev.codenot.studio\/extery-new\/#organization\",\"name\":\"Extery\",\"url\":\"https:\/\/dev.codenot.studio\/extery-new\/\",\"logo\":{\"@type\":\"ImageObject\",\"inLanguage\":\"et\",\"@id\":\"https:\/\/dev.codenot.studio\/extery-new\/#\/schema\/logo\/image\/\",\"url\":\"https:\/\/dev.codenot.studio\/extery-new\/wp-content\/uploads\/2023\/11\/footer-logo.svg\",\"contentUrl\":\"https:\/\/dev.codenot.studio\/extery-new\/wp-content\/uploads\/2023\/11\/footer-logo.svg\",\"caption\":\"Extery\"},\"image\":{\"@id\":\"https:\/\/dev.codenot.studio\/extery-new\/#\/schema\/logo\/image\/\"}}]}<\/script>\n<!-- \/ Yoast SEO plugin. -->","yoast_head_json":{"title":"pargipink Veer - Extery linnam\u00f6\u00f6bli kollektsiooni pargipink","description":"Pargipink Veer on loodud maastikukujunduslike astmete v\u00f5i servade t\u00e4iendamiseks, muutes need uskumatult mugavateks istumispindadeks linnaruumis.","robots":{"index":"index","follow":"follow","max-snippet":"max-snippet:-1","max-image-preview":"max-image-preview:large","max-video-preview":"max-video-preview:-1"},"canonical":"https:\/\/dev.codenot.studio\/extery-new\/tooted\/pargipink-veer\/","og_locale":"et_EE","og_type":"article","og_title":"pargipink Veer - Extery linnam\u00f6\u00f6bli kollektsiooni pargipink","og_description":"Pargipink Veer on loodud maastikukujunduslike astmete v\u00f5i servade t\u00e4iendamiseks, muutes need uskumatult mugavateks istumispindadeks linnaruumis.","og_url":"https:\/\/dev.codenot.studio\/extery-new\/tooted\/pargipink-veer\/","og_site_name":"Extery","article_modified_time":"2023-11-22T08:11:07+00:00","og_image":[{"width":2560,"height":1707,"url":"https:\/\/dev.codenot.studio\/extery-new\/wp-content\/uploads\/2023\/06\/Extery-park-bench-Veer-2m-1-scaled.jpg","type":"image\/jpeg"}],"twitter_card":"summary_large_image","twitter_misc":{"Est. reading time":"1 minut"},"schema":{"@context":"https:\/\/schema.org","@graph":[{"@type":"WebPage","@id":"https:\/\/dev.codenot.studio\/extery-new\/tooted\/pargipink-veer\/","url":"https:\/\/dev.codenot.studio\/extery-new\/tooted\/pargipink-veer\/","name":"pargipink Veer - Extery linnam\u00f6\u00f6bli kollektsiooni pargipink","isPartOf":{"@id":"https:\/\/dev.codenot.studio\/extery-new\/#website"},"primaryImageOfPage":{"@id":"https:\/\/dev.codenot.studio\/extery-new\/tooted\/pargipink-veer\/#primaryimage"},"image":{"@id":"https:\/\/dev.codenot.studio\/extery-new\/tooted\/pargipink-veer\/#primaryimage"},"thumbnailUrl":"https:\/\/dev.codenot.studio\/extery-new\/wp-content\/uploads\/2023\/06\/Extery-park-bench-Veer-2m-1-scaled.jpg","datePublished":"2023-05-31T10:50:50+00:00","dateModified":"2023-11-22T08:11:07+00:00","description":"Pargipink Veer on loodud maastikukujunduslike astmete v\u00f5i servade t\u00e4iendamiseks, muutes need uskumatult mugavateks istumispindadeks linnaruumis.","breadcrumb":{"@id":"https:\/\/dev.codenot.studio\/extery-new\/tooted\/pargipink-veer\/#breadcrumb"},"inLanguage":"et","potentialAction":[{"@type":"ReadAction","target":["https:\/\/dev.codenot.studio\/extery-new\/tooted\/pargipink-veer\/"]}]},{"@type":"ImageObject","inLanguage":"et","@id":"https:\/\/dev.codenot.studio\/extery-new\/tooted\/pargipink-veer\/#primaryimage","url":"https:\/\/dev.codenot.studio\/extery-new\/wp-content\/uploads\/2023\/06\/Extery-park-bench-Veer-2m-1-scaled.jpg","contentUrl":"https:\/\/dev.codenot.studio\/extery-new\/wp-content\/uploads\/2023\/06\/Extery-park-bench-Veer-2m-1-scaled.jpg","width":2560,"height":1707},{"@type":"BreadcrumbList","@id":"https:\/\/dev.codenot.studio\/extery-new\/tooted\/pargipink-veer\/#breadcrumb","itemListElement":[{"@type":"ListItem","position":1,"name":"Home","item":"https:\/\/dev.codenot.studio\/extery-new\/"},{"@type":"ListItem","position":2,"name":"Tooted","item":"https:\/\/dev.codenot.studio\/extery-new\/tooted\/"},{"@type":"ListItem","position":3,"name":"pargipink Veer"}]},{"@type":"WebSite","@id":"https:\/\/dev.codenot.studio\/extery-new\/#website","url":"https:\/\/dev.codenot.studio\/extery-new\/","name":"Extery","description":"","publisher":{"@id":"https:\/\/dev.codenot.studio\/extery-new\/#organization"},"potentialAction":[{"@type":"SearchAction","target":{"@type":"EntryPoint","urlTemplate":"https:\/\/dev.codenot.studio\/extery-new\/?s={search_term_string}"},"query-input":{"@type":"PropertyValueSpecification","valueRequired":true,"valueName":"search_term_string"}}],"inLanguage":"et"},{"@type":"Organization","@id":"https:\/\/dev.codenot.studio\/extery-new\/#organization","name":"Extery","url":"https:\/\/dev.codenot.studio\/extery-new\/","logo":{"@type":"ImageObject","inLanguage":"et","@id":"https:\/\/dev.codenot.studio\/extery-new\/#\/schema\/logo\/image\/","url":"https:\/\/dev.codenot.studio\/extery-new\/wp-content\/uploads\/2023\/11\/footer-logo.svg","contentUrl":"https:\/\/dev.codenot.studio\/extery-new\/wp-content\/uploads\/2023\/11\/footer-logo.svg","caption":"Extery"},"image":{"@id":"https:\/\/dev.codenot.studio\/extery-new\/#\/schema\/logo\/image\/"}}]}},"_links":{"self":[{"href":"https:\/\/dev.codenot.studio\/extery-new\/wp-json\/wp\/v2\/product\/25049","targetHints":{"allow":["GET"]}}],"collection":[{"href":"https:\/\/dev.codenot.studio\/extery-new\/wp-json\/wp\/v2\/product"}],"about":[{"href":"https:\/\/dev.codenot.studio\/extery-new\/wp-json\/wp\/v2\/types\/product"}],"replies":[{"embeddable":true,"href":"https:\/\/dev.codenot.studio\/extery-new\/wp-json\/wp\/v2\/comments?post=25049"}],"wp:featuredmedia":[{"embeddable":true,"href":"https:\/\/dev.codenot.studio\/extery-new\/wp-json\/wp\/v2\/media\/25764"}],"wp:attachment":[{"href":"https:\/\/dev.codenot.studio\/extery-new\/wp-json\/wp\/v2\/media?parent=25049"}],"wp:term":[{"taxonomy":"product_cat","embeddable":true,"href":"https:\/\/dev.codenot.studio\/extery-new\/wp-json\/wp\/v2\/product_cat?post=25049"},{"taxonomy":"product_tag","embeddable":true,"href":"https:\/\/dev.codenot.studio\/extery-new\/wp-json\/wp\/v2\/product_tag?post=25049"}],"curies":[{"name":"wp","href":"https:\/\/api.w.org\/{rel}","templated":true}]}}