{"id":22899,"date":"2023-03-20T14:59:32","date_gmt":"2023-03-20T14:59:32","guid":{"rendered":"https:\/\/extery.com\/?post_type=product&#038;p=22899"},"modified":"2023-12-01T13:21:14","modified_gmt":"2023-12-01T13:21:14","slug":"jalgrattaparkla-kaar-mini","status":"publish","type":"product","link":"https:\/\/dev.codenot.studio\/extery-new\/tooted\/jalgrattaparkla-kaar-mini\/","title":{"rendered":"jalgrattaparkla Kaar Mini"},"content":{"rendered":"<p>Jalgrattaparkla Kaar mini on disainitud just v\u00e4ikeseid jalgratta armastajaid silmas pidades. Jalgrattaparkla Kaar Mini on lihtsa vormiga, funktsionaalne ning tugev. Kaared on kinnitatud rennile, mis muudab parkla paigalduse lihtsaks ning ei n\u00f5ua maasse kinnitamist. Jalgrattaparkla modulaarsus v\u00f5imaldab parkla rivi pikendada vastavalt soovile ja vajadusele.<\/p>\n<p>Jalgrattaparkla Kaar Mini on saadaval kahes moodulis: 2 kaarega moodul ning 4 kaarega moodul. \u00dche kaare k\u00fclge saab turvaliselt lukustada kuni kaks jalgratast. Kaar jalgrattahoidja eelis on tema kompaktsus, lihtsus ja mugav kasutus.<\/p>\n","protected":false},"excerpt":{"rendered":"<p>Jalgrattaparkla Kaar mini on disainitud just v\u00e4ikeseid jalgratta armastajaid silmas pidades. Jalgrattaparkla Kaar Mini on lihtsa vormiga, funktsionaalne ning tugev. Kaared on kinnitatud rennile, mis muudab parkla paigalduse lihtsaks ning ei n\u00f5ua maasse kinnitamist. Jalgrattaparkla modulaarsus v\u00f5imaldab parkla rivi pikendada vastavalt soovile ja vajadusele. Jalgrattaparkla Kaar Mini on saadaval kahes moodulis: 2 kaarega moodul ning [&hellip;]<\/p>\n","protected":false},"featured_media":22906,"comment_status":"open","ping_status":"closed","template":"","meta":{"_acf_changed":false},"product_cat":[35],"product_tag":[],"class_list":["post-22899","product","type-product","status-publish","has-post-thumbnail","hentry","product_cat-jalgrattahoidjad","product-family-kaar"],"acf":[],"yoast_head":"<!-- This site is optimized with the Yoast SEO plugin v24.1 - https:\/\/yoast.com\/wordpress\/plugins\/seo\/ -->\n<title>jalgrattaparkla Kaar Mini - Extery linnam\u00f6\u00f6bli kollektsioon<\/title>\n<meta name=\"description\" content=\"Jalgrattahoidja Kaar on lihtsa vormiga, kuid tugev, sobides t\u00e4navatele ka s\u00f5idut\u00f5keteks. Jalgrattahoidja Kaar on lihtsa vormiga, elegantne kuid tugev, sobides t\u00e4navatele ka n\u00e4iteks s\u00f5idut\u00f5keteks.\" \/>\n<meta name=\"robots\" content=\"index, follow, max-snippet:-1, max-image-preview:large, max-video-preview:-1\" \/>\n<link rel=\"canonical\" href=\"https:\/\/dev.codenot.studio\/extery-new\/tooted\/jalgrattaparkla-kaar-mini\/\" \/>\n<meta property=\"og:locale\" content=\"et_EE\" \/>\n<meta property=\"og:type\" content=\"article\" \/>\n<meta property=\"og:title\" content=\"jalgrattaparkla Kaar Mini - Extery linnam\u00f6\u00f6bli kollektsioon\" \/>\n<meta property=\"og:description\" content=\"Jalgrattahoidja Kaar on lihtsa vormiga, kuid tugev, sobides t\u00e4navatele ka s\u00f5idut\u00f5keteks. Jalgrattahoidja Kaar on lihtsa vormiga, elegantne kuid tugev, sobides t\u00e4navatele ka n\u00e4iteks s\u00f5idut\u00f5keteks.\" \/>\n<meta property=\"og:url\" content=\"https:\/\/dev.codenot.studio\/extery-new\/tooted\/jalgrattaparkla-kaar-mini\/\" \/>\n<meta property=\"og:site_name\" content=\"Extery\" \/>\n<meta property=\"article:modified_time\" content=\"2023-12-01T13:21:14+00:00\" \/>\n<meta property=\"og:image\" content=\"https:\/\/dev.codenot.studio\/extery-new\/wp-content\/uploads\/2023\/03\/Kaar-mini.jpg\" \/>\n\t<meta property=\"og:image:width\" content=\"2501\" \/>\n\t<meta property=\"og:image:height\" content=\"1667\" \/>\n\t<meta property=\"og:image:type\" content=\"image\/jpeg\" \/>\n<meta name=\"twitter:card\" content=\"summary_large_image\" \/>\n<meta name=\"twitter:label1\" content=\"Est. reading time\" \/>\n\t<meta name=\"twitter:data1\" content=\"1 minut\" \/>\n<script type=\"application\/ld+json\" class=\"yoast-schema-graph\">{\"@context\":\"https:\/\/schema.org\",\"@graph\":[{\"@type\":\"WebPage\",\"@id\":\"https:\/\/dev.codenot.studio\/extery-new\/tooted\/jalgrattaparkla-kaar-mini\/\",\"url\":\"https:\/\/dev.codenot.studio\/extery-new\/tooted\/jalgrattaparkla-kaar-mini\/\",\"name\":\"jalgrattaparkla Kaar Mini - Extery linnam\u00f6\u00f6bli kollektsioon\",\"isPartOf\":{\"@id\":\"https:\/\/dev.codenot.studio\/extery-new\/#website\"},\"primaryImageOfPage\":{\"@id\":\"https:\/\/dev.codenot.studio\/extery-new\/tooted\/jalgrattaparkla-kaar-mini\/#primaryimage\"},\"image\":{\"@id\":\"https:\/\/dev.codenot.studio\/extery-new\/tooted\/jalgrattaparkla-kaar-mini\/#primaryimage\"},\"thumbnailUrl\":\"https:\/\/dev.codenot.studio\/extery-new\/wp-content\/uploads\/2023\/03\/Kaar-mini.jpg\",\"datePublished\":\"2023-03-20T14:59:32+00:00\",\"dateModified\":\"2023-12-01T13:21:14+00:00\",\"description\":\"Jalgrattahoidja Kaar on lihtsa vormiga, kuid tugev, sobides t\u00e4navatele ka s\u00f5idut\u00f5keteks. Jalgrattahoidja Kaar on lihtsa vormiga, elegantne kuid tugev, sobides t\u00e4navatele ka n\u00e4iteks s\u00f5idut\u00f5keteks.\",\"breadcrumb\":{\"@id\":\"https:\/\/dev.codenot.studio\/extery-new\/tooted\/jalgrattaparkla-kaar-mini\/#breadcrumb\"},\"inLanguage\":\"et\",\"potentialAction\":[{\"@type\":\"ReadAction\",\"target\":[\"https:\/\/dev.codenot.studio\/extery-new\/tooted\/jalgrattaparkla-kaar-mini\/\"]}]},{\"@type\":\"ImageObject\",\"inLanguage\":\"et\",\"@id\":\"https:\/\/dev.codenot.studio\/extery-new\/tooted\/jalgrattaparkla-kaar-mini\/#primaryimage\",\"url\":\"https:\/\/dev.codenot.studio\/extery-new\/wp-content\/uploads\/2023\/03\/Kaar-mini.jpg\",\"contentUrl\":\"https:\/\/dev.codenot.studio\/extery-new\/wp-content\/uploads\/2023\/03\/Kaar-mini.jpg\",\"width\":2501,\"height\":1667},{\"@type\":\"BreadcrumbList\",\"@id\":\"https:\/\/dev.codenot.studio\/extery-new\/tooted\/jalgrattaparkla-kaar-mini\/#breadcrumb\",\"itemListElement\":[{\"@type\":\"ListItem\",\"position\":1,\"name\":\"Home\",\"item\":\"https:\/\/dev.codenot.studio\/extery-new\/\"},{\"@type\":\"ListItem\",\"position\":2,\"name\":\"Tooted\",\"item\":\"https:\/\/dev.codenot.studio\/extery-new\/tooted\/\"},{\"@type\":\"ListItem\",\"position\":3,\"name\":\"jalgrattaparkla Kaar Mini\"}]},{\"@type\":\"WebSite\",\"@id\":\"https:\/\/dev.codenot.studio\/extery-new\/#website\",\"url\":\"https:\/\/dev.codenot.studio\/extery-new\/\",\"name\":\"Extery\",\"description\":\"\",\"publisher\":{\"@id\":\"https:\/\/dev.codenot.studio\/extery-new\/#organization\"},\"potentialAction\":[{\"@type\":\"SearchAction\",\"target\":{\"@type\":\"EntryPoint\",\"urlTemplate\":\"https:\/\/dev.codenot.studio\/extery-new\/?s={search_term_string}\"},\"query-input\":{\"@type\":\"PropertyValueSpecification\",\"valueRequired\":true,\"valueName\":\"search_term_string\"}}],\"inLanguage\":\"et\"},{\"@type\":\"Organization\",\"@id\":\"https:\/\/dev.codenot.studio\/extery-new\/#organization\",\"name\":\"Extery\",\"url\":\"https:\/\/dev.codenot.studio\/extery-new\/\",\"logo\":{\"@type\":\"ImageObject\",\"inLanguage\":\"et\",\"@id\":\"https:\/\/dev.codenot.studio\/extery-new\/#\/schema\/logo\/image\/\",\"url\":\"https:\/\/dev.codenot.studio\/extery-new\/wp-content\/uploads\/2023\/11\/footer-logo.svg\",\"contentUrl\":\"https:\/\/dev.codenot.studio\/extery-new\/wp-content\/uploads\/2023\/11\/footer-logo.svg\",\"caption\":\"Extery\"},\"image\":{\"@id\":\"https:\/\/dev.codenot.studio\/extery-new\/#\/schema\/logo\/image\/\"}}]}<\/script>\n<!-- \/ Yoast SEO plugin. -->","yoast_head_json":{"title":"jalgrattaparkla Kaar Mini - Extery linnam\u00f6\u00f6bli kollektsioon","description":"Jalgrattahoidja Kaar on lihtsa vormiga, kuid tugev, sobides t\u00e4navatele ka s\u00f5idut\u00f5keteks. Jalgrattahoidja Kaar on lihtsa vormiga, elegantne kuid tugev, sobides t\u00e4navatele ka n\u00e4iteks s\u00f5idut\u00f5keteks.","robots":{"index":"index","follow":"follow","max-snippet":"max-snippet:-1","max-image-preview":"max-image-preview:large","max-video-preview":"max-video-preview:-1"},"canonical":"https:\/\/dev.codenot.studio\/extery-new\/tooted\/jalgrattaparkla-kaar-mini\/","og_locale":"et_EE","og_type":"article","og_title":"jalgrattaparkla Kaar Mini - Extery linnam\u00f6\u00f6bli kollektsioon","og_description":"Jalgrattahoidja Kaar on lihtsa vormiga, kuid tugev, sobides t\u00e4navatele ka s\u00f5idut\u00f5keteks. Jalgrattahoidja Kaar on lihtsa vormiga, elegantne kuid tugev, sobides t\u00e4navatele ka n\u00e4iteks s\u00f5idut\u00f5keteks.","og_url":"https:\/\/dev.codenot.studio\/extery-new\/tooted\/jalgrattaparkla-kaar-mini\/","og_site_name":"Extery","article_modified_time":"2023-12-01T13:21:14+00:00","og_image":[{"width":2501,"height":1667,"url":"https:\/\/dev.codenot.studio\/extery-new\/wp-content\/uploads\/2023\/03\/Kaar-mini.jpg","type":"image\/jpeg"}],"twitter_card":"summary_large_image","twitter_misc":{"Est. reading time":"1 minut"},"schema":{"@context":"https:\/\/schema.org","@graph":[{"@type":"WebPage","@id":"https:\/\/dev.codenot.studio\/extery-new\/tooted\/jalgrattaparkla-kaar-mini\/","url":"https:\/\/dev.codenot.studio\/extery-new\/tooted\/jalgrattaparkla-kaar-mini\/","name":"jalgrattaparkla Kaar Mini - Extery linnam\u00f6\u00f6bli kollektsioon","isPartOf":{"@id":"https:\/\/dev.codenot.studio\/extery-new\/#website"},"primaryImageOfPage":{"@id":"https:\/\/dev.codenot.studio\/extery-new\/tooted\/jalgrattaparkla-kaar-mini\/#primaryimage"},"image":{"@id":"https:\/\/dev.codenot.studio\/extery-new\/tooted\/jalgrattaparkla-kaar-mini\/#primaryimage"},"thumbnailUrl":"https:\/\/dev.codenot.studio\/extery-new\/wp-content\/uploads\/2023\/03\/Kaar-mini.jpg","datePublished":"2023-03-20T14:59:32+00:00","dateModified":"2023-12-01T13:21:14+00:00","description":"Jalgrattahoidja Kaar on lihtsa vormiga, kuid tugev, sobides t\u00e4navatele ka s\u00f5idut\u00f5keteks. Jalgrattahoidja Kaar on lihtsa vormiga, elegantne kuid tugev, sobides t\u00e4navatele ka n\u00e4iteks s\u00f5idut\u00f5keteks.","breadcrumb":{"@id":"https:\/\/dev.codenot.studio\/extery-new\/tooted\/jalgrattaparkla-kaar-mini\/#breadcrumb"},"inLanguage":"et","potentialAction":[{"@type":"ReadAction","target":["https:\/\/dev.codenot.studio\/extery-new\/tooted\/jalgrattaparkla-kaar-mini\/"]}]},{"@type":"ImageObject","inLanguage":"et","@id":"https:\/\/dev.codenot.studio\/extery-new\/tooted\/jalgrattaparkla-kaar-mini\/#primaryimage","url":"https:\/\/dev.codenot.studio\/extery-new\/wp-content\/uploads\/2023\/03\/Kaar-mini.jpg","contentUrl":"https:\/\/dev.codenot.studio\/extery-new\/wp-content\/uploads\/2023\/03\/Kaar-mini.jpg","width":2501,"height":1667},{"@type":"BreadcrumbList","@id":"https:\/\/dev.codenot.studio\/extery-new\/tooted\/jalgrattaparkla-kaar-mini\/#breadcrumb","itemListElement":[{"@type":"ListItem","position":1,"name":"Home","item":"https:\/\/dev.codenot.studio\/extery-new\/"},{"@type":"ListItem","position":2,"name":"Tooted","item":"https:\/\/dev.codenot.studio\/extery-new\/tooted\/"},{"@type":"ListItem","position":3,"name":"jalgrattaparkla Kaar Mini"}]},{"@type":"WebSite","@id":"https:\/\/dev.codenot.studio\/extery-new\/#website","url":"https:\/\/dev.codenot.studio\/extery-new\/","name":"Extery","description":"","publisher":{"@id":"https:\/\/dev.codenot.studio\/extery-new\/#organization"},"potentialAction":[{"@type":"SearchAction","target":{"@type":"EntryPoint","urlTemplate":"https:\/\/dev.codenot.studio\/extery-new\/?s={search_term_string}"},"query-input":{"@type":"PropertyValueSpecification","valueRequired":true,"valueName":"search_term_string"}}],"inLanguage":"et"},{"@type":"Organization","@id":"https:\/\/dev.codenot.studio\/extery-new\/#organization","name":"Extery","url":"https:\/\/dev.codenot.studio\/extery-new\/","logo":{"@type":"ImageObject","inLanguage":"et","@id":"https:\/\/dev.codenot.studio\/extery-new\/#\/schema\/logo\/image\/","url":"https:\/\/dev.codenot.studio\/extery-new\/wp-content\/uploads\/2023\/11\/footer-logo.svg","contentUrl":"https:\/\/dev.codenot.studio\/extery-new\/wp-content\/uploads\/2023\/11\/footer-logo.svg","caption":"Extery"},"image":{"@id":"https:\/\/dev.codenot.studio\/extery-new\/#\/schema\/logo\/image\/"}}]}},"_links":{"self":[{"href":"https:\/\/dev.codenot.studio\/extery-new\/wp-json\/wp\/v2\/product\/22899","targetHints":{"allow":["GET"]}}],"collection":[{"href":"https:\/\/dev.codenot.studio\/extery-new\/wp-json\/wp\/v2\/product"}],"about":[{"href":"https:\/\/dev.codenot.studio\/extery-new\/wp-json\/wp\/v2\/types\/product"}],"replies":[{"embeddable":true,"href":"https:\/\/dev.codenot.studio\/extery-new\/wp-json\/wp\/v2\/comments?post=22899"}],"wp:featuredmedia":[{"embeddable":true,"href":"https:\/\/dev.codenot.studio\/extery-new\/wp-json\/wp\/v2\/media\/22906"}],"wp:attachment":[{"href":"https:\/\/dev.codenot.studio\/extery-new\/wp-json\/wp\/v2\/media?parent=22899"}],"wp:term":[{"taxonomy":"product_cat","embeddable":true,"href":"https:\/\/dev.codenot.studio\/extery-new\/wp-json\/wp\/v2\/product_cat?post=22899"},{"taxonomy":"product_tag","embeddable":true,"href":"https:\/\/dev.codenot.studio\/extery-new\/wp-json\/wp\/v2\/product_tag?post=22899"}],"curies":[{"name":"wp","href":"https:\/\/api.w.org\/{rel}","templated":true}]}}