{"id":2269,"date":"2020-11-11T09:16:31","date_gmt":"2020-11-11T09:16:31","guid":{"rendered":"https:\/\/extery.com\/?post_type=product&#038;p=2269"},"modified":"2024-01-31T18:15:59","modified_gmt":"2024-01-31T18:15:59","slug":"tahu-pargipink-seljatoeta","status":"publish","type":"product","link":"https:\/\/dev.codenot.studio\/extery-new\/tooted\/tahu-pargipink-seljatoeta\/","title":{"rendered":"pargipink Tahu, seljatoeta"},"content":{"rendered":"<p>Pargipink TAHU on kerge ilmega raske pink n\u00f5udlikku keskkonda. Loodud ajatuna Eesti 100 aastase juubeli puhul sillaks meenutama okupatsiooniga kaasnenud s\u00f5ja aastaid ja viimaseid barrikaade Toompeal. Tahu toob m\u00e4lestuse kestvast Eesti riigist igasse bussipeatusesse. Istud ja tunned &#8211; kodumaa on armas.<\/p>\n<p>Tahu kestab keset suurimat rahvaste r\u00e4nnet. Graffiti vastane kate ning kuulikindel jalg hoiavad Tahu laitmatu ka kivilinna g\u00e4ngide v\u00f5itlustandrite \u00e4\u00e4res.<\/p>\n<p>Pargipink Tahu betoonist jalad on saadaval nii heledast kui ka tumedast armeeritud graniitbetoonist. Seega saad valida keskkonnale iseloomuliku variandi.<\/p>\n","protected":false},"excerpt":{"rendered":"<p>Pargipink TAHU on kerge ilmega raske pink n\u00f5udlikku keskkonda. Loodud ajatuna Eesti 100 aastase juubeli puhul sillaks meenutama okupatsiooniga kaasnenud s\u00f5ja aastaid ja viimaseid barrikaade Toompeal. Tahu toob m\u00e4lestuse kestvast Eesti riigist igasse bussipeatusesse. Istud ja tunned &#8211; kodumaa on armas. Tahu kestab keset suurimat rahvaste r\u00e4nnet. Graffiti vastane kate ning kuulikindel jalg hoiavad Tahu [&hellip;]<\/p>\n","protected":false},"featured_media":10313,"comment_status":"open","ping_status":"closed","template":"","meta":{"_acf_changed":false},"product_cat":[31],"product_tag":[],"class_list":["post-2269","product","type-product","status-publish","has-post-thumbnail","hentry","product_cat-seljatoeta-pargipingid","product-family-tahu"],"acf":[],"yoast_head":"<!-- This site is optimized with the Yoast SEO plugin v24.1 - https:\/\/yoast.com\/wordpress\/plugins\/seo\/ -->\n<title>pargipink Tahu, seljatoeta - Extery linnam\u00f6\u00f6bli kollektsiooni pargipink<\/title>\n<meta name=\"description\" content=\"Pargipink TAHU on kerge ilmega raske pink n\u00f5udlikku keskkonda. Loodud ajatuna Eesti 100 aastase juubeli puhul sillaks meenutama okupatsiooniga kaasnenud s\u00f5ja aastaid ja viimaseid barrikaade Toompeal.\" \/>\n<meta name=\"robots\" content=\"index, follow, max-snippet:-1, max-image-preview:large, max-video-preview:-1\" \/>\n<link rel=\"canonical\" href=\"https:\/\/dev.codenot.studio\/extery-new\/tooted\/tahu-pargipink-seljatoeta\/\" \/>\n<meta property=\"og:locale\" content=\"et_EE\" \/>\n<meta property=\"og:type\" content=\"article\" \/>\n<meta property=\"og:title\" content=\"pargipink Tahu, seljatoeta - Extery linnam\u00f6\u00f6bli kollektsiooni pargipink\" \/>\n<meta property=\"og:description\" content=\"Pargipink TAHU on kerge ilmega raske pink n\u00f5udlikku keskkonda. Loodud ajatuna Eesti 100 aastase juubeli puhul sillaks meenutama okupatsiooniga kaasnenud s\u00f5ja aastaid ja viimaseid barrikaade Toompeal.\" \/>\n<meta property=\"og:url\" content=\"https:\/\/dev.codenot.studio\/extery-new\/tooted\/tahu-pargipink-seljatoeta\/\" \/>\n<meta property=\"og:site_name\" content=\"Extery\" \/>\n<meta property=\"article:modified_time\" content=\"2024-01-31T18:15:59+00:00\" \/>\n<meta property=\"og:image\" content=\"https:\/\/dev.codenot.studio\/extery-new\/wp-content\/uploads\/2020\/12\/Tahu-pargipink-park-bench-scaled.jpg\" \/>\n\t<meta property=\"og:image:width\" content=\"2560\" \/>\n\t<meta property=\"og:image:height\" content=\"1707\" \/>\n\t<meta property=\"og:image:type\" content=\"image\/jpeg\" \/>\n<meta name=\"twitter:card\" content=\"summary_large_image\" \/>\n<meta name=\"twitter:label1\" content=\"Est. reading time\" \/>\n\t<meta name=\"twitter:data1\" content=\"1 minut\" \/>\n<script type=\"application\/ld+json\" class=\"yoast-schema-graph\">{\"@context\":\"https:\/\/schema.org\",\"@graph\":[{\"@type\":\"WebPage\",\"@id\":\"https:\/\/dev.codenot.studio\/extery-new\/tooted\/tahu-pargipink-seljatoeta\/\",\"url\":\"https:\/\/dev.codenot.studio\/extery-new\/tooted\/tahu-pargipink-seljatoeta\/\",\"name\":\"pargipink Tahu, seljatoeta - Extery linnam\u00f6\u00f6bli kollektsiooni pargipink\",\"isPartOf\":{\"@id\":\"https:\/\/dev.codenot.studio\/extery-new\/#website\"},\"primaryImageOfPage\":{\"@id\":\"https:\/\/dev.codenot.studio\/extery-new\/tooted\/tahu-pargipink-seljatoeta\/#primaryimage\"},\"image\":{\"@id\":\"https:\/\/dev.codenot.studio\/extery-new\/tooted\/tahu-pargipink-seljatoeta\/#primaryimage\"},\"thumbnailUrl\":\"https:\/\/dev.codenot.studio\/extery-new\/wp-content\/uploads\/2020\/12\/Tahu-pargipink-park-bench-scaled.jpg\",\"datePublished\":\"2020-11-11T09:16:31+00:00\",\"dateModified\":\"2024-01-31T18:15:59+00:00\",\"description\":\"Pargipink TAHU on kerge ilmega raske pink n\u00f5udlikku keskkonda. Loodud ajatuna Eesti 100 aastase juubeli puhul sillaks meenutama okupatsiooniga kaasnenud s\u00f5ja aastaid ja viimaseid barrikaade Toompeal.\",\"breadcrumb\":{\"@id\":\"https:\/\/dev.codenot.studio\/extery-new\/tooted\/tahu-pargipink-seljatoeta\/#breadcrumb\"},\"inLanguage\":\"et\",\"potentialAction\":[{\"@type\":\"ReadAction\",\"target\":[\"https:\/\/dev.codenot.studio\/extery-new\/tooted\/tahu-pargipink-seljatoeta\/\"]}]},{\"@type\":\"ImageObject\",\"inLanguage\":\"et\",\"@id\":\"https:\/\/dev.codenot.studio\/extery-new\/tooted\/tahu-pargipink-seljatoeta\/#primaryimage\",\"url\":\"https:\/\/dev.codenot.studio\/extery-new\/wp-content\/uploads\/2020\/12\/Tahu-pargipink-park-bench-scaled.jpg\",\"contentUrl\":\"https:\/\/dev.codenot.studio\/extery-new\/wp-content\/uploads\/2020\/12\/Tahu-pargipink-park-bench-scaled.jpg\",\"width\":2560,\"height\":1707},{\"@type\":\"BreadcrumbList\",\"@id\":\"https:\/\/dev.codenot.studio\/extery-new\/tooted\/tahu-pargipink-seljatoeta\/#breadcrumb\",\"itemListElement\":[{\"@type\":\"ListItem\",\"position\":1,\"name\":\"Home\",\"item\":\"https:\/\/dev.codenot.studio\/extery-new\/\"},{\"@type\":\"ListItem\",\"position\":2,\"name\":\"Tooted\",\"item\":\"https:\/\/dev.codenot.studio\/extery-new\/tooted\/\"},{\"@type\":\"ListItem\",\"position\":3,\"name\":\"pargipink Tahu, seljatoeta\"}]},{\"@type\":\"WebSite\",\"@id\":\"https:\/\/dev.codenot.studio\/extery-new\/#website\",\"url\":\"https:\/\/dev.codenot.studio\/extery-new\/\",\"name\":\"Extery\",\"description\":\"\",\"publisher\":{\"@id\":\"https:\/\/dev.codenot.studio\/extery-new\/#organization\"},\"potentialAction\":[{\"@type\":\"SearchAction\",\"target\":{\"@type\":\"EntryPoint\",\"urlTemplate\":\"https:\/\/dev.codenot.studio\/extery-new\/?s={search_term_string}\"},\"query-input\":{\"@type\":\"PropertyValueSpecification\",\"valueRequired\":true,\"valueName\":\"search_term_string\"}}],\"inLanguage\":\"et\"},{\"@type\":\"Organization\",\"@id\":\"https:\/\/dev.codenot.studio\/extery-new\/#organization\",\"name\":\"Extery\",\"url\":\"https:\/\/dev.codenot.studio\/extery-new\/\",\"logo\":{\"@type\":\"ImageObject\",\"inLanguage\":\"et\",\"@id\":\"https:\/\/dev.codenot.studio\/extery-new\/#\/schema\/logo\/image\/\",\"url\":\"https:\/\/dev.codenot.studio\/extery-new\/wp-content\/uploads\/2023\/11\/footer-logo.svg\",\"contentUrl\":\"https:\/\/dev.codenot.studio\/extery-new\/wp-content\/uploads\/2023\/11\/footer-logo.svg\",\"caption\":\"Extery\"},\"image\":{\"@id\":\"https:\/\/dev.codenot.studio\/extery-new\/#\/schema\/logo\/image\/\"}}]}<\/script>\n<!-- \/ Yoast SEO plugin. -->","yoast_head_json":{"title":"pargipink Tahu, seljatoeta - Extery linnam\u00f6\u00f6bli kollektsiooni pargipink","description":"Pargipink TAHU on kerge ilmega raske pink n\u00f5udlikku keskkonda. Loodud ajatuna Eesti 100 aastase juubeli puhul sillaks meenutama okupatsiooniga kaasnenud s\u00f5ja aastaid ja viimaseid barrikaade Toompeal.","robots":{"index":"index","follow":"follow","max-snippet":"max-snippet:-1","max-image-preview":"max-image-preview:large","max-video-preview":"max-video-preview:-1"},"canonical":"https:\/\/dev.codenot.studio\/extery-new\/tooted\/tahu-pargipink-seljatoeta\/","og_locale":"et_EE","og_type":"article","og_title":"pargipink Tahu, seljatoeta - Extery linnam\u00f6\u00f6bli kollektsiooni pargipink","og_description":"Pargipink TAHU on kerge ilmega raske pink n\u00f5udlikku keskkonda. Loodud ajatuna Eesti 100 aastase juubeli puhul sillaks meenutama okupatsiooniga kaasnenud s\u00f5ja aastaid ja viimaseid barrikaade Toompeal.","og_url":"https:\/\/dev.codenot.studio\/extery-new\/tooted\/tahu-pargipink-seljatoeta\/","og_site_name":"Extery","article_modified_time":"2024-01-31T18:15:59+00:00","og_image":[{"width":2560,"height":1707,"url":"https:\/\/dev.codenot.studio\/extery-new\/wp-content\/uploads\/2020\/12\/Tahu-pargipink-park-bench-scaled.jpg","type":"image\/jpeg"}],"twitter_card":"summary_large_image","twitter_misc":{"Est. reading time":"1 minut"},"schema":{"@context":"https:\/\/schema.org","@graph":[{"@type":"WebPage","@id":"https:\/\/dev.codenot.studio\/extery-new\/tooted\/tahu-pargipink-seljatoeta\/","url":"https:\/\/dev.codenot.studio\/extery-new\/tooted\/tahu-pargipink-seljatoeta\/","name":"pargipink Tahu, seljatoeta - Extery linnam\u00f6\u00f6bli kollektsiooni pargipink","isPartOf":{"@id":"https:\/\/dev.codenot.studio\/extery-new\/#website"},"primaryImageOfPage":{"@id":"https:\/\/dev.codenot.studio\/extery-new\/tooted\/tahu-pargipink-seljatoeta\/#primaryimage"},"image":{"@id":"https:\/\/dev.codenot.studio\/extery-new\/tooted\/tahu-pargipink-seljatoeta\/#primaryimage"},"thumbnailUrl":"https:\/\/dev.codenot.studio\/extery-new\/wp-content\/uploads\/2020\/12\/Tahu-pargipink-park-bench-scaled.jpg","datePublished":"2020-11-11T09:16:31+00:00","dateModified":"2024-01-31T18:15:59+00:00","description":"Pargipink TAHU on kerge ilmega raske pink n\u00f5udlikku keskkonda. Loodud ajatuna Eesti 100 aastase juubeli puhul sillaks meenutama okupatsiooniga kaasnenud s\u00f5ja aastaid ja viimaseid barrikaade Toompeal.","breadcrumb":{"@id":"https:\/\/dev.codenot.studio\/extery-new\/tooted\/tahu-pargipink-seljatoeta\/#breadcrumb"},"inLanguage":"et","potentialAction":[{"@type":"ReadAction","target":["https:\/\/dev.codenot.studio\/extery-new\/tooted\/tahu-pargipink-seljatoeta\/"]}]},{"@type":"ImageObject","inLanguage":"et","@id":"https:\/\/dev.codenot.studio\/extery-new\/tooted\/tahu-pargipink-seljatoeta\/#primaryimage","url":"https:\/\/dev.codenot.studio\/extery-new\/wp-content\/uploads\/2020\/12\/Tahu-pargipink-park-bench-scaled.jpg","contentUrl":"https:\/\/dev.codenot.studio\/extery-new\/wp-content\/uploads\/2020\/12\/Tahu-pargipink-park-bench-scaled.jpg","width":2560,"height":1707},{"@type":"BreadcrumbList","@id":"https:\/\/dev.codenot.studio\/extery-new\/tooted\/tahu-pargipink-seljatoeta\/#breadcrumb","itemListElement":[{"@type":"ListItem","position":1,"name":"Home","item":"https:\/\/dev.codenot.studio\/extery-new\/"},{"@type":"ListItem","position":2,"name":"Tooted","item":"https:\/\/dev.codenot.studio\/extery-new\/tooted\/"},{"@type":"ListItem","position":3,"name":"pargipink Tahu, seljatoeta"}]},{"@type":"WebSite","@id":"https:\/\/dev.codenot.studio\/extery-new\/#website","url":"https:\/\/dev.codenot.studio\/extery-new\/","name":"Extery","description":"","publisher":{"@id":"https:\/\/dev.codenot.studio\/extery-new\/#organization"},"potentialAction":[{"@type":"SearchAction","target":{"@type":"EntryPoint","urlTemplate":"https:\/\/dev.codenot.studio\/extery-new\/?s={search_term_string}"},"query-input":{"@type":"PropertyValueSpecification","valueRequired":true,"valueName":"search_term_string"}}],"inLanguage":"et"},{"@type":"Organization","@id":"https:\/\/dev.codenot.studio\/extery-new\/#organization","name":"Extery","url":"https:\/\/dev.codenot.studio\/extery-new\/","logo":{"@type":"ImageObject","inLanguage":"et","@id":"https:\/\/dev.codenot.studio\/extery-new\/#\/schema\/logo\/image\/","url":"https:\/\/dev.codenot.studio\/extery-new\/wp-content\/uploads\/2023\/11\/footer-logo.svg","contentUrl":"https:\/\/dev.codenot.studio\/extery-new\/wp-content\/uploads\/2023\/11\/footer-logo.svg","caption":"Extery"},"image":{"@id":"https:\/\/dev.codenot.studio\/extery-new\/#\/schema\/logo\/image\/"}}]}},"_links":{"self":[{"href":"https:\/\/dev.codenot.studio\/extery-new\/wp-json\/wp\/v2\/product\/2269","targetHints":{"allow":["GET"]}}],"collection":[{"href":"https:\/\/dev.codenot.studio\/extery-new\/wp-json\/wp\/v2\/product"}],"about":[{"href":"https:\/\/dev.codenot.studio\/extery-new\/wp-json\/wp\/v2\/types\/product"}],"replies":[{"embeddable":true,"href":"https:\/\/dev.codenot.studio\/extery-new\/wp-json\/wp\/v2\/comments?post=2269"}],"wp:featuredmedia":[{"embeddable":true,"href":"https:\/\/dev.codenot.studio\/extery-new\/wp-json\/wp\/v2\/media\/10313"}],"wp:attachment":[{"href":"https:\/\/dev.codenot.studio\/extery-new\/wp-json\/wp\/v2\/media?parent=2269"}],"wp:term":[{"taxonomy":"product_cat","embeddable":true,"href":"https:\/\/dev.codenot.studio\/extery-new\/wp-json\/wp\/v2\/product_cat?post=2269"},{"taxonomy":"product_tag","embeddable":true,"href":"https:\/\/dev.codenot.studio\/extery-new\/wp-json\/wp\/v2\/product_tag?post=2269"}],"curies":[{"name":"wp","href":"https:\/\/api.w.org\/{rel}","templated":true}]}}