{"id":2164,"date":"2020-11-11T08:22:06","date_gmt":"2020-11-11T08:22:06","guid":{"rendered":"https:\/\/extery.com\/?post_type=product&#038;p=2164"},"modified":"2024-10-17T17:40:05","modified_gmt":"2024-10-17T17:40:05","slug":"linn-tool","status":"publish","type":"product","link":"https:\/\/dev.codenot.studio\/extery-new\/tooted\/linn-tool\/","title":{"rendered":"tool Linn"},"content":{"rendered":"<p>Tool Linn on elegantne ning stiilipuhas.<\/p>\n<p>Tool Linn kuulub samanimelisse pingiperekonda, mida luues oli eesm\u00e4rgiks ei rohkem ega v\u00e4hem kui saavutada parim istumismugavus ja elegantseim vorm, kaasaegse linna v\u00e4\u00e4riliselt. Tahtsime, et uus pink ja tool n\u00e4iksid esmapilgul isetud ja enesestm\u00f5istetavad, kuid l\u00e4hemal silmitsemisel avaks m\u00e4rkajale oma ilu ning kasutamisel \u00fcllataks mugavusega.<br \/>\nJust neid ideaale silmas pidades s\u00fcndis uus tool Linn, mis on t\u00e4iesti m\u00fcravaba, piisavalt klassikaline, et t\u00e4iendada ajaloolist milj\u00f6\u00f6d kaasaegses v\u00f5tmes ja piisavalt modernne, et m\u00f5juda veenvalt uusarhitektuuri kontekstis.<\/p>\n","protected":false},"excerpt":{"rendered":"<p>Tool Linn on elegantne ning stiilipuhas. Tool Linn kuulub samanimelisse pingiperekonda, mida luues oli eesm\u00e4rgiks ei rohkem ega v\u00e4hem kui saavutada parim istumismugavus ja elegantseim vorm, kaasaegse linna v\u00e4\u00e4riliselt. Tahtsime, et uus pink ja tool n\u00e4iksid esmapilgul isetud ja enesestm\u00f5istetavad, kuid l\u00e4hemal silmitsemisel avaks m\u00e4rkajale oma ilu ning kasutamisel \u00fcllataks mugavusega. Just neid ideaale silmas [&hellip;]<\/p>\n","protected":false},"featured_media":759,"comment_status":"open","ping_status":"closed","template":"","meta":{"_acf_changed":false},"product_cat":[32],"product_tag":[],"class_list":["post-2164","product","type-product","status-publish","has-post-thumbnail","hentry","product_cat-toolid-tumbad","product-family-linn"],"acf":[],"yoast_head":"<!-- This site is optimized with the Yoast SEO plugin v24.1 - https:\/\/yoast.com\/wordpress\/plugins\/seo\/ -->\n<title>tool Linn - Extery linnam\u00f6\u00f6bli kollektsioon pargipingid<\/title>\n<meta name=\"description\" content=\"Tool Linn on elegantne ning stiilipuhas. Tooli loomisel oli eesm\u00e4rgiks ei rohkem ega v\u00e4hem kui saavutada parim istumismugavus ja elegantseim vorm.\" \/>\n<meta name=\"robots\" content=\"index, follow, max-snippet:-1, max-image-preview:large, max-video-preview:-1\" \/>\n<link rel=\"canonical\" href=\"https:\/\/dev.codenot.studio\/extery-new\/tooted\/linn-tool\/\" \/>\n<meta property=\"og:locale\" content=\"et_EE\" \/>\n<meta property=\"og:type\" content=\"article\" \/>\n<meta property=\"og:title\" content=\"tool Linn - Extery linnam\u00f6\u00f6bli kollektsioon pargipingid\" \/>\n<meta property=\"og:description\" content=\"Tool Linn on elegantne ning stiilipuhas. Tooli loomisel oli eesm\u00e4rgiks ei rohkem ega v\u00e4hem kui saavutada parim istumismugavus ja elegantseim vorm.\" \/>\n<meta property=\"og:url\" content=\"https:\/\/dev.codenot.studio\/extery-new\/tooted\/linn-tool\/\" \/>\n<meta property=\"og:site_name\" content=\"Extery\" \/>\n<meta property=\"article:modified_time\" content=\"2024-10-17T17:40:05+00:00\" \/>\n<meta property=\"og:image\" content=\"https:\/\/dev.codenot.studio\/extery-new\/wp-content\/uploads\/2020\/11\/Linn-tool-E-scaled.jpg\" \/>\n\t<meta property=\"og:image:width\" content=\"2560\" \/>\n\t<meta property=\"og:image:height\" content=\"1707\" \/>\n\t<meta property=\"og:image:type\" content=\"image\/jpeg\" \/>\n<meta name=\"twitter:card\" content=\"summary_large_image\" \/>\n<meta name=\"twitter:label1\" content=\"Est. reading time\" \/>\n\t<meta name=\"twitter:data1\" content=\"1 minut\" \/>\n<script type=\"application\/ld+json\" class=\"yoast-schema-graph\">{\"@context\":\"https:\/\/schema.org\",\"@graph\":[{\"@type\":\"WebPage\",\"@id\":\"https:\/\/dev.codenot.studio\/extery-new\/tooted\/linn-tool\/\",\"url\":\"https:\/\/dev.codenot.studio\/extery-new\/tooted\/linn-tool\/\",\"name\":\"tool Linn - Extery linnam\u00f6\u00f6bli kollektsioon pargipingid\",\"isPartOf\":{\"@id\":\"https:\/\/dev.codenot.studio\/extery-new\/#website\"},\"primaryImageOfPage\":{\"@id\":\"https:\/\/dev.codenot.studio\/extery-new\/tooted\/linn-tool\/#primaryimage\"},\"image\":{\"@id\":\"https:\/\/dev.codenot.studio\/extery-new\/tooted\/linn-tool\/#primaryimage\"},\"thumbnailUrl\":\"https:\/\/dev.codenot.studio\/extery-new\/wp-content\/uploads\/2020\/11\/Linn-tool-E-scaled.jpg\",\"datePublished\":\"2020-11-11T08:22:06+00:00\",\"dateModified\":\"2024-10-17T17:40:05+00:00\",\"description\":\"Tool Linn on elegantne ning stiilipuhas. Tooli loomisel oli eesm\u00e4rgiks ei rohkem ega v\u00e4hem kui saavutada parim istumismugavus ja elegantseim vorm.\",\"breadcrumb\":{\"@id\":\"https:\/\/dev.codenot.studio\/extery-new\/tooted\/linn-tool\/#breadcrumb\"},\"inLanguage\":\"et\",\"potentialAction\":[{\"@type\":\"ReadAction\",\"target\":[\"https:\/\/dev.codenot.studio\/extery-new\/tooted\/linn-tool\/\"]}]},{\"@type\":\"ImageObject\",\"inLanguage\":\"et\",\"@id\":\"https:\/\/dev.codenot.studio\/extery-new\/tooted\/linn-tool\/#primaryimage\",\"url\":\"https:\/\/dev.codenot.studio\/extery-new\/wp-content\/uploads\/2020\/11\/Linn-tool-E-scaled.jpg\",\"contentUrl\":\"https:\/\/dev.codenot.studio\/extery-new\/wp-content\/uploads\/2020\/11\/Linn-tool-E-scaled.jpg\",\"width\":2560,\"height\":1707},{\"@type\":\"BreadcrumbList\",\"@id\":\"https:\/\/dev.codenot.studio\/extery-new\/tooted\/linn-tool\/#breadcrumb\",\"itemListElement\":[{\"@type\":\"ListItem\",\"position\":1,\"name\":\"Home\",\"item\":\"https:\/\/dev.codenot.studio\/extery-new\/\"},{\"@type\":\"ListItem\",\"position\":2,\"name\":\"Tooted\",\"item\":\"https:\/\/dev.codenot.studio\/extery-new\/tooted\/\"},{\"@type\":\"ListItem\",\"position\":3,\"name\":\"tool Linn\"}]},{\"@type\":\"WebSite\",\"@id\":\"https:\/\/dev.codenot.studio\/extery-new\/#website\",\"url\":\"https:\/\/dev.codenot.studio\/extery-new\/\",\"name\":\"Extery\",\"description\":\"\",\"publisher\":{\"@id\":\"https:\/\/dev.codenot.studio\/extery-new\/#organization\"},\"potentialAction\":[{\"@type\":\"SearchAction\",\"target\":{\"@type\":\"EntryPoint\",\"urlTemplate\":\"https:\/\/dev.codenot.studio\/extery-new\/?s={search_term_string}\"},\"query-input\":{\"@type\":\"PropertyValueSpecification\",\"valueRequired\":true,\"valueName\":\"search_term_string\"}}],\"inLanguage\":\"et\"},{\"@type\":\"Organization\",\"@id\":\"https:\/\/dev.codenot.studio\/extery-new\/#organization\",\"name\":\"Extery\",\"url\":\"https:\/\/dev.codenot.studio\/extery-new\/\",\"logo\":{\"@type\":\"ImageObject\",\"inLanguage\":\"et\",\"@id\":\"https:\/\/dev.codenot.studio\/extery-new\/#\/schema\/logo\/image\/\",\"url\":\"https:\/\/dev.codenot.studio\/extery-new\/wp-content\/uploads\/2023\/11\/footer-logo.svg\",\"contentUrl\":\"https:\/\/dev.codenot.studio\/extery-new\/wp-content\/uploads\/2023\/11\/footer-logo.svg\",\"caption\":\"Extery\"},\"image\":{\"@id\":\"https:\/\/dev.codenot.studio\/extery-new\/#\/schema\/logo\/image\/\"}}]}<\/script>\n<!-- \/ Yoast SEO plugin. -->","yoast_head_json":{"title":"tool Linn - Extery linnam\u00f6\u00f6bli kollektsioon pargipingid","description":"Tool Linn on elegantne ning stiilipuhas. Tooli loomisel oli eesm\u00e4rgiks ei rohkem ega v\u00e4hem kui saavutada parim istumismugavus ja elegantseim vorm.","robots":{"index":"index","follow":"follow","max-snippet":"max-snippet:-1","max-image-preview":"max-image-preview:large","max-video-preview":"max-video-preview:-1"},"canonical":"https:\/\/dev.codenot.studio\/extery-new\/tooted\/linn-tool\/","og_locale":"et_EE","og_type":"article","og_title":"tool Linn - Extery linnam\u00f6\u00f6bli kollektsioon pargipingid","og_description":"Tool Linn on elegantne ning stiilipuhas. Tooli loomisel oli eesm\u00e4rgiks ei rohkem ega v\u00e4hem kui saavutada parim istumismugavus ja elegantseim vorm.","og_url":"https:\/\/dev.codenot.studio\/extery-new\/tooted\/linn-tool\/","og_site_name":"Extery","article_modified_time":"2024-10-17T17:40:05+00:00","og_image":[{"width":2560,"height":1707,"url":"https:\/\/dev.codenot.studio\/extery-new\/wp-content\/uploads\/2020\/11\/Linn-tool-E-scaled.jpg","type":"image\/jpeg"}],"twitter_card":"summary_large_image","twitter_misc":{"Est. reading time":"1 minut"},"schema":{"@context":"https:\/\/schema.org","@graph":[{"@type":"WebPage","@id":"https:\/\/dev.codenot.studio\/extery-new\/tooted\/linn-tool\/","url":"https:\/\/dev.codenot.studio\/extery-new\/tooted\/linn-tool\/","name":"tool Linn - Extery linnam\u00f6\u00f6bli kollektsioon pargipingid","isPartOf":{"@id":"https:\/\/dev.codenot.studio\/extery-new\/#website"},"primaryImageOfPage":{"@id":"https:\/\/dev.codenot.studio\/extery-new\/tooted\/linn-tool\/#primaryimage"},"image":{"@id":"https:\/\/dev.codenot.studio\/extery-new\/tooted\/linn-tool\/#primaryimage"},"thumbnailUrl":"https:\/\/dev.codenot.studio\/extery-new\/wp-content\/uploads\/2020\/11\/Linn-tool-E-scaled.jpg","datePublished":"2020-11-11T08:22:06+00:00","dateModified":"2024-10-17T17:40:05+00:00","description":"Tool Linn on elegantne ning stiilipuhas. Tooli loomisel oli eesm\u00e4rgiks ei rohkem ega v\u00e4hem kui saavutada parim istumismugavus ja elegantseim vorm.","breadcrumb":{"@id":"https:\/\/dev.codenot.studio\/extery-new\/tooted\/linn-tool\/#breadcrumb"},"inLanguage":"et","potentialAction":[{"@type":"ReadAction","target":["https:\/\/dev.codenot.studio\/extery-new\/tooted\/linn-tool\/"]}]},{"@type":"ImageObject","inLanguage":"et","@id":"https:\/\/dev.codenot.studio\/extery-new\/tooted\/linn-tool\/#primaryimage","url":"https:\/\/dev.codenot.studio\/extery-new\/wp-content\/uploads\/2020\/11\/Linn-tool-E-scaled.jpg","contentUrl":"https:\/\/dev.codenot.studio\/extery-new\/wp-content\/uploads\/2020\/11\/Linn-tool-E-scaled.jpg","width":2560,"height":1707},{"@type":"BreadcrumbList","@id":"https:\/\/dev.codenot.studio\/extery-new\/tooted\/linn-tool\/#breadcrumb","itemListElement":[{"@type":"ListItem","position":1,"name":"Home","item":"https:\/\/dev.codenot.studio\/extery-new\/"},{"@type":"ListItem","position":2,"name":"Tooted","item":"https:\/\/dev.codenot.studio\/extery-new\/tooted\/"},{"@type":"ListItem","position":3,"name":"tool Linn"}]},{"@type":"WebSite","@id":"https:\/\/dev.codenot.studio\/extery-new\/#website","url":"https:\/\/dev.codenot.studio\/extery-new\/","name":"Extery","description":"","publisher":{"@id":"https:\/\/dev.codenot.studio\/extery-new\/#organization"},"potentialAction":[{"@type":"SearchAction","target":{"@type":"EntryPoint","urlTemplate":"https:\/\/dev.codenot.studio\/extery-new\/?s={search_term_string}"},"query-input":{"@type":"PropertyValueSpecification","valueRequired":true,"valueName":"search_term_string"}}],"inLanguage":"et"},{"@type":"Organization","@id":"https:\/\/dev.codenot.studio\/extery-new\/#organization","name":"Extery","url":"https:\/\/dev.codenot.studio\/extery-new\/","logo":{"@type":"ImageObject","inLanguage":"et","@id":"https:\/\/dev.codenot.studio\/extery-new\/#\/schema\/logo\/image\/","url":"https:\/\/dev.codenot.studio\/extery-new\/wp-content\/uploads\/2023\/11\/footer-logo.svg","contentUrl":"https:\/\/dev.codenot.studio\/extery-new\/wp-content\/uploads\/2023\/11\/footer-logo.svg","caption":"Extery"},"image":{"@id":"https:\/\/dev.codenot.studio\/extery-new\/#\/schema\/logo\/image\/"}}]}},"_links":{"self":[{"href":"https:\/\/dev.codenot.studio\/extery-new\/wp-json\/wp\/v2\/product\/2164","targetHints":{"allow":["GET"]}}],"collection":[{"href":"https:\/\/dev.codenot.studio\/extery-new\/wp-json\/wp\/v2\/product"}],"about":[{"href":"https:\/\/dev.codenot.studio\/extery-new\/wp-json\/wp\/v2\/types\/product"}],"replies":[{"embeddable":true,"href":"https:\/\/dev.codenot.studio\/extery-new\/wp-json\/wp\/v2\/comments?post=2164"}],"wp:featuredmedia":[{"embeddable":true,"href":"https:\/\/dev.codenot.studio\/extery-new\/wp-json\/wp\/v2\/media\/759"}],"wp:attachment":[{"href":"https:\/\/dev.codenot.studio\/extery-new\/wp-json\/wp\/v2\/media?parent=2164"}],"wp:term":[{"taxonomy":"product_cat","embeddable":true,"href":"https:\/\/dev.codenot.studio\/extery-new\/wp-json\/wp\/v2\/product_cat?post=2164"},{"taxonomy":"product_tag","embeddable":true,"href":"https:\/\/dev.codenot.studio\/extery-new\/wp-json\/wp\/v2\/product_tag?post=2164"}],"curies":[{"name":"wp","href":"https:\/\/api.w.org\/{rel}","templated":true}]}}