{"id":2143,"date":"2020-11-11T08:15:18","date_gmt":"2020-11-11T08:15:18","guid":{"rendered":"https:\/\/extery.com\/?post_type=product&#038;p=2143"},"modified":"2023-11-03T12:33:24","modified_gmt":"2023-11-03T12:33:24","slug":"klaar-steel-pink","status":"publish","type":"product","link":"https:\/\/dev.codenot.studio\/extery-new\/tooted\/klaar-steel-pink\/","title":{"rendered":"pargipink Klaar Steel, seljatoeta"},"content":{"rendered":"<p>Pargipink Klaar Steel kuulub suuremasse Klaari linnm\u00f6\u00f6bli perre.<\/p>\n<p>Klaarile iseloomulik ratsionaalsus, neutraalsus ja detailide t\u00e4pne esteetiline viimistletus on kvaliteedid, mis ei aegu ega allu kiiresti vahelduvatele moevooludele. Oma vormi selguse ja kerguse ning materjalide laia valikuga sobib Klaar kasutamiseks v\u00e4ga erinevates kaasaegsetes arhitektuurikontekstides, pakkudes lahendusi erinevatele vajadustele.<br \/>\nLaud ning mitmete k\u00e4etoe variatsioonidega pingid ja toolid loovad Klaar perekonna terviku, millega saab h\u00f5lpsalt erineva funktsionaalsusega komplekte luua.<\/p>\n","protected":false},"excerpt":{"rendered":"<p>Pargipink Klaar Steel kuulub suuremasse Klaari linnm\u00f6\u00f6bli perre. Klaarile iseloomulik ratsionaalsus, neutraalsus ja detailide t\u00e4pne esteetiline viimistletus on kvaliteedid, mis ei aegu ega allu kiiresti vahelduvatele moevooludele. Oma vormi selguse ja kerguse ning materjalide laia valikuga sobib Klaar kasutamiseks v\u00e4ga erinevates kaasaegsetes arhitektuurikontekstides, pakkudes lahendusi erinevatele vajadustele. Laud ning mitmete k\u00e4etoe variatsioonidega pingid ja toolid [&hellip;]<\/p>\n","protected":false},"featured_media":619,"comment_status":"open","ping_status":"closed","template":"","meta":{"_acf_changed":false},"product_cat":[31],"product_tag":[],"class_list":["post-2143","product","type-product","status-publish","has-post-thumbnail","hentry","product_cat-seljatoeta-pargipingid","product-family-klaar-steel"],"acf":[],"yoast_head":"<!-- This site is optimized with the Yoast SEO plugin v24.1 - https:\/\/yoast.com\/wordpress\/plugins\/seo\/ -->\n<title>pargipink Klaar Steel, seljatoeta - Extery<\/title>\n<meta name=\"description\" content=\"Pargipink klaar steel on ratsionaalne. Iseloomulik neutraalsus ja detailide t\u00e4pne esteetiline viimistletus on kvaliteedid, mis ei aegu ega allu kiiresti vahelduvatele moevooludele.\" \/>\n<meta name=\"robots\" content=\"index, follow, max-snippet:-1, max-image-preview:large, max-video-preview:-1\" \/>\n<link rel=\"canonical\" href=\"https:\/\/dev.codenot.studio\/extery-new\/tooted\/klaar-steel-pink\/\" \/>\n<meta property=\"og:locale\" content=\"et_EE\" \/>\n<meta property=\"og:type\" content=\"article\" \/>\n<meta property=\"og:title\" content=\"pargipink Klaar Steel, seljatoeta - Extery\" \/>\n<meta property=\"og:description\" content=\"Pargipink klaar steel on ratsionaalne. Iseloomulik neutraalsus ja detailide t\u00e4pne esteetiline viimistletus on kvaliteedid, mis ei aegu ega allu kiiresti vahelduvatele moevooludele.\" \/>\n<meta property=\"og:url\" content=\"https:\/\/dev.codenot.studio\/extery-new\/tooted\/klaar-steel-pink\/\" \/>\n<meta property=\"og:site_name\" content=\"Extery\" \/>\n<meta property=\"article:modified_time\" content=\"2023-11-03T12:33:24+00:00\" \/>\n<meta property=\"og:image\" content=\"https:\/\/dev.codenot.studio\/extery-new\/wp-content\/uploads\/2020\/11\/Klaar-Steel-J-E-scaled.jpg\" \/>\n\t<meta property=\"og:image:width\" content=\"2560\" \/>\n\t<meta property=\"og:image:height\" content=\"1707\" \/>\n\t<meta property=\"og:image:type\" content=\"image\/jpeg\" \/>\n<meta name=\"twitter:card\" content=\"summary_large_image\" \/>\n<meta name=\"twitter:label1\" content=\"Est. reading time\" \/>\n\t<meta name=\"twitter:data1\" content=\"1 minut\" \/>\n<script type=\"application\/ld+json\" class=\"yoast-schema-graph\">{\"@context\":\"https:\/\/schema.org\",\"@graph\":[{\"@type\":\"WebPage\",\"@id\":\"https:\/\/dev.codenot.studio\/extery-new\/tooted\/klaar-steel-pink\/\",\"url\":\"https:\/\/dev.codenot.studio\/extery-new\/tooted\/klaar-steel-pink\/\",\"name\":\"pargipink Klaar Steel, seljatoeta - Extery\",\"isPartOf\":{\"@id\":\"https:\/\/dev.codenot.studio\/extery-new\/#website\"},\"primaryImageOfPage\":{\"@id\":\"https:\/\/dev.codenot.studio\/extery-new\/tooted\/klaar-steel-pink\/#primaryimage\"},\"image\":{\"@id\":\"https:\/\/dev.codenot.studio\/extery-new\/tooted\/klaar-steel-pink\/#primaryimage\"},\"thumbnailUrl\":\"https:\/\/dev.codenot.studio\/extery-new\/wp-content\/uploads\/2020\/11\/Klaar-Steel-J-E-scaled.jpg\",\"datePublished\":\"2020-11-11T08:15:18+00:00\",\"dateModified\":\"2023-11-03T12:33:24+00:00\",\"description\":\"Pargipink klaar steel on ratsionaalne. Iseloomulik neutraalsus ja detailide t\u00e4pne esteetiline viimistletus on kvaliteedid, mis ei aegu ega allu kiiresti vahelduvatele moevooludele.\",\"breadcrumb\":{\"@id\":\"https:\/\/dev.codenot.studio\/extery-new\/tooted\/klaar-steel-pink\/#breadcrumb\"},\"inLanguage\":\"et\",\"potentialAction\":[{\"@type\":\"ReadAction\",\"target\":[\"https:\/\/dev.codenot.studio\/extery-new\/tooted\/klaar-steel-pink\/\"]}]},{\"@type\":\"ImageObject\",\"inLanguage\":\"et\",\"@id\":\"https:\/\/dev.codenot.studio\/extery-new\/tooted\/klaar-steel-pink\/#primaryimage\",\"url\":\"https:\/\/dev.codenot.studio\/extery-new\/wp-content\/uploads\/2020\/11\/Klaar-Steel-J-E-scaled.jpg\",\"contentUrl\":\"https:\/\/dev.codenot.studio\/extery-new\/wp-content\/uploads\/2020\/11\/Klaar-Steel-J-E-scaled.jpg\",\"width\":2560,\"height\":1707},{\"@type\":\"BreadcrumbList\",\"@id\":\"https:\/\/dev.codenot.studio\/extery-new\/tooted\/klaar-steel-pink\/#breadcrumb\",\"itemListElement\":[{\"@type\":\"ListItem\",\"position\":1,\"name\":\"Home\",\"item\":\"https:\/\/dev.codenot.studio\/extery-new\/\"},{\"@type\":\"ListItem\",\"position\":2,\"name\":\"Tooted\",\"item\":\"https:\/\/dev.codenot.studio\/extery-new\/tooted\/\"},{\"@type\":\"ListItem\",\"position\":3,\"name\":\"pargipink Klaar Steel, seljatoeta\"}]},{\"@type\":\"WebSite\",\"@id\":\"https:\/\/dev.codenot.studio\/extery-new\/#website\",\"url\":\"https:\/\/dev.codenot.studio\/extery-new\/\",\"name\":\"Extery\",\"description\":\"\",\"publisher\":{\"@id\":\"https:\/\/dev.codenot.studio\/extery-new\/#organization\"},\"potentialAction\":[{\"@type\":\"SearchAction\",\"target\":{\"@type\":\"EntryPoint\",\"urlTemplate\":\"https:\/\/dev.codenot.studio\/extery-new\/?s={search_term_string}\"},\"query-input\":{\"@type\":\"PropertyValueSpecification\",\"valueRequired\":true,\"valueName\":\"search_term_string\"}}],\"inLanguage\":\"et\"},{\"@type\":\"Organization\",\"@id\":\"https:\/\/dev.codenot.studio\/extery-new\/#organization\",\"name\":\"Extery\",\"url\":\"https:\/\/dev.codenot.studio\/extery-new\/\",\"logo\":{\"@type\":\"ImageObject\",\"inLanguage\":\"et\",\"@id\":\"https:\/\/dev.codenot.studio\/extery-new\/#\/schema\/logo\/image\/\",\"url\":\"https:\/\/dev.codenot.studio\/extery-new\/wp-content\/uploads\/2023\/11\/footer-logo.svg\",\"contentUrl\":\"https:\/\/dev.codenot.studio\/extery-new\/wp-content\/uploads\/2023\/11\/footer-logo.svg\",\"caption\":\"Extery\"},\"image\":{\"@id\":\"https:\/\/dev.codenot.studio\/extery-new\/#\/schema\/logo\/image\/\"}}]}<\/script>\n<!-- \/ Yoast SEO plugin. -->","yoast_head_json":{"title":"pargipink Klaar Steel, seljatoeta - Extery","description":"Pargipink klaar steel on ratsionaalne. Iseloomulik neutraalsus ja detailide t\u00e4pne esteetiline viimistletus on kvaliteedid, mis ei aegu ega allu kiiresti vahelduvatele moevooludele.","robots":{"index":"index","follow":"follow","max-snippet":"max-snippet:-1","max-image-preview":"max-image-preview:large","max-video-preview":"max-video-preview:-1"},"canonical":"https:\/\/dev.codenot.studio\/extery-new\/tooted\/klaar-steel-pink\/","og_locale":"et_EE","og_type":"article","og_title":"pargipink Klaar Steel, seljatoeta - Extery","og_description":"Pargipink klaar steel on ratsionaalne. Iseloomulik neutraalsus ja detailide t\u00e4pne esteetiline viimistletus on kvaliteedid, mis ei aegu ega allu kiiresti vahelduvatele moevooludele.","og_url":"https:\/\/dev.codenot.studio\/extery-new\/tooted\/klaar-steel-pink\/","og_site_name":"Extery","article_modified_time":"2023-11-03T12:33:24+00:00","og_image":[{"width":2560,"height":1707,"url":"https:\/\/dev.codenot.studio\/extery-new\/wp-content\/uploads\/2020\/11\/Klaar-Steel-J-E-scaled.jpg","type":"image\/jpeg"}],"twitter_card":"summary_large_image","twitter_misc":{"Est. reading time":"1 minut"},"schema":{"@context":"https:\/\/schema.org","@graph":[{"@type":"WebPage","@id":"https:\/\/dev.codenot.studio\/extery-new\/tooted\/klaar-steel-pink\/","url":"https:\/\/dev.codenot.studio\/extery-new\/tooted\/klaar-steel-pink\/","name":"pargipink Klaar Steel, seljatoeta - Extery","isPartOf":{"@id":"https:\/\/dev.codenot.studio\/extery-new\/#website"},"primaryImageOfPage":{"@id":"https:\/\/dev.codenot.studio\/extery-new\/tooted\/klaar-steel-pink\/#primaryimage"},"image":{"@id":"https:\/\/dev.codenot.studio\/extery-new\/tooted\/klaar-steel-pink\/#primaryimage"},"thumbnailUrl":"https:\/\/dev.codenot.studio\/extery-new\/wp-content\/uploads\/2020\/11\/Klaar-Steel-J-E-scaled.jpg","datePublished":"2020-11-11T08:15:18+00:00","dateModified":"2023-11-03T12:33:24+00:00","description":"Pargipink klaar steel on ratsionaalne. Iseloomulik neutraalsus ja detailide t\u00e4pne esteetiline viimistletus on kvaliteedid, mis ei aegu ega allu kiiresti vahelduvatele moevooludele.","breadcrumb":{"@id":"https:\/\/dev.codenot.studio\/extery-new\/tooted\/klaar-steel-pink\/#breadcrumb"},"inLanguage":"et","potentialAction":[{"@type":"ReadAction","target":["https:\/\/dev.codenot.studio\/extery-new\/tooted\/klaar-steel-pink\/"]}]},{"@type":"ImageObject","inLanguage":"et","@id":"https:\/\/dev.codenot.studio\/extery-new\/tooted\/klaar-steel-pink\/#primaryimage","url":"https:\/\/dev.codenot.studio\/extery-new\/wp-content\/uploads\/2020\/11\/Klaar-Steel-J-E-scaled.jpg","contentUrl":"https:\/\/dev.codenot.studio\/extery-new\/wp-content\/uploads\/2020\/11\/Klaar-Steel-J-E-scaled.jpg","width":2560,"height":1707},{"@type":"BreadcrumbList","@id":"https:\/\/dev.codenot.studio\/extery-new\/tooted\/klaar-steel-pink\/#breadcrumb","itemListElement":[{"@type":"ListItem","position":1,"name":"Home","item":"https:\/\/dev.codenot.studio\/extery-new\/"},{"@type":"ListItem","position":2,"name":"Tooted","item":"https:\/\/dev.codenot.studio\/extery-new\/tooted\/"},{"@type":"ListItem","position":3,"name":"pargipink Klaar Steel, seljatoeta"}]},{"@type":"WebSite","@id":"https:\/\/dev.codenot.studio\/extery-new\/#website","url":"https:\/\/dev.codenot.studio\/extery-new\/","name":"Extery","description":"","publisher":{"@id":"https:\/\/dev.codenot.studio\/extery-new\/#organization"},"potentialAction":[{"@type":"SearchAction","target":{"@type":"EntryPoint","urlTemplate":"https:\/\/dev.codenot.studio\/extery-new\/?s={search_term_string}"},"query-input":{"@type":"PropertyValueSpecification","valueRequired":true,"valueName":"search_term_string"}}],"inLanguage":"et"},{"@type":"Organization","@id":"https:\/\/dev.codenot.studio\/extery-new\/#organization","name":"Extery","url":"https:\/\/dev.codenot.studio\/extery-new\/","logo":{"@type":"ImageObject","inLanguage":"et","@id":"https:\/\/dev.codenot.studio\/extery-new\/#\/schema\/logo\/image\/","url":"https:\/\/dev.codenot.studio\/extery-new\/wp-content\/uploads\/2023\/11\/footer-logo.svg","contentUrl":"https:\/\/dev.codenot.studio\/extery-new\/wp-content\/uploads\/2023\/11\/footer-logo.svg","caption":"Extery"},"image":{"@id":"https:\/\/dev.codenot.studio\/extery-new\/#\/schema\/logo\/image\/"}}]}},"_links":{"self":[{"href":"https:\/\/dev.codenot.studio\/extery-new\/wp-json\/wp\/v2\/product\/2143","targetHints":{"allow":["GET"]}}],"collection":[{"href":"https:\/\/dev.codenot.studio\/extery-new\/wp-json\/wp\/v2\/product"}],"about":[{"href":"https:\/\/dev.codenot.studio\/extery-new\/wp-json\/wp\/v2\/types\/product"}],"replies":[{"embeddable":true,"href":"https:\/\/dev.codenot.studio\/extery-new\/wp-json\/wp\/v2\/comments?post=2143"}],"wp:featuredmedia":[{"embeddable":true,"href":"https:\/\/dev.codenot.studio\/extery-new\/wp-json\/wp\/v2\/media\/619"}],"wp:attachment":[{"href":"https:\/\/dev.codenot.studio\/extery-new\/wp-json\/wp\/v2\/media?parent=2143"}],"wp:term":[{"taxonomy":"product_cat","embeddable":true,"href":"https:\/\/dev.codenot.studio\/extery-new\/wp-json\/wp\/v2\/product_cat?post=2143"},{"taxonomy":"product_tag","embeddable":true,"href":"https:\/\/dev.codenot.studio\/extery-new\/wp-json\/wp\/v2\/product_tag?post=2143"}],"curies":[{"name":"wp","href":"https:\/\/api.w.org\/{rel}","templated":true}]}}