{"id":21174,"date":"2022-11-25T08:14:24","date_gmt":"2022-11-25T08:14:24","guid":{"rendered":"https:\/\/extery.com\/?post_type=product&#038;p=21174"},"modified":"2023-12-01T11:44:44","modified_gmt":"2023-12-01T11:44:44","slug":"modulaarne-pargipink-jada-set10","status":"publish","type":"product","link":"https:\/\/dev.codenot.studio\/extery-new\/tooted\/modulaarne-pargipink-jada-set10\/","title":{"rendered":"modulaarne pargipink JADA SET10"},"content":{"rendered":"<p>Pargipink JADA SET10 on kombinatsioon Jada kaare moodulitest.<\/p>\n<p>Jada on Extery linnam\u00f6\u00f6bli kollektsiooni modulaarne linnam\u00f6\u00f6blis\u00fcsteem, mis v\u00f5imaldab lihtsalt luua terviklikke istumisalasid. Jadast saab tekitada l\u00f5pmatult kombinatsioone, et palistada v\u00e4ljakute servasid, \u00e4\u00e4ristada looklevaid jalgteid v\u00f5i t\u00e4ita plats \u00fcllatavate kujunditega. Seljatugesid on v\u00f5imalik paigutada nii k\u00f5rvuti kui ka vastakuti, luues lamamiskohti v\u00f5i eraldatust. Laudu saab pikkida \u00f5dusalt privaatsetesse istumispaikadesse v\u00f5i kombineerida laudadega m\u00f5nusaid sotsiaalsust \u00f5hutavaid kooslusi.<\/p>\n<p>Rohkem lahendusi leiad <strong><a href=\"https:\/\/dev.codenot.studio\/extery-new\/tootekategooria\/moodulpingid\/\"><span style=\"color: #3366ff;\">siit<\/span><\/a><\/strong> v\u00f5i tootelehelt.<\/p>\n","protected":false},"excerpt":{"rendered":"<p>Pargipink JADA SET10 on kombinatsioon Jada kaare moodulitest. Jada on Extery linnam\u00f6\u00f6bli kollektsiooni modulaarne linnam\u00f6\u00f6blis\u00fcsteem, mis v\u00f5imaldab lihtsalt luua terviklikke istumisalasid. Jadast saab tekitada l\u00f5pmatult kombinatsioone, et palistada v\u00e4ljakute servasid, \u00e4\u00e4ristada looklevaid jalgteid v\u00f5i t\u00e4ita plats \u00fcllatavate kujunditega. Seljatugesid on v\u00f5imalik paigutada nii k\u00f5rvuti kui ka vastakuti, luues lamamiskohti v\u00f5i eraldatust. Laudu saab pikkida \u00f5dusalt [&hellip;]<\/p>\n","protected":false},"featured_media":21104,"comment_status":"open","ping_status":"closed","template":"","meta":{"_acf_changed":false},"product_cat":[31,34],"product_tag":[],"class_list":["post-21174","product","type-product","status-publish","has-post-thumbnail","hentry","product_cat-seljatoeta-pargipingid","product_cat-moodulpingid","product-family-jada"],"acf":[],"yoast_head":"<!-- This site is optimized with the Yoast SEO plugin v24.1 - https:\/\/yoast.com\/wordpress\/plugins\/seo\/ -->\n<title>modulaarne pargipink JADA SET10 - Extery linnam\u00f6\u00f6bel<\/title>\n<meta name=\"description\" content=\"Pargipink JADA SET10 on modulaarse linnam\u00f6\u00f6bli s\u00fcsteemi \u00fcks komplekt l\u00f5pututest versioonidest. Tutvu ka teiste komplektidega meie kodulehel!\" \/>\n<meta name=\"robots\" content=\"index, follow, max-snippet:-1, max-image-preview:large, max-video-preview:-1\" \/>\n<link rel=\"canonical\" href=\"https:\/\/dev.codenot.studio\/extery-new\/tooted\/modulaarne-pargipink-jada-set10\/\" \/>\n<meta property=\"og:locale\" content=\"et_EE\" \/>\n<meta property=\"og:type\" content=\"article\" \/>\n<meta property=\"og:title\" content=\"modulaarne pargipink JADA SET10 - Extery linnam\u00f6\u00f6bel\" \/>\n<meta property=\"og:description\" content=\"Pargipink JADA SET10 on modulaarse linnam\u00f6\u00f6bli s\u00fcsteemi \u00fcks komplekt l\u00f5pututest versioonidest. Tutvu ka teiste komplektidega meie kodulehel!\" \/>\n<meta property=\"og:url\" content=\"https:\/\/dev.codenot.studio\/extery-new\/tooted\/modulaarne-pargipink-jada-set10\/\" \/>\n<meta property=\"og:site_name\" content=\"Extery\" \/>\n<meta property=\"article:modified_time\" content=\"2023-12-01T11:44:44+00:00\" \/>\n<meta property=\"og:image\" content=\"https:\/\/dev.codenot.studio\/extery-new\/wp-content\/uploads\/2022\/11\/Jada-10.jpg\" \/>\n\t<meta property=\"og:image:width\" content=\"2255\" \/>\n\t<meta property=\"og:image:height\" content=\"1560\" \/>\n\t<meta property=\"og:image:type\" content=\"image\/jpeg\" \/>\n<meta name=\"twitter:card\" content=\"summary_large_image\" \/>\n<meta name=\"twitter:label1\" content=\"Est. reading time\" \/>\n\t<meta name=\"twitter:data1\" content=\"1 minut\" \/>\n<script type=\"application\/ld+json\" class=\"yoast-schema-graph\">{\"@context\":\"https:\/\/schema.org\",\"@graph\":[{\"@type\":\"WebPage\",\"@id\":\"https:\/\/dev.codenot.studio\/extery-new\/tooted\/modulaarne-pargipink-jada-set10\/\",\"url\":\"https:\/\/dev.codenot.studio\/extery-new\/tooted\/modulaarne-pargipink-jada-set10\/\",\"name\":\"modulaarne pargipink JADA SET10 - Extery linnam\u00f6\u00f6bel\",\"isPartOf\":{\"@id\":\"https:\/\/dev.codenot.studio\/extery-new\/#website\"},\"primaryImageOfPage\":{\"@id\":\"https:\/\/dev.codenot.studio\/extery-new\/tooted\/modulaarne-pargipink-jada-set10\/#primaryimage\"},\"image\":{\"@id\":\"https:\/\/dev.codenot.studio\/extery-new\/tooted\/modulaarne-pargipink-jada-set10\/#primaryimage\"},\"thumbnailUrl\":\"https:\/\/dev.codenot.studio\/extery-new\/wp-content\/uploads\/2022\/11\/Jada-10.jpg\",\"datePublished\":\"2022-11-25T08:14:24+00:00\",\"dateModified\":\"2023-12-01T11:44:44+00:00\",\"description\":\"Pargipink JADA SET10 on modulaarse linnam\u00f6\u00f6bli s\u00fcsteemi \u00fcks komplekt l\u00f5pututest versioonidest. Tutvu ka teiste komplektidega meie kodulehel!\",\"breadcrumb\":{\"@id\":\"https:\/\/dev.codenot.studio\/extery-new\/tooted\/modulaarne-pargipink-jada-set10\/#breadcrumb\"},\"inLanguage\":\"et\",\"potentialAction\":[{\"@type\":\"ReadAction\",\"target\":[\"https:\/\/dev.codenot.studio\/extery-new\/tooted\/modulaarne-pargipink-jada-set10\/\"]}]},{\"@type\":\"ImageObject\",\"inLanguage\":\"et\",\"@id\":\"https:\/\/dev.codenot.studio\/extery-new\/tooted\/modulaarne-pargipink-jada-set10\/#primaryimage\",\"url\":\"https:\/\/dev.codenot.studio\/extery-new\/wp-content\/uploads\/2022\/11\/Jada-10.jpg\",\"contentUrl\":\"https:\/\/dev.codenot.studio\/extery-new\/wp-content\/uploads\/2022\/11\/Jada-10.jpg\",\"width\":2255,\"height\":1560},{\"@type\":\"BreadcrumbList\",\"@id\":\"https:\/\/dev.codenot.studio\/extery-new\/tooted\/modulaarne-pargipink-jada-set10\/#breadcrumb\",\"itemListElement\":[{\"@type\":\"ListItem\",\"position\":1,\"name\":\"Home\",\"item\":\"https:\/\/dev.codenot.studio\/extery-new\/\"},{\"@type\":\"ListItem\",\"position\":2,\"name\":\"Tooted\",\"item\":\"https:\/\/dev.codenot.studio\/extery-new\/tooted\/\"},{\"@type\":\"ListItem\",\"position\":3,\"name\":\"modulaarne pargipink JADA SET10\"}]},{\"@type\":\"WebSite\",\"@id\":\"https:\/\/dev.codenot.studio\/extery-new\/#website\",\"url\":\"https:\/\/dev.codenot.studio\/extery-new\/\",\"name\":\"Extery\",\"description\":\"\",\"publisher\":{\"@id\":\"https:\/\/dev.codenot.studio\/extery-new\/#organization\"},\"potentialAction\":[{\"@type\":\"SearchAction\",\"target\":{\"@type\":\"EntryPoint\",\"urlTemplate\":\"https:\/\/dev.codenot.studio\/extery-new\/?s={search_term_string}\"},\"query-input\":{\"@type\":\"PropertyValueSpecification\",\"valueRequired\":true,\"valueName\":\"search_term_string\"}}],\"inLanguage\":\"et\"},{\"@type\":\"Organization\",\"@id\":\"https:\/\/dev.codenot.studio\/extery-new\/#organization\",\"name\":\"Extery\",\"url\":\"https:\/\/dev.codenot.studio\/extery-new\/\",\"logo\":{\"@type\":\"ImageObject\",\"inLanguage\":\"et\",\"@id\":\"https:\/\/dev.codenot.studio\/extery-new\/#\/schema\/logo\/image\/\",\"url\":\"https:\/\/dev.codenot.studio\/extery-new\/wp-content\/uploads\/2023\/11\/footer-logo.svg\",\"contentUrl\":\"https:\/\/dev.codenot.studio\/extery-new\/wp-content\/uploads\/2023\/11\/footer-logo.svg\",\"caption\":\"Extery\"},\"image\":{\"@id\":\"https:\/\/dev.codenot.studio\/extery-new\/#\/schema\/logo\/image\/\"}}]}<\/script>\n<!-- \/ Yoast SEO plugin. -->","yoast_head_json":{"title":"modulaarne pargipink JADA SET10 - Extery linnam\u00f6\u00f6bel","description":"Pargipink JADA SET10 on modulaarse linnam\u00f6\u00f6bli s\u00fcsteemi \u00fcks komplekt l\u00f5pututest versioonidest. Tutvu ka teiste komplektidega meie kodulehel!","robots":{"index":"index","follow":"follow","max-snippet":"max-snippet:-1","max-image-preview":"max-image-preview:large","max-video-preview":"max-video-preview:-1"},"canonical":"https:\/\/dev.codenot.studio\/extery-new\/tooted\/modulaarne-pargipink-jada-set10\/","og_locale":"et_EE","og_type":"article","og_title":"modulaarne pargipink JADA SET10 - Extery linnam\u00f6\u00f6bel","og_description":"Pargipink JADA SET10 on modulaarse linnam\u00f6\u00f6bli s\u00fcsteemi \u00fcks komplekt l\u00f5pututest versioonidest. Tutvu ka teiste komplektidega meie kodulehel!","og_url":"https:\/\/dev.codenot.studio\/extery-new\/tooted\/modulaarne-pargipink-jada-set10\/","og_site_name":"Extery","article_modified_time":"2023-12-01T11:44:44+00:00","og_image":[{"width":2255,"height":1560,"url":"https:\/\/dev.codenot.studio\/extery-new\/wp-content\/uploads\/2022\/11\/Jada-10.jpg","type":"image\/jpeg"}],"twitter_card":"summary_large_image","twitter_misc":{"Est. reading time":"1 minut"},"schema":{"@context":"https:\/\/schema.org","@graph":[{"@type":"WebPage","@id":"https:\/\/dev.codenot.studio\/extery-new\/tooted\/modulaarne-pargipink-jada-set10\/","url":"https:\/\/dev.codenot.studio\/extery-new\/tooted\/modulaarne-pargipink-jada-set10\/","name":"modulaarne pargipink JADA SET10 - Extery linnam\u00f6\u00f6bel","isPartOf":{"@id":"https:\/\/dev.codenot.studio\/extery-new\/#website"},"primaryImageOfPage":{"@id":"https:\/\/dev.codenot.studio\/extery-new\/tooted\/modulaarne-pargipink-jada-set10\/#primaryimage"},"image":{"@id":"https:\/\/dev.codenot.studio\/extery-new\/tooted\/modulaarne-pargipink-jada-set10\/#primaryimage"},"thumbnailUrl":"https:\/\/dev.codenot.studio\/extery-new\/wp-content\/uploads\/2022\/11\/Jada-10.jpg","datePublished":"2022-11-25T08:14:24+00:00","dateModified":"2023-12-01T11:44:44+00:00","description":"Pargipink JADA SET10 on modulaarse linnam\u00f6\u00f6bli s\u00fcsteemi \u00fcks komplekt l\u00f5pututest versioonidest. Tutvu ka teiste komplektidega meie kodulehel!","breadcrumb":{"@id":"https:\/\/dev.codenot.studio\/extery-new\/tooted\/modulaarne-pargipink-jada-set10\/#breadcrumb"},"inLanguage":"et","potentialAction":[{"@type":"ReadAction","target":["https:\/\/dev.codenot.studio\/extery-new\/tooted\/modulaarne-pargipink-jada-set10\/"]}]},{"@type":"ImageObject","inLanguage":"et","@id":"https:\/\/dev.codenot.studio\/extery-new\/tooted\/modulaarne-pargipink-jada-set10\/#primaryimage","url":"https:\/\/dev.codenot.studio\/extery-new\/wp-content\/uploads\/2022\/11\/Jada-10.jpg","contentUrl":"https:\/\/dev.codenot.studio\/extery-new\/wp-content\/uploads\/2022\/11\/Jada-10.jpg","width":2255,"height":1560},{"@type":"BreadcrumbList","@id":"https:\/\/dev.codenot.studio\/extery-new\/tooted\/modulaarne-pargipink-jada-set10\/#breadcrumb","itemListElement":[{"@type":"ListItem","position":1,"name":"Home","item":"https:\/\/dev.codenot.studio\/extery-new\/"},{"@type":"ListItem","position":2,"name":"Tooted","item":"https:\/\/dev.codenot.studio\/extery-new\/tooted\/"},{"@type":"ListItem","position":3,"name":"modulaarne pargipink JADA SET10"}]},{"@type":"WebSite","@id":"https:\/\/dev.codenot.studio\/extery-new\/#website","url":"https:\/\/dev.codenot.studio\/extery-new\/","name":"Extery","description":"","publisher":{"@id":"https:\/\/dev.codenot.studio\/extery-new\/#organization"},"potentialAction":[{"@type":"SearchAction","target":{"@type":"EntryPoint","urlTemplate":"https:\/\/dev.codenot.studio\/extery-new\/?s={search_term_string}"},"query-input":{"@type":"PropertyValueSpecification","valueRequired":true,"valueName":"search_term_string"}}],"inLanguage":"et"},{"@type":"Organization","@id":"https:\/\/dev.codenot.studio\/extery-new\/#organization","name":"Extery","url":"https:\/\/dev.codenot.studio\/extery-new\/","logo":{"@type":"ImageObject","inLanguage":"et","@id":"https:\/\/dev.codenot.studio\/extery-new\/#\/schema\/logo\/image\/","url":"https:\/\/dev.codenot.studio\/extery-new\/wp-content\/uploads\/2023\/11\/footer-logo.svg","contentUrl":"https:\/\/dev.codenot.studio\/extery-new\/wp-content\/uploads\/2023\/11\/footer-logo.svg","caption":"Extery"},"image":{"@id":"https:\/\/dev.codenot.studio\/extery-new\/#\/schema\/logo\/image\/"}}]}},"_links":{"self":[{"href":"https:\/\/dev.codenot.studio\/extery-new\/wp-json\/wp\/v2\/product\/21174","targetHints":{"allow":["GET"]}}],"collection":[{"href":"https:\/\/dev.codenot.studio\/extery-new\/wp-json\/wp\/v2\/product"}],"about":[{"href":"https:\/\/dev.codenot.studio\/extery-new\/wp-json\/wp\/v2\/types\/product"}],"replies":[{"embeddable":true,"href":"https:\/\/dev.codenot.studio\/extery-new\/wp-json\/wp\/v2\/comments?post=21174"}],"wp:featuredmedia":[{"embeddable":true,"href":"https:\/\/dev.codenot.studio\/extery-new\/wp-json\/wp\/v2\/media\/21104"}],"wp:attachment":[{"href":"https:\/\/dev.codenot.studio\/extery-new\/wp-json\/wp\/v2\/media?parent=21174"}],"wp:term":[{"taxonomy":"product_cat","embeddable":true,"href":"https:\/\/dev.codenot.studio\/extery-new\/wp-json\/wp\/v2\/product_cat?post=21174"},{"taxonomy":"product_tag","embeddable":true,"href":"https:\/\/dev.codenot.studio\/extery-new\/wp-json\/wp\/v2\/product_tag?post=21174"}],"curies":[{"name":"wp","href":"https:\/\/api.w.org\/{rel}","templated":true}]}}