{"id":20594,"date":"2022-11-01T12:25:57","date_gmt":"2022-11-01T12:25:57","guid":{"rendered":"https:\/\/extery.com\/?post_type=product&#038;p=20594"},"modified":"2024-06-10T19:03:02","modified_gmt":"2024-06-10T19:03:02","slug":"modulaarne-pargipink-jada","status":"publish","type":"product","link":"https:\/\/dev.codenot.studio\/extery-new\/tooted\/modulaarne-pargipink-jada\/","title":{"rendered":"modulaarne pargipink JADA"},"content":{"rendered":"<p style=\"text-align: left;\">Modulaarne pargipink JADA\u00a0v\u00f5imaldab l\u00f5putuid konfiguratsioone, muutes selle ideaalseks ainulaadse ja kutsuva ruumi loomiseks. Olgu tegemist pargi, v\u00e4ljaku v\u00f5i t\u00e4navanurgaga, modulaarne pargipink Jada on suurep\u00e4rane valik, kui soovid projektile kohandatavat linnam\u00f6\u00f6blit!<\/p>\n<p>Jada on Extery linnam\u00f6\u00f6bli kollektsiooni modulaarne linnam\u00f6\u00f6blis\u00fcsteem, mis v\u00f5imaldab lihtsalt luua terviklikke istumisalasid. Jadast saab tekitada l\u00f5pmatult kombinatsioone, et palistada v\u00e4ljakute \u00e4\u00e4ri, \u00e4\u00e4ristada looklevaid jalgteid v\u00f5i t\u00e4ita plats \u00fcllatavate kujunditega. Seljatugesid on v\u00f5imalik paigutada nii k\u00f5rvuti kui ka vastakuti, luues lamamiskohti v\u00f5i eraldatust. Laudu saab pikkida \u00f5dusalt privaatsetesse istumispaikadesse v\u00f5i kombineerida laudadega m\u00f5nusaid sotsiaalsust \u00f5hutavaid kooslusi.<\/p>\n","protected":false},"excerpt":{"rendered":"<p>Modulaarne pargipink JADA\u00a0v\u00f5imaldab l\u00f5putuid konfiguratsioone, muutes selle ideaalseks ainulaadse ja kutsuva ruumi loomiseks. Olgu tegemist pargi, v\u00e4ljaku v\u00f5i t\u00e4navanurgaga, modulaarne pargipink Jada on suurep\u00e4rane valik, kui soovid projektile kohandatavat linnam\u00f6\u00f6blit! Jada on Extery linnam\u00f6\u00f6bli kollektsiooni modulaarne linnam\u00f6\u00f6blis\u00fcsteem, mis v\u00f5imaldab lihtsalt luua terviklikke istumisalasid. Jadast saab tekitada l\u00f5pmatult kombinatsioone, et palistada v\u00e4ljakute \u00e4\u00e4ri, \u00e4\u00e4ristada looklevaid jalgteid [&hellip;]<\/p>\n","protected":false},"featured_media":20587,"comment_status":"open","ping_status":"closed","template":"","meta":{"_acf_changed":false},"product_cat":[34],"product_tag":[],"class_list":["post-20594","product","type-product","status-publish","has-post-thumbnail","hentry","product_cat-moodulpingid","product-family-jada"],"acf":[],"yoast_head":"<!-- This site is optimized with the Yoast SEO plugin v24.1 - https:\/\/yoast.com\/wordpress\/plugins\/seo\/ -->\n<title>modulaarne pargipink JADA - Extery linnam\u00f6\u00f6bli pargipink, ringpink<\/title>\n<meta name=\"description\" content=\"Jada on modulaarne linnam\u00f6\u00f6blis\u00fcsteem, mis v\u00f5imaldab lihtsalt luua terviklikke istumisalasid. Jadast saab tekitada l\u00f5pmatult kombinatsioone.\" \/>\n<meta name=\"robots\" content=\"index, follow, max-snippet:-1, max-image-preview:large, max-video-preview:-1\" \/>\n<link rel=\"canonical\" href=\"https:\/\/dev.codenot.studio\/extery-new\/tooted\/modulaarne-pargipink-jada\/\" \/>\n<meta property=\"og:locale\" content=\"et_EE\" \/>\n<meta property=\"og:type\" content=\"article\" \/>\n<meta property=\"og:title\" content=\"modulaarne pargipink JADA - Extery linnam\u00f6\u00f6bli pargipink, ringpink\" \/>\n<meta property=\"og:description\" content=\"Jada on modulaarne linnam\u00f6\u00f6blis\u00fcsteem, mis v\u00f5imaldab lihtsalt luua terviklikke istumisalasid. Jadast saab tekitada l\u00f5pmatult kombinatsioone.\" \/>\n<meta property=\"og:url\" content=\"https:\/\/dev.codenot.studio\/extery-new\/tooted\/modulaarne-pargipink-jada\/\" \/>\n<meta property=\"og:site_name\" content=\"Extery\" \/>\n<meta property=\"article:modified_time\" content=\"2024-06-10T19:03:02+00:00\" \/>\n<meta property=\"og:image\" content=\"https:\/\/dev.codenot.studio\/extery-new\/wp-content\/uploads\/2022\/11\/Jada-module-park-bench-different-sets-scaled.jpg\" \/>\n\t<meta property=\"og:image:width\" content=\"2560\" \/>\n\t<meta property=\"og:image:height\" content=\"1782\" \/>\n\t<meta property=\"og:image:type\" content=\"image\/jpeg\" \/>\n<meta name=\"twitter:card\" content=\"summary_large_image\" \/>\n<meta name=\"twitter:label1\" content=\"Est. reading time\" \/>\n\t<meta name=\"twitter:data1\" content=\"1 minut\" \/>\n<script type=\"application\/ld+json\" class=\"yoast-schema-graph\">{\"@context\":\"https:\/\/schema.org\",\"@graph\":[{\"@type\":\"WebPage\",\"@id\":\"https:\/\/dev.codenot.studio\/extery-new\/tooted\/modulaarne-pargipink-jada\/\",\"url\":\"https:\/\/dev.codenot.studio\/extery-new\/tooted\/modulaarne-pargipink-jada\/\",\"name\":\"modulaarne pargipink JADA - Extery linnam\u00f6\u00f6bli pargipink, ringpink\",\"isPartOf\":{\"@id\":\"https:\/\/dev.codenot.studio\/extery-new\/#website\"},\"primaryImageOfPage\":{\"@id\":\"https:\/\/dev.codenot.studio\/extery-new\/tooted\/modulaarne-pargipink-jada\/#primaryimage\"},\"image\":{\"@id\":\"https:\/\/dev.codenot.studio\/extery-new\/tooted\/modulaarne-pargipink-jada\/#primaryimage\"},\"thumbnailUrl\":\"https:\/\/dev.codenot.studio\/extery-new\/wp-content\/uploads\/2022\/11\/Jada-module-park-bench-different-sets-scaled.jpg\",\"datePublished\":\"2022-11-01T12:25:57+00:00\",\"dateModified\":\"2024-06-10T19:03:02+00:00\",\"description\":\"Jada on modulaarne linnam\u00f6\u00f6blis\u00fcsteem, mis v\u00f5imaldab lihtsalt luua terviklikke istumisalasid. Jadast saab tekitada l\u00f5pmatult kombinatsioone.\",\"breadcrumb\":{\"@id\":\"https:\/\/dev.codenot.studio\/extery-new\/tooted\/modulaarne-pargipink-jada\/#breadcrumb\"},\"inLanguage\":\"et\",\"potentialAction\":[{\"@type\":\"ReadAction\",\"target\":[\"https:\/\/dev.codenot.studio\/extery-new\/tooted\/modulaarne-pargipink-jada\/\"]}]},{\"@type\":\"ImageObject\",\"inLanguage\":\"et\",\"@id\":\"https:\/\/dev.codenot.studio\/extery-new\/tooted\/modulaarne-pargipink-jada\/#primaryimage\",\"url\":\"https:\/\/dev.codenot.studio\/extery-new\/wp-content\/uploads\/2022\/11\/Jada-module-park-bench-different-sets-scaled.jpg\",\"contentUrl\":\"https:\/\/dev.codenot.studio\/extery-new\/wp-content\/uploads\/2022\/11\/Jada-module-park-bench-different-sets-scaled.jpg\",\"width\":2560,\"height\":1782},{\"@type\":\"BreadcrumbList\",\"@id\":\"https:\/\/dev.codenot.studio\/extery-new\/tooted\/modulaarne-pargipink-jada\/#breadcrumb\",\"itemListElement\":[{\"@type\":\"ListItem\",\"position\":1,\"name\":\"Home\",\"item\":\"https:\/\/dev.codenot.studio\/extery-new\/\"},{\"@type\":\"ListItem\",\"position\":2,\"name\":\"Tooted\",\"item\":\"https:\/\/dev.codenot.studio\/extery-new\/tooted\/\"},{\"@type\":\"ListItem\",\"position\":3,\"name\":\"modulaarne pargipink JADA\"}]},{\"@type\":\"WebSite\",\"@id\":\"https:\/\/dev.codenot.studio\/extery-new\/#website\",\"url\":\"https:\/\/dev.codenot.studio\/extery-new\/\",\"name\":\"Extery\",\"description\":\"\",\"publisher\":{\"@id\":\"https:\/\/dev.codenot.studio\/extery-new\/#organization\"},\"potentialAction\":[{\"@type\":\"SearchAction\",\"target\":{\"@type\":\"EntryPoint\",\"urlTemplate\":\"https:\/\/dev.codenot.studio\/extery-new\/?s={search_term_string}\"},\"query-input\":{\"@type\":\"PropertyValueSpecification\",\"valueRequired\":true,\"valueName\":\"search_term_string\"}}],\"inLanguage\":\"et\"},{\"@type\":\"Organization\",\"@id\":\"https:\/\/dev.codenot.studio\/extery-new\/#organization\",\"name\":\"Extery\",\"url\":\"https:\/\/dev.codenot.studio\/extery-new\/\",\"logo\":{\"@type\":\"ImageObject\",\"inLanguage\":\"et\",\"@id\":\"https:\/\/dev.codenot.studio\/extery-new\/#\/schema\/logo\/image\/\",\"url\":\"https:\/\/dev.codenot.studio\/extery-new\/wp-content\/uploads\/2023\/11\/footer-logo.svg\",\"contentUrl\":\"https:\/\/dev.codenot.studio\/extery-new\/wp-content\/uploads\/2023\/11\/footer-logo.svg\",\"caption\":\"Extery\"},\"image\":{\"@id\":\"https:\/\/dev.codenot.studio\/extery-new\/#\/schema\/logo\/image\/\"}}]}<\/script>\n<!-- \/ Yoast SEO plugin. -->","yoast_head_json":{"title":"modulaarne pargipink JADA - Extery linnam\u00f6\u00f6bli pargipink, ringpink","description":"Jada on modulaarne linnam\u00f6\u00f6blis\u00fcsteem, mis v\u00f5imaldab lihtsalt luua terviklikke istumisalasid. Jadast saab tekitada l\u00f5pmatult kombinatsioone.","robots":{"index":"index","follow":"follow","max-snippet":"max-snippet:-1","max-image-preview":"max-image-preview:large","max-video-preview":"max-video-preview:-1"},"canonical":"https:\/\/dev.codenot.studio\/extery-new\/tooted\/modulaarne-pargipink-jada\/","og_locale":"et_EE","og_type":"article","og_title":"modulaarne pargipink JADA - Extery linnam\u00f6\u00f6bli pargipink, ringpink","og_description":"Jada on modulaarne linnam\u00f6\u00f6blis\u00fcsteem, mis v\u00f5imaldab lihtsalt luua terviklikke istumisalasid. Jadast saab tekitada l\u00f5pmatult kombinatsioone.","og_url":"https:\/\/dev.codenot.studio\/extery-new\/tooted\/modulaarne-pargipink-jada\/","og_site_name":"Extery","article_modified_time":"2024-06-10T19:03:02+00:00","og_image":[{"width":2560,"height":1782,"url":"https:\/\/dev.codenot.studio\/extery-new\/wp-content\/uploads\/2022\/11\/Jada-module-park-bench-different-sets-scaled.jpg","type":"image\/jpeg"}],"twitter_card":"summary_large_image","twitter_misc":{"Est. reading time":"1 minut"},"schema":{"@context":"https:\/\/schema.org","@graph":[{"@type":"WebPage","@id":"https:\/\/dev.codenot.studio\/extery-new\/tooted\/modulaarne-pargipink-jada\/","url":"https:\/\/dev.codenot.studio\/extery-new\/tooted\/modulaarne-pargipink-jada\/","name":"modulaarne pargipink JADA - Extery linnam\u00f6\u00f6bli pargipink, ringpink","isPartOf":{"@id":"https:\/\/dev.codenot.studio\/extery-new\/#website"},"primaryImageOfPage":{"@id":"https:\/\/dev.codenot.studio\/extery-new\/tooted\/modulaarne-pargipink-jada\/#primaryimage"},"image":{"@id":"https:\/\/dev.codenot.studio\/extery-new\/tooted\/modulaarne-pargipink-jada\/#primaryimage"},"thumbnailUrl":"https:\/\/dev.codenot.studio\/extery-new\/wp-content\/uploads\/2022\/11\/Jada-module-park-bench-different-sets-scaled.jpg","datePublished":"2022-11-01T12:25:57+00:00","dateModified":"2024-06-10T19:03:02+00:00","description":"Jada on modulaarne linnam\u00f6\u00f6blis\u00fcsteem, mis v\u00f5imaldab lihtsalt luua terviklikke istumisalasid. Jadast saab tekitada l\u00f5pmatult kombinatsioone.","breadcrumb":{"@id":"https:\/\/dev.codenot.studio\/extery-new\/tooted\/modulaarne-pargipink-jada\/#breadcrumb"},"inLanguage":"et","potentialAction":[{"@type":"ReadAction","target":["https:\/\/dev.codenot.studio\/extery-new\/tooted\/modulaarne-pargipink-jada\/"]}]},{"@type":"ImageObject","inLanguage":"et","@id":"https:\/\/dev.codenot.studio\/extery-new\/tooted\/modulaarne-pargipink-jada\/#primaryimage","url":"https:\/\/dev.codenot.studio\/extery-new\/wp-content\/uploads\/2022\/11\/Jada-module-park-bench-different-sets-scaled.jpg","contentUrl":"https:\/\/dev.codenot.studio\/extery-new\/wp-content\/uploads\/2022\/11\/Jada-module-park-bench-different-sets-scaled.jpg","width":2560,"height":1782},{"@type":"BreadcrumbList","@id":"https:\/\/dev.codenot.studio\/extery-new\/tooted\/modulaarne-pargipink-jada\/#breadcrumb","itemListElement":[{"@type":"ListItem","position":1,"name":"Home","item":"https:\/\/dev.codenot.studio\/extery-new\/"},{"@type":"ListItem","position":2,"name":"Tooted","item":"https:\/\/dev.codenot.studio\/extery-new\/tooted\/"},{"@type":"ListItem","position":3,"name":"modulaarne pargipink JADA"}]},{"@type":"WebSite","@id":"https:\/\/dev.codenot.studio\/extery-new\/#website","url":"https:\/\/dev.codenot.studio\/extery-new\/","name":"Extery","description":"","publisher":{"@id":"https:\/\/dev.codenot.studio\/extery-new\/#organization"},"potentialAction":[{"@type":"SearchAction","target":{"@type":"EntryPoint","urlTemplate":"https:\/\/dev.codenot.studio\/extery-new\/?s={search_term_string}"},"query-input":{"@type":"PropertyValueSpecification","valueRequired":true,"valueName":"search_term_string"}}],"inLanguage":"et"},{"@type":"Organization","@id":"https:\/\/dev.codenot.studio\/extery-new\/#organization","name":"Extery","url":"https:\/\/dev.codenot.studio\/extery-new\/","logo":{"@type":"ImageObject","inLanguage":"et","@id":"https:\/\/dev.codenot.studio\/extery-new\/#\/schema\/logo\/image\/","url":"https:\/\/dev.codenot.studio\/extery-new\/wp-content\/uploads\/2023\/11\/footer-logo.svg","contentUrl":"https:\/\/dev.codenot.studio\/extery-new\/wp-content\/uploads\/2023\/11\/footer-logo.svg","caption":"Extery"},"image":{"@id":"https:\/\/dev.codenot.studio\/extery-new\/#\/schema\/logo\/image\/"}}]}},"_links":{"self":[{"href":"https:\/\/dev.codenot.studio\/extery-new\/wp-json\/wp\/v2\/product\/20594","targetHints":{"allow":["GET"]}}],"collection":[{"href":"https:\/\/dev.codenot.studio\/extery-new\/wp-json\/wp\/v2\/product"}],"about":[{"href":"https:\/\/dev.codenot.studio\/extery-new\/wp-json\/wp\/v2\/types\/product"}],"replies":[{"embeddable":true,"href":"https:\/\/dev.codenot.studio\/extery-new\/wp-json\/wp\/v2\/comments?post=20594"}],"wp:featuredmedia":[{"embeddable":true,"href":"https:\/\/dev.codenot.studio\/extery-new\/wp-json\/wp\/v2\/media\/20587"}],"wp:attachment":[{"href":"https:\/\/dev.codenot.studio\/extery-new\/wp-json\/wp\/v2\/media?parent=20594"}],"wp:term":[{"taxonomy":"product_cat","embeddable":true,"href":"https:\/\/dev.codenot.studio\/extery-new\/wp-json\/wp\/v2\/product_cat?post=20594"},{"taxonomy":"product_tag","embeddable":true,"href":"https:\/\/dev.codenot.studio\/extery-new\/wp-json\/wp\/v2\/product_tag?post=20594"}],"curies":[{"name":"wp","href":"https:\/\/api.w.org\/{rel}","templated":true}]}}