{"id":18859,"date":"2022-07-20T09:16:04","date_gmt":"2022-07-20T09:16:04","guid":{"rendered":"https:\/\/extery.com\/?post_type=product&#038;p=18859"},"modified":"2024-01-31T18:29:59","modified_gmt":"2024-01-31T18:29:59","slug":"pargipink-tumba-reidi","status":"publish","type":"product","link":"https:\/\/dev.codenot.studio\/extery-new\/tooted\/pargipink-tumba-reidi\/","title":{"rendered":"tumba Reidi"},"content":{"rendered":"<p>Tumba Reidi on osa suuremast perekonnast. Reidi linnam\u00f6\u00f6bli perekonda kuuluvad tooted on lihtsa lahendusega ning toote k\u00fclgedel asuv tugev lehtmetallist pind v\u00f5imaldab perforeerida tootele erinevaid graafilisi elemente. Imiteeri tumba jalale looduse mustrid v\u00f5i kogukonna s\u00fcmboolika. Iga toode perekonnas v\u00f5ib olla t\u00e4pselt sinu projekti n\u00e4gu.<\/p>\n<p>Materjali valikus on konstruktsioonil vastupidav 10 mm paksune kuumtsingitud lehtmetall ning puitosad saab valida termot\u00f6\u00f6deldud saarest, naturaalsest tugevast troopilisest puidust v\u00f5i Siberi lehisest.<\/p>\n<p>Toote kinnitamisel on v\u00f5imalus valida ka pikem jalg maa-aluseks peidetud kinnituseks.<\/p>\n","protected":false},"excerpt":{"rendered":"<p>Tumba Reidi on osa suuremast perekonnast. Reidi linnam\u00f6\u00f6bli perekonda kuuluvad tooted on lihtsa lahendusega ning toote k\u00fclgedel asuv tugev lehtmetallist pind v\u00f5imaldab perforeerida tootele erinevaid graafilisi elemente. Imiteeri tumba jalale looduse mustrid v\u00f5i kogukonna s\u00fcmboolika. Iga toode perekonnas v\u00f5ib olla t\u00e4pselt sinu projekti n\u00e4gu. Materjali valikus on konstruktsioonil vastupidav 10 mm paksune kuumtsingitud lehtmetall ning [&hellip;]<\/p>\n","protected":false},"featured_media":18717,"comment_status":"open","ping_status":"closed","template":"","meta":{"_acf_changed":false},"product_cat":[32],"product_tag":[],"class_list":["post-18859","product","type-product","status-publish","has-post-thumbnail","hentry","product_cat-toolid-tumbad","product-family-reidi"],"acf":[],"yoast_head":"<!-- This site is optimized with the Yoast SEO plugin v24.1 - https:\/\/yoast.com\/wordpress\/plugins\/seo\/ -->\n<title>tumba Reidi - Extery linnam\u00f6\u00f6bel<\/title>\n<meta name=\"description\" content=\"PaTumb Reidi k\u00fclgmine tugev pind v\u00f5imaldab perforeerida erinevaid graafilisi elemente. Iga pargipink oma s\u00fcmboolikaga. Seljatoeta ja seljatoega pargipingid.\" \/>\n<meta name=\"robots\" content=\"index, follow, max-snippet:-1, max-image-preview:large, max-video-preview:-1\" \/>\n<link rel=\"canonical\" href=\"https:\/\/dev.codenot.studio\/extery-new\/tooted\/pargipink-tumba-reidi\/\" \/>\n<meta property=\"og:locale\" content=\"et_EE\" \/>\n<meta property=\"og:type\" content=\"article\" \/>\n<meta property=\"og:title\" content=\"tumba Reidi - Extery linnam\u00f6\u00f6bel\" \/>\n<meta property=\"og:description\" content=\"PaTumb Reidi k\u00fclgmine tugev pind v\u00f5imaldab perforeerida erinevaid graafilisi elemente. Iga pargipink oma s\u00fcmboolikaga. Seljatoeta ja seljatoega pargipingid.\" \/>\n<meta property=\"og:url\" content=\"https:\/\/dev.codenot.studio\/extery-new\/tooted\/pargipink-tumba-reidi\/\" \/>\n<meta property=\"og:site_name\" content=\"Extery\" \/>\n<meta property=\"article:modified_time\" content=\"2024-01-31T18:29:59+00:00\" \/>\n<meta property=\"og:image\" content=\"https:\/\/dev.codenot.studio\/extery-new\/wp-content\/uploads\/2022\/07\/Reidi-pargipink-kuubik-Extery-linnamoobel-valimoobel-pargimoobel-scaled.jpg\" \/>\n\t<meta property=\"og:image:width\" content=\"2560\" \/>\n\t<meta property=\"og:image:height\" content=\"1707\" \/>\n\t<meta property=\"og:image:type\" content=\"image\/jpeg\" \/>\n<meta name=\"twitter:card\" content=\"summary_large_image\" \/>\n<meta name=\"twitter:label1\" content=\"Est. reading time\" \/>\n\t<meta name=\"twitter:data1\" content=\"1 minut\" \/>\n<script type=\"application\/ld+json\" class=\"yoast-schema-graph\">{\"@context\":\"https:\/\/schema.org\",\"@graph\":[{\"@type\":\"WebPage\",\"@id\":\"https:\/\/dev.codenot.studio\/extery-new\/tooted\/pargipink-tumba-reidi\/\",\"url\":\"https:\/\/dev.codenot.studio\/extery-new\/tooted\/pargipink-tumba-reidi\/\",\"name\":\"tumba Reidi - Extery linnam\u00f6\u00f6bel\",\"isPartOf\":{\"@id\":\"https:\/\/dev.codenot.studio\/extery-new\/#website\"},\"primaryImageOfPage\":{\"@id\":\"https:\/\/dev.codenot.studio\/extery-new\/tooted\/pargipink-tumba-reidi\/#primaryimage\"},\"image\":{\"@id\":\"https:\/\/dev.codenot.studio\/extery-new\/tooted\/pargipink-tumba-reidi\/#primaryimage\"},\"thumbnailUrl\":\"https:\/\/dev.codenot.studio\/extery-new\/wp-content\/uploads\/2022\/07\/Reidi-pargipink-kuubik-Extery-linnamoobel-valimoobel-pargimoobel-scaled.jpg\",\"datePublished\":\"2022-07-20T09:16:04+00:00\",\"dateModified\":\"2024-01-31T18:29:59+00:00\",\"description\":\"PaTumb Reidi k\u00fclgmine tugev pind v\u00f5imaldab perforeerida erinevaid graafilisi elemente. Iga pargipink oma s\u00fcmboolikaga. Seljatoeta ja seljatoega pargipingid.\",\"breadcrumb\":{\"@id\":\"https:\/\/dev.codenot.studio\/extery-new\/tooted\/pargipink-tumba-reidi\/#breadcrumb\"},\"inLanguage\":\"et\",\"potentialAction\":[{\"@type\":\"ReadAction\",\"target\":[\"https:\/\/dev.codenot.studio\/extery-new\/tooted\/pargipink-tumba-reidi\/\"]}]},{\"@type\":\"ImageObject\",\"inLanguage\":\"et\",\"@id\":\"https:\/\/dev.codenot.studio\/extery-new\/tooted\/pargipink-tumba-reidi\/#primaryimage\",\"url\":\"https:\/\/dev.codenot.studio\/extery-new\/wp-content\/uploads\/2022\/07\/Reidi-pargipink-kuubik-Extery-linnamoobel-valimoobel-pargimoobel-scaled.jpg\",\"contentUrl\":\"https:\/\/dev.codenot.studio\/extery-new\/wp-content\/uploads\/2022\/07\/Reidi-pargipink-kuubik-Extery-linnamoobel-valimoobel-pargimoobel-scaled.jpg\",\"width\":2560,\"height\":1707},{\"@type\":\"BreadcrumbList\",\"@id\":\"https:\/\/dev.codenot.studio\/extery-new\/tooted\/pargipink-tumba-reidi\/#breadcrumb\",\"itemListElement\":[{\"@type\":\"ListItem\",\"position\":1,\"name\":\"Home\",\"item\":\"https:\/\/dev.codenot.studio\/extery-new\/\"},{\"@type\":\"ListItem\",\"position\":2,\"name\":\"Tooted\",\"item\":\"https:\/\/dev.codenot.studio\/extery-new\/tooted\/\"},{\"@type\":\"ListItem\",\"position\":3,\"name\":\"tumba Reidi\"}]},{\"@type\":\"WebSite\",\"@id\":\"https:\/\/dev.codenot.studio\/extery-new\/#website\",\"url\":\"https:\/\/dev.codenot.studio\/extery-new\/\",\"name\":\"Extery\",\"description\":\"\",\"publisher\":{\"@id\":\"https:\/\/dev.codenot.studio\/extery-new\/#organization\"},\"potentialAction\":[{\"@type\":\"SearchAction\",\"target\":{\"@type\":\"EntryPoint\",\"urlTemplate\":\"https:\/\/dev.codenot.studio\/extery-new\/?s={search_term_string}\"},\"query-input\":{\"@type\":\"PropertyValueSpecification\",\"valueRequired\":true,\"valueName\":\"search_term_string\"}}],\"inLanguage\":\"et\"},{\"@type\":\"Organization\",\"@id\":\"https:\/\/dev.codenot.studio\/extery-new\/#organization\",\"name\":\"Extery\",\"url\":\"https:\/\/dev.codenot.studio\/extery-new\/\",\"logo\":{\"@type\":\"ImageObject\",\"inLanguage\":\"et\",\"@id\":\"https:\/\/dev.codenot.studio\/extery-new\/#\/schema\/logo\/image\/\",\"url\":\"https:\/\/dev.codenot.studio\/extery-new\/wp-content\/uploads\/2023\/11\/footer-logo.svg\",\"contentUrl\":\"https:\/\/dev.codenot.studio\/extery-new\/wp-content\/uploads\/2023\/11\/footer-logo.svg\",\"caption\":\"Extery\"},\"image\":{\"@id\":\"https:\/\/dev.codenot.studio\/extery-new\/#\/schema\/logo\/image\/\"}}]}<\/script>\n<!-- \/ Yoast SEO plugin. -->","yoast_head_json":{"title":"tumba Reidi - Extery linnam\u00f6\u00f6bel","description":"PaTumb Reidi k\u00fclgmine tugev pind v\u00f5imaldab perforeerida erinevaid graafilisi elemente. Iga pargipink oma s\u00fcmboolikaga. Seljatoeta ja seljatoega pargipingid.","robots":{"index":"index","follow":"follow","max-snippet":"max-snippet:-1","max-image-preview":"max-image-preview:large","max-video-preview":"max-video-preview:-1"},"canonical":"https:\/\/dev.codenot.studio\/extery-new\/tooted\/pargipink-tumba-reidi\/","og_locale":"et_EE","og_type":"article","og_title":"tumba Reidi - Extery linnam\u00f6\u00f6bel","og_description":"PaTumb Reidi k\u00fclgmine tugev pind v\u00f5imaldab perforeerida erinevaid graafilisi elemente. Iga pargipink oma s\u00fcmboolikaga. Seljatoeta ja seljatoega pargipingid.","og_url":"https:\/\/dev.codenot.studio\/extery-new\/tooted\/pargipink-tumba-reidi\/","og_site_name":"Extery","article_modified_time":"2024-01-31T18:29:59+00:00","og_image":[{"width":2560,"height":1707,"url":"https:\/\/dev.codenot.studio\/extery-new\/wp-content\/uploads\/2022\/07\/Reidi-pargipink-kuubik-Extery-linnamoobel-valimoobel-pargimoobel-scaled.jpg","type":"image\/jpeg"}],"twitter_card":"summary_large_image","twitter_misc":{"Est. reading time":"1 minut"},"schema":{"@context":"https:\/\/schema.org","@graph":[{"@type":"WebPage","@id":"https:\/\/dev.codenot.studio\/extery-new\/tooted\/pargipink-tumba-reidi\/","url":"https:\/\/dev.codenot.studio\/extery-new\/tooted\/pargipink-tumba-reidi\/","name":"tumba Reidi - Extery linnam\u00f6\u00f6bel","isPartOf":{"@id":"https:\/\/dev.codenot.studio\/extery-new\/#website"},"primaryImageOfPage":{"@id":"https:\/\/dev.codenot.studio\/extery-new\/tooted\/pargipink-tumba-reidi\/#primaryimage"},"image":{"@id":"https:\/\/dev.codenot.studio\/extery-new\/tooted\/pargipink-tumba-reidi\/#primaryimage"},"thumbnailUrl":"https:\/\/dev.codenot.studio\/extery-new\/wp-content\/uploads\/2022\/07\/Reidi-pargipink-kuubik-Extery-linnamoobel-valimoobel-pargimoobel-scaled.jpg","datePublished":"2022-07-20T09:16:04+00:00","dateModified":"2024-01-31T18:29:59+00:00","description":"PaTumb Reidi k\u00fclgmine tugev pind v\u00f5imaldab perforeerida erinevaid graafilisi elemente. Iga pargipink oma s\u00fcmboolikaga. Seljatoeta ja seljatoega pargipingid.","breadcrumb":{"@id":"https:\/\/dev.codenot.studio\/extery-new\/tooted\/pargipink-tumba-reidi\/#breadcrumb"},"inLanguage":"et","potentialAction":[{"@type":"ReadAction","target":["https:\/\/dev.codenot.studio\/extery-new\/tooted\/pargipink-tumba-reidi\/"]}]},{"@type":"ImageObject","inLanguage":"et","@id":"https:\/\/dev.codenot.studio\/extery-new\/tooted\/pargipink-tumba-reidi\/#primaryimage","url":"https:\/\/dev.codenot.studio\/extery-new\/wp-content\/uploads\/2022\/07\/Reidi-pargipink-kuubik-Extery-linnamoobel-valimoobel-pargimoobel-scaled.jpg","contentUrl":"https:\/\/dev.codenot.studio\/extery-new\/wp-content\/uploads\/2022\/07\/Reidi-pargipink-kuubik-Extery-linnamoobel-valimoobel-pargimoobel-scaled.jpg","width":2560,"height":1707},{"@type":"BreadcrumbList","@id":"https:\/\/dev.codenot.studio\/extery-new\/tooted\/pargipink-tumba-reidi\/#breadcrumb","itemListElement":[{"@type":"ListItem","position":1,"name":"Home","item":"https:\/\/dev.codenot.studio\/extery-new\/"},{"@type":"ListItem","position":2,"name":"Tooted","item":"https:\/\/dev.codenot.studio\/extery-new\/tooted\/"},{"@type":"ListItem","position":3,"name":"tumba Reidi"}]},{"@type":"WebSite","@id":"https:\/\/dev.codenot.studio\/extery-new\/#website","url":"https:\/\/dev.codenot.studio\/extery-new\/","name":"Extery","description":"","publisher":{"@id":"https:\/\/dev.codenot.studio\/extery-new\/#organization"},"potentialAction":[{"@type":"SearchAction","target":{"@type":"EntryPoint","urlTemplate":"https:\/\/dev.codenot.studio\/extery-new\/?s={search_term_string}"},"query-input":{"@type":"PropertyValueSpecification","valueRequired":true,"valueName":"search_term_string"}}],"inLanguage":"et"},{"@type":"Organization","@id":"https:\/\/dev.codenot.studio\/extery-new\/#organization","name":"Extery","url":"https:\/\/dev.codenot.studio\/extery-new\/","logo":{"@type":"ImageObject","inLanguage":"et","@id":"https:\/\/dev.codenot.studio\/extery-new\/#\/schema\/logo\/image\/","url":"https:\/\/dev.codenot.studio\/extery-new\/wp-content\/uploads\/2023\/11\/footer-logo.svg","contentUrl":"https:\/\/dev.codenot.studio\/extery-new\/wp-content\/uploads\/2023\/11\/footer-logo.svg","caption":"Extery"},"image":{"@id":"https:\/\/dev.codenot.studio\/extery-new\/#\/schema\/logo\/image\/"}}]}},"_links":{"self":[{"href":"https:\/\/dev.codenot.studio\/extery-new\/wp-json\/wp\/v2\/product\/18859","targetHints":{"allow":["GET"]}}],"collection":[{"href":"https:\/\/dev.codenot.studio\/extery-new\/wp-json\/wp\/v2\/product"}],"about":[{"href":"https:\/\/dev.codenot.studio\/extery-new\/wp-json\/wp\/v2\/types\/product"}],"replies":[{"embeddable":true,"href":"https:\/\/dev.codenot.studio\/extery-new\/wp-json\/wp\/v2\/comments?post=18859"}],"wp:featuredmedia":[{"embeddable":true,"href":"https:\/\/dev.codenot.studio\/extery-new\/wp-json\/wp\/v2\/media\/18717"}],"wp:attachment":[{"href":"https:\/\/dev.codenot.studio\/extery-new\/wp-json\/wp\/v2\/media?parent=18859"}],"wp:term":[{"taxonomy":"product_cat","embeddable":true,"href":"https:\/\/dev.codenot.studio\/extery-new\/wp-json\/wp\/v2\/product_cat?post=18859"},{"taxonomy":"product_tag","embeddable":true,"href":"https:\/\/dev.codenot.studio\/extery-new\/wp-json\/wp\/v2\/product_tag?post=18859"}],"curies":[{"name":"wp","href":"https:\/\/api.w.org\/{rel}","templated":true}]}}