{"id":18675,"date":"2022-07-19T08:28:52","date_gmt":"2022-07-19T08:28:52","guid":{"rendered":"https:\/\/extery.com\/?post_type=product&#038;p=18675"},"modified":"2024-01-31T18:30:09","modified_gmt":"2024-01-31T18:30:09","slug":"laud-reidi","status":"publish","type":"product","link":"https:\/\/dev.codenot.studio\/extery-new\/tooted\/laud-reidi\/","title":{"rendered":"laud Reidi"},"content":{"rendered":"<p>Reidi laud kuulub Reidi linnam\u00f6\u00f6bli perekonda. Perekonda kuuluvad tooted on lihtsa lahendusega ning toote k\u00fclgedel asuv tugev lehtmetall v\u00f5imaldab perforeerida tootele erinevaid graafilisi elemente. Imiteeri laua jalale looduse mustrid v\u00f5i kogukonna s\u00fcmboolika. Iga toode perekonnas v\u00f5ib olla t\u00e4pselt sinu projekti n\u00e4gu.<\/p>\n<p>Materjali valikus on konstruktsioonil vastupidav 10 mm pakusne kuumtsingitud lehtmetall ning puitosad saab valida termot\u00f6\u00f6deldud saarest, naturaalsest tugevast troopilisest puidust v\u00f5i siberi lehisest.<\/p>\n<p>Toote kinnitamisel on v\u00f5imalus valida ka pikem jalg maa-aluseks peidetud kinnituseks.<\/p>\n","protected":false},"excerpt":{"rendered":"<p>Reidi laud kuulub Reidi linnam\u00f6\u00f6bli perekonda. Perekonda kuuluvad tooted on lihtsa lahendusega ning toote k\u00fclgedel asuv tugev lehtmetall v\u00f5imaldab perforeerida tootele erinevaid graafilisi elemente. Imiteeri laua jalale looduse mustrid v\u00f5i kogukonna s\u00fcmboolika. Iga toode perekonnas v\u00f5ib olla t\u00e4pselt sinu projekti n\u00e4gu. Materjali valikus on konstruktsioonil vastupidav 10 mm pakusne kuumtsingitud lehtmetall ning puitosad saab valida [&hellip;]<\/p>\n","protected":false},"featured_media":18689,"comment_status":"open","ping_status":"closed","template":"","meta":{"_acf_changed":false},"product_cat":[33],"product_tag":[],"class_list":["post-18675","product","type-product","status-publish","has-post-thumbnail","hentry","product_cat-lauad","product-family-reidi"],"acf":[],"yoast_head":"<!-- This site is optimized with the Yoast SEO plugin v24.1 - https:\/\/yoast.com\/wordpress\/plugins\/seo\/ -->\n<title>laud Reidi - Extery linnam\u00f6\u00f6bel<\/title>\n<meta name=\"description\" content=\"Laud Reidi k\u00fclgede tugev lehtmetall v\u00f5imaldab perforeerida erinevaid graafilisi elemente. Imiteeri laua jalale mustreid v\u00f5i s\u00fcmboolikat. Iga toode perekonnas v\u00f5ib olla t\u00e4pselt sinu projekti n\u00e4gu\" \/>\n<meta name=\"robots\" content=\"index, follow, max-snippet:-1, max-image-preview:large, max-video-preview:-1\" \/>\n<link rel=\"canonical\" href=\"https:\/\/dev.codenot.studio\/extery-new\/tooted\/laud-reidi\/\" \/>\n<meta property=\"og:locale\" content=\"et_EE\" \/>\n<meta property=\"og:type\" content=\"article\" \/>\n<meta property=\"og:title\" content=\"laud Reidi - Extery linnam\u00f6\u00f6bel\" \/>\n<meta property=\"og:description\" content=\"Laud Reidi k\u00fclgede tugev lehtmetall v\u00f5imaldab perforeerida erinevaid graafilisi elemente. Imiteeri laua jalale mustreid v\u00f5i s\u00fcmboolikat. Iga toode perekonnas v\u00f5ib olla t\u00e4pselt sinu projekti n\u00e4gu\" \/>\n<meta property=\"og:url\" content=\"https:\/\/dev.codenot.studio\/extery-new\/tooted\/laud-reidi\/\" \/>\n<meta property=\"og:site_name\" content=\"Extery\" \/>\n<meta property=\"article:modified_time\" content=\"2024-01-31T18:30:09+00:00\" \/>\n<meta property=\"og:image\" content=\"https:\/\/dev.codenot.studio\/extery-new\/wp-content\/uploads\/2022\/07\/Reidi-laud-Extery-linnamoobel-valimoobel-pargimoobel-scaled.jpg\" \/>\n\t<meta property=\"og:image:width\" content=\"2560\" \/>\n\t<meta property=\"og:image:height\" content=\"1707\" \/>\n\t<meta property=\"og:image:type\" content=\"image\/jpeg\" \/>\n<meta name=\"twitter:card\" content=\"summary_large_image\" \/>\n<meta name=\"twitter:label1\" content=\"Est. reading time\" \/>\n\t<meta name=\"twitter:data1\" content=\"1 minut\" \/>\n<script type=\"application\/ld+json\" class=\"yoast-schema-graph\">{\"@context\":\"https:\/\/schema.org\",\"@graph\":[{\"@type\":\"WebPage\",\"@id\":\"https:\/\/dev.codenot.studio\/extery-new\/tooted\/laud-reidi\/\",\"url\":\"https:\/\/dev.codenot.studio\/extery-new\/tooted\/laud-reidi\/\",\"name\":\"laud Reidi - Extery linnam\u00f6\u00f6bel\",\"isPartOf\":{\"@id\":\"https:\/\/dev.codenot.studio\/extery-new\/#website\"},\"primaryImageOfPage\":{\"@id\":\"https:\/\/dev.codenot.studio\/extery-new\/tooted\/laud-reidi\/#primaryimage\"},\"image\":{\"@id\":\"https:\/\/dev.codenot.studio\/extery-new\/tooted\/laud-reidi\/#primaryimage\"},\"thumbnailUrl\":\"https:\/\/dev.codenot.studio\/extery-new\/wp-content\/uploads\/2022\/07\/Reidi-laud-Extery-linnamoobel-valimoobel-pargimoobel-scaled.jpg\",\"datePublished\":\"2022-07-19T08:28:52+00:00\",\"dateModified\":\"2024-01-31T18:30:09+00:00\",\"description\":\"Laud Reidi k\u00fclgede tugev lehtmetall v\u00f5imaldab perforeerida erinevaid graafilisi elemente. Imiteeri laua jalale mustreid v\u00f5i s\u00fcmboolikat. Iga toode perekonnas v\u00f5ib olla t\u00e4pselt sinu projekti n\u00e4gu\",\"breadcrumb\":{\"@id\":\"https:\/\/dev.codenot.studio\/extery-new\/tooted\/laud-reidi\/#breadcrumb\"},\"inLanguage\":\"et\",\"potentialAction\":[{\"@type\":\"ReadAction\",\"target\":[\"https:\/\/dev.codenot.studio\/extery-new\/tooted\/laud-reidi\/\"]}]},{\"@type\":\"ImageObject\",\"inLanguage\":\"et\",\"@id\":\"https:\/\/dev.codenot.studio\/extery-new\/tooted\/laud-reidi\/#primaryimage\",\"url\":\"https:\/\/dev.codenot.studio\/extery-new\/wp-content\/uploads\/2022\/07\/Reidi-laud-Extery-linnamoobel-valimoobel-pargimoobel-scaled.jpg\",\"contentUrl\":\"https:\/\/dev.codenot.studio\/extery-new\/wp-content\/uploads\/2022\/07\/Reidi-laud-Extery-linnamoobel-valimoobel-pargimoobel-scaled.jpg\",\"width\":2560,\"height\":1707},{\"@type\":\"BreadcrumbList\",\"@id\":\"https:\/\/dev.codenot.studio\/extery-new\/tooted\/laud-reidi\/#breadcrumb\",\"itemListElement\":[{\"@type\":\"ListItem\",\"position\":1,\"name\":\"Home\",\"item\":\"https:\/\/dev.codenot.studio\/extery-new\/\"},{\"@type\":\"ListItem\",\"position\":2,\"name\":\"Tooted\",\"item\":\"https:\/\/dev.codenot.studio\/extery-new\/tooted\/\"},{\"@type\":\"ListItem\",\"position\":3,\"name\":\"laud Reidi\"}]},{\"@type\":\"WebSite\",\"@id\":\"https:\/\/dev.codenot.studio\/extery-new\/#website\",\"url\":\"https:\/\/dev.codenot.studio\/extery-new\/\",\"name\":\"Extery\",\"description\":\"\",\"publisher\":{\"@id\":\"https:\/\/dev.codenot.studio\/extery-new\/#organization\"},\"potentialAction\":[{\"@type\":\"SearchAction\",\"target\":{\"@type\":\"EntryPoint\",\"urlTemplate\":\"https:\/\/dev.codenot.studio\/extery-new\/?s={search_term_string}\"},\"query-input\":{\"@type\":\"PropertyValueSpecification\",\"valueRequired\":true,\"valueName\":\"search_term_string\"}}],\"inLanguage\":\"et\"},{\"@type\":\"Organization\",\"@id\":\"https:\/\/dev.codenot.studio\/extery-new\/#organization\",\"name\":\"Extery\",\"url\":\"https:\/\/dev.codenot.studio\/extery-new\/\",\"logo\":{\"@type\":\"ImageObject\",\"inLanguage\":\"et\",\"@id\":\"https:\/\/dev.codenot.studio\/extery-new\/#\/schema\/logo\/image\/\",\"url\":\"https:\/\/dev.codenot.studio\/extery-new\/wp-content\/uploads\/2023\/11\/footer-logo.svg\",\"contentUrl\":\"https:\/\/dev.codenot.studio\/extery-new\/wp-content\/uploads\/2023\/11\/footer-logo.svg\",\"caption\":\"Extery\"},\"image\":{\"@id\":\"https:\/\/dev.codenot.studio\/extery-new\/#\/schema\/logo\/image\/\"}}]}<\/script>\n<!-- \/ Yoast SEO plugin. -->","yoast_head_json":{"title":"laud Reidi - Extery linnam\u00f6\u00f6bel","description":"Laud Reidi k\u00fclgede tugev lehtmetall v\u00f5imaldab perforeerida erinevaid graafilisi elemente. Imiteeri laua jalale mustreid v\u00f5i s\u00fcmboolikat. Iga toode perekonnas v\u00f5ib olla t\u00e4pselt sinu projekti n\u00e4gu","robots":{"index":"index","follow":"follow","max-snippet":"max-snippet:-1","max-image-preview":"max-image-preview:large","max-video-preview":"max-video-preview:-1"},"canonical":"https:\/\/dev.codenot.studio\/extery-new\/tooted\/laud-reidi\/","og_locale":"et_EE","og_type":"article","og_title":"laud Reidi - Extery linnam\u00f6\u00f6bel","og_description":"Laud Reidi k\u00fclgede tugev lehtmetall v\u00f5imaldab perforeerida erinevaid graafilisi elemente. Imiteeri laua jalale mustreid v\u00f5i s\u00fcmboolikat. Iga toode perekonnas v\u00f5ib olla t\u00e4pselt sinu projekti n\u00e4gu","og_url":"https:\/\/dev.codenot.studio\/extery-new\/tooted\/laud-reidi\/","og_site_name":"Extery","article_modified_time":"2024-01-31T18:30:09+00:00","og_image":[{"width":2560,"height":1707,"url":"https:\/\/dev.codenot.studio\/extery-new\/wp-content\/uploads\/2022\/07\/Reidi-laud-Extery-linnamoobel-valimoobel-pargimoobel-scaled.jpg","type":"image\/jpeg"}],"twitter_card":"summary_large_image","twitter_misc":{"Est. reading time":"1 minut"},"schema":{"@context":"https:\/\/schema.org","@graph":[{"@type":"WebPage","@id":"https:\/\/dev.codenot.studio\/extery-new\/tooted\/laud-reidi\/","url":"https:\/\/dev.codenot.studio\/extery-new\/tooted\/laud-reidi\/","name":"laud Reidi - Extery linnam\u00f6\u00f6bel","isPartOf":{"@id":"https:\/\/dev.codenot.studio\/extery-new\/#website"},"primaryImageOfPage":{"@id":"https:\/\/dev.codenot.studio\/extery-new\/tooted\/laud-reidi\/#primaryimage"},"image":{"@id":"https:\/\/dev.codenot.studio\/extery-new\/tooted\/laud-reidi\/#primaryimage"},"thumbnailUrl":"https:\/\/dev.codenot.studio\/extery-new\/wp-content\/uploads\/2022\/07\/Reidi-laud-Extery-linnamoobel-valimoobel-pargimoobel-scaled.jpg","datePublished":"2022-07-19T08:28:52+00:00","dateModified":"2024-01-31T18:30:09+00:00","description":"Laud Reidi k\u00fclgede tugev lehtmetall v\u00f5imaldab perforeerida erinevaid graafilisi elemente. Imiteeri laua jalale mustreid v\u00f5i s\u00fcmboolikat. Iga toode perekonnas v\u00f5ib olla t\u00e4pselt sinu projekti n\u00e4gu","breadcrumb":{"@id":"https:\/\/dev.codenot.studio\/extery-new\/tooted\/laud-reidi\/#breadcrumb"},"inLanguage":"et","potentialAction":[{"@type":"ReadAction","target":["https:\/\/dev.codenot.studio\/extery-new\/tooted\/laud-reidi\/"]}]},{"@type":"ImageObject","inLanguage":"et","@id":"https:\/\/dev.codenot.studio\/extery-new\/tooted\/laud-reidi\/#primaryimage","url":"https:\/\/dev.codenot.studio\/extery-new\/wp-content\/uploads\/2022\/07\/Reidi-laud-Extery-linnamoobel-valimoobel-pargimoobel-scaled.jpg","contentUrl":"https:\/\/dev.codenot.studio\/extery-new\/wp-content\/uploads\/2022\/07\/Reidi-laud-Extery-linnamoobel-valimoobel-pargimoobel-scaled.jpg","width":2560,"height":1707},{"@type":"BreadcrumbList","@id":"https:\/\/dev.codenot.studio\/extery-new\/tooted\/laud-reidi\/#breadcrumb","itemListElement":[{"@type":"ListItem","position":1,"name":"Home","item":"https:\/\/dev.codenot.studio\/extery-new\/"},{"@type":"ListItem","position":2,"name":"Tooted","item":"https:\/\/dev.codenot.studio\/extery-new\/tooted\/"},{"@type":"ListItem","position":3,"name":"laud Reidi"}]},{"@type":"WebSite","@id":"https:\/\/dev.codenot.studio\/extery-new\/#website","url":"https:\/\/dev.codenot.studio\/extery-new\/","name":"Extery","description":"","publisher":{"@id":"https:\/\/dev.codenot.studio\/extery-new\/#organization"},"potentialAction":[{"@type":"SearchAction","target":{"@type":"EntryPoint","urlTemplate":"https:\/\/dev.codenot.studio\/extery-new\/?s={search_term_string}"},"query-input":{"@type":"PropertyValueSpecification","valueRequired":true,"valueName":"search_term_string"}}],"inLanguage":"et"},{"@type":"Organization","@id":"https:\/\/dev.codenot.studio\/extery-new\/#organization","name":"Extery","url":"https:\/\/dev.codenot.studio\/extery-new\/","logo":{"@type":"ImageObject","inLanguage":"et","@id":"https:\/\/dev.codenot.studio\/extery-new\/#\/schema\/logo\/image\/","url":"https:\/\/dev.codenot.studio\/extery-new\/wp-content\/uploads\/2023\/11\/footer-logo.svg","contentUrl":"https:\/\/dev.codenot.studio\/extery-new\/wp-content\/uploads\/2023\/11\/footer-logo.svg","caption":"Extery"},"image":{"@id":"https:\/\/dev.codenot.studio\/extery-new\/#\/schema\/logo\/image\/"}}]}},"_links":{"self":[{"href":"https:\/\/dev.codenot.studio\/extery-new\/wp-json\/wp\/v2\/product\/18675","targetHints":{"allow":["GET"]}}],"collection":[{"href":"https:\/\/dev.codenot.studio\/extery-new\/wp-json\/wp\/v2\/product"}],"about":[{"href":"https:\/\/dev.codenot.studio\/extery-new\/wp-json\/wp\/v2\/types\/product"}],"replies":[{"embeddable":true,"href":"https:\/\/dev.codenot.studio\/extery-new\/wp-json\/wp\/v2\/comments?post=18675"}],"wp:featuredmedia":[{"embeddable":true,"href":"https:\/\/dev.codenot.studio\/extery-new\/wp-json\/wp\/v2\/media\/18689"}],"wp:attachment":[{"href":"https:\/\/dev.codenot.studio\/extery-new\/wp-json\/wp\/v2\/media?parent=18675"}],"wp:term":[{"taxonomy":"product_cat","embeddable":true,"href":"https:\/\/dev.codenot.studio\/extery-new\/wp-json\/wp\/v2\/product_cat?post=18675"},{"taxonomy":"product_tag","embeddable":true,"href":"https:\/\/dev.codenot.studio\/extery-new\/wp-json\/wp\/v2\/product_tag?post=18675"}],"curies":[{"name":"wp","href":"https:\/\/api.w.org\/{rel}","templated":true}]}}