{"id":17720,"date":"2022-06-10T08:20:44","date_gmt":"2022-06-10T08:20:44","guid":{"rendered":"https:\/\/extery.com\/?post_type=product&#038;p=17720"},"modified":"2023-12-01T11:42:15","modified_gmt":"2023-12-01T11:42:15","slug":"modulaarne-pargipink-jada-set06","status":"publish","type":"product","link":"https:\/\/dev.codenot.studio\/extery-new\/tooted\/modulaarne-pargipink-jada-set06\/","title":{"rendered":"modulaarne pargipink JADA SET06"},"content":{"rendered":"<p>Jada on modulaarne pargipinkide s\u00fcsteem, mis v\u00f5imaldab lihtsalt luua terviklikke istumisalasid. Jada pargipingi moodulitest saab tekitada l\u00f5pmatult kombinatsioone, et palistada v\u00e4ljakute \u00e4\u00e4ri, \u00e4\u00e4ristada looklevaid jalgteid v\u00f5i t\u00e4ita plats \u00fcllatavate kujunditega. Seljatugesid on v\u00f5imalik paigutada nii k\u00f5rvuti kui ka vastakuti, luues lamamiskohti v\u00f5i eraldatust. Laudu saab pikkida \u00f5dusalt privaatsetesse istumispaikadesse v\u00f5i kombineerida laudadega m\u00f5nusaid sotsiaalsust \u00f5hutavaid kooslusi.<\/p>\n<p>Pargipink Jada SET06 koosneb modulaarse pargipingi s\u00fcsteemi \u00fchest sirgest moodulist ja \u00fchest lamamismoodulist.\u00a0 Antud komplekt on valikus ka \u00fche laua ja seljatoega.<\/p>\n<p style=\"text-align: left;\">Jada pargipingi s\u00fcsteemiga on v\u00f5imalik moodustada erinevaid lahendus sobivalt ideele v\u00f5i ruumi n\u00f5udmisele.<\/p>\n","protected":false},"excerpt":{"rendered":"<p>Jada on modulaarne pargipinkide s\u00fcsteem, mis v\u00f5imaldab lihtsalt luua terviklikke istumisalasid. Jada pargipingi moodulitest saab tekitada l\u00f5pmatult kombinatsioone, et palistada v\u00e4ljakute \u00e4\u00e4ri, \u00e4\u00e4ristada looklevaid jalgteid v\u00f5i t\u00e4ita plats \u00fcllatavate kujunditega. Seljatugesid on v\u00f5imalik paigutada nii k\u00f5rvuti kui ka vastakuti, luues lamamiskohti v\u00f5i eraldatust. Laudu saab pikkida \u00f5dusalt privaatsetesse istumispaikadesse v\u00f5i kombineerida laudadega m\u00f5nusaid sotsiaalsust \u00f5hutavaid [&hellip;]<\/p>\n","protected":false},"featured_media":17734,"comment_status":"open","ping_status":"closed","template":"","meta":{"_acf_changed":false},"product_cat":[30,34],"product_tag":[],"class_list":["post-17720","product","type-product","status-publish","has-post-thumbnail","hentry","product_cat-seljatoega-pargipingid","product_cat-moodulpingid","product-family-jada"],"acf":[],"yoast_head":"<!-- This site is optimized with the Yoast SEO plugin v24.1 - https:\/\/yoast.com\/wordpress\/plugins\/seo\/ -->\n<title>modulaarne pargipink JADA SET06 - Extery linnam\u00f6\u00f6bli kollektsiooni pargipink<\/title>\n<meta name=\"description\" content=\"Jada on modulaarne linnam\u00f6\u00f6blis\u00fcsteem, mis v\u00f5imaldab lihtsalt luua terviklikke istumisalasid. Jadast saab tekitada l\u00f5pmatult kombinatsioone.\" \/>\n<meta name=\"robots\" content=\"index, follow, max-snippet:-1, max-image-preview:large, max-video-preview:-1\" \/>\n<link rel=\"canonical\" href=\"https:\/\/dev.codenot.studio\/extery-new\/tooted\/modulaarne-pargipink-jada-set06\/\" \/>\n<meta property=\"og:locale\" content=\"et_EE\" \/>\n<meta property=\"og:type\" content=\"article\" \/>\n<meta property=\"og:title\" content=\"modulaarne pargipink JADA SET06 - Extery linnam\u00f6\u00f6bli kollektsiooni pargipink\" \/>\n<meta property=\"og:description\" content=\"Jada on modulaarne linnam\u00f6\u00f6blis\u00fcsteem, mis v\u00f5imaldab lihtsalt luua terviklikke istumisalasid. Jadast saab tekitada l\u00f5pmatult kombinatsioone.\" \/>\n<meta property=\"og:url\" content=\"https:\/\/dev.codenot.studio\/extery-new\/tooted\/modulaarne-pargipink-jada-set06\/\" \/>\n<meta property=\"og:site_name\" content=\"Extery\" \/>\n<meta property=\"article:modified_time\" content=\"2023-12-01T11:42:15+00:00\" \/>\n<meta property=\"og:image\" content=\"https:\/\/dev.codenot.studio\/extery-new\/wp-content\/uploads\/2022\/06\/pargipink-jada-lamamine2-e1654849640379.jpg\" \/>\n\t<meta property=\"og:image:width\" content=\"1346\" \/>\n\t<meta property=\"og:image:height\" content=\"1305\" \/>\n\t<meta property=\"og:image:type\" content=\"image\/jpeg\" \/>\n<meta name=\"twitter:card\" content=\"summary_large_image\" \/>\n<meta name=\"twitter:label1\" content=\"Est. reading time\" \/>\n\t<meta name=\"twitter:data1\" content=\"1 minut\" \/>\n<script type=\"application\/ld+json\" class=\"yoast-schema-graph\">{\"@context\":\"https:\/\/schema.org\",\"@graph\":[{\"@type\":\"WebPage\",\"@id\":\"https:\/\/dev.codenot.studio\/extery-new\/tooted\/modulaarne-pargipink-jada-set06\/\",\"url\":\"https:\/\/dev.codenot.studio\/extery-new\/tooted\/modulaarne-pargipink-jada-set06\/\",\"name\":\"modulaarne pargipink JADA SET06 - Extery linnam\u00f6\u00f6bli kollektsiooni pargipink\",\"isPartOf\":{\"@id\":\"https:\/\/dev.codenot.studio\/extery-new\/#website\"},\"primaryImageOfPage\":{\"@id\":\"https:\/\/dev.codenot.studio\/extery-new\/tooted\/modulaarne-pargipink-jada-set06\/#primaryimage\"},\"image\":{\"@id\":\"https:\/\/dev.codenot.studio\/extery-new\/tooted\/modulaarne-pargipink-jada-set06\/#primaryimage\"},\"thumbnailUrl\":\"https:\/\/dev.codenot.studio\/extery-new\/wp-content\/uploads\/2022\/06\/pargipink-jada-lamamine2-e1654849640379.jpg\",\"datePublished\":\"2022-06-10T08:20:44+00:00\",\"dateModified\":\"2023-12-01T11:42:15+00:00\",\"description\":\"Jada on modulaarne linnam\u00f6\u00f6blis\u00fcsteem, mis v\u00f5imaldab lihtsalt luua terviklikke istumisalasid. Jadast saab tekitada l\u00f5pmatult kombinatsioone.\",\"breadcrumb\":{\"@id\":\"https:\/\/dev.codenot.studio\/extery-new\/tooted\/modulaarne-pargipink-jada-set06\/#breadcrumb\"},\"inLanguage\":\"et\",\"potentialAction\":[{\"@type\":\"ReadAction\",\"target\":[\"https:\/\/dev.codenot.studio\/extery-new\/tooted\/modulaarne-pargipink-jada-set06\/\"]}]},{\"@type\":\"ImageObject\",\"inLanguage\":\"et\",\"@id\":\"https:\/\/dev.codenot.studio\/extery-new\/tooted\/modulaarne-pargipink-jada-set06\/#primaryimage\",\"url\":\"https:\/\/dev.codenot.studio\/extery-new\/wp-content\/uploads\/2022\/06\/pargipink-jada-lamamine2-e1654849640379.jpg\",\"contentUrl\":\"https:\/\/dev.codenot.studio\/extery-new\/wp-content\/uploads\/2022\/06\/pargipink-jada-lamamine2-e1654849640379.jpg\",\"width\":1346,\"height\":1305},{\"@type\":\"BreadcrumbList\",\"@id\":\"https:\/\/dev.codenot.studio\/extery-new\/tooted\/modulaarne-pargipink-jada-set06\/#breadcrumb\",\"itemListElement\":[{\"@type\":\"ListItem\",\"position\":1,\"name\":\"Home\",\"item\":\"https:\/\/dev.codenot.studio\/extery-new\/\"},{\"@type\":\"ListItem\",\"position\":2,\"name\":\"Tooted\",\"item\":\"https:\/\/dev.codenot.studio\/extery-new\/tooted\/\"},{\"@type\":\"ListItem\",\"position\":3,\"name\":\"modulaarne pargipink JADA SET06\"}]},{\"@type\":\"WebSite\",\"@id\":\"https:\/\/dev.codenot.studio\/extery-new\/#website\",\"url\":\"https:\/\/dev.codenot.studio\/extery-new\/\",\"name\":\"Extery\",\"description\":\"\",\"publisher\":{\"@id\":\"https:\/\/dev.codenot.studio\/extery-new\/#organization\"},\"potentialAction\":[{\"@type\":\"SearchAction\",\"target\":{\"@type\":\"EntryPoint\",\"urlTemplate\":\"https:\/\/dev.codenot.studio\/extery-new\/?s={search_term_string}\"},\"query-input\":{\"@type\":\"PropertyValueSpecification\",\"valueRequired\":true,\"valueName\":\"search_term_string\"}}],\"inLanguage\":\"et\"},{\"@type\":\"Organization\",\"@id\":\"https:\/\/dev.codenot.studio\/extery-new\/#organization\",\"name\":\"Extery\",\"url\":\"https:\/\/dev.codenot.studio\/extery-new\/\",\"logo\":{\"@type\":\"ImageObject\",\"inLanguage\":\"et\",\"@id\":\"https:\/\/dev.codenot.studio\/extery-new\/#\/schema\/logo\/image\/\",\"url\":\"https:\/\/dev.codenot.studio\/extery-new\/wp-content\/uploads\/2023\/11\/footer-logo.svg\",\"contentUrl\":\"https:\/\/dev.codenot.studio\/extery-new\/wp-content\/uploads\/2023\/11\/footer-logo.svg\",\"caption\":\"Extery\"},\"image\":{\"@id\":\"https:\/\/dev.codenot.studio\/extery-new\/#\/schema\/logo\/image\/\"}}]}<\/script>\n<!-- \/ Yoast SEO plugin. -->","yoast_head_json":{"title":"modulaarne pargipink JADA SET06 - Extery linnam\u00f6\u00f6bli kollektsiooni pargipink","description":"Jada on modulaarne linnam\u00f6\u00f6blis\u00fcsteem, mis v\u00f5imaldab lihtsalt luua terviklikke istumisalasid. Jadast saab tekitada l\u00f5pmatult kombinatsioone.","robots":{"index":"index","follow":"follow","max-snippet":"max-snippet:-1","max-image-preview":"max-image-preview:large","max-video-preview":"max-video-preview:-1"},"canonical":"https:\/\/dev.codenot.studio\/extery-new\/tooted\/modulaarne-pargipink-jada-set06\/","og_locale":"et_EE","og_type":"article","og_title":"modulaarne pargipink JADA SET06 - Extery linnam\u00f6\u00f6bli kollektsiooni pargipink","og_description":"Jada on modulaarne linnam\u00f6\u00f6blis\u00fcsteem, mis v\u00f5imaldab lihtsalt luua terviklikke istumisalasid. Jadast saab tekitada l\u00f5pmatult kombinatsioone.","og_url":"https:\/\/dev.codenot.studio\/extery-new\/tooted\/modulaarne-pargipink-jada-set06\/","og_site_name":"Extery","article_modified_time":"2023-12-01T11:42:15+00:00","og_image":[{"width":1346,"height":1305,"url":"https:\/\/dev.codenot.studio\/extery-new\/wp-content\/uploads\/2022\/06\/pargipink-jada-lamamine2-e1654849640379.jpg","type":"image\/jpeg"}],"twitter_card":"summary_large_image","twitter_misc":{"Est. reading time":"1 minut"},"schema":{"@context":"https:\/\/schema.org","@graph":[{"@type":"WebPage","@id":"https:\/\/dev.codenot.studio\/extery-new\/tooted\/modulaarne-pargipink-jada-set06\/","url":"https:\/\/dev.codenot.studio\/extery-new\/tooted\/modulaarne-pargipink-jada-set06\/","name":"modulaarne pargipink JADA SET06 - Extery linnam\u00f6\u00f6bli kollektsiooni pargipink","isPartOf":{"@id":"https:\/\/dev.codenot.studio\/extery-new\/#website"},"primaryImageOfPage":{"@id":"https:\/\/dev.codenot.studio\/extery-new\/tooted\/modulaarne-pargipink-jada-set06\/#primaryimage"},"image":{"@id":"https:\/\/dev.codenot.studio\/extery-new\/tooted\/modulaarne-pargipink-jada-set06\/#primaryimage"},"thumbnailUrl":"https:\/\/dev.codenot.studio\/extery-new\/wp-content\/uploads\/2022\/06\/pargipink-jada-lamamine2-e1654849640379.jpg","datePublished":"2022-06-10T08:20:44+00:00","dateModified":"2023-12-01T11:42:15+00:00","description":"Jada on modulaarne linnam\u00f6\u00f6blis\u00fcsteem, mis v\u00f5imaldab lihtsalt luua terviklikke istumisalasid. Jadast saab tekitada l\u00f5pmatult kombinatsioone.","breadcrumb":{"@id":"https:\/\/dev.codenot.studio\/extery-new\/tooted\/modulaarne-pargipink-jada-set06\/#breadcrumb"},"inLanguage":"et","potentialAction":[{"@type":"ReadAction","target":["https:\/\/dev.codenot.studio\/extery-new\/tooted\/modulaarne-pargipink-jada-set06\/"]}]},{"@type":"ImageObject","inLanguage":"et","@id":"https:\/\/dev.codenot.studio\/extery-new\/tooted\/modulaarne-pargipink-jada-set06\/#primaryimage","url":"https:\/\/dev.codenot.studio\/extery-new\/wp-content\/uploads\/2022\/06\/pargipink-jada-lamamine2-e1654849640379.jpg","contentUrl":"https:\/\/dev.codenot.studio\/extery-new\/wp-content\/uploads\/2022\/06\/pargipink-jada-lamamine2-e1654849640379.jpg","width":1346,"height":1305},{"@type":"BreadcrumbList","@id":"https:\/\/dev.codenot.studio\/extery-new\/tooted\/modulaarne-pargipink-jada-set06\/#breadcrumb","itemListElement":[{"@type":"ListItem","position":1,"name":"Home","item":"https:\/\/dev.codenot.studio\/extery-new\/"},{"@type":"ListItem","position":2,"name":"Tooted","item":"https:\/\/dev.codenot.studio\/extery-new\/tooted\/"},{"@type":"ListItem","position":3,"name":"modulaarne pargipink JADA SET06"}]},{"@type":"WebSite","@id":"https:\/\/dev.codenot.studio\/extery-new\/#website","url":"https:\/\/dev.codenot.studio\/extery-new\/","name":"Extery","description":"","publisher":{"@id":"https:\/\/dev.codenot.studio\/extery-new\/#organization"},"potentialAction":[{"@type":"SearchAction","target":{"@type":"EntryPoint","urlTemplate":"https:\/\/dev.codenot.studio\/extery-new\/?s={search_term_string}"},"query-input":{"@type":"PropertyValueSpecification","valueRequired":true,"valueName":"search_term_string"}}],"inLanguage":"et"},{"@type":"Organization","@id":"https:\/\/dev.codenot.studio\/extery-new\/#organization","name":"Extery","url":"https:\/\/dev.codenot.studio\/extery-new\/","logo":{"@type":"ImageObject","inLanguage":"et","@id":"https:\/\/dev.codenot.studio\/extery-new\/#\/schema\/logo\/image\/","url":"https:\/\/dev.codenot.studio\/extery-new\/wp-content\/uploads\/2023\/11\/footer-logo.svg","contentUrl":"https:\/\/dev.codenot.studio\/extery-new\/wp-content\/uploads\/2023\/11\/footer-logo.svg","caption":"Extery"},"image":{"@id":"https:\/\/dev.codenot.studio\/extery-new\/#\/schema\/logo\/image\/"}}]}},"_links":{"self":[{"href":"https:\/\/dev.codenot.studio\/extery-new\/wp-json\/wp\/v2\/product\/17720","targetHints":{"allow":["GET"]}}],"collection":[{"href":"https:\/\/dev.codenot.studio\/extery-new\/wp-json\/wp\/v2\/product"}],"about":[{"href":"https:\/\/dev.codenot.studio\/extery-new\/wp-json\/wp\/v2\/types\/product"}],"replies":[{"embeddable":true,"href":"https:\/\/dev.codenot.studio\/extery-new\/wp-json\/wp\/v2\/comments?post=17720"}],"wp:featuredmedia":[{"embeddable":true,"href":"https:\/\/dev.codenot.studio\/extery-new\/wp-json\/wp\/v2\/media\/17734"}],"wp:attachment":[{"href":"https:\/\/dev.codenot.studio\/extery-new\/wp-json\/wp\/v2\/media?parent=17720"}],"wp:term":[{"taxonomy":"product_cat","embeddable":true,"href":"https:\/\/dev.codenot.studio\/extery-new\/wp-json\/wp\/v2\/product_cat?post=17720"},{"taxonomy":"product_tag","embeddable":true,"href":"https:\/\/dev.codenot.studio\/extery-new\/wp-json\/wp\/v2\/product_tag?post=17720"}],"curies":[{"name":"wp","href":"https:\/\/api.w.org\/{rel}","templated":true}]}}