{"id":16928,"date":"2022-05-13T11:54:18","date_gmt":"2022-05-13T11:54:18","guid":{"rendered":"https:\/\/extery.com\/?post_type=product&#038;p=16928"},"modified":"2025-02-26T13:22:58","modified_gmt":"2025-02-26T13:22:58","slug":"iste-veer","status":"publish","type":"product","link":"https:\/\/dev.codenot.studio\/extery-new\/tooted\/iste-veer\/","title":{"rendered":"iste Veer, m\u00fc\u00fcrile"},"content":{"rendered":"<p>Iste Veer on loodud spetsiaalselt m\u00fc\u00fcride, maastikukujunduslike astmete, servade v\u00f5i gabioonide t\u00e4iendamiseks, muutes need uskumatult mugavateks istumispindadeks mitmekesises linnaruumis.<\/p>\n<p>M\u00f5lemale istmele, nii seljatoega kui ka seljatoeta, saab lisada ka valgusti, mille all soojal suve\u00f5htul raamatut lehitseda v\u00f5i mille abil \u00fcmbritsevale s\u00fcgispimedusele \u00f5dusust lisada. Uudne valgustilahendus pingil annab edasi kodust soojust ning tuttavlikkust, muutes h\u00e4marad alad elavaks ja kutsuvaks.<\/p>\n<p>Veer ei t\u00e4ienda mitte ainult linnaruumi esteetikat, vaid suurendab ka v\u00e4\u00e4rtust, pakkudes mugavat istumisv\u00f5imalust linnainimestele, et puhata, l\u00f5\u00f5gastuda ja nautida \u00fcmbrust. Veeri luues ongi silmas peetud maksimaalset kasutajamugavust: iste pakub parajat istumiskallet ning m\u00f5nusal n\u00f5jatumisk\u00f5rgusel seljatuge.<\/p>\n<p>T\u00f5sta v\u00e4liala ilu ja funktsionaalsu uuele tasemele ning vali Veer isteperekond j\u00e4rgmisesse linnaprojekti!<\/p>\n","protected":false},"excerpt":{"rendered":"<p>Iste Veer on loodud spetsiaalselt m\u00fc\u00fcride, maastikukujunduslike astmete, servade v\u00f5i gabioonide t\u00e4iendamiseks, muutes need uskumatult mugavateks istumispindadeks mitmekesises linnaruumis. M\u00f5lemale istmele, nii seljatoega kui ka seljatoeta, saab lisada ka valgusti, mille all soojal suve\u00f5htul raamatut lehitseda v\u00f5i mille abil \u00fcmbritsevale s\u00fcgispimedusele \u00f5dusust lisada. Uudne valgustilahendus pingil annab edasi kodust soojust ning tuttavlikkust, muutes h\u00e4marad alad [&hellip;]<\/p>\n","protected":false},"featured_media":18514,"comment_status":"open","ping_status":"closed","template":"","meta":{"_acf_changed":false},"product_cat":[30],"product_tag":[346],"class_list":["post-16928","product","type-product","status-publish","has-post-thumbnail","hentry","product_cat-seljatoega-pargipingid","product_tag-uus","product-family-veer"],"acf":[],"yoast_head":"<!-- This site is optimized with the Yoast SEO plugin v24.1 - https:\/\/yoast.com\/wordpress\/plugins\/seo\/ -->\n<title>iste Veer, m\u00fc\u00fcrile - Extery linnam\u00f6\u00f6bli kollektsiooni pargipink<\/title>\n<meta name=\"description\" content=\"Pargipink Veer on loodud maastikukujunduslike astmete v\u00f5i servade t\u00e4iendamiseks, muutes need uskumatult mugavateks istumispindadeks linnaruumis.\" \/>\n<meta name=\"robots\" content=\"index, follow, max-snippet:-1, max-image-preview:large, max-video-preview:-1\" \/>\n<link rel=\"canonical\" href=\"https:\/\/dev.codenot.studio\/extery-new\/tooted\/iste-veer\/\" \/>\n<meta property=\"og:locale\" content=\"et_EE\" \/>\n<meta property=\"og:type\" content=\"article\" \/>\n<meta property=\"og:title\" content=\"iste Veer, m\u00fc\u00fcrile - Extery linnam\u00f6\u00f6bli kollektsiooni pargipink\" \/>\n<meta property=\"og:description\" content=\"Pargipink Veer on loodud maastikukujunduslike astmete v\u00f5i servade t\u00e4iendamiseks, muutes need uskumatult mugavateks istumispindadeks linnaruumis.\" \/>\n<meta property=\"og:url\" content=\"https:\/\/dev.codenot.studio\/extery-new\/tooted\/iste-veer\/\" \/>\n<meta property=\"og:site_name\" content=\"Extery\" \/>\n<meta property=\"article:modified_time\" content=\"2025-02-26T13:22:58+00:00\" \/>\n<meta property=\"og:image\" content=\"https:\/\/dev.codenot.studio\/extery-new\/wp-content\/uploads\/2022\/07\/pargipink-Veer-linnamoobel-extery-pargipingid-pargipink-labipaistev-betoon-st-scaled.jpg\" \/>\n\t<meta property=\"og:image:width\" content=\"2560\" \/>\n\t<meta property=\"og:image:height\" content=\"1707\" \/>\n\t<meta property=\"og:image:type\" content=\"image\/jpeg\" \/>\n<meta name=\"twitter:card\" content=\"summary_large_image\" \/>\n<meta name=\"twitter:label1\" content=\"Est. reading time\" \/>\n\t<meta name=\"twitter:data1\" content=\"1 minut\" \/>\n<script type=\"application\/ld+json\" class=\"yoast-schema-graph\">{\"@context\":\"https:\/\/schema.org\",\"@graph\":[{\"@type\":\"WebPage\",\"@id\":\"https:\/\/dev.codenot.studio\/extery-new\/tooted\/iste-veer\/\",\"url\":\"https:\/\/dev.codenot.studio\/extery-new\/tooted\/iste-veer\/\",\"name\":\"iste Veer, m\u00fc\u00fcrile - Extery linnam\u00f6\u00f6bli kollektsiooni pargipink\",\"isPartOf\":{\"@id\":\"https:\/\/dev.codenot.studio\/extery-new\/#website\"},\"primaryImageOfPage\":{\"@id\":\"https:\/\/dev.codenot.studio\/extery-new\/tooted\/iste-veer\/#primaryimage\"},\"image\":{\"@id\":\"https:\/\/dev.codenot.studio\/extery-new\/tooted\/iste-veer\/#primaryimage\"},\"thumbnailUrl\":\"https:\/\/dev.codenot.studio\/extery-new\/wp-content\/uploads\/2022\/07\/pargipink-Veer-linnamoobel-extery-pargipingid-pargipink-labipaistev-betoon-st-scaled.jpg\",\"datePublished\":\"2022-05-13T11:54:18+00:00\",\"dateModified\":\"2025-02-26T13:22:58+00:00\",\"description\":\"Pargipink Veer on loodud maastikukujunduslike astmete v\u00f5i servade t\u00e4iendamiseks, muutes need uskumatult mugavateks istumispindadeks linnaruumis.\",\"breadcrumb\":{\"@id\":\"https:\/\/dev.codenot.studio\/extery-new\/tooted\/iste-veer\/#breadcrumb\"},\"inLanguage\":\"et\",\"potentialAction\":[{\"@type\":\"ReadAction\",\"target\":[\"https:\/\/dev.codenot.studio\/extery-new\/tooted\/iste-veer\/\"]}]},{\"@type\":\"ImageObject\",\"inLanguage\":\"et\",\"@id\":\"https:\/\/dev.codenot.studio\/extery-new\/tooted\/iste-veer\/#primaryimage\",\"url\":\"https:\/\/dev.codenot.studio\/extery-new\/wp-content\/uploads\/2022\/07\/pargipink-Veer-linnamoobel-extery-pargipingid-pargipink-labipaistev-betoon-st-scaled.jpg\",\"contentUrl\":\"https:\/\/dev.codenot.studio\/extery-new\/wp-content\/uploads\/2022\/07\/pargipink-Veer-linnamoobel-extery-pargipingid-pargipink-labipaistev-betoon-st-scaled.jpg\",\"width\":2560,\"height\":1707},{\"@type\":\"BreadcrumbList\",\"@id\":\"https:\/\/dev.codenot.studio\/extery-new\/tooted\/iste-veer\/#breadcrumb\",\"itemListElement\":[{\"@type\":\"ListItem\",\"position\":1,\"name\":\"Home\",\"item\":\"https:\/\/dev.codenot.studio\/extery-new\/\"},{\"@type\":\"ListItem\",\"position\":2,\"name\":\"Tooted\",\"item\":\"https:\/\/dev.codenot.studio\/extery-new\/tooted\/\"},{\"@type\":\"ListItem\",\"position\":3,\"name\":\"iste Veer, m\u00fc\u00fcrile\"}]},{\"@type\":\"WebSite\",\"@id\":\"https:\/\/dev.codenot.studio\/extery-new\/#website\",\"url\":\"https:\/\/dev.codenot.studio\/extery-new\/\",\"name\":\"Extery\",\"description\":\"\",\"publisher\":{\"@id\":\"https:\/\/dev.codenot.studio\/extery-new\/#organization\"},\"potentialAction\":[{\"@type\":\"SearchAction\",\"target\":{\"@type\":\"EntryPoint\",\"urlTemplate\":\"https:\/\/dev.codenot.studio\/extery-new\/?s={search_term_string}\"},\"query-input\":{\"@type\":\"PropertyValueSpecification\",\"valueRequired\":true,\"valueName\":\"search_term_string\"}}],\"inLanguage\":\"et\"},{\"@type\":\"Organization\",\"@id\":\"https:\/\/dev.codenot.studio\/extery-new\/#organization\",\"name\":\"Extery\",\"url\":\"https:\/\/dev.codenot.studio\/extery-new\/\",\"logo\":{\"@type\":\"ImageObject\",\"inLanguage\":\"et\",\"@id\":\"https:\/\/dev.codenot.studio\/extery-new\/#\/schema\/logo\/image\/\",\"url\":\"https:\/\/dev.codenot.studio\/extery-new\/wp-content\/uploads\/2023\/11\/footer-logo.svg\",\"contentUrl\":\"https:\/\/dev.codenot.studio\/extery-new\/wp-content\/uploads\/2023\/11\/footer-logo.svg\",\"caption\":\"Extery\"},\"image\":{\"@id\":\"https:\/\/dev.codenot.studio\/extery-new\/#\/schema\/logo\/image\/\"}}]}<\/script>\n<!-- \/ Yoast SEO plugin. -->","yoast_head_json":{"title":"iste Veer, m\u00fc\u00fcrile - Extery linnam\u00f6\u00f6bli kollektsiooni pargipink","description":"Pargipink Veer on loodud maastikukujunduslike astmete v\u00f5i servade t\u00e4iendamiseks, muutes need uskumatult mugavateks istumispindadeks linnaruumis.","robots":{"index":"index","follow":"follow","max-snippet":"max-snippet:-1","max-image-preview":"max-image-preview:large","max-video-preview":"max-video-preview:-1"},"canonical":"https:\/\/dev.codenot.studio\/extery-new\/tooted\/iste-veer\/","og_locale":"et_EE","og_type":"article","og_title":"iste Veer, m\u00fc\u00fcrile - Extery linnam\u00f6\u00f6bli kollektsiooni pargipink","og_description":"Pargipink Veer on loodud maastikukujunduslike astmete v\u00f5i servade t\u00e4iendamiseks, muutes need uskumatult mugavateks istumispindadeks linnaruumis.","og_url":"https:\/\/dev.codenot.studio\/extery-new\/tooted\/iste-veer\/","og_site_name":"Extery","article_modified_time":"2025-02-26T13:22:58+00:00","og_image":[{"width":2560,"height":1707,"url":"https:\/\/dev.codenot.studio\/extery-new\/wp-content\/uploads\/2022\/07\/pargipink-Veer-linnamoobel-extery-pargipingid-pargipink-labipaistev-betoon-st-scaled.jpg","type":"image\/jpeg"}],"twitter_card":"summary_large_image","twitter_misc":{"Est. reading time":"1 minut"},"schema":{"@context":"https:\/\/schema.org","@graph":[{"@type":"WebPage","@id":"https:\/\/dev.codenot.studio\/extery-new\/tooted\/iste-veer\/","url":"https:\/\/dev.codenot.studio\/extery-new\/tooted\/iste-veer\/","name":"iste Veer, m\u00fc\u00fcrile - Extery linnam\u00f6\u00f6bli kollektsiooni pargipink","isPartOf":{"@id":"https:\/\/dev.codenot.studio\/extery-new\/#website"},"primaryImageOfPage":{"@id":"https:\/\/dev.codenot.studio\/extery-new\/tooted\/iste-veer\/#primaryimage"},"image":{"@id":"https:\/\/dev.codenot.studio\/extery-new\/tooted\/iste-veer\/#primaryimage"},"thumbnailUrl":"https:\/\/dev.codenot.studio\/extery-new\/wp-content\/uploads\/2022\/07\/pargipink-Veer-linnamoobel-extery-pargipingid-pargipink-labipaistev-betoon-st-scaled.jpg","datePublished":"2022-05-13T11:54:18+00:00","dateModified":"2025-02-26T13:22:58+00:00","description":"Pargipink Veer on loodud maastikukujunduslike astmete v\u00f5i servade t\u00e4iendamiseks, muutes need uskumatult mugavateks istumispindadeks linnaruumis.","breadcrumb":{"@id":"https:\/\/dev.codenot.studio\/extery-new\/tooted\/iste-veer\/#breadcrumb"},"inLanguage":"et","potentialAction":[{"@type":"ReadAction","target":["https:\/\/dev.codenot.studio\/extery-new\/tooted\/iste-veer\/"]}]},{"@type":"ImageObject","inLanguage":"et","@id":"https:\/\/dev.codenot.studio\/extery-new\/tooted\/iste-veer\/#primaryimage","url":"https:\/\/dev.codenot.studio\/extery-new\/wp-content\/uploads\/2022\/07\/pargipink-Veer-linnamoobel-extery-pargipingid-pargipink-labipaistev-betoon-st-scaled.jpg","contentUrl":"https:\/\/dev.codenot.studio\/extery-new\/wp-content\/uploads\/2022\/07\/pargipink-Veer-linnamoobel-extery-pargipingid-pargipink-labipaistev-betoon-st-scaled.jpg","width":2560,"height":1707},{"@type":"BreadcrumbList","@id":"https:\/\/dev.codenot.studio\/extery-new\/tooted\/iste-veer\/#breadcrumb","itemListElement":[{"@type":"ListItem","position":1,"name":"Home","item":"https:\/\/dev.codenot.studio\/extery-new\/"},{"@type":"ListItem","position":2,"name":"Tooted","item":"https:\/\/dev.codenot.studio\/extery-new\/tooted\/"},{"@type":"ListItem","position":3,"name":"iste Veer, m\u00fc\u00fcrile"}]},{"@type":"WebSite","@id":"https:\/\/dev.codenot.studio\/extery-new\/#website","url":"https:\/\/dev.codenot.studio\/extery-new\/","name":"Extery","description":"","publisher":{"@id":"https:\/\/dev.codenot.studio\/extery-new\/#organization"},"potentialAction":[{"@type":"SearchAction","target":{"@type":"EntryPoint","urlTemplate":"https:\/\/dev.codenot.studio\/extery-new\/?s={search_term_string}"},"query-input":{"@type":"PropertyValueSpecification","valueRequired":true,"valueName":"search_term_string"}}],"inLanguage":"et"},{"@type":"Organization","@id":"https:\/\/dev.codenot.studio\/extery-new\/#organization","name":"Extery","url":"https:\/\/dev.codenot.studio\/extery-new\/","logo":{"@type":"ImageObject","inLanguage":"et","@id":"https:\/\/dev.codenot.studio\/extery-new\/#\/schema\/logo\/image\/","url":"https:\/\/dev.codenot.studio\/extery-new\/wp-content\/uploads\/2023\/11\/footer-logo.svg","contentUrl":"https:\/\/dev.codenot.studio\/extery-new\/wp-content\/uploads\/2023\/11\/footer-logo.svg","caption":"Extery"},"image":{"@id":"https:\/\/dev.codenot.studio\/extery-new\/#\/schema\/logo\/image\/"}}]}},"_links":{"self":[{"href":"https:\/\/dev.codenot.studio\/extery-new\/wp-json\/wp\/v2\/product\/16928","targetHints":{"allow":["GET"]}}],"collection":[{"href":"https:\/\/dev.codenot.studio\/extery-new\/wp-json\/wp\/v2\/product"}],"about":[{"href":"https:\/\/dev.codenot.studio\/extery-new\/wp-json\/wp\/v2\/types\/product"}],"replies":[{"embeddable":true,"href":"https:\/\/dev.codenot.studio\/extery-new\/wp-json\/wp\/v2\/comments?post=16928"}],"wp:featuredmedia":[{"embeddable":true,"href":"https:\/\/dev.codenot.studio\/extery-new\/wp-json\/wp\/v2\/media\/18514"}],"wp:attachment":[{"href":"https:\/\/dev.codenot.studio\/extery-new\/wp-json\/wp\/v2\/media?parent=16928"}],"wp:term":[{"taxonomy":"product_cat","embeddable":true,"href":"https:\/\/dev.codenot.studio\/extery-new\/wp-json\/wp\/v2\/product_cat?post=16928"},{"taxonomy":"product_tag","embeddable":true,"href":"https:\/\/dev.codenot.studio\/extery-new\/wp-json\/wp\/v2\/product_tag?post=16928"}],"curies":[{"name":"wp","href":"https:\/\/api.w.org\/{rel}","templated":true}]}}