{"id":11593,"date":"2021-02-11T09:49:34","date_gmt":"2021-02-11T09:49:34","guid":{"rendered":"https:\/\/extery.com\/?post_type=product&#038;p=11593"},"modified":"2023-12-01T11:34:09","modified_gmt":"2023-12-01T11:34:09","slug":"laud-sume","status":"publish","type":"product","link":"https:\/\/dev.codenot.studio\/extery-new\/tooted\/laud-sume\/","title":{"rendered":"laud Sume"},"content":{"rendered":"<p>Laud Sume on eriline enda lihtsuse ja funktsionaalsuse poolest. Sume laua printsiip on \u00e4\u00e4rmiselt lihtne, ent v\u00e4ikesed disainin\u00f5ksud muudavad laua eristuvaks ja maitsekaks.<\/p>\n<p>Laud Sume on saadaval kahes k\u00f5rguses, mis v\u00f5imaldab luua erineva funktsiooniga puhkealasid.<\/p>\n<p>Kombineeri Sume lauad koos Sume perekonda kuuluvate istetega ning loo eristuvaid, meeleolukaid ja inspireerivaid alasid!<\/p>\n<p><em>&#8220;Linnaruum on meie \u00fchine,\u00a0 jagatav elutuba, mida me ei l\u00e4bi vaid t\u00f6\u00f6le v\u00f5i koju t\u00f5tates. Selleks, et see ruum oleks rikas ja p\u00f5nev ja looks meile uusi v\u00f5imalusi on vaja v\u00e4ikseid vihjeid ja v\u00f5imalusi loovaid tooteid. See on just see, millega Exterys tegeleme ja mille \u00fcle oleme uhked. <\/em><\/p>\n<p><em>Miks peaks jooma kohvi seistes v\u00f5i t\u00e4navatoitu s\u00fclest nosima? V\u00f5ta aega, istu maha, laota oma kraam Sume lauale ja riputa kott varna. M\u00e4rkamatu, aga vajalik. \u00d5nnelikuks hetkeks ei olegi palju vaja. Tunne ennast nagu kodus!&#8221;<\/em> &#8211; Kaspar Torn, iseasi<\/p>\n","protected":false},"excerpt":{"rendered":"<p>Laud Sume on eriline enda lihtsuse ja funktsionaalsuse poolest. Sume laua printsiip on \u00e4\u00e4rmiselt lihtne, ent v\u00e4ikesed disainin\u00f5ksud muudavad laua eristuvaks ja maitsekaks. Laud Sume on saadaval kahes k\u00f5rguses, mis v\u00f5imaldab luua erineva funktsiooniga puhkealasid. Kombineeri Sume lauad koos Sume perekonda kuuluvate istetega ning loo eristuvaid, meeleolukaid ja inspireerivaid alasid! &#8220;Linnaruum on meie \u00fchine,\u00a0 jagatav [&hellip;]<\/p>\n","protected":false},"featured_media":11607,"comment_status":"open","ping_status":"closed","template":"","meta":{"_acf_changed":false},"product_cat":[33],"product_tag":[],"class_list":["post-11593","product","type-product","status-publish","has-post-thumbnail","hentry","product_cat-lauad","product-family-sume"],"acf":[],"yoast_head":"<!-- This site is optimized with the Yoast SEO plugin v24.1 - https:\/\/yoast.com\/wordpress\/plugins\/seo\/ -->\n<title>laud Sume - Extery linnam\u00f6\u00f6bli kollektsiooni laud<\/title>\n<meta name=\"description\" content=\"Laud Sume toob linnaruumi erip\u00e4ra. Sume perekonda kuuluv laud on m\u00e4nguline ja funktsionaalne. Linnam\u00f6\u00f6bel, pargipingid, pr\u00fcgikastid, ja pollarid ning jalgrattahoidjad.\" \/>\n<meta name=\"robots\" content=\"index, follow, max-snippet:-1, max-image-preview:large, max-video-preview:-1\" \/>\n<link rel=\"canonical\" href=\"https:\/\/dev.codenot.studio\/extery-new\/tooted\/laud-sume\/\" \/>\n<meta property=\"og:locale\" content=\"et_EE\" \/>\n<meta property=\"og:type\" content=\"article\" \/>\n<meta property=\"og:title\" content=\"laud Sume - Extery linnam\u00f6\u00f6bli kollektsiooni laud\" \/>\n<meta property=\"og:description\" content=\"Laud Sume toob linnaruumi erip\u00e4ra. Sume perekonda kuuluv laud on m\u00e4nguline ja funktsionaalne. Linnam\u00f6\u00f6bel, pargipingid, pr\u00fcgikastid, ja pollarid ning jalgrattahoidjad.\" \/>\n<meta property=\"og:url\" content=\"https:\/\/dev.codenot.studio\/extery-new\/tooted\/laud-sume\/\" \/>\n<meta property=\"og:site_name\" content=\"Extery\" \/>\n<meta property=\"article:modified_time\" content=\"2023-12-01T11:34:09+00:00\" \/>\n<meta property=\"og:image\" content=\"https:\/\/dev.codenot.studio\/extery-new\/wp-content\/uploads\/2021\/02\/laud-Sume-eest-scaled.jpg\" \/>\n\t<meta property=\"og:image:width\" content=\"2560\" \/>\n\t<meta property=\"og:image:height\" content=\"1707\" \/>\n\t<meta property=\"og:image:type\" content=\"image\/jpeg\" \/>\n<meta name=\"twitter:card\" content=\"summary_large_image\" \/>\n<meta name=\"twitter:label1\" content=\"Est. reading time\" \/>\n\t<meta name=\"twitter:data1\" content=\"1 minut\" \/>\n<script type=\"application\/ld+json\" class=\"yoast-schema-graph\">{\"@context\":\"https:\/\/schema.org\",\"@graph\":[{\"@type\":\"WebPage\",\"@id\":\"https:\/\/dev.codenot.studio\/extery-new\/tooted\/laud-sume\/\",\"url\":\"https:\/\/dev.codenot.studio\/extery-new\/tooted\/laud-sume\/\",\"name\":\"laud Sume - Extery linnam\u00f6\u00f6bli kollektsiooni laud\",\"isPartOf\":{\"@id\":\"https:\/\/dev.codenot.studio\/extery-new\/#website\"},\"primaryImageOfPage\":{\"@id\":\"https:\/\/dev.codenot.studio\/extery-new\/tooted\/laud-sume\/#primaryimage\"},\"image\":{\"@id\":\"https:\/\/dev.codenot.studio\/extery-new\/tooted\/laud-sume\/#primaryimage\"},\"thumbnailUrl\":\"https:\/\/dev.codenot.studio\/extery-new\/wp-content\/uploads\/2021\/02\/laud-Sume-eest-scaled.jpg\",\"datePublished\":\"2021-02-11T09:49:34+00:00\",\"dateModified\":\"2023-12-01T11:34:09+00:00\",\"description\":\"Laud Sume toob linnaruumi erip\u00e4ra. Sume perekonda kuuluv laud on m\u00e4nguline ja funktsionaalne. Linnam\u00f6\u00f6bel, pargipingid, pr\u00fcgikastid, ja pollarid ning jalgrattahoidjad.\",\"breadcrumb\":{\"@id\":\"https:\/\/dev.codenot.studio\/extery-new\/tooted\/laud-sume\/#breadcrumb\"},\"inLanguage\":\"et\",\"potentialAction\":[{\"@type\":\"ReadAction\",\"target\":[\"https:\/\/dev.codenot.studio\/extery-new\/tooted\/laud-sume\/\"]}]},{\"@type\":\"ImageObject\",\"inLanguage\":\"et\",\"@id\":\"https:\/\/dev.codenot.studio\/extery-new\/tooted\/laud-sume\/#primaryimage\",\"url\":\"https:\/\/dev.codenot.studio\/extery-new\/wp-content\/uploads\/2021\/02\/laud-Sume-eest-scaled.jpg\",\"contentUrl\":\"https:\/\/dev.codenot.studio\/extery-new\/wp-content\/uploads\/2021\/02\/laud-Sume-eest-scaled.jpg\",\"width\":2560,\"height\":1707},{\"@type\":\"BreadcrumbList\",\"@id\":\"https:\/\/dev.codenot.studio\/extery-new\/tooted\/laud-sume\/#breadcrumb\",\"itemListElement\":[{\"@type\":\"ListItem\",\"position\":1,\"name\":\"Home\",\"item\":\"https:\/\/dev.codenot.studio\/extery-new\/\"},{\"@type\":\"ListItem\",\"position\":2,\"name\":\"Tooted\",\"item\":\"https:\/\/dev.codenot.studio\/extery-new\/tooted\/\"},{\"@type\":\"ListItem\",\"position\":3,\"name\":\"laud Sume\"}]},{\"@type\":\"WebSite\",\"@id\":\"https:\/\/dev.codenot.studio\/extery-new\/#website\",\"url\":\"https:\/\/dev.codenot.studio\/extery-new\/\",\"name\":\"Extery\",\"description\":\"\",\"publisher\":{\"@id\":\"https:\/\/dev.codenot.studio\/extery-new\/#organization\"},\"potentialAction\":[{\"@type\":\"SearchAction\",\"target\":{\"@type\":\"EntryPoint\",\"urlTemplate\":\"https:\/\/dev.codenot.studio\/extery-new\/?s={search_term_string}\"},\"query-input\":{\"@type\":\"PropertyValueSpecification\",\"valueRequired\":true,\"valueName\":\"search_term_string\"}}],\"inLanguage\":\"et\"},{\"@type\":\"Organization\",\"@id\":\"https:\/\/dev.codenot.studio\/extery-new\/#organization\",\"name\":\"Extery\",\"url\":\"https:\/\/dev.codenot.studio\/extery-new\/\",\"logo\":{\"@type\":\"ImageObject\",\"inLanguage\":\"et\",\"@id\":\"https:\/\/dev.codenot.studio\/extery-new\/#\/schema\/logo\/image\/\",\"url\":\"https:\/\/dev.codenot.studio\/extery-new\/wp-content\/uploads\/2023\/11\/footer-logo.svg\",\"contentUrl\":\"https:\/\/dev.codenot.studio\/extery-new\/wp-content\/uploads\/2023\/11\/footer-logo.svg\",\"caption\":\"Extery\"},\"image\":{\"@id\":\"https:\/\/dev.codenot.studio\/extery-new\/#\/schema\/logo\/image\/\"}}]}<\/script>\n<!-- \/ Yoast SEO plugin. -->","yoast_head_json":{"title":"laud Sume - Extery linnam\u00f6\u00f6bli kollektsiooni laud","description":"Laud Sume toob linnaruumi erip\u00e4ra. Sume perekonda kuuluv laud on m\u00e4nguline ja funktsionaalne. Linnam\u00f6\u00f6bel, pargipingid, pr\u00fcgikastid, ja pollarid ning jalgrattahoidjad.","robots":{"index":"index","follow":"follow","max-snippet":"max-snippet:-1","max-image-preview":"max-image-preview:large","max-video-preview":"max-video-preview:-1"},"canonical":"https:\/\/dev.codenot.studio\/extery-new\/tooted\/laud-sume\/","og_locale":"et_EE","og_type":"article","og_title":"laud Sume - Extery linnam\u00f6\u00f6bli kollektsiooni laud","og_description":"Laud Sume toob linnaruumi erip\u00e4ra. Sume perekonda kuuluv laud on m\u00e4nguline ja funktsionaalne. Linnam\u00f6\u00f6bel, pargipingid, pr\u00fcgikastid, ja pollarid ning jalgrattahoidjad.","og_url":"https:\/\/dev.codenot.studio\/extery-new\/tooted\/laud-sume\/","og_site_name":"Extery","article_modified_time":"2023-12-01T11:34:09+00:00","og_image":[{"width":2560,"height":1707,"url":"https:\/\/dev.codenot.studio\/extery-new\/wp-content\/uploads\/2021\/02\/laud-Sume-eest-scaled.jpg","type":"image\/jpeg"}],"twitter_card":"summary_large_image","twitter_misc":{"Est. reading time":"1 minut"},"schema":{"@context":"https:\/\/schema.org","@graph":[{"@type":"WebPage","@id":"https:\/\/dev.codenot.studio\/extery-new\/tooted\/laud-sume\/","url":"https:\/\/dev.codenot.studio\/extery-new\/tooted\/laud-sume\/","name":"laud Sume - Extery linnam\u00f6\u00f6bli kollektsiooni laud","isPartOf":{"@id":"https:\/\/dev.codenot.studio\/extery-new\/#website"},"primaryImageOfPage":{"@id":"https:\/\/dev.codenot.studio\/extery-new\/tooted\/laud-sume\/#primaryimage"},"image":{"@id":"https:\/\/dev.codenot.studio\/extery-new\/tooted\/laud-sume\/#primaryimage"},"thumbnailUrl":"https:\/\/dev.codenot.studio\/extery-new\/wp-content\/uploads\/2021\/02\/laud-Sume-eest-scaled.jpg","datePublished":"2021-02-11T09:49:34+00:00","dateModified":"2023-12-01T11:34:09+00:00","description":"Laud Sume toob linnaruumi erip\u00e4ra. Sume perekonda kuuluv laud on m\u00e4nguline ja funktsionaalne. Linnam\u00f6\u00f6bel, pargipingid, pr\u00fcgikastid, ja pollarid ning jalgrattahoidjad.","breadcrumb":{"@id":"https:\/\/dev.codenot.studio\/extery-new\/tooted\/laud-sume\/#breadcrumb"},"inLanguage":"et","potentialAction":[{"@type":"ReadAction","target":["https:\/\/dev.codenot.studio\/extery-new\/tooted\/laud-sume\/"]}]},{"@type":"ImageObject","inLanguage":"et","@id":"https:\/\/dev.codenot.studio\/extery-new\/tooted\/laud-sume\/#primaryimage","url":"https:\/\/dev.codenot.studio\/extery-new\/wp-content\/uploads\/2021\/02\/laud-Sume-eest-scaled.jpg","contentUrl":"https:\/\/dev.codenot.studio\/extery-new\/wp-content\/uploads\/2021\/02\/laud-Sume-eest-scaled.jpg","width":2560,"height":1707},{"@type":"BreadcrumbList","@id":"https:\/\/dev.codenot.studio\/extery-new\/tooted\/laud-sume\/#breadcrumb","itemListElement":[{"@type":"ListItem","position":1,"name":"Home","item":"https:\/\/dev.codenot.studio\/extery-new\/"},{"@type":"ListItem","position":2,"name":"Tooted","item":"https:\/\/dev.codenot.studio\/extery-new\/tooted\/"},{"@type":"ListItem","position":3,"name":"laud Sume"}]},{"@type":"WebSite","@id":"https:\/\/dev.codenot.studio\/extery-new\/#website","url":"https:\/\/dev.codenot.studio\/extery-new\/","name":"Extery","description":"","publisher":{"@id":"https:\/\/dev.codenot.studio\/extery-new\/#organization"},"potentialAction":[{"@type":"SearchAction","target":{"@type":"EntryPoint","urlTemplate":"https:\/\/dev.codenot.studio\/extery-new\/?s={search_term_string}"},"query-input":{"@type":"PropertyValueSpecification","valueRequired":true,"valueName":"search_term_string"}}],"inLanguage":"et"},{"@type":"Organization","@id":"https:\/\/dev.codenot.studio\/extery-new\/#organization","name":"Extery","url":"https:\/\/dev.codenot.studio\/extery-new\/","logo":{"@type":"ImageObject","inLanguage":"et","@id":"https:\/\/dev.codenot.studio\/extery-new\/#\/schema\/logo\/image\/","url":"https:\/\/dev.codenot.studio\/extery-new\/wp-content\/uploads\/2023\/11\/footer-logo.svg","contentUrl":"https:\/\/dev.codenot.studio\/extery-new\/wp-content\/uploads\/2023\/11\/footer-logo.svg","caption":"Extery"},"image":{"@id":"https:\/\/dev.codenot.studio\/extery-new\/#\/schema\/logo\/image\/"}}]}},"_links":{"self":[{"href":"https:\/\/dev.codenot.studio\/extery-new\/wp-json\/wp\/v2\/product\/11593","targetHints":{"allow":["GET"]}}],"collection":[{"href":"https:\/\/dev.codenot.studio\/extery-new\/wp-json\/wp\/v2\/product"}],"about":[{"href":"https:\/\/dev.codenot.studio\/extery-new\/wp-json\/wp\/v2\/types\/product"}],"replies":[{"embeddable":true,"href":"https:\/\/dev.codenot.studio\/extery-new\/wp-json\/wp\/v2\/comments?post=11593"}],"wp:featuredmedia":[{"embeddable":true,"href":"https:\/\/dev.codenot.studio\/extery-new\/wp-json\/wp\/v2\/media\/11607"}],"wp:attachment":[{"href":"https:\/\/dev.codenot.studio\/extery-new\/wp-json\/wp\/v2\/media?parent=11593"}],"wp:term":[{"taxonomy":"product_cat","embeddable":true,"href":"https:\/\/dev.codenot.studio\/extery-new\/wp-json\/wp\/v2\/product_cat?post=11593"},{"taxonomy":"product_tag","embeddable":true,"href":"https:\/\/dev.codenot.studio\/extery-new\/wp-json\/wp\/v2\/product_tag?post=11593"}],"curies":[{"name":"wp","href":"https:\/\/api.w.org\/{rel}","templated":true}]}}