{"id":1108,"date":"2020-11-09T11:38:52","date_gmt":"2020-11-09T11:38:52","guid":{"rendered":"https:\/\/extery.com\/?post_type=product&#038;p=1108"},"modified":"2024-10-16T19:59:17","modified_gmt":"2024-10-16T19:59:17","slug":"klaar-wood-pargipink","status":"publish","type":"product","link":"https:\/\/dev.codenot.studio\/extery-new\/tooted\/klaar-wood-pargipink\/","title":{"rendered":"pargipink Klaar Wood"},"content":{"rendered":"<p>Pargipink Klaar Wood on aegumatu disainiga pink sinu linnaruumi.<\/p>\n<p>Iseloomulik ratsionaalsus, neutraalsus ja detailide t\u00e4pne esteetiline viimistletus on kvaliteedid, mis ei aegu ega allu kiiresti vahelduvatele moevooludele. Oma vormi selguse ja kerguse ning materjalide laia valikuga sobib Klaar kasutamiseks v\u00e4ga erinevates kaasegsetes arhitektuurikontekstides, pakkudes lahendusi erinevatele vajadustele.<br \/>\nLaud ning mitmete k\u00e4etoe variatsioonidega pingid ja toolid loovad Klaar perekonna terviku, millega saab h\u00f5lpsalt erineva funktsionaalsusega komplekte luua.<\/p>\n","protected":false},"excerpt":{"rendered":"<p>Pargipink Klaar Wood on aegumatu disainiga pink sinu linnaruumi. Iseloomulik ratsionaalsus, neutraalsus ja detailide t\u00e4pne esteetiline viimistletus on kvaliteedid, mis ei aegu ega allu kiiresti vahelduvatele moevooludele. Oma vormi selguse ja kerguse ning materjalide laia valikuga sobib Klaar kasutamiseks v\u00e4ga erinevates kaasegsetes arhitektuurikontekstides, pakkudes lahendusi erinevatele vajadustele. Laud ning mitmete k\u00e4etoe variatsioonidega pingid ja toolid [&hellip;]<\/p>\n","protected":false},"featured_media":689,"comment_status":"open","ping_status":"closed","template":"","meta":{"_acf_changed":false},"product_cat":[30],"product_tag":[],"class_list":["post-1108","product","type-product","status-publish","has-post-thumbnail","hentry","product_cat-seljatoega-pargipingid","product-family-klaar-wood"],"acf":[],"yoast_head":"<!-- This site is optimized with the Yoast SEO plugin v24.1 - https:\/\/yoast.com\/wordpress\/plugins\/seo\/ -->\n<title>pargipink Klaar Wood - Extery linnam\u00f6\u00f6bli kollektsiooni pargipink<\/title>\n<meta name=\"description\" content=\"Pargipink Klaar Wood on aegumatu disainiga pink sinu linnaruumi. Linnam\u00f6\u00f6bel, pargipingid, pr\u00fcgikastid ja pollarid ning jalgrattahoidjad.\" \/>\n<meta name=\"robots\" content=\"index, follow, max-snippet:-1, max-image-preview:large, max-video-preview:-1\" \/>\n<link rel=\"canonical\" href=\"https:\/\/dev.codenot.studio\/extery-new\/tooted\/klaar-wood-pargipink\/\" \/>\n<meta property=\"og:locale\" content=\"et_EE\" \/>\n<meta property=\"og:type\" content=\"article\" \/>\n<meta property=\"og:title\" content=\"pargipink Klaar Wood - Extery linnam\u00f6\u00f6bli kollektsiooni pargipink\" \/>\n<meta property=\"og:description\" content=\"Pargipink Klaar Wood on aegumatu disainiga pink sinu linnaruumi. Linnam\u00f6\u00f6bel, pargipingid, pr\u00fcgikastid ja pollarid ning jalgrattahoidjad.\" \/>\n<meta property=\"og:url\" content=\"https:\/\/dev.codenot.studio\/extery-new\/tooted\/klaar-wood-pargipink\/\" \/>\n<meta property=\"og:site_name\" content=\"Extery\" \/>\n<meta property=\"article:modified_time\" content=\"2024-10-16T19:59:17+00:00\" \/>\n<meta property=\"og:image\" content=\"https:\/\/dev.codenot.studio\/extery-new\/wp-content\/uploads\/2020\/11\/Klaar-Wood-pink-S-E-scaled.jpg\" \/>\n\t<meta property=\"og:image:width\" content=\"2560\" \/>\n\t<meta property=\"og:image:height\" content=\"1707\" \/>\n\t<meta property=\"og:image:type\" content=\"image\/jpeg\" \/>\n<meta name=\"twitter:card\" content=\"summary_large_image\" \/>\n<meta name=\"twitter:label1\" content=\"Est. reading time\" \/>\n\t<meta name=\"twitter:data1\" content=\"1 minut\" \/>\n<script type=\"application\/ld+json\" class=\"yoast-schema-graph\">{\"@context\":\"https:\/\/schema.org\",\"@graph\":[{\"@type\":\"WebPage\",\"@id\":\"https:\/\/dev.codenot.studio\/extery-new\/tooted\/klaar-wood-pargipink\/\",\"url\":\"https:\/\/dev.codenot.studio\/extery-new\/tooted\/klaar-wood-pargipink\/\",\"name\":\"pargipink Klaar Wood - Extery linnam\u00f6\u00f6bli kollektsiooni pargipink\",\"isPartOf\":{\"@id\":\"https:\/\/dev.codenot.studio\/extery-new\/#website\"},\"primaryImageOfPage\":{\"@id\":\"https:\/\/dev.codenot.studio\/extery-new\/tooted\/klaar-wood-pargipink\/#primaryimage\"},\"image\":{\"@id\":\"https:\/\/dev.codenot.studio\/extery-new\/tooted\/klaar-wood-pargipink\/#primaryimage\"},\"thumbnailUrl\":\"https:\/\/dev.codenot.studio\/extery-new\/wp-content\/uploads\/2020\/11\/Klaar-Wood-pink-S-E-scaled.jpg\",\"datePublished\":\"2020-11-09T11:38:52+00:00\",\"dateModified\":\"2024-10-16T19:59:17+00:00\",\"description\":\"Pargipink Klaar Wood on aegumatu disainiga pink sinu linnaruumi. Linnam\u00f6\u00f6bel, pargipingid, pr\u00fcgikastid ja pollarid ning jalgrattahoidjad.\",\"breadcrumb\":{\"@id\":\"https:\/\/dev.codenot.studio\/extery-new\/tooted\/klaar-wood-pargipink\/#breadcrumb\"},\"inLanguage\":\"et\",\"potentialAction\":[{\"@type\":\"ReadAction\",\"target\":[\"https:\/\/dev.codenot.studio\/extery-new\/tooted\/klaar-wood-pargipink\/\"]}]},{\"@type\":\"ImageObject\",\"inLanguage\":\"et\",\"@id\":\"https:\/\/dev.codenot.studio\/extery-new\/tooted\/klaar-wood-pargipink\/#primaryimage\",\"url\":\"https:\/\/dev.codenot.studio\/extery-new\/wp-content\/uploads\/2020\/11\/Klaar-Wood-pink-S-E-scaled.jpg\",\"contentUrl\":\"https:\/\/dev.codenot.studio\/extery-new\/wp-content\/uploads\/2020\/11\/Klaar-Wood-pink-S-E-scaled.jpg\",\"width\":2560,\"height\":1707},{\"@type\":\"BreadcrumbList\",\"@id\":\"https:\/\/dev.codenot.studio\/extery-new\/tooted\/klaar-wood-pargipink\/#breadcrumb\",\"itemListElement\":[{\"@type\":\"ListItem\",\"position\":1,\"name\":\"Home\",\"item\":\"https:\/\/dev.codenot.studio\/extery-new\/\"},{\"@type\":\"ListItem\",\"position\":2,\"name\":\"Tooted\",\"item\":\"https:\/\/dev.codenot.studio\/extery-new\/tooted\/\"},{\"@type\":\"ListItem\",\"position\":3,\"name\":\"pargipink Klaar Wood\"}]},{\"@type\":\"WebSite\",\"@id\":\"https:\/\/dev.codenot.studio\/extery-new\/#website\",\"url\":\"https:\/\/dev.codenot.studio\/extery-new\/\",\"name\":\"Extery\",\"description\":\"\",\"publisher\":{\"@id\":\"https:\/\/dev.codenot.studio\/extery-new\/#organization\"},\"potentialAction\":[{\"@type\":\"SearchAction\",\"target\":{\"@type\":\"EntryPoint\",\"urlTemplate\":\"https:\/\/dev.codenot.studio\/extery-new\/?s={search_term_string}\"},\"query-input\":{\"@type\":\"PropertyValueSpecification\",\"valueRequired\":true,\"valueName\":\"search_term_string\"}}],\"inLanguage\":\"et\"},{\"@type\":\"Organization\",\"@id\":\"https:\/\/dev.codenot.studio\/extery-new\/#organization\",\"name\":\"Extery\",\"url\":\"https:\/\/dev.codenot.studio\/extery-new\/\",\"logo\":{\"@type\":\"ImageObject\",\"inLanguage\":\"et\",\"@id\":\"https:\/\/dev.codenot.studio\/extery-new\/#\/schema\/logo\/image\/\",\"url\":\"https:\/\/dev.codenot.studio\/extery-new\/wp-content\/uploads\/2023\/11\/footer-logo.svg\",\"contentUrl\":\"https:\/\/dev.codenot.studio\/extery-new\/wp-content\/uploads\/2023\/11\/footer-logo.svg\",\"caption\":\"Extery\"},\"image\":{\"@id\":\"https:\/\/dev.codenot.studio\/extery-new\/#\/schema\/logo\/image\/\"}}]}<\/script>\n<!-- \/ Yoast SEO plugin. -->","yoast_head_json":{"title":"pargipink Klaar Wood - Extery linnam\u00f6\u00f6bli kollektsiooni pargipink","description":"Pargipink Klaar Wood on aegumatu disainiga pink sinu linnaruumi. Linnam\u00f6\u00f6bel, pargipingid, pr\u00fcgikastid ja pollarid ning jalgrattahoidjad.","robots":{"index":"index","follow":"follow","max-snippet":"max-snippet:-1","max-image-preview":"max-image-preview:large","max-video-preview":"max-video-preview:-1"},"canonical":"https:\/\/dev.codenot.studio\/extery-new\/tooted\/klaar-wood-pargipink\/","og_locale":"et_EE","og_type":"article","og_title":"pargipink Klaar Wood - Extery linnam\u00f6\u00f6bli kollektsiooni pargipink","og_description":"Pargipink Klaar Wood on aegumatu disainiga pink sinu linnaruumi. Linnam\u00f6\u00f6bel, pargipingid, pr\u00fcgikastid ja pollarid ning jalgrattahoidjad.","og_url":"https:\/\/dev.codenot.studio\/extery-new\/tooted\/klaar-wood-pargipink\/","og_site_name":"Extery","article_modified_time":"2024-10-16T19:59:17+00:00","og_image":[{"width":2560,"height":1707,"url":"https:\/\/dev.codenot.studio\/extery-new\/wp-content\/uploads\/2020\/11\/Klaar-Wood-pink-S-E-scaled.jpg","type":"image\/jpeg"}],"twitter_card":"summary_large_image","twitter_misc":{"Est. reading time":"1 minut"},"schema":{"@context":"https:\/\/schema.org","@graph":[{"@type":"WebPage","@id":"https:\/\/dev.codenot.studio\/extery-new\/tooted\/klaar-wood-pargipink\/","url":"https:\/\/dev.codenot.studio\/extery-new\/tooted\/klaar-wood-pargipink\/","name":"pargipink Klaar Wood - Extery linnam\u00f6\u00f6bli kollektsiooni pargipink","isPartOf":{"@id":"https:\/\/dev.codenot.studio\/extery-new\/#website"},"primaryImageOfPage":{"@id":"https:\/\/dev.codenot.studio\/extery-new\/tooted\/klaar-wood-pargipink\/#primaryimage"},"image":{"@id":"https:\/\/dev.codenot.studio\/extery-new\/tooted\/klaar-wood-pargipink\/#primaryimage"},"thumbnailUrl":"https:\/\/dev.codenot.studio\/extery-new\/wp-content\/uploads\/2020\/11\/Klaar-Wood-pink-S-E-scaled.jpg","datePublished":"2020-11-09T11:38:52+00:00","dateModified":"2024-10-16T19:59:17+00:00","description":"Pargipink Klaar Wood on aegumatu disainiga pink sinu linnaruumi. Linnam\u00f6\u00f6bel, pargipingid, pr\u00fcgikastid ja pollarid ning jalgrattahoidjad.","breadcrumb":{"@id":"https:\/\/dev.codenot.studio\/extery-new\/tooted\/klaar-wood-pargipink\/#breadcrumb"},"inLanguage":"et","potentialAction":[{"@type":"ReadAction","target":["https:\/\/dev.codenot.studio\/extery-new\/tooted\/klaar-wood-pargipink\/"]}]},{"@type":"ImageObject","inLanguage":"et","@id":"https:\/\/dev.codenot.studio\/extery-new\/tooted\/klaar-wood-pargipink\/#primaryimage","url":"https:\/\/dev.codenot.studio\/extery-new\/wp-content\/uploads\/2020\/11\/Klaar-Wood-pink-S-E-scaled.jpg","contentUrl":"https:\/\/dev.codenot.studio\/extery-new\/wp-content\/uploads\/2020\/11\/Klaar-Wood-pink-S-E-scaled.jpg","width":2560,"height":1707},{"@type":"BreadcrumbList","@id":"https:\/\/dev.codenot.studio\/extery-new\/tooted\/klaar-wood-pargipink\/#breadcrumb","itemListElement":[{"@type":"ListItem","position":1,"name":"Home","item":"https:\/\/dev.codenot.studio\/extery-new\/"},{"@type":"ListItem","position":2,"name":"Tooted","item":"https:\/\/dev.codenot.studio\/extery-new\/tooted\/"},{"@type":"ListItem","position":3,"name":"pargipink Klaar Wood"}]},{"@type":"WebSite","@id":"https:\/\/dev.codenot.studio\/extery-new\/#website","url":"https:\/\/dev.codenot.studio\/extery-new\/","name":"Extery","description":"","publisher":{"@id":"https:\/\/dev.codenot.studio\/extery-new\/#organization"},"potentialAction":[{"@type":"SearchAction","target":{"@type":"EntryPoint","urlTemplate":"https:\/\/dev.codenot.studio\/extery-new\/?s={search_term_string}"},"query-input":{"@type":"PropertyValueSpecification","valueRequired":true,"valueName":"search_term_string"}}],"inLanguage":"et"},{"@type":"Organization","@id":"https:\/\/dev.codenot.studio\/extery-new\/#organization","name":"Extery","url":"https:\/\/dev.codenot.studio\/extery-new\/","logo":{"@type":"ImageObject","inLanguage":"et","@id":"https:\/\/dev.codenot.studio\/extery-new\/#\/schema\/logo\/image\/","url":"https:\/\/dev.codenot.studio\/extery-new\/wp-content\/uploads\/2023\/11\/footer-logo.svg","contentUrl":"https:\/\/dev.codenot.studio\/extery-new\/wp-content\/uploads\/2023\/11\/footer-logo.svg","caption":"Extery"},"image":{"@id":"https:\/\/dev.codenot.studio\/extery-new\/#\/schema\/logo\/image\/"}}]}},"_links":{"self":[{"href":"https:\/\/dev.codenot.studio\/extery-new\/wp-json\/wp\/v2\/product\/1108","targetHints":{"allow":["GET"]}}],"collection":[{"href":"https:\/\/dev.codenot.studio\/extery-new\/wp-json\/wp\/v2\/product"}],"about":[{"href":"https:\/\/dev.codenot.studio\/extery-new\/wp-json\/wp\/v2\/types\/product"}],"replies":[{"embeddable":true,"href":"https:\/\/dev.codenot.studio\/extery-new\/wp-json\/wp\/v2\/comments?post=1108"}],"wp:featuredmedia":[{"embeddable":true,"href":"https:\/\/dev.codenot.studio\/extery-new\/wp-json\/wp\/v2\/media\/689"}],"wp:attachment":[{"href":"https:\/\/dev.codenot.studio\/extery-new\/wp-json\/wp\/v2\/media?parent=1108"}],"wp:term":[{"taxonomy":"product_cat","embeddable":true,"href":"https:\/\/dev.codenot.studio\/extery-new\/wp-json\/wp\/v2\/product_cat?post=1108"},{"taxonomy":"product_tag","embeddable":true,"href":"https:\/\/dev.codenot.studio\/extery-new\/wp-json\/wp\/v2\/product_tag?post=1108"}],"curies":[{"name":"wp","href":"https:\/\/api.w.org\/{rel}","templated":true}]}}