{"id":7,"date":"2020-10-13T19:14:03","date_gmt":"2020-10-13T19:14:03","guid":{"rendered":"https:\/\/extery.com\/?page_id=7"},"modified":"2024-10-17T16:37:35","modified_gmt":"2024-10-17T16:37:35","slug":"esileht","status":"publish","type":"page","link":"https:\/\/dev.codenot.studio\/extery-new\/","title":{"rendered":"Esileht"},"content":{"rendered":"<p>Linnam\u00f6\u00f6bel &#8211; mugavad pargipingid, kergesti t\u00fchjendatavad metallist pr\u00fcgikastid, t\u00e4iusliku vormiga pollarid ja jalgrattahoidjad. Meie linnam\u00f6\u00f6bli kollektsioonist leiad kvaliteetsed ja ruumi sobituvad pargipingid, pr\u00fcgikastid, jalgrattahoidjad, taimekonteinerid, pollarid ja terviklikud pikniku komplektid.<\/p>\n<p>Linnam\u00f6\u00f6bli valikul aitame leida sobivaime pargipingi igasse linnaruumi. Pargipink aitab luua tervikliku linnaruumi. Iga detail linnam\u00f6\u00f6bli juures on \u00e4\u00e4rmiselt oluline, et vastu pidada karmidele ilmastikutingimustele.<\/p>\n<p>Vaata meie linnam\u00f6\u00f6bli kollektsiooni pargipinke siit: <a href=\"https:\/\/dev.codenot.studio\/extery-new\/tooted\/\">tooted<\/a><\/p>\n","protected":false},"excerpt":{"rendered":"<p>Linnam\u00f6\u00f6bel &#8211; mugavad pargipingid, kergesti t\u00fchjendatavad metallist pr\u00fcgikastid, t\u00e4iusliku vormiga pollarid ja jalgrattahoidjad. Meie linnam\u00f6\u00f6bli kollektsioonist leiad kvaliteetsed ja ruumi sobituvad pargipingid, pr\u00fcgikastid, jalgrattahoidjad, taimekonteinerid, pollarid ja terviklikud pikniku komplektid. Linnam\u00f6\u00f6bli valikul aitame leida sobivaime pargipingi igasse linnaruumi. Pargipink aitab luua tervikliku linnaruumi. Iga detail linnam\u00f6\u00f6bli juures on \u00e4\u00e4rmiselt oluline, et vastu pidada karmidele ilmastikutingimustele. [&hellip;]<\/p>\n","protected":false},"author":1,"featured_media":0,"parent":0,"menu_order":0,"comment_status":"closed","ping_status":"closed","template":"tpl__front-page.php","meta":{"_acf_changed":false,"footnotes":""},"class_list":["post-7","page","type-page","status-publish","hentry"],"acf":[],"yoast_head":"<!-- This site is optimized with the Yoast SEO plugin v24.1 - https:\/\/yoast.com\/wordpress\/plugins\/seo\/ -->\n<title>Linnam\u00f6\u00f6bel - pargipingid, pr\u00fcgikastid, rattahoidjad, pollarid - Extery<\/title>\n<meta name=\"description\" content=\"Linnam\u00f6\u00f6bel - mugavad pargipingid, kergesti t\u00fchjendatavad metallist pr\u00fcgikastid, t\u00e4iusliku vormiga pollarid ja jalgrattahoidjad.\" \/>\n<meta name=\"robots\" content=\"index, follow, max-snippet:-1, max-image-preview:large, max-video-preview:-1\" \/>\n<link rel=\"canonical\" href=\"https:\/\/dev.codenot.studio\/extery-new\/\" \/>\n<meta property=\"og:locale\" content=\"et_EE\" \/>\n<meta property=\"og:type\" content=\"article\" \/>\n<meta property=\"og:title\" content=\"Linnam\u00f6\u00f6bel - pargipingid, pr\u00fcgikastid, rattahoidjad, pollarid - Extery\" \/>\n<meta property=\"og:description\" content=\"Linnam\u00f6\u00f6bel - mugavad pargipingid, kergesti t\u00fchjendatavad metallist pr\u00fcgikastid, t\u00e4iusliku vormiga pollarid ja jalgrattahoidjad.\" \/>\n<meta property=\"og:url\" content=\"https:\/\/dev.codenot.studio\/extery-new\/\" \/>\n<meta property=\"og:site_name\" content=\"Extery\" \/>\n<meta property=\"article:modified_time\" content=\"2024-10-17T16:37:35+00:00\" \/>\n<meta property=\"og:image\" content=\"https:\/\/dev.codenot.studio\/extery-new\/wp-content\/uploads\/2021\/01\/extery-1.jpg\" \/>\n\t<meta property=\"og:image:width\" content=\"1200\" \/>\n\t<meta property=\"og:image:height\" content=\"630\" \/>\n\t<meta property=\"og:image:type\" content=\"image\/jpeg\" \/>\n<meta name=\"twitter:card\" content=\"summary_large_image\" \/>\n<meta name=\"twitter:label1\" content=\"Est. reading time\" \/>\n\t<meta name=\"twitter:data1\" content=\"1 minut\" \/>\n<script type=\"application\/ld+json\" class=\"yoast-schema-graph\">{\"@context\":\"https:\/\/schema.org\",\"@graph\":[{\"@type\":\"WebPage\",\"@id\":\"https:\/\/dev.codenot.studio\/extery-new\/\",\"url\":\"https:\/\/dev.codenot.studio\/extery-new\/\",\"name\":\"Linnam\u00f6\u00f6bel - pargipingid, pr\u00fcgikastid, rattahoidjad, pollarid - Extery\",\"isPartOf\":{\"@id\":\"https:\/\/dev.codenot.studio\/extery-new\/#website\"},\"datePublished\":\"2020-10-13T19:14:03+00:00\",\"dateModified\":\"2024-10-17T16:37:35+00:00\",\"description\":\"Linnam\u00f6\u00f6bel - mugavad pargipingid, kergesti t\u00fchjendatavad metallist pr\u00fcgikastid, t\u00e4iusliku vormiga pollarid ja jalgrattahoidjad.\",\"breadcrumb\":{\"@id\":\"https:\/\/dev.codenot.studio\/extery-new\/#breadcrumb\"},\"inLanguage\":\"et\",\"potentialAction\":[{\"@type\":\"ReadAction\",\"target\":[\"https:\/\/dev.codenot.studio\/extery-new\/\"]}]},{\"@type\":\"BreadcrumbList\",\"@id\":\"https:\/\/dev.codenot.studio\/extery-new\/#breadcrumb\",\"itemListElement\":[{\"@type\":\"ListItem\",\"position\":1,\"name\":\"Home\",\"item\":\"https:\/\/dev.codenot.studio\/extery-new\/\"},{\"@type\":\"ListItem\",\"position\":2,\"name\":\"Esileht\"}]},{\"@type\":\"WebSite\",\"@id\":\"https:\/\/dev.codenot.studio\/extery-new\/#website\",\"url\":\"https:\/\/dev.codenot.studio\/extery-new\/\",\"name\":\"Extery\",\"description\":\"\",\"publisher\":{\"@id\":\"https:\/\/dev.codenot.studio\/extery-new\/#organization\"},\"potentialAction\":[{\"@type\":\"SearchAction\",\"target\":{\"@type\":\"EntryPoint\",\"urlTemplate\":\"https:\/\/dev.codenot.studio\/extery-new\/?s={search_term_string}\"},\"query-input\":{\"@type\":\"PropertyValueSpecification\",\"valueRequired\":true,\"valueName\":\"search_term_string\"}}],\"inLanguage\":\"et\"},{\"@type\":\"Organization\",\"@id\":\"https:\/\/dev.codenot.studio\/extery-new\/#organization\",\"name\":\"Extery\",\"url\":\"https:\/\/dev.codenot.studio\/extery-new\/\",\"logo\":{\"@type\":\"ImageObject\",\"inLanguage\":\"et\",\"@id\":\"https:\/\/dev.codenot.studio\/extery-new\/#\/schema\/logo\/image\/\",\"url\":\"https:\/\/dev.codenot.studio\/extery-new\/wp-content\/uploads\/2023\/11\/footer-logo.svg\",\"contentUrl\":\"https:\/\/dev.codenot.studio\/extery-new\/wp-content\/uploads\/2023\/11\/footer-logo.svg\",\"caption\":\"Extery\"},\"image\":{\"@id\":\"https:\/\/dev.codenot.studio\/extery-new\/#\/schema\/logo\/image\/\"}}]}<\/script>\n<!-- \/ Yoast SEO plugin. -->","yoast_head_json":{"title":"Linnam\u00f6\u00f6bel - pargipingid, pr\u00fcgikastid, rattahoidjad, pollarid - Extery","description":"Linnam\u00f6\u00f6bel - mugavad pargipingid, kergesti t\u00fchjendatavad metallist pr\u00fcgikastid, t\u00e4iusliku vormiga pollarid ja jalgrattahoidjad.","robots":{"index":"index","follow":"follow","max-snippet":"max-snippet:-1","max-image-preview":"max-image-preview:large","max-video-preview":"max-video-preview:-1"},"canonical":"https:\/\/dev.codenot.studio\/extery-new\/","og_locale":"et_EE","og_type":"article","og_title":"Linnam\u00f6\u00f6bel - pargipingid, pr\u00fcgikastid, rattahoidjad, pollarid - Extery","og_description":"Linnam\u00f6\u00f6bel - mugavad pargipingid, kergesti t\u00fchjendatavad metallist pr\u00fcgikastid, t\u00e4iusliku vormiga pollarid ja jalgrattahoidjad.","og_url":"https:\/\/dev.codenot.studio\/extery-new\/","og_site_name":"Extery","article_modified_time":"2024-10-17T16:37:35+00:00","og_image":[{"width":1200,"height":630,"url":"https:\/\/dev.codenot.studio\/extery-new\/wp-content\/uploads\/2021\/01\/extery-1.jpg","type":"image\/jpeg"}],"twitter_card":"summary_large_image","twitter_misc":{"Est. reading time":"1 minut"},"schema":{"@context":"https:\/\/schema.org","@graph":[{"@type":"WebPage","@id":"https:\/\/dev.codenot.studio\/extery-new\/","url":"https:\/\/dev.codenot.studio\/extery-new\/","name":"Linnam\u00f6\u00f6bel - pargipingid, pr\u00fcgikastid, rattahoidjad, pollarid - Extery","isPartOf":{"@id":"https:\/\/dev.codenot.studio\/extery-new\/#website"},"datePublished":"2020-10-13T19:14:03+00:00","dateModified":"2024-10-17T16:37:35+00:00","description":"Linnam\u00f6\u00f6bel - mugavad pargipingid, kergesti t\u00fchjendatavad metallist pr\u00fcgikastid, t\u00e4iusliku vormiga pollarid ja jalgrattahoidjad.","breadcrumb":{"@id":"https:\/\/dev.codenot.studio\/extery-new\/#breadcrumb"},"inLanguage":"et","potentialAction":[{"@type":"ReadAction","target":["https:\/\/dev.codenot.studio\/extery-new\/"]}]},{"@type":"BreadcrumbList","@id":"https:\/\/dev.codenot.studio\/extery-new\/#breadcrumb","itemListElement":[{"@type":"ListItem","position":1,"name":"Home","item":"https:\/\/dev.codenot.studio\/extery-new\/"},{"@type":"ListItem","position":2,"name":"Esileht"}]},{"@type":"WebSite","@id":"https:\/\/dev.codenot.studio\/extery-new\/#website","url":"https:\/\/dev.codenot.studio\/extery-new\/","name":"Extery","description":"","publisher":{"@id":"https:\/\/dev.codenot.studio\/extery-new\/#organization"},"potentialAction":[{"@type":"SearchAction","target":{"@type":"EntryPoint","urlTemplate":"https:\/\/dev.codenot.studio\/extery-new\/?s={search_term_string}"},"query-input":{"@type":"PropertyValueSpecification","valueRequired":true,"valueName":"search_term_string"}}],"inLanguage":"et"},{"@type":"Organization","@id":"https:\/\/dev.codenot.studio\/extery-new\/#organization","name":"Extery","url":"https:\/\/dev.codenot.studio\/extery-new\/","logo":{"@type":"ImageObject","inLanguage":"et","@id":"https:\/\/dev.codenot.studio\/extery-new\/#\/schema\/logo\/image\/","url":"https:\/\/dev.codenot.studio\/extery-new\/wp-content\/uploads\/2023\/11\/footer-logo.svg","contentUrl":"https:\/\/dev.codenot.studio\/extery-new\/wp-content\/uploads\/2023\/11\/footer-logo.svg","caption":"Extery"},"image":{"@id":"https:\/\/dev.codenot.studio\/extery-new\/#\/schema\/logo\/image\/"}}]}},"_links":{"self":[{"href":"https:\/\/dev.codenot.studio\/extery-new\/wp-json\/wp\/v2\/pages\/7","targetHints":{"allow":["GET"]}}],"collection":[{"href":"https:\/\/dev.codenot.studio\/extery-new\/wp-json\/wp\/v2\/pages"}],"about":[{"href":"https:\/\/dev.codenot.studio\/extery-new\/wp-json\/wp\/v2\/types\/page"}],"author":[{"embeddable":true,"href":"https:\/\/dev.codenot.studio\/extery-new\/wp-json\/wp\/v2\/users\/1"}],"replies":[{"embeddable":true,"href":"https:\/\/dev.codenot.studio\/extery-new\/wp-json\/wp\/v2\/comments?post=7"}],"version-history":[{"count":5,"href":"https:\/\/dev.codenot.studio\/extery-new\/wp-json\/wp\/v2\/pages\/7\/revisions"}],"predecessor-version":[{"id":53312,"href":"https:\/\/dev.codenot.studio\/extery-new\/wp-json\/wp\/v2\/pages\/7\/revisions\/53312"}],"wp:attachment":[{"href":"https:\/\/dev.codenot.studio\/extery-new\/wp-json\/wp\/v2\/media?parent=7"}],"curies":[{"name":"wp","href":"https:\/\/api.w.org\/{rel}","templated":true}]}}