{"id":3,"date":"2020-10-13T13:03:22","date_gmt":"2020-10-13T13:03:22","guid":{"rendered":"https:\/\/extery.com\/?page_id=3"},"modified":"2022-11-11T13:00:35","modified_gmt":"2022-11-11T13:00:35","slug":"privacy-policy","status":"publish","type":"page","link":"https:\/\/dev.codenot.studio\/extery-new\/privacy-policy\/","title":{"rendered":"Privaatsuspoliitika"},"content":{"rendered":"\r\n<div class=\"wp-block-group\">\r\n<div class=\"wp-block-group__inner-container is-layout-flow wp-block-group-is-layout-flow\">\r\n<div class=\"wp-block-group\">\r\n<div class=\"wp-block-group__inner-container is-layout-flow wp-block-group-is-layout-flow\">\r\n<ol class=\"wp-block-list\">\r\n<li>\u00dcldine<\/li>\r\n<li>Vastutav andmet\u00f6\u00f6tleja<\/li>\r\n<li>Milliseid isikuandmeid kogume ja kuidas neid kasutame?<\/li>\r\n<li>K\u00fcpsised<\/li>\r\n<li>Kellega v\u00f5ime jagada teie isikuandmeid?<\/li>\r\n<li>Turvalisus<\/li>\r\n<\/ol>\r\n<\/div>\r\n<\/div>\r\n<\/div>\r\n<\/div>\r\n\r\n\r\n\r\n<p>&nbsp;<\/p>\r\n\r\n\r\n\r\n<p>&nbsp;<\/p>\r\n\r\n\r\n\r\n<h2 class=\"wp-block-heading\">\u00dcldine<\/h2>\r\n\r\n\r\n\r\n<p>T\u00f6\u00f6tleme isikuandmeid vastavalt p\u00f5him\u00f5tetele, mis on v\u00e4lja toodud selles privaatsuspoliitikas. Palun leidke aega, et antud privaatsuspoliitikaga tutvuda ning v\u00f5tke meiega \u00fchendust, kui teil tekib sellega seoses k\u00fcsimusi.<\/p>\r\n\r\n\r\n\r\n<p>K\u00e4esolevast privaatsuspoliitikast leiate detailset informatsiooni selle kohta, milliseid isikuandmeid oma veebilehe kaudu kogume\u00a0ja milleks neid kasutame. Austame teie \u00f5igusi, mis teil on seoses oma privaatsuse kontrollimisega. Seega leiate privaatsuspoliitikast informatsiooni ka selle kohta, kuidas oma \u00f5igusi teostada.<\/p>\r\n\r\n\r\n\r\n<p>Olge palun teadlik, et v\u00f5ime oma privaatsuspoliitikat uuendada ning tehtud muudatused j\u00f5ustuvad koheselt. Kehtiva privaatsuspoliitika versiooni leiate alati lehelt\u00a0https:\/\/www.extery.ee\/privaatsuspoliitika<\/p>\r\n\r\n\r\n\r\n<p>&nbsp;<\/p>\r\n\r\n\r\n\r\n<p>&nbsp;<\/p>\r\n\r\n\r\n\r\n<h2 class=\"wp-block-heading\">Vastutav andmet\u00f6\u00f6tleja<\/h2>\r\n\r\n\r\n\r\n<p>Ettev\u00f5tte nimi: EXTERY O\u00dc<\/p>\r\n\r\n\r\n\r\n<p>Aadress: Sinilille tee 6\/1, Peetri<\/p>\r\n\r\n\r\n\r\n<p>Telefon: +372 697 1008<\/p>\r\n\r\n\r\n\r\n<p>E-post: info@extery.com<\/p>\r\n\r\n\r\n\r\n<p>veebileht: www.extery.ee<\/p>\r\n\r\n\r\n\r\n<p>&nbsp;<\/p>\r\n\r\n\r\n\r\n<p>&nbsp;<\/p>\r\n\r\n\r\n\r\n<h2 class=\"wp-block-heading\">Kontaktivormidest kogutud informatsioon<\/h2>\r\n\r\n\r\n\r\n<p>T\u00f6\u00f6tleme ja s\u00e4ilitame informatsiooni, mida jagate meiega vabatahtlikult meie veebilehe kaudu. N\u00e4iteks, kui t\u00e4idate meie veebilehel m\u00f5ne kontaktivormi. Kontaktivormide kaudu kogutud isikuandmeid (nimi, e-posti aadress ja telefoninumber) t\u00f6\u00f6tleme eesm\u00e4rgiga vastata teie esitatud p\u00e4ringule. Eeltoodud isikuandmete t\u00f6\u00f6tlemise toimingu puhul on \u00f5iguslikuks aluseks olenevalt olukorrast, kas andmesubjekti osalusel s\u00f5lmitud lepingu t\u00e4itmine v\u00f5i lepingu s\u00f5lmimisele eelnevate meetmete v\u00f5tmine, v\u00f5i vastutava t\u00f6\u00f6tleja \u00f5igustatud huvi. \u00d5igustatud huviks on siinkohal vastutava t\u00f6\u00f6tleja huvi vastata andmesubjekti p\u00e4ringutele.<\/p>\r\n\r\n\r\n\r\n<p>Kui soovite meilt tooteid osta, k\u00fcsime tellimuse t\u00e4itmiseks ja m\u00fc\u00fcgi ette valmistamiseks teie nime, e-posti aadressi ja telefoninumbrit. Kui tellite meilt ka paigalduse, siis t\u00f6\u00f6tleme lisaks eespool nimetatud isikuandmetele teie aadressi. \u00d5iguslik alus taoliseks andmete t\u00f6\u00f6tlemiseks on isikuandmete t\u00f6\u00f6tlemine andmesubjekti osalusel s\u00f5lmitud lepingu t\u00e4itmiseks v\u00f5i lepingu s\u00f5lmimisele eelnevate meetmete v\u00f5tmiseks vastavalt andmesubjekti taotlusele.<\/p>\r\n\r\n\r\n\r\n<p>Peale seda, kui oleme teie p\u00e4ringule vastanud ja\/v\u00f5i tellimuse t\u00e4itnud, v\u00f5ime alles hoida teie isikuandmeid, et h\u00f5lbustada teiega edaspidist suhtlemist. Antud isikuandmete t\u00f6\u00f6tlemise \u00f5iguslikuks aluseks on meie \u00f5igustatud huvi, et tagada kiire kommunikatsioon oma klientidega ja teiste inimestega, kes on n\u00e4idanud \u00fcles huvi meie ettev\u00f5tte ja selle toodete vastu.<\/p>\r\n\r\n\r\n\r\n<p>&nbsp;<\/p>\r\n\r\n\r\n\r\n<h4 class=\"wp-block-heading\"><strong>Veebilehe sirvimise statistika<\/strong><\/h4>\r\n\r\n\r\n\r\n<p>Nagu paljud teisedki veebilehed, kogume statistikat selle kohta, kuidas k\u00fclastajad meie veebilehte kasutavad. Taoline statistika on vajalik selleks, et saaksime paremini aru oma k\u00fclastajate k\u00e4itumisest ning et saaksime parandada oma veebilehe kasutajakogemust.<\/p>\r\n\r\n\r\n\r\n<p>Veebilehe k\u00fclastajate kohta salvestatakse muuhulgas j\u00e4rgnev informatsioon: veebilehitseja t\u00fc\u00fcp ja versioon, seadme t\u00fc\u00fcp ja operatsioonis\u00fcsteem, IP-aadress, veebilehe k\u00fclastamise sessiooni pikkus, k\u00fclastatud lehed ning k\u00fclastaja asukoht. K\u00fclastajate kohta kogutud andmeid kasutame vaid anon\u00fc\u00fcmsel kujul ning me ei vii neid kokku \u00fchegi konkreetse f\u00fc\u00fcsilise isikuga.<\/p>\r\n\r\n\r\n\r\n<p>Veebilehe k\u00fclastajate kohta kogutud informatsiooni anal\u00fc\u00fcsimiseks kasutame t\u00f6\u00f6riista Google Analytics.<\/p>\r\n\r\n\r\n\r\n<p>&nbsp;<\/p>\r\n\r\n\r\n\r\n<p>&nbsp;<\/p>\r\n\r\n\r\n\r\n<h2 class=\"wp-block-heading\">K\u00fcpsised<\/h2>\r\n\r\n\r\n\r\n<p>Nagu enamik teisigi veebilehti, kasutame oma veebilehel k\u00fcpsiseid. K\u00fcpsis on v\u00e4ike tekstifail, mille veebileht salvestab teie arvutisse v\u00f5i seadmesse, kui veebilehte k\u00fclastate. See v\u00f5imaldab veebilehel pikema aja jooksul meeles pidada teie tegevusi ja eelistusi, et te ei peaks neid uuesti sisestama, kui k\u00fclastate veebilehte uuesti v\u00f5i kui liigute \u00fchelt lehelt teisele.<\/p>\r\n\r\n\r\n\r\n<p>Kasutame k\u00fcpsiseid eelk\u00f5ige veebilehe n\u00f5uetekohaseks toimimiseks ja veebiliikluse anal\u00fc\u00fcsimiseks, aga ka teile reklaamide suunamiseks, mida n\u00e4ete Facebookis, Instagramis ja\/v\u00f5i Google\u2019is.<\/p>\r\n\r\n\r\n\r\n<p>Teil on v\u00f5imalik oma soovi kohaselt k\u00fcpsiste salvestumist oma arvutisse keelata v\u00f5i piirata. Samuti saate k\u00f5ik k\u00fcpsised, mis on seni teie arvutisse salvestunud, \u00e4ra kustutada. Selleks tuleb teil muuta oma isiklikke veebilehitseja privaatsusseadeid. Siiski, kui keelate v\u00f5i piirate k\u00fcpsiste salvestumist oma arvutisse, ei pruugi teatud funktsionaalsused t\u00f6\u00f6tada.<\/p>\r\n\r\n\r\n\r\n<p><strong>Kasutame oma veebilehel j\u00e4rgmiseid k\u00fcpsiseid:<\/strong><\/p>\r\n\r\n\r\n\r\n<p><strong>Google Analytics k\u00fcpsised<\/strong>\u00a0\u2013 kasutame taolisi k\u00fcpsiseid oma veebilehe liikluse anal\u00fc\u00fcsimiseks. Peamiselt kasutame Google Analytics k\u00fcpsiseid, et anal\u00fc\u00fcsida, kas tegemist on uue v\u00f5i naasva k\u00fclastajaga, mis veebilehti k\u00fclastatakse, kui kaua veebilehel ollakse ja kust k\u00fclastajad meie veebilehele tulevad. Taoline info on oluline meile selleks, et saaksime paremini m\u00f5ista oma veebilehe k\u00fclastajate k\u00e4itumist ja parandada seel\u00e4bi oma veebilehe kasutajakogemust.<\/p>\r\n\r\n\r\n\r\n<p>Lisaks kasutame\u00a0<strong>Facebooki ja Google k\u00fcpsiseid<\/strong>, mis v\u00f5imaldavad meil suunata teile reklaame, mida n\u00e4ete Facebookis, Instagramis ja\/v\u00f5i Google\u2019is, ja m\u00f5\u00f5ta taoliste reklaamide efektiivsust.<\/p>\r\n\r\n\r\n\r\n<p>&nbsp;<\/p>\r\n\r\n\r\n\r\n<p>&nbsp;<\/p>\r\n\r\n\r\n\r\n<h2 class=\"wp-block-heading\">Kellega v\u00f5ime jagada teie isikuandmeid?<\/h2>\r\n\r\n\r\n\r\n<p>Me ei jaga, rendi, m\u00fc\u00fc ega avalikusta mingil muul viisil isikuandmeid, mida kogume oma veebilehe kaudu, v\u00e4lja arvatud j\u00e4rgmistel juhtudel:<\/p>\r\n\r\n\r\n\r\n<ul class=\"wp-block-list\">\r\n<li>Me v\u00f5ime avalikustada informatsiooni, mida kogume teie kohta, oma lepingulistele teenusepakkujatele, kui taoline avalikustamine v\u00f5imaldab neil osapooltel meile teostada \u00e4rilist, professionaalset v\u00f5i tehnilist tuge.<\/li>\r\n<li>Samuti v\u00f5ime avalikustada kolmandate osapooltega anon\u00fc\u00fcmset informatsiooni, mida oma veebilehe kaudu kogume. N\u00e4iteks v\u00f5ime avalikustada oma veebilehe k\u00fclastajate arvu v\u00f5i muud statistilist informatsiooni.<\/li>\r\n<\/ul>\r\n\r\n\r\n\r\n<p>&nbsp;<\/p>\r\n\r\n\r\n\r\n<p>&nbsp;<\/p>\r\n\r\n\r\n\r\n<h2 class=\"wp-block-heading\">Turvalisus<\/h2>\r\n\r\n\r\n\r\n<p>Selleks, et saaksime tagada isikuandmete turvalisuse, mida jagate meiega meie veebilehel olevate kontaktivormide kaudu, kasutame tehnoloogiat, mis kr\u00fcpteerib kontaktivormidesse sisestatud informatsiooni. Lisaks kasutame t\u00e4iendavaid meetmeid, et kaitsta teie isikuandmeid volitamata avalikustamise eest.<\/p>\r\n\r\n\r\n\r\n<p>Palun olge teadlikud, et vaatamata meie parimatele kavatsustele ja antud privaatsuspoliitikas loetletud p\u00f5him\u00f5tetele, ei saa me garanteerida, et taoline andmete edastamine ja kr\u00fcpteerimismeetodid tagavad 100-protsendilise turvalisuse.<\/p>\r\n\r\n\r\n\r\n<p><strong>Teie \u00f5igused ja \u00f5iguste kasutamine<\/strong><\/p>\r\n\r\n\r\n\r\n<p>Vastavalt isikuandmete kaitse \u00fcldm\u00e4\u00e4ruses loetletule, on teil j\u00e4rgnevad \u00f5igused:<\/p>\r\n\r\n\r\n\r\n<ul class=\"wp-block-list\">\r\n<li>\u00f5igus taotleda juurdep\u00e4\u00e4su teie isikuandmetele;<\/li>\r\n<li>\u00f5igus n\u00f5uda teie isikuandmete parandamist;<\/li>\r\n<li>\u00f5igus n\u00f5uda teie isikuandmete kustutamist;<\/li>\r\n<li>\u00f5igus n\u00f5uda teie isikuandmete t\u00f6\u00f6tlemise piiramist;<\/li>\r\n<li>\u00f5igus esitada vastuv\u00e4iteid teie isikuandmete t\u00f6\u00f6tlemisele;<\/li>\r\n<li>\u00f5igus n\u00f5uda teie isikuandmete \u00fclekandmist;<\/li>\r\n<li>kui teie isikuandmete t\u00f6\u00f6tlemine p\u00f5hineb teie n\u00f5usolekul, on teil \u00f5igus oma n\u00f5usoleku tagasiv\u00f5tmisele.<\/li>\r\n<\/ul>\r\n\r\n\r\n\r\n<p>Eespool nimetatud \u00f5iguste kasutamiseks, v\u00f5tke meiega \u00fchendust e-posti aadressi info@extery.com\u00a0teel.<\/p>\r\n\r\n\r\n\r\n<p>Kui arvate, et teie privaatsust on rikutud, siis palume v\u00f5tta meiega \u00fchendust eespool viidatud e-posti aadressil. Teil on ka \u00f5igus esitada kaebus selle riigi andmekaitse j\u00e4relvalveasutusele, kus asub teie alaline elukoht. Eestis on selleks Eesti Andmekaitse Inspektsioon (AKI).<\/p>\r\n\r\n\r\n\r\n<p><em><em><em>Seda dokumenti uuendati viimati\u00a0<\/em>10.11.2022.<\/em><\/em><\/p>\r\n","protected":false},"excerpt":{"rendered":"<p>\u00dcldine Vastutav andmet\u00f6\u00f6tleja Milliseid isikuandmeid kogume ja kuidas neid kasutame? K\u00fcpsised Kellega v\u00f5ime jagada teie isikuandmeid? Turvalisus &nbsp; &nbsp; \u00dcldine T\u00f6\u00f6tleme isikuandmeid vastavalt p\u00f5him\u00f5tetele, mis on v\u00e4lja toodud selles privaatsuspoliitikas. Palun leidke aega, et antud privaatsuspoliitikaga tutvuda ning v\u00f5tke meiega \u00fchendust, kui teil tekib sellega seoses k\u00fcsimusi. K\u00e4esolevast privaatsuspoliitikast leiate detailset informatsiooni selle kohta, milliseid [&hellip;]<\/p>\n","protected":false},"author":1,"featured_media":0,"parent":0,"menu_order":0,"comment_status":"closed","ping_status":"closed","template":"","meta":{"_acf_changed":false,"footnotes":""},"class_list":["post-3","page","type-page","status-publish","hentry"],"acf":[],"yoast_head":"<!-- This site is optimized with the Yoast SEO plugin v24.1 - https:\/\/yoast.com\/wordpress\/plugins\/seo\/ -->\n<title>Privaatsuspoliitika - Extery privacy policy<\/title>\n<meta name=\"description\" content=\"Privacy Policy - we use cookies.\" \/>\n<meta name=\"robots\" content=\"index, follow, max-snippet:-1, max-image-preview:large, max-video-preview:-1\" \/>\n<link rel=\"canonical\" href=\"https:\/\/dev.codenot.studio\/extery-new\/privacy-policy\/\" \/>\n<meta property=\"og:locale\" content=\"et_EE\" \/>\n<meta property=\"og:type\" content=\"article\" \/>\n<meta property=\"og:title\" content=\"Privaatsuspoliitika - Extery privacy policy\" \/>\n<meta property=\"og:description\" content=\"Privacy Policy - we use cookies.\" \/>\n<meta property=\"og:url\" content=\"https:\/\/dev.codenot.studio\/extery-new\/privacy-policy\/\" \/>\n<meta property=\"og:site_name\" content=\"Extery\" \/>\n<meta property=\"article:modified_time\" content=\"2022-11-11T13:00:35+00:00\" \/>\n<meta property=\"og:image\" content=\"https:\/\/dev.codenot.studio\/extery-new\/wp-content\/uploads\/2021\/01\/extery-1.jpg\" \/>\n\t<meta property=\"og:image:width\" content=\"1200\" \/>\n\t<meta property=\"og:image:height\" content=\"630\" \/>\n\t<meta property=\"og:image:type\" content=\"image\/jpeg\" \/>\n<meta name=\"twitter:card\" content=\"summary_large_image\" \/>\n<meta name=\"twitter:label1\" content=\"Est. reading time\" \/>\n\t<meta name=\"twitter:data1\" content=\"5 minutit\" \/>\n<script type=\"application\/ld+json\" class=\"yoast-schema-graph\">{\"@context\":\"https:\/\/schema.org\",\"@graph\":[{\"@type\":\"WebPage\",\"@id\":\"https:\/\/dev.codenot.studio\/extery-new\/privacy-policy\/\",\"url\":\"https:\/\/dev.codenot.studio\/extery-new\/privacy-policy\/\",\"name\":\"Privaatsuspoliitika - Extery privacy policy\",\"isPartOf\":{\"@id\":\"https:\/\/dev.codenot.studio\/extery-new\/#website\"},\"datePublished\":\"2020-10-13T13:03:22+00:00\",\"dateModified\":\"2022-11-11T13:00:35+00:00\",\"description\":\"Privacy Policy - we use cookies.\",\"breadcrumb\":{\"@id\":\"https:\/\/dev.codenot.studio\/extery-new\/privacy-policy\/#breadcrumb\"},\"inLanguage\":\"et\",\"potentialAction\":[{\"@type\":\"ReadAction\",\"target\":[\"https:\/\/dev.codenot.studio\/extery-new\/privacy-policy\/\"]}]},{\"@type\":\"BreadcrumbList\",\"@id\":\"https:\/\/dev.codenot.studio\/extery-new\/privacy-policy\/#breadcrumb\",\"itemListElement\":[{\"@type\":\"ListItem\",\"position\":1,\"name\":\"Home\",\"item\":\"https:\/\/dev.codenot.studio\/extery-new\/\"},{\"@type\":\"ListItem\",\"position\":2,\"name\":\"Privaatsuspoliitika\"}]},{\"@type\":\"WebSite\",\"@id\":\"https:\/\/dev.codenot.studio\/extery-new\/#website\",\"url\":\"https:\/\/dev.codenot.studio\/extery-new\/\",\"name\":\"Extery\",\"description\":\"\",\"publisher\":{\"@id\":\"https:\/\/dev.codenot.studio\/extery-new\/#organization\"},\"potentialAction\":[{\"@type\":\"SearchAction\",\"target\":{\"@type\":\"EntryPoint\",\"urlTemplate\":\"https:\/\/dev.codenot.studio\/extery-new\/?s={search_term_string}\"},\"query-input\":{\"@type\":\"PropertyValueSpecification\",\"valueRequired\":true,\"valueName\":\"search_term_string\"}}],\"inLanguage\":\"et\"},{\"@type\":\"Organization\",\"@id\":\"https:\/\/dev.codenot.studio\/extery-new\/#organization\",\"name\":\"Extery\",\"url\":\"https:\/\/dev.codenot.studio\/extery-new\/\",\"logo\":{\"@type\":\"ImageObject\",\"inLanguage\":\"et\",\"@id\":\"https:\/\/dev.codenot.studio\/extery-new\/#\/schema\/logo\/image\/\",\"url\":\"https:\/\/dev.codenot.studio\/extery-new\/wp-content\/uploads\/2023\/11\/footer-logo.svg\",\"contentUrl\":\"https:\/\/dev.codenot.studio\/extery-new\/wp-content\/uploads\/2023\/11\/footer-logo.svg\",\"caption\":\"Extery\"},\"image\":{\"@id\":\"https:\/\/dev.codenot.studio\/extery-new\/#\/schema\/logo\/image\/\"}}]}<\/script>\n<!-- \/ Yoast SEO plugin. -->","yoast_head_json":{"title":"Privaatsuspoliitika - Extery privacy policy","description":"Privacy Policy - we use cookies.","robots":{"index":"index","follow":"follow","max-snippet":"max-snippet:-1","max-image-preview":"max-image-preview:large","max-video-preview":"max-video-preview:-1"},"canonical":"https:\/\/dev.codenot.studio\/extery-new\/privacy-policy\/","og_locale":"et_EE","og_type":"article","og_title":"Privaatsuspoliitika - Extery privacy policy","og_description":"Privacy Policy - we use cookies.","og_url":"https:\/\/dev.codenot.studio\/extery-new\/privacy-policy\/","og_site_name":"Extery","article_modified_time":"2022-11-11T13:00:35+00:00","og_image":[{"width":1200,"height":630,"url":"https:\/\/dev.codenot.studio\/extery-new\/wp-content\/uploads\/2021\/01\/extery-1.jpg","type":"image\/jpeg"}],"twitter_card":"summary_large_image","twitter_misc":{"Est. reading time":"5 minutit"},"schema":{"@context":"https:\/\/schema.org","@graph":[{"@type":"WebPage","@id":"https:\/\/dev.codenot.studio\/extery-new\/privacy-policy\/","url":"https:\/\/dev.codenot.studio\/extery-new\/privacy-policy\/","name":"Privaatsuspoliitika - Extery privacy policy","isPartOf":{"@id":"https:\/\/dev.codenot.studio\/extery-new\/#website"},"datePublished":"2020-10-13T13:03:22+00:00","dateModified":"2022-11-11T13:00:35+00:00","description":"Privacy Policy - we use cookies.","breadcrumb":{"@id":"https:\/\/dev.codenot.studio\/extery-new\/privacy-policy\/#breadcrumb"},"inLanguage":"et","potentialAction":[{"@type":"ReadAction","target":["https:\/\/dev.codenot.studio\/extery-new\/privacy-policy\/"]}]},{"@type":"BreadcrumbList","@id":"https:\/\/dev.codenot.studio\/extery-new\/privacy-policy\/#breadcrumb","itemListElement":[{"@type":"ListItem","position":1,"name":"Home","item":"https:\/\/dev.codenot.studio\/extery-new\/"},{"@type":"ListItem","position":2,"name":"Privaatsuspoliitika"}]},{"@type":"WebSite","@id":"https:\/\/dev.codenot.studio\/extery-new\/#website","url":"https:\/\/dev.codenot.studio\/extery-new\/","name":"Extery","description":"","publisher":{"@id":"https:\/\/dev.codenot.studio\/extery-new\/#organization"},"potentialAction":[{"@type":"SearchAction","target":{"@type":"EntryPoint","urlTemplate":"https:\/\/dev.codenot.studio\/extery-new\/?s={search_term_string}"},"query-input":{"@type":"PropertyValueSpecification","valueRequired":true,"valueName":"search_term_string"}}],"inLanguage":"et"},{"@type":"Organization","@id":"https:\/\/dev.codenot.studio\/extery-new\/#organization","name":"Extery","url":"https:\/\/dev.codenot.studio\/extery-new\/","logo":{"@type":"ImageObject","inLanguage":"et","@id":"https:\/\/dev.codenot.studio\/extery-new\/#\/schema\/logo\/image\/","url":"https:\/\/dev.codenot.studio\/extery-new\/wp-content\/uploads\/2023\/11\/footer-logo.svg","contentUrl":"https:\/\/dev.codenot.studio\/extery-new\/wp-content\/uploads\/2023\/11\/footer-logo.svg","caption":"Extery"},"image":{"@id":"https:\/\/dev.codenot.studio\/extery-new\/#\/schema\/logo\/image\/"}}]}},"_links":{"self":[{"href":"https:\/\/dev.codenot.studio\/extery-new\/wp-json\/wp\/v2\/pages\/3","targetHints":{"allow":["GET"]}}],"collection":[{"href":"https:\/\/dev.codenot.studio\/extery-new\/wp-json\/wp\/v2\/pages"}],"about":[{"href":"https:\/\/dev.codenot.studio\/extery-new\/wp-json\/wp\/v2\/types\/page"}],"author":[{"embeddable":true,"href":"https:\/\/dev.codenot.studio\/extery-new\/wp-json\/wp\/v2\/users\/1"}],"replies":[{"embeddable":true,"href":"https:\/\/dev.codenot.studio\/extery-new\/wp-json\/wp\/v2\/comments?post=3"}],"version-history":[{"count":0,"href":"https:\/\/dev.codenot.studio\/extery-new\/wp-json\/wp\/v2\/pages\/3\/revisions"}],"wp:attachment":[{"href":"https:\/\/dev.codenot.studio\/extery-new\/wp-json\/wp\/v2\/media?parent=3"}],"curies":[{"name":"wp","href":"https:\/\/api.w.org\/{rel}","templated":true}]}}