{"id":237,"date":"2020-10-27T19:22:25","date_gmt":"2020-10-27T19:22:25","guid":{"rendered":"https:\/\/extery.com\/?page_id=237"},"modified":"2022-07-14T11:23:24","modified_gmt":"2022-07-14T11:23:24","slug":"meist","status":"publish","type":"page","link":"https:\/\/dev.codenot.studio\/extery-new\/meist\/","title":{"rendered":"Meist"},"content":{"rendered":"<p>Tiimis on meil k\u00f5ik pisut perfektsionistid. Omame soovi j\u00f5uda t\u00e4iuslikkuseni.<\/p>\n<p>Meie linnam\u00f6\u00f6bli kollektsioonile on omased puhtad vormid ning selged jooned skandinaavialikule stiilitunnetusele kohaselt. Valikus olevad pargipingid, pr\u00fcgikastid ja rattahoidjad on \u00fcheaegselt nii loomulikult m\u00e4rkamatud kui perfektselt silmatorkavad. Ning mis peamine- meie linnam\u00f6\u00f6bel on loodud, et vastu pidada ka v\u00e4ga karmides p\u00f5hjamaistes ilmastikutingimustes.<\/p>\n<p>Kuidas \u00e4ra tunda kvaliteetne v\u00e4lim\u00f6\u00f6bel?<\/p>\n<p>Linna\u00f6\u00f6bli valiku puhul on k\u00f5ige olulisem punk kvaliteet. Fakt on see, et avalikus ruumis paiknev m\u00f6\u00f6bel on alati suure kasutuskoormuse all ning valitud pargipingid, pr\u00fcgikastid, rattahoidjad ja muud linnaruumi kujundavad elemendid peavad vastu pidama ka ekstreemsematele ilmastikutingimustele. Linnam\u00f6\u00f6blit valides on oluline, et tooted peaksid vastu mitmeid aastaid. Kui tootel on kvaliteedis puudused v\u00f5ib see osutuda kasutusk\u00f5lbmatuks juba peale esimesi paigaldusaastaid ning toode tuleb j\u00e4lle v\u00e4lja vahetada. Kvaliteetne toode on k\u00fcll kallim, kuid odavam ja keskkonnas\u00f5bralikum kui iga paari aasta tagant inventar v\u00e4lja vahetada.<\/p>\n<p>Kvaliteedi loob hea disain, vastupidavad materjalid ning \u00f5ige materjalide t\u00f6\u00f6tlus. Oluline on, et kasutatud puit ei l\u00e4heks niiskes kliimas m\u00e4danema ega hallitama \u00a0ning metall peaks vastu roostele.<\/p>\n<p>Disain<\/p>\n<p>Hea disain muudab toote terviklikuks, on ajatu ja vastupidav. Disainerite loodud tooted on p\u00f5hjalikult l\u00e4bi t\u00f6\u00f6tatud, et toode omaks vaid olulisimat kuid samas on piisav, et millestki ei oleks puudust. H\u00e4sti disainitud toode on lihtne, mugav ja kasutajale loomulik. Linnaruum on koht, kus inimesed on pidevalt liikumises ning samas vajavad kohti kus hetkeks puhata v\u00f5i s\u00f5prade ja l\u00e4hedastega v\u00e4liruumis kohtuda. See n\u00f5uab tootelt nii m\u00e4rkamatust ja segamatust kui ka mugavust ja meeldivust.<\/p>\n<p>Oluline on valida \u00f5igesse ruumi \u00f5ige kujundusega toode. Ajalooh\u00f5nguline v\u00f5i moderne. On tooteid, mis on niiv\u00f5rd pretensioonitud, et sobivad nii modernsemasse linnaruumi kui ka ajalooh\u00f5ngulisse milj\u00f6\u00f6sse. Mida lihtsam on pingi disain, seda enam sobib see erinevatesse\u00a0 milj\u00f6\u00f6desse<\/p>\n<p>Materjalid<\/p>\n<p>Suured ja pidevad temperatuurik\u00f5ikumised on puidule suur katsumus. See t\u00e4hendab, et puit peab olema t\u00f6\u00f6deldud piisavalt vastupidavaks. Eelmisel aastal oli 142 p\u00e4eva 365-st, kust v\u00e4litemperatuur k\u00f5ikus + ja \u2013 vahel. Lisaks pleegitav ja k\u00f5rvetav p\u00e4ike koos vahelduva vihma ja tuulega seavad puidule karmid olud. Kuna puit on siiski elav materjal tekitab selline ilmastiku muutus puidule suurt koormust. Valesti valitud ning t\u00f6\u00f6deldud puit sellisele koormusele vastu ei pea.<\/p>\n","protected":false},"excerpt":{"rendered":"<p>Tiimis on meil k\u00f5ik pisut perfektsionistid. Omame soovi j\u00f5uda t\u00e4iuslikkuseni. Meie linnam\u00f6\u00f6bli kollektsioonile on omased puhtad vormid ning selged jooned skandinaavialikule stiilitunnetusele kohaselt. Valikus olevad pargipingid, pr\u00fcgikastid ja rattahoidjad on \u00fcheaegselt nii loomulikult m\u00e4rkamatud kui perfektselt silmatorkavad. Ning mis peamine- meie linnam\u00f6\u00f6bel on loodud, et vastu pidada ka v\u00e4ga karmides p\u00f5hjamaistes ilmastikutingimustes. Kuidas \u00e4ra tunda [&hellip;]<\/p>\n","protected":false},"author":1,"featured_media":0,"parent":0,"menu_order":0,"comment_status":"closed","ping_status":"closed","template":"tpl__about.php","meta":{"_acf_changed":false,"footnotes":""},"class_list":["post-237","page","type-page","status-publish","hentry"],"acf":[],"yoast_head":"<!-- This site is optimized with the Yoast SEO plugin v24.1 - https:\/\/yoast.com\/wordpress\/plugins\/seo\/ -->\n<title>Meist - Extery linnam\u00f6\u00f6bel - tiim disaini taga<\/title>\n<meta name=\"description\" content=\"Extery tiim loob koos disaineritega skandinaavialiku stiilitunnetusega linnam\u00f6\u00f6blit - pargipingid, pr\u00fcgikastid, rattahoidjad, s\u00f5idut\u00f5kked. Linnam\u00f6\u00f6bel, pargipingid\" \/>\n<meta name=\"robots\" content=\"index, follow, max-snippet:-1, max-image-preview:large, max-video-preview:-1\" \/>\n<link rel=\"canonical\" href=\"https:\/\/dev.codenot.studio\/extery-new\/meist\/\" \/>\n<meta property=\"og:locale\" content=\"et_EE\" \/>\n<meta property=\"og:type\" content=\"article\" \/>\n<meta property=\"og:title\" content=\"Meist - Extery linnam\u00f6\u00f6bel - tiim disaini taga\" \/>\n<meta property=\"og:description\" content=\"Extery tiim loob koos disaineritega skandinaavialiku stiilitunnetusega linnam\u00f6\u00f6blit - pargipingid, pr\u00fcgikastid, rattahoidjad, s\u00f5idut\u00f5kked. Linnam\u00f6\u00f6bel, pargipingid\" \/>\n<meta property=\"og:url\" content=\"https:\/\/dev.codenot.studio\/extery-new\/meist\/\" \/>\n<meta property=\"og:site_name\" content=\"Extery\" \/>\n<meta property=\"article:modified_time\" content=\"2022-07-14T11:23:24+00:00\" \/>\n<meta property=\"og:image\" content=\"https:\/\/dev.codenot.studio\/extery-new\/wp-content\/uploads\/2021\/01\/extery-1.jpg\" \/>\n\t<meta property=\"og:image:width\" content=\"1200\" \/>\n\t<meta property=\"og:image:height\" content=\"630\" \/>\n\t<meta property=\"og:image:type\" content=\"image\/jpeg\" \/>\n<meta name=\"twitter:card\" content=\"summary_large_image\" \/>\n<meta name=\"twitter:label1\" content=\"Est. reading time\" \/>\n\t<meta name=\"twitter:data1\" content=\"2 minutit\" \/>\n<script type=\"application\/ld+json\" class=\"yoast-schema-graph\">{\"@context\":\"https:\/\/schema.org\",\"@graph\":[{\"@type\":\"WebPage\",\"@id\":\"https:\/\/dev.codenot.studio\/extery-new\/meist\/\",\"url\":\"https:\/\/dev.codenot.studio\/extery-new\/meist\/\",\"name\":\"Meist - Extery linnam\u00f6\u00f6bel - tiim disaini taga\",\"isPartOf\":{\"@id\":\"https:\/\/dev.codenot.studio\/extery-new\/#website\"},\"datePublished\":\"2020-10-27T19:22:25+00:00\",\"dateModified\":\"2022-07-14T11:23:24+00:00\",\"description\":\"Extery tiim loob koos disaineritega skandinaavialiku stiilitunnetusega linnam\u00f6\u00f6blit - pargipingid, pr\u00fcgikastid, rattahoidjad, s\u00f5idut\u00f5kked. Linnam\u00f6\u00f6bel, pargipingid\",\"breadcrumb\":{\"@id\":\"https:\/\/dev.codenot.studio\/extery-new\/meist\/#breadcrumb\"},\"inLanguage\":\"et\",\"potentialAction\":[{\"@type\":\"ReadAction\",\"target\":[\"https:\/\/dev.codenot.studio\/extery-new\/meist\/\"]}]},{\"@type\":\"BreadcrumbList\",\"@id\":\"https:\/\/dev.codenot.studio\/extery-new\/meist\/#breadcrumb\",\"itemListElement\":[{\"@type\":\"ListItem\",\"position\":1,\"name\":\"Home\",\"item\":\"https:\/\/dev.codenot.studio\/extery-new\/\"},{\"@type\":\"ListItem\",\"position\":2,\"name\":\"Meist\"}]},{\"@type\":\"WebSite\",\"@id\":\"https:\/\/dev.codenot.studio\/extery-new\/#website\",\"url\":\"https:\/\/dev.codenot.studio\/extery-new\/\",\"name\":\"Extery\",\"description\":\"\",\"publisher\":{\"@id\":\"https:\/\/dev.codenot.studio\/extery-new\/#organization\"},\"potentialAction\":[{\"@type\":\"SearchAction\",\"target\":{\"@type\":\"EntryPoint\",\"urlTemplate\":\"https:\/\/dev.codenot.studio\/extery-new\/?s={search_term_string}\"},\"query-input\":{\"@type\":\"PropertyValueSpecification\",\"valueRequired\":true,\"valueName\":\"search_term_string\"}}],\"inLanguage\":\"et\"},{\"@type\":\"Organization\",\"@id\":\"https:\/\/dev.codenot.studio\/extery-new\/#organization\",\"name\":\"Extery\",\"url\":\"https:\/\/dev.codenot.studio\/extery-new\/\",\"logo\":{\"@type\":\"ImageObject\",\"inLanguage\":\"et\",\"@id\":\"https:\/\/dev.codenot.studio\/extery-new\/#\/schema\/logo\/image\/\",\"url\":\"https:\/\/dev.codenot.studio\/extery-new\/wp-content\/uploads\/2023\/11\/footer-logo.svg\",\"contentUrl\":\"https:\/\/dev.codenot.studio\/extery-new\/wp-content\/uploads\/2023\/11\/footer-logo.svg\",\"caption\":\"Extery\"},\"image\":{\"@id\":\"https:\/\/dev.codenot.studio\/extery-new\/#\/schema\/logo\/image\/\"}}]}<\/script>\n<!-- \/ Yoast SEO plugin. -->","yoast_head_json":{"title":"Meist - Extery linnam\u00f6\u00f6bel - tiim disaini taga","description":"Extery tiim loob koos disaineritega skandinaavialiku stiilitunnetusega linnam\u00f6\u00f6blit - pargipingid, pr\u00fcgikastid, rattahoidjad, s\u00f5idut\u00f5kked. Linnam\u00f6\u00f6bel, pargipingid","robots":{"index":"index","follow":"follow","max-snippet":"max-snippet:-1","max-image-preview":"max-image-preview:large","max-video-preview":"max-video-preview:-1"},"canonical":"https:\/\/dev.codenot.studio\/extery-new\/meist\/","og_locale":"et_EE","og_type":"article","og_title":"Meist - Extery linnam\u00f6\u00f6bel - tiim disaini taga","og_description":"Extery tiim loob koos disaineritega skandinaavialiku stiilitunnetusega linnam\u00f6\u00f6blit - pargipingid, pr\u00fcgikastid, rattahoidjad, s\u00f5idut\u00f5kked. Linnam\u00f6\u00f6bel, pargipingid","og_url":"https:\/\/dev.codenot.studio\/extery-new\/meist\/","og_site_name":"Extery","article_modified_time":"2022-07-14T11:23:24+00:00","og_image":[{"width":1200,"height":630,"url":"https:\/\/dev.codenot.studio\/extery-new\/wp-content\/uploads\/2021\/01\/extery-1.jpg","type":"image\/jpeg"}],"twitter_card":"summary_large_image","twitter_misc":{"Est. reading time":"2 minutit"},"schema":{"@context":"https:\/\/schema.org","@graph":[{"@type":"WebPage","@id":"https:\/\/dev.codenot.studio\/extery-new\/meist\/","url":"https:\/\/dev.codenot.studio\/extery-new\/meist\/","name":"Meist - Extery linnam\u00f6\u00f6bel - tiim disaini taga","isPartOf":{"@id":"https:\/\/dev.codenot.studio\/extery-new\/#website"},"datePublished":"2020-10-27T19:22:25+00:00","dateModified":"2022-07-14T11:23:24+00:00","description":"Extery tiim loob koos disaineritega skandinaavialiku stiilitunnetusega linnam\u00f6\u00f6blit - pargipingid, pr\u00fcgikastid, rattahoidjad, s\u00f5idut\u00f5kked. Linnam\u00f6\u00f6bel, pargipingid","breadcrumb":{"@id":"https:\/\/dev.codenot.studio\/extery-new\/meist\/#breadcrumb"},"inLanguage":"et","potentialAction":[{"@type":"ReadAction","target":["https:\/\/dev.codenot.studio\/extery-new\/meist\/"]}]},{"@type":"BreadcrumbList","@id":"https:\/\/dev.codenot.studio\/extery-new\/meist\/#breadcrumb","itemListElement":[{"@type":"ListItem","position":1,"name":"Home","item":"https:\/\/dev.codenot.studio\/extery-new\/"},{"@type":"ListItem","position":2,"name":"Meist"}]},{"@type":"WebSite","@id":"https:\/\/dev.codenot.studio\/extery-new\/#website","url":"https:\/\/dev.codenot.studio\/extery-new\/","name":"Extery","description":"","publisher":{"@id":"https:\/\/dev.codenot.studio\/extery-new\/#organization"},"potentialAction":[{"@type":"SearchAction","target":{"@type":"EntryPoint","urlTemplate":"https:\/\/dev.codenot.studio\/extery-new\/?s={search_term_string}"},"query-input":{"@type":"PropertyValueSpecification","valueRequired":true,"valueName":"search_term_string"}}],"inLanguage":"et"},{"@type":"Organization","@id":"https:\/\/dev.codenot.studio\/extery-new\/#organization","name":"Extery","url":"https:\/\/dev.codenot.studio\/extery-new\/","logo":{"@type":"ImageObject","inLanguage":"et","@id":"https:\/\/dev.codenot.studio\/extery-new\/#\/schema\/logo\/image\/","url":"https:\/\/dev.codenot.studio\/extery-new\/wp-content\/uploads\/2023\/11\/footer-logo.svg","contentUrl":"https:\/\/dev.codenot.studio\/extery-new\/wp-content\/uploads\/2023\/11\/footer-logo.svg","caption":"Extery"},"image":{"@id":"https:\/\/dev.codenot.studio\/extery-new\/#\/schema\/logo\/image\/"}}]}},"_links":{"self":[{"href":"https:\/\/dev.codenot.studio\/extery-new\/wp-json\/wp\/v2\/pages\/237","targetHints":{"allow":["GET"]}}],"collection":[{"href":"https:\/\/dev.codenot.studio\/extery-new\/wp-json\/wp\/v2\/pages"}],"about":[{"href":"https:\/\/dev.codenot.studio\/extery-new\/wp-json\/wp\/v2\/types\/page"}],"author":[{"embeddable":true,"href":"https:\/\/dev.codenot.studio\/extery-new\/wp-json\/wp\/v2\/users\/1"}],"replies":[{"embeddable":true,"href":"https:\/\/dev.codenot.studio\/extery-new\/wp-json\/wp\/v2\/comments?post=237"}],"version-history":[{"count":1,"href":"https:\/\/dev.codenot.studio\/extery-new\/wp-json\/wp\/v2\/pages\/237\/revisions"}],"predecessor-version":[{"id":54241,"href":"https:\/\/dev.codenot.studio\/extery-new\/wp-json\/wp\/v2\/pages\/237\/revisions\/54241"}],"wp:attachment":[{"href":"https:\/\/dev.codenot.studio\/extery-new\/wp-json\/wp\/v2\/media?parent=237"}],"curies":[{"name":"wp","href":"https:\/\/api.w.org\/{rel}","templated":true}]}}