{"id":3620,"date":"2020-11-12T15:11:06","date_gmt":"2020-11-12T15:11:06","guid":{"rendered":"https:\/\/extery.com\/?post_type=product&#038;p=3620"},"modified":"2025-02-23T14:23:47","modified_gmt":"2025-02-23T14:23:47","slug":"net-100","status":"publish","type":"product","link":"https:\/\/dev.codenot.studio\/extery-new\/lv\/produkti\/net-100\/","title":{"rendered":"atkritumu urna Net 30 \/ 100"},"content":{"rendered":"<p>Atkritumu urnas Net 30 un Net 100 Viegl\u0101 un l\u012bdzsvarot\u0101 koka un met\u0101la kombin\u0101cija pie\u0161\u0137ir Net urnai tie\u0161i \u012bsto ekskluzivit\u0101tes akcentu. Perfor\u0113tie priek\u0161\u0113jie un aizmugur\u0113jie pane\u013ci pie\u0161\u0137ir raksturu un padara atkritumu tvertni vizu\u0101li gais\u012bgu, lieliski iederoties ne tikai pils\u0113tas iel\u0101s, bet ar\u012b publisk\u0101s iek\u0161telp\u0101s.<\/p>\n<p><iframe title=\"Waste bin NET100 by EXTERY urban furniture\" width=\"500\" height=\"281\" src=\"https:\/\/www.youtube.com\/embed\/jr-g7r1k5gg?feature=oembed\" frameborder=\"0\" allow=\"accelerometer; autoplay; clipboard-write; encrypted-media; gyroscope; picture-in-picture; web-share\" referrerpolicy=\"strict-origin-when-cross-origin\" allowfullscreen loading=\"lazy\"><\/iframe><\/p>\n<p>Net 30 un Net 100 atkritumu urna ir atverama no s\u0101niem ar tr\u012bsst\u016brveida atsl\u0113gu, un iek\u0161pus\u0113 eso\u0161ais konteiners nodro\u0161ina \u0113rtu apkopi.<\/p>\n","protected":false},"excerpt":{"rendered":"<p>Atkritumu urnas Net 30 un Net 100 Viegl\u0101 un l\u012bdzsvarot\u0101 koka un met\u0101la kombin\u0101cija pie\u0161\u0137ir Net urnai tie\u0161i \u012bsto ekskluzivit\u0101tes akcentu. Perfor\u0113tie priek\u0161\u0113jie un aizmugur\u0113jie pane\u013ci pie\u0161\u0137ir raksturu un padara atkritumu tvertni vizu\u0101li gais\u012bgu, lieliski iederoties ne tikai pils\u0113tas iel\u0101s, bet ar\u012b publisk\u0101s iek\u0161telp\u0101s. Net 30 un Net 100 atkritumu urna ir atverama no s\u0101niem [&hellip;]<\/p>\n","protected":false},"featured_media":2056,"comment_status":"open","ping_status":"closed","template":"","meta":{"_acf_changed":false},"product_cat":[119],"product_tag":[],"class_list":["post-3620","product","type-product","status-publish","has-post-thumbnail","hentry","product_cat-atkritumu-urnas-lv"],"acf":[],"yoast_head":"<!-- This site is optimized with the Yoast SEO plugin v24.1 - https:\/\/yoast.com\/wordpress\/plugins\/seo\/ -->\n<title>atkritumu urna Net 30 \/ 100 - Extery<\/title>\n<meta name=\"description\" content=\"Atkritumu urna Net 30 un Net 100 Viegl\u0101 un l\u012bdzsvarot\u0101 koka un met\u0101la kombin\u0101cija pie\u0161\u0137ir Net urna tie\u0161i \u012bsto ekskluzivit\u0101tes akcentu.\" \/>\n<meta name=\"robots\" content=\"index, follow, max-snippet:-1, max-image-preview:large, max-video-preview:-1\" \/>\n<link rel=\"canonical\" href=\"https:\/\/dev.codenot.studio\/extery-new\/lv\/produkti\/net-100\/\" \/>\n<meta property=\"og:locale\" content=\"lv_LV\" \/>\n<meta property=\"og:type\" content=\"article\" \/>\n<meta property=\"og:title\" content=\"atkritumu urna Net 30 \/ 100 - Extery\" \/>\n<meta property=\"og:description\" content=\"Atkritumu urna Net 30 un Net 100 Viegl\u0101 un l\u012bdzsvarot\u0101 koka un met\u0101la kombin\u0101cija pie\u0161\u0137ir Net urna tie\u0161i \u012bsto ekskluzivit\u0101tes akcentu.\" \/>\n<meta property=\"og:url\" content=\"https:\/\/dev.codenot.studio\/extery-new\/lv\/produkti\/net-100\/\" \/>\n<meta property=\"og:site_name\" content=\"Extery\" \/>\n<meta property=\"article:modified_time\" content=\"2025-02-23T14:23:47+00:00\" \/>\n<meta property=\"og:image\" content=\"https:\/\/dev.codenot.studio\/extery-new\/wp-content\/uploads\/2020\/11\/Net100-E-scaled.jpg\" \/>\n\t<meta property=\"og:image:width\" content=\"2560\" \/>\n\t<meta property=\"og:image:height\" content=\"1707\" \/>\n\t<meta property=\"og:image:type\" content=\"image\/jpeg\" \/>\n<meta name=\"twitter:card\" content=\"summary_large_image\" \/>\n<meta name=\"twitter:label1\" content=\"Est. reading time\" \/>\n\t<meta name=\"twitter:data1\" content=\"1 minute\" \/>\n<script type=\"application\/ld+json\" class=\"yoast-schema-graph\">{\"@context\":\"https:\/\/schema.org\",\"@graph\":[{\"@type\":\"WebPage\",\"@id\":\"https:\/\/dev.codenot.studio\/extery-new\/lv\/produkti\/net-100\/\",\"url\":\"https:\/\/dev.codenot.studio\/extery-new\/lv\/produkti\/net-100\/\",\"name\":\"atkritumu urna Net 30 \/ 100 - Extery\",\"isPartOf\":{\"@id\":\"https:\/\/dev.codenot.studio\/extery-new\/lv\/#website\"},\"primaryImageOfPage\":{\"@id\":\"https:\/\/dev.codenot.studio\/extery-new\/lv\/produkti\/net-100\/#primaryimage\"},\"image\":{\"@id\":\"https:\/\/dev.codenot.studio\/extery-new\/lv\/produkti\/net-100\/#primaryimage\"},\"thumbnailUrl\":\"https:\/\/dev.codenot.studio\/extery-new\/wp-content\/uploads\/2020\/11\/Net100-E-scaled.jpg\",\"datePublished\":\"2020-11-12T15:11:06+00:00\",\"dateModified\":\"2025-02-23T14:23:47+00:00\",\"description\":\"Atkritumu urna Net 30 un Net 100 Viegl\u0101 un l\u012bdzsvarot\u0101 koka un met\u0101la kombin\u0101cija pie\u0161\u0137ir Net urna tie\u0161i \u012bsto ekskluzivit\u0101tes akcentu.\",\"breadcrumb\":{\"@id\":\"https:\/\/dev.codenot.studio\/extery-new\/lv\/produkti\/net-100\/#breadcrumb\"},\"inLanguage\":\"lv-LV\",\"potentialAction\":[{\"@type\":\"ReadAction\",\"target\":[\"https:\/\/dev.codenot.studio\/extery-new\/lv\/produkti\/net-100\/\"]}]},{\"@type\":\"ImageObject\",\"inLanguage\":\"lv-LV\",\"@id\":\"https:\/\/dev.codenot.studio\/extery-new\/lv\/produkti\/net-100\/#primaryimage\",\"url\":\"https:\/\/dev.codenot.studio\/extery-new\/wp-content\/uploads\/2020\/11\/Net100-E-scaled.jpg\",\"contentUrl\":\"https:\/\/dev.codenot.studio\/extery-new\/wp-content\/uploads\/2020\/11\/Net100-E-scaled.jpg\",\"width\":2560,\"height\":1707},{\"@type\":\"BreadcrumbList\",\"@id\":\"https:\/\/dev.codenot.studio\/extery-new\/lv\/produkti\/net-100\/#breadcrumb\",\"itemListElement\":[{\"@type\":\"ListItem\",\"position\":1,\"name\":\"Home\",\"item\":\"https:\/\/dev.codenot.studio\/extery-new\/lv\/\"},{\"@type\":\"ListItem\",\"position\":2,\"name\":\"Produkti\",\"item\":\"https:\/\/dev.codenot.studio\/extery-new\/lv\/produkti\/\"},{\"@type\":\"ListItem\",\"position\":3,\"name\":\"atkritumu urna Net 30 \/ 100\"}]},{\"@type\":\"WebSite\",\"@id\":\"https:\/\/dev.codenot.studio\/extery-new\/lv\/#website\",\"url\":\"https:\/\/dev.codenot.studio\/extery-new\/lv\/\",\"name\":\"Extery\",\"description\":\"\",\"publisher\":{\"@id\":\"https:\/\/dev.codenot.studio\/extery-new\/lv\/#organization\"},\"potentialAction\":[{\"@type\":\"SearchAction\",\"target\":{\"@type\":\"EntryPoint\",\"urlTemplate\":\"https:\/\/dev.codenot.studio\/extery-new\/lv\/?s={search_term_string}\"},\"query-input\":{\"@type\":\"PropertyValueSpecification\",\"valueRequired\":true,\"valueName\":\"search_term_string\"}}],\"inLanguage\":\"lv-LV\"},{\"@type\":\"Organization\",\"@id\":\"https:\/\/dev.codenot.studio\/extery-new\/lv\/#organization\",\"name\":\"Extery\",\"url\":\"https:\/\/dev.codenot.studio\/extery-new\/lv\/\",\"logo\":{\"@type\":\"ImageObject\",\"inLanguage\":\"lv-LV\",\"@id\":\"https:\/\/dev.codenot.studio\/extery-new\/lv\/#\/schema\/logo\/image\/\",\"url\":\"https:\/\/dev.codenot.studio\/extery-new\/wp-content\/uploads\/2023\/11\/footer-logo.svg\",\"contentUrl\":\"https:\/\/dev.codenot.studio\/extery-new\/wp-content\/uploads\/2023\/11\/footer-logo.svg\",\"caption\":\"Extery\"},\"image\":{\"@id\":\"https:\/\/dev.codenot.studio\/extery-new\/lv\/#\/schema\/logo\/image\/\"}}]}<\/script>\n<!-- \/ Yoast SEO plugin. -->","yoast_head_json":{"title":"atkritumu urna Net 30 \/ 100 - Extery","description":"Atkritumu urna Net 30 un Net 100 Viegl\u0101 un l\u012bdzsvarot\u0101 koka un met\u0101la kombin\u0101cija pie\u0161\u0137ir Net urna tie\u0161i \u012bsto ekskluzivit\u0101tes akcentu.","robots":{"index":"index","follow":"follow","max-snippet":"max-snippet:-1","max-image-preview":"max-image-preview:large","max-video-preview":"max-video-preview:-1"},"canonical":"https:\/\/dev.codenot.studio\/extery-new\/lv\/produkti\/net-100\/","og_locale":"lv_LV","og_type":"article","og_title":"atkritumu urna Net 30 \/ 100 - Extery","og_description":"Atkritumu urna Net 30 un Net 100 Viegl\u0101 un l\u012bdzsvarot\u0101 koka un met\u0101la kombin\u0101cija pie\u0161\u0137ir Net urna tie\u0161i \u012bsto ekskluzivit\u0101tes akcentu.","og_url":"https:\/\/dev.codenot.studio\/extery-new\/lv\/produkti\/net-100\/","og_site_name":"Extery","article_modified_time":"2025-02-23T14:23:47+00:00","og_image":[{"width":2560,"height":1707,"url":"https:\/\/dev.codenot.studio\/extery-new\/wp-content\/uploads\/2020\/11\/Net100-E-scaled.jpg","type":"image\/jpeg"}],"twitter_card":"summary_large_image","twitter_misc":{"Est. reading time":"1 minute"},"schema":{"@context":"https:\/\/schema.org","@graph":[{"@type":"WebPage","@id":"https:\/\/dev.codenot.studio\/extery-new\/lv\/produkti\/net-100\/","url":"https:\/\/dev.codenot.studio\/extery-new\/lv\/produkti\/net-100\/","name":"atkritumu urna Net 30 \/ 100 - Extery","isPartOf":{"@id":"https:\/\/dev.codenot.studio\/extery-new\/lv\/#website"},"primaryImageOfPage":{"@id":"https:\/\/dev.codenot.studio\/extery-new\/lv\/produkti\/net-100\/#primaryimage"},"image":{"@id":"https:\/\/dev.codenot.studio\/extery-new\/lv\/produkti\/net-100\/#primaryimage"},"thumbnailUrl":"https:\/\/dev.codenot.studio\/extery-new\/wp-content\/uploads\/2020\/11\/Net100-E-scaled.jpg","datePublished":"2020-11-12T15:11:06+00:00","dateModified":"2025-02-23T14:23:47+00:00","description":"Atkritumu urna Net 30 un Net 100 Viegl\u0101 un l\u012bdzsvarot\u0101 koka un met\u0101la kombin\u0101cija pie\u0161\u0137ir Net urna tie\u0161i \u012bsto ekskluzivit\u0101tes akcentu.","breadcrumb":{"@id":"https:\/\/dev.codenot.studio\/extery-new\/lv\/produkti\/net-100\/#breadcrumb"},"inLanguage":"lv-LV","potentialAction":[{"@type":"ReadAction","target":["https:\/\/dev.codenot.studio\/extery-new\/lv\/produkti\/net-100\/"]}]},{"@type":"ImageObject","inLanguage":"lv-LV","@id":"https:\/\/dev.codenot.studio\/extery-new\/lv\/produkti\/net-100\/#primaryimage","url":"https:\/\/dev.codenot.studio\/extery-new\/wp-content\/uploads\/2020\/11\/Net100-E-scaled.jpg","contentUrl":"https:\/\/dev.codenot.studio\/extery-new\/wp-content\/uploads\/2020\/11\/Net100-E-scaled.jpg","width":2560,"height":1707},{"@type":"BreadcrumbList","@id":"https:\/\/dev.codenot.studio\/extery-new\/lv\/produkti\/net-100\/#breadcrumb","itemListElement":[{"@type":"ListItem","position":1,"name":"Home","item":"https:\/\/dev.codenot.studio\/extery-new\/lv\/"},{"@type":"ListItem","position":2,"name":"Produkti","item":"https:\/\/dev.codenot.studio\/extery-new\/lv\/produkti\/"},{"@type":"ListItem","position":3,"name":"atkritumu urna Net 30 \/ 100"}]},{"@type":"WebSite","@id":"https:\/\/dev.codenot.studio\/extery-new\/lv\/#website","url":"https:\/\/dev.codenot.studio\/extery-new\/lv\/","name":"Extery","description":"","publisher":{"@id":"https:\/\/dev.codenot.studio\/extery-new\/lv\/#organization"},"potentialAction":[{"@type":"SearchAction","target":{"@type":"EntryPoint","urlTemplate":"https:\/\/dev.codenot.studio\/extery-new\/lv\/?s={search_term_string}"},"query-input":{"@type":"PropertyValueSpecification","valueRequired":true,"valueName":"search_term_string"}}],"inLanguage":"lv-LV"},{"@type":"Organization","@id":"https:\/\/dev.codenot.studio\/extery-new\/lv\/#organization","name":"Extery","url":"https:\/\/dev.codenot.studio\/extery-new\/lv\/","logo":{"@type":"ImageObject","inLanguage":"lv-LV","@id":"https:\/\/dev.codenot.studio\/extery-new\/lv\/#\/schema\/logo\/image\/","url":"https:\/\/dev.codenot.studio\/extery-new\/wp-content\/uploads\/2023\/11\/footer-logo.svg","contentUrl":"https:\/\/dev.codenot.studio\/extery-new\/wp-content\/uploads\/2023\/11\/footer-logo.svg","caption":"Extery"},"image":{"@id":"https:\/\/dev.codenot.studio\/extery-new\/lv\/#\/schema\/logo\/image\/"}}]}},"_links":{"self":[{"href":"https:\/\/dev.codenot.studio\/extery-new\/lv\/wp-json\/wp\/v2\/product\/3620","targetHints":{"allow":["GET"]}}],"collection":[{"href":"https:\/\/dev.codenot.studio\/extery-new\/lv\/wp-json\/wp\/v2\/product"}],"about":[{"href":"https:\/\/dev.codenot.studio\/extery-new\/lv\/wp-json\/wp\/v2\/types\/product"}],"replies":[{"embeddable":true,"href":"https:\/\/dev.codenot.studio\/extery-new\/lv\/wp-json\/wp\/v2\/comments?post=3620"}],"wp:featuredmedia":[{"embeddable":true,"href":"https:\/\/dev.codenot.studio\/extery-new\/lv\/wp-json\/wp\/v2\/media\/2056"}],"wp:attachment":[{"href":"https:\/\/dev.codenot.studio\/extery-new\/lv\/wp-json\/wp\/v2\/media?parent=3620"}],"wp:term":[{"taxonomy":"product_cat","embeddable":true,"href":"https:\/\/dev.codenot.studio\/extery-new\/lv\/wp-json\/wp\/v2\/product_cat?post=3620"},{"taxonomy":"product_tag","embeddable":true,"href":"https:\/\/dev.codenot.studio\/extery-new\/lv\/wp-json\/wp\/v2\/product_tag?post=3620"}],"curies":[{"name":"wp","href":"https:\/\/api.w.org\/{rel}","templated":true}]}}