{"id":20123,"date":"2022-10-25T13:01:05","date_gmt":"2022-10-25T13:01:05","guid":{"rendered":"https:\/\/extery.com\/par-mums\/"},"modified":"2022-12-21T07:46:41","modified_gmt":"2022-12-21T07:46:41","slug":"par-mums","status":"publish","type":"page","link":"https:\/\/dev.codenot.studio\/extery-new\/lv\/par-mums\/","title":{"rendered":"Par mums"},"content":{"rendered":"<p>M\u0113s visi komand\u0101 esam mazliet perfekcionisti. Mums ir v\u0113lme sasniegt piln\u012bbu.<\/p>\n<p>M\u016bsu pils\u0113tas m\u0113be\u013cu kolekcijai ir rakstur\u012bgas t\u012bras formas un skaidras l\u012bnijas atbilsto\u0161i skandin\u0101vu stila izj\u016btai. Izlas\u0113 eso\u0161ie parka soli\u0146i, miskastes un velosip\u0113du bag\u0101\u017enieki ir gan dabiski neuzkr\u012bto\u0161i, gan lieliski uzkr\u012bto\u0161i vienlaikus. Un pats galvenais, m\u016bsu pils\u0113tas m\u0113beles ir izstr\u0101d\u0101tas t\u0101, lai t\u0101s iztur\u0113tu pat vissmag\u0101kos zieme\u013cu laikapst\u0101k\u013cus.<\/p>\n<p>K\u0101 atpaz\u012bt kvalitat\u012bvas \u0101ra m\u0113beles?<\/p>\n<p>Pils\u0113tas parku izveid\u0113 vissvar\u012bg\u0101k\u0101 ir kvalit\u0101te. Fakts ir t\u0101ds, ka publiskaj\u0101s telp\u0101s eso\u0161\u0101s m\u0113beles vienm\u0113r tiek intens\u012bvi izmantotas, un izv\u0113l\u0113tajiem parka soli\u0146iem, miskast\u0113m, velosip\u0113du novietn\u0113m un citiem pils\u0113ttelpu veidojo\u0161iem elementiem ir j\u0101iztur ar\u012b ekstr\u0113m\u0101li laikapst\u0101k\u013ci. Izv\u0113loties pils\u0113tas m\u0113beles, ir svar\u012bgi, lai produkti kalpotu daudzus gadus. Ja precei ir kvalit\u0101tes defekti, t\u0101 var izr\u0101d\u012bties nelietojama jau p\u0113c pirmajiem uzst\u0101d\u012b\u0161anas gadiem, un prece ir j\u0101nomaina. Kvalitat\u012bvs produkts ir d\u0101rg\u0101ks, ta\u010du l\u0113t\u0101ks un videi draudz\u012bg\u0101ks nek\u0101 vajas preces regul\u0101ra nomai\u0146a ik p\u0113c p\u0101ris gadiem.<\/p>\n<p>Kvalit\u0101ti rada labs dizains, iztur\u012bgi materi\u0101li un pareiza materi\u0101lu apstr\u0101de. Ir svar\u012bgi, lai izmantot\u0101 koksne mitr\u0101 klimat\u0101 nep\u016bstu un nepel\u0113tu un met\u0101ls b\u016btu iztur\u012bgs pret r\u016bsu.<\/p>\n<p>Dizains<\/p>\n<p>Labs dizains padara produktu piln\u012bgu, m\u016b\u017e\u012bgu un iztur\u012bgu. Dizaineru rad\u012btie izstr\u0101d\u0101jumi ir r\u016bp\u012bgi izstr\u0101d\u0101ti, lai produkt\u0101 b\u016btu tikai pats svar\u012bg\u0101kais, bet taj\u0101 pa\u0161\u0101 laik\u0101 pietiktu, lai nek\u0101 netr\u016bktu. Labi izstr\u0101d\u0101ts produkts ir vienk\u0101r\u0161s, \u0113rts un lietot\u0101jam dabisks. Pils\u0113tas telpa ir vieta, kur cilv\u0113ki past\u0101v\u012bgi atrodas kust\u012bb\u0101 un taj\u0101 pa\u0161\u0101 laik\u0101 vi\u0146iem ir vajadz\u012bgas vietas, kur uz mirkli atp\u016bsties vai satikt draugus un m\u012b\u013cotos \u0101r\u0101. Tas prasa, lai produkts b\u016btu neuzkr\u012bto\u0161s un neuzkr\u012bto\u0161s, k\u0101 ar\u012b \u0113rts un pat\u012bkams.<\/p>\n<p>Ir svar\u012bgi izv\u0113l\u0113ties produktu ar pareizo dizainu pareizajai telpai. V\u0113sturisks vai moderns. Ir produkti, kas ir tik nepretenciozi, ka ir piem\u0113roti gan m\u016bsdienu pils\u0113ttelp\u0101m, gan v\u0113sturiskai videi. Jo vienk\u0101r\u0161\u0101ks ir sola dizains, jo piem\u0113rot\u0101ks tas ir da\u017e\u0101d\u0101m vid\u0113m.<\/p>\n<p>Materi\u0101li<\/p>\n<p>Lielas un nep\u0101rtrauktas temperat\u016bras sv\u0101rst\u012bbas ir lielisks p\u0101rbaud\u012bjums koksnei. Tas noz\u012bm\u0113, ka koksne ir j\u0101apstr\u0101d\u0101, lai t\u0101 b\u016btu pietiekami iztur\u012bga. P\u0113rn 142 dien\u0101s no 365 \u0101ra temperat\u016bra sv\u0101rst\u012bj\u0101s no + l\u012bdz -. Turkl\u0101t balino\u0161\u0101 un dedzino\u0161\u0101 saule kop\u0101 ar periodisku lietu un v\u0113ju rad\u012bja koksnei skarbus apst\u0101k\u013cus. T\u0101 k\u0101 koks joproj\u0101m ir dz\u012bvs materi\u0101ls, \u0161\u0101das laikapst\u0101k\u013cu izmai\u0146as rada lielu slogu koksnei. Nepareizi izv\u0113l\u0113ta un apstr\u0101d\u0101ta koksne nevar iztur\u0113t \u0161\u0101du slodzi.<\/p>\n","protected":false},"excerpt":{"rendered":"<p>M\u0113s visi komand\u0101 esam mazliet perfekcionisti. Mums ir v\u0113lme sasniegt piln\u012bbu. M\u016bsu pils\u0113tas m\u0113be\u013cu kolekcijai ir rakstur\u012bgas t\u012bras formas un skaidras l\u012bnijas atbilsto\u0161i skandin\u0101vu stila izj\u016btai. Izlas\u0113 eso\u0161ie parka soli\u0146i, miskastes un velosip\u0113du bag\u0101\u017enieki ir gan dabiski neuzkr\u012bto\u0161i, gan lieliski uzkr\u012bto\u0161i vienlaikus. Un pats galvenais, m\u016bsu pils\u0113tas m\u0113beles ir izstr\u0101d\u0101tas t\u0101, lai t\u0101s iztur\u0113tu pat [&hellip;]<\/p>\n","protected":false},"author":1,"featured_media":0,"parent":0,"menu_order":0,"comment_status":"closed","ping_status":"closed","template":"tpl__about.php","meta":{"_acf_changed":false,"footnotes":""},"class_list":["post-20123","page","type-page","status-publish","hentry"],"acf":[],"yoast_head":"<!-- This site is optimized with the Yoast SEO plugin v24.1 - https:\/\/yoast.com\/wordpress\/plugins\/seo\/ -->\n<title>Par mums - Extery pils\u0113tas m\u0113beles - komanda aiz dizaina<\/title>\n<meta name=\"description\" content=\"Kop\u0101 ar dizaineriem Extery komanda veido pils\u0113tas m\u0113beles ar skandin\u0101vu stila izj\u016btu - parka soli\u0146us, atkritumu tvertnes, velosip\u0113du novietnes, satiksmes barjeras.\" \/>\n<meta name=\"robots\" content=\"index, follow, max-snippet:-1, max-image-preview:large, max-video-preview:-1\" \/>\n<link rel=\"canonical\" href=\"https:\/\/dev.codenot.studio\/extery-new\/lv\/par-mums\/\" \/>\n<meta property=\"og:locale\" content=\"lv_LV\" \/>\n<meta property=\"og:type\" content=\"article\" \/>\n<meta property=\"og:title\" content=\"Par mums - Extery pils\u0113tas m\u0113beles - komanda aiz dizaina\" \/>\n<meta property=\"og:description\" content=\"Kop\u0101 ar dizaineriem Extery komanda veido pils\u0113tas m\u0113beles ar skandin\u0101vu stila izj\u016btu - parka soli\u0146us, atkritumu tvertnes, velosip\u0113du novietnes, satiksmes barjeras.\" \/>\n<meta property=\"og:url\" content=\"https:\/\/dev.codenot.studio\/extery-new\/lv\/par-mums\/\" \/>\n<meta property=\"og:site_name\" content=\"Extery\" \/>\n<meta property=\"article:modified_time\" content=\"2022-12-21T07:46:41+00:00\" \/>\n<meta property=\"og:image\" content=\"https:\/\/dev.codenot.studio\/extery-new\/wp-content\/uploads\/2021\/01\/extery-1.jpg\" \/>\n\t<meta property=\"og:image:width\" content=\"1200\" \/>\n\t<meta property=\"og:image:height\" content=\"630\" \/>\n\t<meta property=\"og:image:type\" content=\"image\/jpeg\" \/>\n<meta name=\"twitter:card\" content=\"summary_large_image\" \/>\n<meta name=\"twitter:label1\" content=\"Est. reading time\" \/>\n\t<meta name=\"twitter:data1\" content=\"3 minutes\" \/>\n<script type=\"application\/ld+json\" class=\"yoast-schema-graph\">{\"@context\":\"https:\/\/schema.org\",\"@graph\":[{\"@type\":\"WebPage\",\"@id\":\"https:\/\/dev.codenot.studio\/extery-new\/lv\/par-mums\/\",\"url\":\"https:\/\/dev.codenot.studio\/extery-new\/lv\/par-mums\/\",\"name\":\"Par mums - Extery pils\u0113tas m\u0113beles - komanda aiz dizaina\",\"isPartOf\":{\"@id\":\"https:\/\/dev.codenot.studio\/extery-new\/lv\/#website\"},\"datePublished\":\"2022-10-25T13:01:05+00:00\",\"dateModified\":\"2022-12-21T07:46:41+00:00\",\"description\":\"Kop\u0101 ar dizaineriem Extery komanda veido pils\u0113tas m\u0113beles ar skandin\u0101vu stila izj\u016btu - parka soli\u0146us, atkritumu tvertnes, velosip\u0113du novietnes, satiksmes barjeras.\",\"breadcrumb\":{\"@id\":\"https:\/\/dev.codenot.studio\/extery-new\/lv\/par-mums\/#breadcrumb\"},\"inLanguage\":\"lv-LV\",\"potentialAction\":[{\"@type\":\"ReadAction\",\"target\":[\"https:\/\/dev.codenot.studio\/extery-new\/lv\/par-mums\/\"]}]},{\"@type\":\"BreadcrumbList\",\"@id\":\"https:\/\/dev.codenot.studio\/extery-new\/lv\/par-mums\/#breadcrumb\",\"itemListElement\":[{\"@type\":\"ListItem\",\"position\":1,\"name\":\"Home\",\"item\":\"https:\/\/dev.codenot.studio\/extery-new\/lv\/\"},{\"@type\":\"ListItem\",\"position\":2,\"name\":\"Par mums\"}]},{\"@type\":\"WebSite\",\"@id\":\"https:\/\/dev.codenot.studio\/extery-new\/lv\/#website\",\"url\":\"https:\/\/dev.codenot.studio\/extery-new\/lv\/\",\"name\":\"Extery\",\"description\":\"\",\"publisher\":{\"@id\":\"https:\/\/dev.codenot.studio\/extery-new\/lv\/#organization\"},\"potentialAction\":[{\"@type\":\"SearchAction\",\"target\":{\"@type\":\"EntryPoint\",\"urlTemplate\":\"https:\/\/dev.codenot.studio\/extery-new\/lv\/?s={search_term_string}\"},\"query-input\":{\"@type\":\"PropertyValueSpecification\",\"valueRequired\":true,\"valueName\":\"search_term_string\"}}],\"inLanguage\":\"lv-LV\"},{\"@type\":\"Organization\",\"@id\":\"https:\/\/dev.codenot.studio\/extery-new\/lv\/#organization\",\"name\":\"Extery\",\"url\":\"https:\/\/dev.codenot.studio\/extery-new\/lv\/\",\"logo\":{\"@type\":\"ImageObject\",\"inLanguage\":\"lv-LV\",\"@id\":\"https:\/\/dev.codenot.studio\/extery-new\/lv\/#\/schema\/logo\/image\/\",\"url\":\"https:\/\/dev.codenot.studio\/extery-new\/wp-content\/uploads\/2023\/11\/footer-logo.svg\",\"contentUrl\":\"https:\/\/dev.codenot.studio\/extery-new\/wp-content\/uploads\/2023\/11\/footer-logo.svg\",\"caption\":\"Extery\"},\"image\":{\"@id\":\"https:\/\/dev.codenot.studio\/extery-new\/lv\/#\/schema\/logo\/image\/\"}}]}<\/script>\n<!-- \/ Yoast SEO plugin. -->","yoast_head_json":{"title":"Par mums - Extery pils\u0113tas m\u0113beles - komanda aiz dizaina","description":"Kop\u0101 ar dizaineriem Extery komanda veido pils\u0113tas m\u0113beles ar skandin\u0101vu stila izj\u016btu - parka soli\u0146us, atkritumu tvertnes, velosip\u0113du novietnes, satiksmes barjeras.","robots":{"index":"index","follow":"follow","max-snippet":"max-snippet:-1","max-image-preview":"max-image-preview:large","max-video-preview":"max-video-preview:-1"},"canonical":"https:\/\/dev.codenot.studio\/extery-new\/lv\/par-mums\/","og_locale":"lv_LV","og_type":"article","og_title":"Par mums - Extery pils\u0113tas m\u0113beles - komanda aiz dizaina","og_description":"Kop\u0101 ar dizaineriem Extery komanda veido pils\u0113tas m\u0113beles ar skandin\u0101vu stila izj\u016btu - parka soli\u0146us, atkritumu tvertnes, velosip\u0113du novietnes, satiksmes barjeras.","og_url":"https:\/\/dev.codenot.studio\/extery-new\/lv\/par-mums\/","og_site_name":"Extery","article_modified_time":"2022-12-21T07:46:41+00:00","og_image":[{"width":1200,"height":630,"url":"https:\/\/dev.codenot.studio\/extery-new\/wp-content\/uploads\/2021\/01\/extery-1.jpg","type":"image\/jpeg"}],"twitter_card":"summary_large_image","twitter_misc":{"Est. reading time":"3 minutes"},"schema":{"@context":"https:\/\/schema.org","@graph":[{"@type":"WebPage","@id":"https:\/\/dev.codenot.studio\/extery-new\/lv\/par-mums\/","url":"https:\/\/dev.codenot.studio\/extery-new\/lv\/par-mums\/","name":"Par mums - Extery pils\u0113tas m\u0113beles - komanda aiz dizaina","isPartOf":{"@id":"https:\/\/dev.codenot.studio\/extery-new\/lv\/#website"},"datePublished":"2022-10-25T13:01:05+00:00","dateModified":"2022-12-21T07:46:41+00:00","description":"Kop\u0101 ar dizaineriem Extery komanda veido pils\u0113tas m\u0113beles ar skandin\u0101vu stila izj\u016btu - parka soli\u0146us, atkritumu tvertnes, velosip\u0113du novietnes, satiksmes barjeras.","breadcrumb":{"@id":"https:\/\/dev.codenot.studio\/extery-new\/lv\/par-mums\/#breadcrumb"},"inLanguage":"lv-LV","potentialAction":[{"@type":"ReadAction","target":["https:\/\/dev.codenot.studio\/extery-new\/lv\/par-mums\/"]}]},{"@type":"BreadcrumbList","@id":"https:\/\/dev.codenot.studio\/extery-new\/lv\/par-mums\/#breadcrumb","itemListElement":[{"@type":"ListItem","position":1,"name":"Home","item":"https:\/\/dev.codenot.studio\/extery-new\/lv\/"},{"@type":"ListItem","position":2,"name":"Par mums"}]},{"@type":"WebSite","@id":"https:\/\/dev.codenot.studio\/extery-new\/lv\/#website","url":"https:\/\/dev.codenot.studio\/extery-new\/lv\/","name":"Extery","description":"","publisher":{"@id":"https:\/\/dev.codenot.studio\/extery-new\/lv\/#organization"},"potentialAction":[{"@type":"SearchAction","target":{"@type":"EntryPoint","urlTemplate":"https:\/\/dev.codenot.studio\/extery-new\/lv\/?s={search_term_string}"},"query-input":{"@type":"PropertyValueSpecification","valueRequired":true,"valueName":"search_term_string"}}],"inLanguage":"lv-LV"},{"@type":"Organization","@id":"https:\/\/dev.codenot.studio\/extery-new\/lv\/#organization","name":"Extery","url":"https:\/\/dev.codenot.studio\/extery-new\/lv\/","logo":{"@type":"ImageObject","inLanguage":"lv-LV","@id":"https:\/\/dev.codenot.studio\/extery-new\/lv\/#\/schema\/logo\/image\/","url":"https:\/\/dev.codenot.studio\/extery-new\/wp-content\/uploads\/2023\/11\/footer-logo.svg","contentUrl":"https:\/\/dev.codenot.studio\/extery-new\/wp-content\/uploads\/2023\/11\/footer-logo.svg","caption":"Extery"},"image":{"@id":"https:\/\/dev.codenot.studio\/extery-new\/lv\/#\/schema\/logo\/image\/"}}]}},"_links":{"self":[{"href":"https:\/\/dev.codenot.studio\/extery-new\/lv\/wp-json\/wp\/v2\/pages\/20123","targetHints":{"allow":["GET"]}}],"collection":[{"href":"https:\/\/dev.codenot.studio\/extery-new\/lv\/wp-json\/wp\/v2\/pages"}],"about":[{"href":"https:\/\/dev.codenot.studio\/extery-new\/lv\/wp-json\/wp\/v2\/types\/page"}],"author":[{"embeddable":true,"href":"https:\/\/dev.codenot.studio\/extery-new\/lv\/wp-json\/wp\/v2\/users\/1"}],"replies":[{"embeddable":true,"href":"https:\/\/dev.codenot.studio\/extery-new\/lv\/wp-json\/wp\/v2\/comments?post=20123"}],"version-history":[{"count":0,"href":"https:\/\/dev.codenot.studio\/extery-new\/lv\/wp-json\/wp\/v2\/pages\/20123\/revisions"}],"wp:attachment":[{"href":"https:\/\/dev.codenot.studio\/extery-new\/lv\/wp-json\/wp\/v2\/media?parent=20123"}],"curies":[{"name":"wp","href":"https:\/\/api.w.org\/{rel}","templated":true}]}}