{"id":20120,"date":"2022-10-25T12:50:26","date_gmt":"2022-10-25T12:50:26","guid":{"rendered":"https:\/\/extery.com\/galvena-lapa\/"},"modified":"2025-02-17T14:44:31","modified_gmt":"2025-02-17T14:44:31","slug":"galvena-lapa","status":"publish","type":"page","link":"https:\/\/dev.codenot.studio\/extery-new\/lv\/","title":{"rendered":"Galven\u0101 lapa"},"content":{"rendered":"<p>Pils\u0113tas m\u0113beles &#8211; \u0113rti parka soli\u0146i, viegli iztuk\u0161ojamas met\u0101la atkritumu tvertnes, ide\u0101las formas pil\u0101ri un velosip\u0113du novietnes. M\u016bsu pils\u0113tas m\u0113be\u013cu kolekcij\u0101 j\u016bs varat atrast augstas kvalit\u0101tes parka soli\u0146us, atkritumu urnas, velosip\u0113du novietnes, augu kastes, satiksmes barjeras un pilnus piknika komplektus, kas atbilst telpai.<\/p>\n<p>Izv\u0113loties pils\u0113tas m\u0113beles, m\u0113s pal\u012bdzam atrast ide\u0101lu soli\u0146u park\u0101 katrai pils\u0113tas telpai. Parka soli\u0146\u0161 pal\u012bdz izveidot piln\u012bgu pils\u0113ttelpu. Katra pils\u0113tas m\u0113be\u013cu deta\u013ca ir \u0101rk\u0101rt\u012bgi svar\u012bga, lai iztur\u0113tu skarbos laika apst\u0101k\u013cus.<\/p>\n<p>Apskatiet parka soli\u0146us no m\u016bsu pils\u0113tas m\u0113be\u013cu kolekcijas \u0161eit: <a href=\"https:\/\/dev.codenot.studio\/extery-new\/tooted\/\">produkti<\/a><\/p>\n","protected":false},"excerpt":{"rendered":"<p>Pils\u0113tas m\u0113beles &#8211; \u0113rti parka soli\u0146i, viegli iztuk\u0161ojamas met\u0101la atkritumu tvertnes, ide\u0101las formas pil\u0101ri un velosip\u0113du novietnes. M\u016bsu pils\u0113tas m\u0113be\u013cu kolekcij\u0101 j\u016bs varat atrast augstas kvalit\u0101tes parka soli\u0146us, atkritumu urnas, velosip\u0113du novietnes, augu kastes, satiksmes barjeras un pilnus piknika komplektus, kas atbilst telpai. Izv\u0113loties pils\u0113tas m\u0113beles, m\u0113s pal\u012bdzam atrast ide\u0101lu soli\u0146u park\u0101 katrai pils\u0113tas telpai. [&hellip;]<\/p>\n","protected":false},"author":1,"featured_media":0,"parent":0,"menu_order":0,"comment_status":"closed","ping_status":"closed","template":"tpl__front-page.php","meta":{"_acf_changed":false,"footnotes":""},"class_list":["post-20120","page","type-page","status-publish","hentry"],"acf":[],"yoast_head":"<!-- This site is optimized with the Yoast SEO plugin v24.1 - https:\/\/yoast.com\/wordpress\/plugins\/seo\/ -->\n<title>Pils\u0113tas m\u0113beles - parka soli\u0146i, atkritumu urnas, velosip\u0113du novietnes, pil\u0101ri - EXTERY<\/title>\n<meta name=\"description\" content=\"Pils\u0113tas m\u0113beles - \u0113rti parka soli\u0146i, viegli iztuk\u0161ojamas met\u0101la atkritumu urnas, ide\u0101las formas pilardi un velosip\u0113du novietnes.\" \/>\n<meta name=\"robots\" content=\"index, follow, max-snippet:-1, max-image-preview:large, max-video-preview:-1\" \/>\n<link rel=\"canonical\" href=\"https:\/\/dev.codenot.studio\/extery-new\/lv\/\" \/>\n<meta property=\"og:locale\" content=\"lv_LV\" \/>\n<meta property=\"og:type\" content=\"article\" \/>\n<meta property=\"og:title\" content=\"Pils\u0113tas m\u0113beles - parka soli\u0146i, atkritumu urnas, velosip\u0113du novietnes, pil\u0101ri - EXTERY\" \/>\n<meta property=\"og:description\" content=\"Pils\u0113tas m\u0113beles - \u0113rti parka soli\u0146i, viegli iztuk\u0161ojamas met\u0101la atkritumu urnas, ide\u0101las formas pilardi un velosip\u0113du novietnes.\" \/>\n<meta property=\"og:url\" content=\"https:\/\/dev.codenot.studio\/extery-new\/lv\/\" \/>\n<meta property=\"og:site_name\" content=\"Extery\" \/>\n<meta property=\"article:modified_time\" content=\"2025-02-17T14:44:31+00:00\" \/>\n<meta property=\"og:image\" content=\"https:\/\/dev.codenot.studio\/extery-new\/wp-content\/uploads\/2021\/01\/extery-1.jpg\" \/>\n\t<meta property=\"og:image:width\" content=\"1200\" \/>\n\t<meta property=\"og:image:height\" content=\"630\" \/>\n\t<meta property=\"og:image:type\" content=\"image\/jpeg\" \/>\n<meta name=\"twitter:card\" content=\"summary_large_image\" \/>\n<meta name=\"twitter:label1\" content=\"Est. reading time\" \/>\n\t<meta name=\"twitter:data1\" content=\"1 minute\" \/>\n<script type=\"application\/ld+json\" class=\"yoast-schema-graph\">{\"@context\":\"https:\/\/schema.org\",\"@graph\":[{\"@type\":\"WebPage\",\"@id\":\"https:\/\/dev.codenot.studio\/extery-new\/lv\/\",\"url\":\"https:\/\/dev.codenot.studio\/extery-new\/lv\/\",\"name\":\"Pils\u0113tas m\u0113beles - parka soli\u0146i, atkritumu urnas, velosip\u0113du novietnes, pil\u0101ri - EXTERY\",\"isPartOf\":{\"@id\":\"https:\/\/dev.codenot.studio\/extery-new\/lv\/#website\"},\"datePublished\":\"2022-10-25T12:50:26+00:00\",\"dateModified\":\"2025-02-17T14:44:31+00:00\",\"description\":\"Pils\u0113tas m\u0113beles - \u0113rti parka soli\u0146i, viegli iztuk\u0161ojamas met\u0101la atkritumu urnas, ide\u0101las formas pilardi un velosip\u0113du novietnes.\",\"breadcrumb\":{\"@id\":\"https:\/\/dev.codenot.studio\/extery-new\/lv\/#breadcrumb\"},\"inLanguage\":\"lv-LV\",\"potentialAction\":[{\"@type\":\"ReadAction\",\"target\":[\"https:\/\/dev.codenot.studio\/extery-new\/lv\/\"]}]},{\"@type\":\"BreadcrumbList\",\"@id\":\"https:\/\/dev.codenot.studio\/extery-new\/lv\/#breadcrumb\",\"itemListElement\":[{\"@type\":\"ListItem\",\"position\":1,\"name\":\"Home\",\"item\":\"https:\/\/dev.codenot.studio\/extery-new\/lv\/\"},{\"@type\":\"ListItem\",\"position\":2,\"name\":\"Galven\u0101 lapa\"}]},{\"@type\":\"WebSite\",\"@id\":\"https:\/\/dev.codenot.studio\/extery-new\/lv\/#website\",\"url\":\"https:\/\/dev.codenot.studio\/extery-new\/lv\/\",\"name\":\"Extery\",\"description\":\"\",\"publisher\":{\"@id\":\"https:\/\/dev.codenot.studio\/extery-new\/lv\/#organization\"},\"potentialAction\":[{\"@type\":\"SearchAction\",\"target\":{\"@type\":\"EntryPoint\",\"urlTemplate\":\"https:\/\/dev.codenot.studio\/extery-new\/lv\/?s={search_term_string}\"},\"query-input\":{\"@type\":\"PropertyValueSpecification\",\"valueRequired\":true,\"valueName\":\"search_term_string\"}}],\"inLanguage\":\"lv-LV\"},{\"@type\":\"Organization\",\"@id\":\"https:\/\/dev.codenot.studio\/extery-new\/lv\/#organization\",\"name\":\"Extery\",\"url\":\"https:\/\/dev.codenot.studio\/extery-new\/lv\/\",\"logo\":{\"@type\":\"ImageObject\",\"inLanguage\":\"lv-LV\",\"@id\":\"https:\/\/dev.codenot.studio\/extery-new\/lv\/#\/schema\/logo\/image\/\",\"url\":\"https:\/\/dev.codenot.studio\/extery-new\/wp-content\/uploads\/2023\/11\/footer-logo.svg\",\"contentUrl\":\"https:\/\/dev.codenot.studio\/extery-new\/wp-content\/uploads\/2023\/11\/footer-logo.svg\",\"caption\":\"Extery\"},\"image\":{\"@id\":\"https:\/\/dev.codenot.studio\/extery-new\/lv\/#\/schema\/logo\/image\/\"}}]}<\/script>\n<!-- \/ Yoast SEO plugin. -->","yoast_head_json":{"title":"Pils\u0113tas m\u0113beles - parka soli\u0146i, atkritumu urnas, velosip\u0113du novietnes, pil\u0101ri - EXTERY","description":"Pils\u0113tas m\u0113beles - \u0113rti parka soli\u0146i, viegli iztuk\u0161ojamas met\u0101la atkritumu urnas, ide\u0101las formas pilardi un velosip\u0113du novietnes.","robots":{"index":"index","follow":"follow","max-snippet":"max-snippet:-1","max-image-preview":"max-image-preview:large","max-video-preview":"max-video-preview:-1"},"canonical":"https:\/\/dev.codenot.studio\/extery-new\/lv\/","og_locale":"lv_LV","og_type":"article","og_title":"Pils\u0113tas m\u0113beles - parka soli\u0146i, atkritumu urnas, velosip\u0113du novietnes, pil\u0101ri - EXTERY","og_description":"Pils\u0113tas m\u0113beles - \u0113rti parka soli\u0146i, viegli iztuk\u0161ojamas met\u0101la atkritumu urnas, ide\u0101las formas pilardi un velosip\u0113du novietnes.","og_url":"https:\/\/dev.codenot.studio\/extery-new\/lv\/","og_site_name":"Extery","article_modified_time":"2025-02-17T14:44:31+00:00","og_image":[{"width":1200,"height":630,"url":"https:\/\/dev.codenot.studio\/extery-new\/wp-content\/uploads\/2021\/01\/extery-1.jpg","type":"image\/jpeg"}],"twitter_card":"summary_large_image","twitter_misc":{"Est. reading time":"1 minute"},"schema":{"@context":"https:\/\/schema.org","@graph":[{"@type":"WebPage","@id":"https:\/\/dev.codenot.studio\/extery-new\/lv\/","url":"https:\/\/dev.codenot.studio\/extery-new\/lv\/","name":"Pils\u0113tas m\u0113beles - parka soli\u0146i, atkritumu urnas, velosip\u0113du novietnes, pil\u0101ri - EXTERY","isPartOf":{"@id":"https:\/\/dev.codenot.studio\/extery-new\/lv\/#website"},"datePublished":"2022-10-25T12:50:26+00:00","dateModified":"2025-02-17T14:44:31+00:00","description":"Pils\u0113tas m\u0113beles - \u0113rti parka soli\u0146i, viegli iztuk\u0161ojamas met\u0101la atkritumu urnas, ide\u0101las formas pilardi un velosip\u0113du novietnes.","breadcrumb":{"@id":"https:\/\/dev.codenot.studio\/extery-new\/lv\/#breadcrumb"},"inLanguage":"lv-LV","potentialAction":[{"@type":"ReadAction","target":["https:\/\/dev.codenot.studio\/extery-new\/lv\/"]}]},{"@type":"BreadcrumbList","@id":"https:\/\/dev.codenot.studio\/extery-new\/lv\/#breadcrumb","itemListElement":[{"@type":"ListItem","position":1,"name":"Home","item":"https:\/\/dev.codenot.studio\/extery-new\/lv\/"},{"@type":"ListItem","position":2,"name":"Galven\u0101 lapa"}]},{"@type":"WebSite","@id":"https:\/\/dev.codenot.studio\/extery-new\/lv\/#website","url":"https:\/\/dev.codenot.studio\/extery-new\/lv\/","name":"Extery","description":"","publisher":{"@id":"https:\/\/dev.codenot.studio\/extery-new\/lv\/#organization"},"potentialAction":[{"@type":"SearchAction","target":{"@type":"EntryPoint","urlTemplate":"https:\/\/dev.codenot.studio\/extery-new\/lv\/?s={search_term_string}"},"query-input":{"@type":"PropertyValueSpecification","valueRequired":true,"valueName":"search_term_string"}}],"inLanguage":"lv-LV"},{"@type":"Organization","@id":"https:\/\/dev.codenot.studio\/extery-new\/lv\/#organization","name":"Extery","url":"https:\/\/dev.codenot.studio\/extery-new\/lv\/","logo":{"@type":"ImageObject","inLanguage":"lv-LV","@id":"https:\/\/dev.codenot.studio\/extery-new\/lv\/#\/schema\/logo\/image\/","url":"https:\/\/dev.codenot.studio\/extery-new\/wp-content\/uploads\/2023\/11\/footer-logo.svg","contentUrl":"https:\/\/dev.codenot.studio\/extery-new\/wp-content\/uploads\/2023\/11\/footer-logo.svg","caption":"Extery"},"image":{"@id":"https:\/\/dev.codenot.studio\/extery-new\/lv\/#\/schema\/logo\/image\/"}}]}},"_links":{"self":[{"href":"https:\/\/dev.codenot.studio\/extery-new\/lv\/wp-json\/wp\/v2\/pages\/20120","targetHints":{"allow":["GET"]}}],"collection":[{"href":"https:\/\/dev.codenot.studio\/extery-new\/lv\/wp-json\/wp\/v2\/pages"}],"about":[{"href":"https:\/\/dev.codenot.studio\/extery-new\/lv\/wp-json\/wp\/v2\/types\/page"}],"author":[{"embeddable":true,"href":"https:\/\/dev.codenot.studio\/extery-new\/lv\/wp-json\/wp\/v2\/users\/1"}],"replies":[{"embeddable":true,"href":"https:\/\/dev.codenot.studio\/extery-new\/lv\/wp-json\/wp\/v2\/comments?post=20120"}],"version-history":[{"count":5,"href":"https:\/\/dev.codenot.studio\/extery-new\/lv\/wp-json\/wp\/v2\/pages\/20120\/revisions"}],"predecessor-version":[{"id":54266,"href":"https:\/\/dev.codenot.studio\/extery-new\/lv\/wp-json\/wp\/v2\/pages\/20120\/revisions\/54266"}],"wp:attachment":[{"href":"https:\/\/dev.codenot.studio\/extery-new\/lv\/wp-json\/wp\/v2\/media?parent=20120"}],"curies":[{"name":"wp","href":"https:\/\/api.w.org\/{rel}","templated":true}]}}