{"id":39729,"date":"2022-07-19T08:28:52","date_gmt":"2022-07-19T08:28:52","guid":{"rendered":"https:\/\/extery.com\/tooted\/poyta-reidi\/"},"modified":"2023-12-01T12:01:44","modified_gmt":"2023-12-01T12:01:44","slug":"poyta-reidi","status":"publish","type":"product","link":"https:\/\/dev.codenot.studio\/extery-new\/fi\/tuotteet\/poyta-reidi\/","title":{"rendered":"p\u00f6yt\u00e4 Reidi"},"content":{"rendered":"<p>P\u00f6yt\u00e4 Reidi on osa suurempaa ulkokalusteiden tuoteperhett\u00e4. Reidi-perheeseen kuuluvissa kalusteissa on pelkistetty muotoilu ja vahvaan metallilevyyn tuotteen molemmilla sivuilla pystyy l\u00e4vist\u00e4m\u00e4\u00e4n erilaisia graafisia kuvioita. J\u00e4ljittele luonnon muotokielt\u00e4 tai yleisi\u00e4 symboleita penkin jalkaosaan. Jokainen kaluste luo projektillesi yksil\u00f6llisen ilmeen.<\/p>\n<p>Metallirunko on 10 mm vahvuista kuumasinkitty\u00e4 ter\u00e4slevy\u00e4 ja puuosat voi valita l\u00e4mp\u00f6k\u00e4sitellyst\u00e4 saarnesta tai trooppisesta puusta.<\/p>\n<p>Maanalaiseen asennukseen on mahdollista valita penkki my\u00f6s pidennetyll\u00e4 jalkaosalla.<\/p>\n","protected":false},"excerpt":{"rendered":"<p>P\u00f6yt\u00e4 Reidi on osa suurempaa ulkokalusteiden tuoteperhett\u00e4. Reidi-perheeseen kuuluvissa kalusteissa on pelkistetty muotoilu ja vahvaan metallilevyyn tuotteen molemmilla sivuilla pystyy l\u00e4vist\u00e4m\u00e4\u00e4n erilaisia graafisia kuvioita. J\u00e4ljittele luonnon muotokielt\u00e4 tai yleisi\u00e4 symboleita penkin jalkaosaan. Jokainen kaluste luo projektillesi yksil\u00f6llisen ilmeen. Metallirunko on 10 mm vahvuista kuumasinkitty\u00e4 ter\u00e4slevy\u00e4 ja puuosat voi valita l\u00e4mp\u00f6k\u00e4sitellyst\u00e4 saarnesta tai trooppisesta puusta. Maanalaiseen [&hellip;]<\/p>\n","protected":false},"featured_media":18691,"comment_status":"open","ping_status":"closed","template":"","meta":{"_acf_changed":false},"product_cat":[100],"product_tag":[],"class_list":["post-39729","product","type-product","status-publish","has-post-thumbnail","hentry","product_cat-poydat","product-family-reidi-fi"],"acf":[],"yoast_head":"<!-- This site is optimized with the Yoast SEO plugin v24.1 - https:\/\/yoast.com\/wordpress\/plugins\/seo\/ -->\n<title>p\u00f6yt\u00e4 Reidi - Extery kaupunkikalusteet<\/title>\n<meta name=\"description\" content=\"P\u00f6yt\u00e4 Reidin sivujen vahva metallilevy mahdollistaa erilaisten graafisten elementtien rei&#039;ityksen. J\u00e4ljittele kuvioita tai symboleja p\u00f6yd\u00e4n jalassa. Jokainen perheen tuote voi olla juuri sinun projektisi kasvot\" \/>\n<meta name=\"robots\" content=\"index, follow, max-snippet:-1, max-image-preview:large, max-video-preview:-1\" \/>\n<link rel=\"canonical\" href=\"https:\/\/dev.codenot.studio\/extery-new\/fi\/tuotteet\/poyta-reidi\/\" \/>\n<meta property=\"og:locale\" content=\"fi_FI\" \/>\n<meta property=\"og:type\" content=\"article\" \/>\n<meta property=\"og:title\" content=\"p\u00f6yt\u00e4 Reidi - Extery kaupunkikalusteet\" \/>\n<meta property=\"og:description\" content=\"P\u00f6yt\u00e4 Reidin sivujen vahva metallilevy mahdollistaa erilaisten graafisten elementtien rei&#039;ityksen. J\u00e4ljittele kuvioita tai symboleja p\u00f6yd\u00e4n jalassa. Jokainen perheen tuote voi olla juuri sinun projektisi kasvot\" \/>\n<meta property=\"og:url\" content=\"https:\/\/dev.codenot.studio\/extery-new\/fi\/tuotteet\/poyta-reidi\/\" \/>\n<meta property=\"og:site_name\" content=\"Extery\" \/>\n<meta property=\"article:modified_time\" content=\"2023-12-01T12:01:44+00:00\" \/>\n<meta property=\"og:image\" content=\"https:\/\/dev.codenot.studio\/extery-new\/wp-content\/uploads\/2022\/07\/Reidi-laud-Extery-linnamoobel-valimoobel-pargimoobel-scaled.jpg\" \/>\n\t<meta property=\"og:image:width\" content=\"2560\" \/>\n\t<meta property=\"og:image:height\" content=\"1707\" \/>\n\t<meta property=\"og:image:type\" content=\"image\/jpeg\" \/>\n<meta name=\"twitter:card\" content=\"summary_large_image\" \/>\n<meta name=\"twitter:label1\" content=\"Arvioitu lukuaika\" \/>\n\t<meta name=\"twitter:data1\" content=\"1 minuutti\" \/>\n<script type=\"application\/ld+json\" class=\"yoast-schema-graph\">{\"@context\":\"https:\/\/schema.org\",\"@graph\":[{\"@type\":\"WebPage\",\"@id\":\"https:\/\/dev.codenot.studio\/extery-new\/fi\/tuotteet\/poyta-reidi\/\",\"url\":\"https:\/\/dev.codenot.studio\/extery-new\/fi\/tuotteet\/poyta-reidi\/\",\"name\":\"p\u00f6yt\u00e4 Reidi - Extery kaupunkikalusteet\",\"isPartOf\":{\"@id\":\"https:\/\/dev.codenot.studio\/extery-new\/fi\/#website\"},\"primaryImageOfPage\":{\"@id\":\"https:\/\/dev.codenot.studio\/extery-new\/fi\/tuotteet\/poyta-reidi\/#primaryimage\"},\"image\":{\"@id\":\"https:\/\/dev.codenot.studio\/extery-new\/fi\/tuotteet\/poyta-reidi\/#primaryimage\"},\"thumbnailUrl\":\"https:\/\/dev.codenot.studio\/extery-new\/wp-content\/uploads\/2022\/07\/Reidi-laud-Extery-linnamoobel-valimoobel-pargimoobel-scaled.jpg\",\"datePublished\":\"2022-07-19T08:28:52+00:00\",\"dateModified\":\"2023-12-01T12:01:44+00:00\",\"description\":\"P\u00f6yt\u00e4 Reidin sivujen vahva metallilevy mahdollistaa erilaisten graafisten elementtien rei'ityksen. J\u00e4ljittele kuvioita tai symboleja p\u00f6yd\u00e4n jalassa. Jokainen perheen tuote voi olla juuri sinun projektisi kasvot\",\"breadcrumb\":{\"@id\":\"https:\/\/dev.codenot.studio\/extery-new\/fi\/tuotteet\/poyta-reidi\/#breadcrumb\"},\"inLanguage\":\"fi\",\"potentialAction\":[{\"@type\":\"ReadAction\",\"target\":[\"https:\/\/dev.codenot.studio\/extery-new\/fi\/tuotteet\/poyta-reidi\/\"]}]},{\"@type\":\"ImageObject\",\"inLanguage\":\"fi\",\"@id\":\"https:\/\/dev.codenot.studio\/extery-new\/fi\/tuotteet\/poyta-reidi\/#primaryimage\",\"url\":\"https:\/\/dev.codenot.studio\/extery-new\/wp-content\/uploads\/2022\/07\/Reidi-laud-Extery-linnamoobel-valimoobel-pargimoobel-scaled.jpg\",\"contentUrl\":\"https:\/\/dev.codenot.studio\/extery-new\/wp-content\/uploads\/2022\/07\/Reidi-laud-Extery-linnamoobel-valimoobel-pargimoobel-scaled.jpg\",\"width\":2560,\"height\":1707},{\"@type\":\"BreadcrumbList\",\"@id\":\"https:\/\/dev.codenot.studio\/extery-new\/fi\/tuotteet\/poyta-reidi\/#breadcrumb\",\"itemListElement\":[{\"@type\":\"ListItem\",\"position\":1,\"name\":\"Home\",\"item\":\"https:\/\/dev.codenot.studio\/extery-new\/fi\/\"},{\"@type\":\"ListItem\",\"position\":2,\"name\":\"Tuotteet\",\"item\":\"https:\/\/dev.codenot.studio\/extery-new\/fi\/tuotteet\/\"},{\"@type\":\"ListItem\",\"position\":3,\"name\":\"p\u00f6yt\u00e4 Reidi\"}]},{\"@type\":\"WebSite\",\"@id\":\"https:\/\/dev.codenot.studio\/extery-new\/fi\/#website\",\"url\":\"https:\/\/dev.codenot.studio\/extery-new\/fi\/\",\"name\":\"Extery\",\"description\":\"\",\"publisher\":{\"@id\":\"https:\/\/dev.codenot.studio\/extery-new\/fi\/#organization\"},\"potentialAction\":[{\"@type\":\"SearchAction\",\"target\":{\"@type\":\"EntryPoint\",\"urlTemplate\":\"https:\/\/dev.codenot.studio\/extery-new\/fi\/?s={search_term_string}\"},\"query-input\":{\"@type\":\"PropertyValueSpecification\",\"valueRequired\":true,\"valueName\":\"search_term_string\"}}],\"inLanguage\":\"fi\"},{\"@type\":\"Organization\",\"@id\":\"https:\/\/dev.codenot.studio\/extery-new\/fi\/#organization\",\"name\":\"Extery\",\"url\":\"https:\/\/dev.codenot.studio\/extery-new\/fi\/\",\"logo\":{\"@type\":\"ImageObject\",\"inLanguage\":\"fi\",\"@id\":\"https:\/\/dev.codenot.studio\/extery-new\/fi\/#\/schema\/logo\/image\/\",\"url\":\"https:\/\/dev.codenot.studio\/extery-new\/wp-content\/uploads\/2023\/11\/footer-logo.svg\",\"contentUrl\":\"https:\/\/dev.codenot.studio\/extery-new\/wp-content\/uploads\/2023\/11\/footer-logo.svg\",\"caption\":\"Extery\"},\"image\":{\"@id\":\"https:\/\/dev.codenot.studio\/extery-new\/fi\/#\/schema\/logo\/image\/\"}}]}<\/script>\n<!-- \/ Yoast SEO plugin. -->","yoast_head_json":{"title":"p\u00f6yt\u00e4 Reidi - Extery kaupunkikalusteet","description":"P\u00f6yt\u00e4 Reidin sivujen vahva metallilevy mahdollistaa erilaisten graafisten elementtien rei'ityksen. J\u00e4ljittele kuvioita tai symboleja p\u00f6yd\u00e4n jalassa. Jokainen perheen tuote voi olla juuri sinun projektisi kasvot","robots":{"index":"index","follow":"follow","max-snippet":"max-snippet:-1","max-image-preview":"max-image-preview:large","max-video-preview":"max-video-preview:-1"},"canonical":"https:\/\/dev.codenot.studio\/extery-new\/fi\/tuotteet\/poyta-reidi\/","og_locale":"fi_FI","og_type":"article","og_title":"p\u00f6yt\u00e4 Reidi - Extery kaupunkikalusteet","og_description":"P\u00f6yt\u00e4 Reidin sivujen vahva metallilevy mahdollistaa erilaisten graafisten elementtien rei'ityksen. J\u00e4ljittele kuvioita tai symboleja p\u00f6yd\u00e4n jalassa. Jokainen perheen tuote voi olla juuri sinun projektisi kasvot","og_url":"https:\/\/dev.codenot.studio\/extery-new\/fi\/tuotteet\/poyta-reidi\/","og_site_name":"Extery","article_modified_time":"2023-12-01T12:01:44+00:00","og_image":[{"width":2560,"height":1707,"url":"https:\/\/dev.codenot.studio\/extery-new\/wp-content\/uploads\/2022\/07\/Reidi-laud-Extery-linnamoobel-valimoobel-pargimoobel-scaled.jpg","type":"image\/jpeg"}],"twitter_card":"summary_large_image","twitter_misc":{"Arvioitu lukuaika":"1 minuutti"},"schema":{"@context":"https:\/\/schema.org","@graph":[{"@type":"WebPage","@id":"https:\/\/dev.codenot.studio\/extery-new\/fi\/tuotteet\/poyta-reidi\/","url":"https:\/\/dev.codenot.studio\/extery-new\/fi\/tuotteet\/poyta-reidi\/","name":"p\u00f6yt\u00e4 Reidi - Extery kaupunkikalusteet","isPartOf":{"@id":"https:\/\/dev.codenot.studio\/extery-new\/fi\/#website"},"primaryImageOfPage":{"@id":"https:\/\/dev.codenot.studio\/extery-new\/fi\/tuotteet\/poyta-reidi\/#primaryimage"},"image":{"@id":"https:\/\/dev.codenot.studio\/extery-new\/fi\/tuotteet\/poyta-reidi\/#primaryimage"},"thumbnailUrl":"https:\/\/dev.codenot.studio\/extery-new\/wp-content\/uploads\/2022\/07\/Reidi-laud-Extery-linnamoobel-valimoobel-pargimoobel-scaled.jpg","datePublished":"2022-07-19T08:28:52+00:00","dateModified":"2023-12-01T12:01:44+00:00","description":"P\u00f6yt\u00e4 Reidin sivujen vahva metallilevy mahdollistaa erilaisten graafisten elementtien rei'ityksen. J\u00e4ljittele kuvioita tai symboleja p\u00f6yd\u00e4n jalassa. Jokainen perheen tuote voi olla juuri sinun projektisi kasvot","breadcrumb":{"@id":"https:\/\/dev.codenot.studio\/extery-new\/fi\/tuotteet\/poyta-reidi\/#breadcrumb"},"inLanguage":"fi","potentialAction":[{"@type":"ReadAction","target":["https:\/\/dev.codenot.studio\/extery-new\/fi\/tuotteet\/poyta-reidi\/"]}]},{"@type":"ImageObject","inLanguage":"fi","@id":"https:\/\/dev.codenot.studio\/extery-new\/fi\/tuotteet\/poyta-reidi\/#primaryimage","url":"https:\/\/dev.codenot.studio\/extery-new\/wp-content\/uploads\/2022\/07\/Reidi-laud-Extery-linnamoobel-valimoobel-pargimoobel-scaled.jpg","contentUrl":"https:\/\/dev.codenot.studio\/extery-new\/wp-content\/uploads\/2022\/07\/Reidi-laud-Extery-linnamoobel-valimoobel-pargimoobel-scaled.jpg","width":2560,"height":1707},{"@type":"BreadcrumbList","@id":"https:\/\/dev.codenot.studio\/extery-new\/fi\/tuotteet\/poyta-reidi\/#breadcrumb","itemListElement":[{"@type":"ListItem","position":1,"name":"Home","item":"https:\/\/dev.codenot.studio\/extery-new\/fi\/"},{"@type":"ListItem","position":2,"name":"Tuotteet","item":"https:\/\/dev.codenot.studio\/extery-new\/fi\/tuotteet\/"},{"@type":"ListItem","position":3,"name":"p\u00f6yt\u00e4 Reidi"}]},{"@type":"WebSite","@id":"https:\/\/dev.codenot.studio\/extery-new\/fi\/#website","url":"https:\/\/dev.codenot.studio\/extery-new\/fi\/","name":"Extery","description":"","publisher":{"@id":"https:\/\/dev.codenot.studio\/extery-new\/fi\/#organization"},"potentialAction":[{"@type":"SearchAction","target":{"@type":"EntryPoint","urlTemplate":"https:\/\/dev.codenot.studio\/extery-new\/fi\/?s={search_term_string}"},"query-input":{"@type":"PropertyValueSpecification","valueRequired":true,"valueName":"search_term_string"}}],"inLanguage":"fi"},{"@type":"Organization","@id":"https:\/\/dev.codenot.studio\/extery-new\/fi\/#organization","name":"Extery","url":"https:\/\/dev.codenot.studio\/extery-new\/fi\/","logo":{"@type":"ImageObject","inLanguage":"fi","@id":"https:\/\/dev.codenot.studio\/extery-new\/fi\/#\/schema\/logo\/image\/","url":"https:\/\/dev.codenot.studio\/extery-new\/wp-content\/uploads\/2023\/11\/footer-logo.svg","contentUrl":"https:\/\/dev.codenot.studio\/extery-new\/wp-content\/uploads\/2023\/11\/footer-logo.svg","caption":"Extery"},"image":{"@id":"https:\/\/dev.codenot.studio\/extery-new\/fi\/#\/schema\/logo\/image\/"}}]}},"_links":{"self":[{"href":"https:\/\/dev.codenot.studio\/extery-new\/fi\/wp-json\/wp\/v2\/product\/39729","targetHints":{"allow":["GET"]}}],"collection":[{"href":"https:\/\/dev.codenot.studio\/extery-new\/fi\/wp-json\/wp\/v2\/product"}],"about":[{"href":"https:\/\/dev.codenot.studio\/extery-new\/fi\/wp-json\/wp\/v2\/types\/product"}],"replies":[{"embeddable":true,"href":"https:\/\/dev.codenot.studio\/extery-new\/fi\/wp-json\/wp\/v2\/comments?post=39729"}],"wp:featuredmedia":[{"embeddable":true,"href":"https:\/\/dev.codenot.studio\/extery-new\/fi\/wp-json\/wp\/v2\/media\/18691"}],"wp:attachment":[{"href":"https:\/\/dev.codenot.studio\/extery-new\/fi\/wp-json\/wp\/v2\/media?parent=39729"}],"wp:term":[{"taxonomy":"product_cat","embeddable":true,"href":"https:\/\/dev.codenot.studio\/extery-new\/fi\/wp-json\/wp\/v2\/product_cat?post=39729"},{"taxonomy":"product_tag","embeddable":true,"href":"https:\/\/dev.codenot.studio\/extery-new\/fi\/wp-json\/wp\/v2\/product_tag?post=39729"}],"curies":[{"name":"wp","href":"https:\/\/api.w.org\/{rel}","templated":true}]}}