{"id":21239,"date":"2022-11-25T09:03:51","date_gmt":"2022-11-25T09:03:52","guid":{"rendered":"https:\/\/extery.com\/?post_type=product&#038;p=21239"},"modified":"2023-12-01T12:14:22","modified_gmt":"2023-12-01T12:14:22","slug":"puiston-penkki-jada-set12","status":"publish","type":"product","link":"https:\/\/dev.codenot.studio\/extery-new\/fi\/tuotteet\/puiston-penkki-jada-set12\/","title":{"rendered":"puiston penkki JADA SET12"},"content":{"rendered":"<p>Puiston penkki JADA SET12 on yhdistelm\u00e4 modulaarista huonekalu j\u00e4rjestelm\u00e4\u00e4 Jadan suoria moduuleja ja kaarimoduuleja. Setti voidaan tehd\u00e4 persoonallisempi lis\u00e4\u00e4m\u00e4ll\u00e4 muita Jada-moduuleja.<\/p>\n<p>Jada on modulaarinen kaupunkikalustej\u00e4rjestelm\u00e4, joka mahdollistaa kokonaisten oleskelualueiden luomisen yksinkertaisesti. Tarkoitettu reunustamaan esimerkiksi kaupunkien aukioita, leikkialueita ja mutkikkaita kulkuteit\u00e4.<\/p>\n<p>Lis\u00e4\u00e4 JADA-ratkaisuja l\u00f6yd\u00e4t <span style=\"color: #0000ff;\"><a style=\"color: #0000ff;\" href=\"https:\/\/dev.codenot.studio\/extery-new\/fi\/tuote-osasto\/moduulipenkit\/\">t\u00e4\u00e4lt\u00e4<\/a><\/span>.<\/p>\n<p>Selk\u00e4nojat voidaan asettaa vierekk\u00e4in tai vastakkain luodessa makuutiloja tai erist\u00e4ytyneit\u00e4 rauhallisia paikkoja. P\u00f6yd\u00e4t voidaan asentaa viihtyis\u00e4\u00e4n yksityiseen paikkaan tai j\u00e4rjest\u00e4\u00e4 istuimien ymp\u00e4rille yhteishengen edist\u00e4miseksi ja sosiaalisten kokoontumisalueden luomiseksi.<\/p>\n<p>JADA antaa sinun luoda erilaisia \u200b\u200bratkaisuja, jotka sopivat ideasi tai tilavaatimuksiisi.<\/p>\n<p>Sinun tilasi. Sinun ideasi. Ratkaisu, jossa on moitteeton Exteryn laatu.<\/p>\n","protected":false},"excerpt":{"rendered":"<p>Puiston penkki JADA SET12 on yhdistelm\u00e4 modulaarista huonekalu j\u00e4rjestelm\u00e4\u00e4 Jadan suoria moduuleja ja kaarimoduuleja. Setti voidaan tehd\u00e4 persoonallisempi lis\u00e4\u00e4m\u00e4ll\u00e4 muita Jada-moduuleja. Jada on modulaarinen kaupunkikalustej\u00e4rjestelm\u00e4, joka mahdollistaa kokonaisten oleskelualueiden luomisen yksinkertaisesti. Tarkoitettu reunustamaan esimerkiksi kaupunkien aukioita, leikkialueita ja mutkikkaita kulkuteit\u00e4. Lis\u00e4\u00e4 JADA-ratkaisuja l\u00f6yd\u00e4t t\u00e4\u00e4lt\u00e4. Selk\u00e4nojat voidaan asettaa vierekk\u00e4in tai vastakkain luodessa makuutiloja tai erist\u00e4ytyneit\u00e4 rauhallisia [&hellip;]<\/p>\n","protected":false},"featured_media":21225,"comment_status":"open","ping_status":"closed","template":"","meta":{"_acf_changed":false},"product_cat":[90,111],"product_tag":[],"class_list":["post-21239","product","type-product","status-publish","has-post-thumbnail","hentry","product_cat-penkit-ilman-selkanojaa","product_cat-moduulipenkit","product-family-jada-fi"],"acf":[],"yoast_head":"<!-- This site is optimized with the Yoast SEO plugin v24.1 - https:\/\/yoast.com\/wordpress\/plugins\/seo\/ -->\n<title>puiston penkki JADA SET12 - Extery kaupunkikalusteet<\/title>\n<meta name=\"description\" content=\"Puistopenkki Jada - modulaarinen kaupunkikalustej\u00e4rjestelm\u00e4, joka mahdollistaa kokonaisten oleskelualueiden luomisen yksinkertaisesti. Tarkoitettu reunustamaan esimerkiksi kaupunkien aukioita, leikkialueita jamutkikkaita kulkuteit\u00e4.\" \/>\n<meta name=\"robots\" content=\"index, follow, max-snippet:-1, max-image-preview:large, max-video-preview:-1\" \/>\n<link rel=\"canonical\" href=\"https:\/\/dev.codenot.studio\/extery-new\/fi\/tuotteet\/puiston-penkki-jada-set12\/\" \/>\n<meta property=\"og:locale\" content=\"fi_FI\" \/>\n<meta property=\"og:type\" content=\"article\" \/>\n<meta property=\"og:title\" content=\"puiston penkki JADA SET12 - Extery kaupunkikalusteet\" \/>\n<meta property=\"og:description\" content=\"Puistopenkki Jada - modulaarinen kaupunkikalustej\u00e4rjestelm\u00e4, joka mahdollistaa kokonaisten oleskelualueiden luomisen yksinkertaisesti. Tarkoitettu reunustamaan esimerkiksi kaupunkien aukioita, leikkialueita jamutkikkaita kulkuteit\u00e4.\" \/>\n<meta property=\"og:url\" content=\"https:\/\/dev.codenot.studio\/extery-new\/fi\/tuotteet\/puiston-penkki-jada-set12\/\" \/>\n<meta property=\"og:site_name\" content=\"Extery\" \/>\n<meta property=\"article:modified_time\" content=\"2023-12-01T12:14:22+00:00\" \/>\n<meta property=\"og:image\" content=\"https:\/\/dev.codenot.studio\/extery-new\/wp-content\/uploads\/2022\/11\/Jada-12.jpg\" \/>\n\t<meta property=\"og:image:width\" content=\"2255\" \/>\n\t<meta property=\"og:image:height\" content=\"1560\" \/>\n\t<meta property=\"og:image:type\" content=\"image\/jpeg\" \/>\n<meta name=\"twitter:card\" content=\"summary_large_image\" \/>\n<meta name=\"twitter:label1\" content=\"Arvioitu lukuaika\" \/>\n\t<meta name=\"twitter:data1\" content=\"1 minuutti\" \/>\n<script type=\"application\/ld+json\" class=\"yoast-schema-graph\">{\"@context\":\"https:\/\/schema.org\",\"@graph\":[{\"@type\":\"WebPage\",\"@id\":\"https:\/\/dev.codenot.studio\/extery-new\/fi\/tuotteet\/puiston-penkki-jada-set12\/\",\"url\":\"https:\/\/dev.codenot.studio\/extery-new\/fi\/tuotteet\/puiston-penkki-jada-set12\/\",\"name\":\"puiston penkki JADA SET12 - Extery kaupunkikalusteet\",\"isPartOf\":{\"@id\":\"https:\/\/dev.codenot.studio\/extery-new\/fi\/#website\"},\"primaryImageOfPage\":{\"@id\":\"https:\/\/dev.codenot.studio\/extery-new\/fi\/tuotteet\/puiston-penkki-jada-set12\/#primaryimage\"},\"image\":{\"@id\":\"https:\/\/dev.codenot.studio\/extery-new\/fi\/tuotteet\/puiston-penkki-jada-set12\/#primaryimage\"},\"thumbnailUrl\":\"https:\/\/dev.codenot.studio\/extery-new\/wp-content\/uploads\/2022\/11\/Jada-12.jpg\",\"datePublished\":\"2022-11-25T09:03:52+00:00\",\"dateModified\":\"2023-12-01T12:14:22+00:00\",\"description\":\"Puistopenkki Jada - modulaarinen kaupunkikalustej\u00e4rjestelm\u00e4, joka mahdollistaa kokonaisten oleskelualueiden luomisen yksinkertaisesti. Tarkoitettu reunustamaan esimerkiksi kaupunkien aukioita, leikkialueita jamutkikkaita kulkuteit\u00e4.\",\"breadcrumb\":{\"@id\":\"https:\/\/dev.codenot.studio\/extery-new\/fi\/tuotteet\/puiston-penkki-jada-set12\/#breadcrumb\"},\"inLanguage\":\"fi\",\"potentialAction\":[{\"@type\":\"ReadAction\",\"target\":[\"https:\/\/dev.codenot.studio\/extery-new\/fi\/tuotteet\/puiston-penkki-jada-set12\/\"]}]},{\"@type\":\"ImageObject\",\"inLanguage\":\"fi\",\"@id\":\"https:\/\/dev.codenot.studio\/extery-new\/fi\/tuotteet\/puiston-penkki-jada-set12\/#primaryimage\",\"url\":\"https:\/\/dev.codenot.studio\/extery-new\/wp-content\/uploads\/2022\/11\/Jada-12.jpg\",\"contentUrl\":\"https:\/\/dev.codenot.studio\/extery-new\/wp-content\/uploads\/2022\/11\/Jada-12.jpg\",\"width\":2255,\"height\":1560},{\"@type\":\"BreadcrumbList\",\"@id\":\"https:\/\/dev.codenot.studio\/extery-new\/fi\/tuotteet\/puiston-penkki-jada-set12\/#breadcrumb\",\"itemListElement\":[{\"@type\":\"ListItem\",\"position\":1,\"name\":\"Home\",\"item\":\"https:\/\/dev.codenot.studio\/extery-new\/fi\/\"},{\"@type\":\"ListItem\",\"position\":2,\"name\":\"Tuotteet\",\"item\":\"https:\/\/dev.codenot.studio\/extery-new\/fi\/tuotteet\/\"},{\"@type\":\"ListItem\",\"position\":3,\"name\":\"puiston penkki JADA SET12\"}]},{\"@type\":\"WebSite\",\"@id\":\"https:\/\/dev.codenot.studio\/extery-new\/fi\/#website\",\"url\":\"https:\/\/dev.codenot.studio\/extery-new\/fi\/\",\"name\":\"Extery\",\"description\":\"\",\"publisher\":{\"@id\":\"https:\/\/dev.codenot.studio\/extery-new\/fi\/#organization\"},\"potentialAction\":[{\"@type\":\"SearchAction\",\"target\":{\"@type\":\"EntryPoint\",\"urlTemplate\":\"https:\/\/dev.codenot.studio\/extery-new\/fi\/?s={search_term_string}\"},\"query-input\":{\"@type\":\"PropertyValueSpecification\",\"valueRequired\":true,\"valueName\":\"search_term_string\"}}],\"inLanguage\":\"fi\"},{\"@type\":\"Organization\",\"@id\":\"https:\/\/dev.codenot.studio\/extery-new\/fi\/#organization\",\"name\":\"Extery\",\"url\":\"https:\/\/dev.codenot.studio\/extery-new\/fi\/\",\"logo\":{\"@type\":\"ImageObject\",\"inLanguage\":\"fi\",\"@id\":\"https:\/\/dev.codenot.studio\/extery-new\/fi\/#\/schema\/logo\/image\/\",\"url\":\"https:\/\/dev.codenot.studio\/extery-new\/wp-content\/uploads\/2023\/11\/footer-logo.svg\",\"contentUrl\":\"https:\/\/dev.codenot.studio\/extery-new\/wp-content\/uploads\/2023\/11\/footer-logo.svg\",\"caption\":\"Extery\"},\"image\":{\"@id\":\"https:\/\/dev.codenot.studio\/extery-new\/fi\/#\/schema\/logo\/image\/\"}}]}<\/script>\n<!-- \/ Yoast SEO plugin. -->","yoast_head_json":{"title":"puiston penkki JADA SET12 - Extery kaupunkikalusteet","description":"Puistopenkki Jada - modulaarinen kaupunkikalustej\u00e4rjestelm\u00e4, joka mahdollistaa kokonaisten oleskelualueiden luomisen yksinkertaisesti. Tarkoitettu reunustamaan esimerkiksi kaupunkien aukioita, leikkialueita jamutkikkaita kulkuteit\u00e4.","robots":{"index":"index","follow":"follow","max-snippet":"max-snippet:-1","max-image-preview":"max-image-preview:large","max-video-preview":"max-video-preview:-1"},"canonical":"https:\/\/dev.codenot.studio\/extery-new\/fi\/tuotteet\/puiston-penkki-jada-set12\/","og_locale":"fi_FI","og_type":"article","og_title":"puiston penkki JADA SET12 - Extery kaupunkikalusteet","og_description":"Puistopenkki Jada - modulaarinen kaupunkikalustej\u00e4rjestelm\u00e4, joka mahdollistaa kokonaisten oleskelualueiden luomisen yksinkertaisesti. Tarkoitettu reunustamaan esimerkiksi kaupunkien aukioita, leikkialueita jamutkikkaita kulkuteit\u00e4.","og_url":"https:\/\/dev.codenot.studio\/extery-new\/fi\/tuotteet\/puiston-penkki-jada-set12\/","og_site_name":"Extery","article_modified_time":"2023-12-01T12:14:22+00:00","og_image":[{"width":2255,"height":1560,"url":"https:\/\/dev.codenot.studio\/extery-new\/wp-content\/uploads\/2022\/11\/Jada-12.jpg","type":"image\/jpeg"}],"twitter_card":"summary_large_image","twitter_misc":{"Arvioitu lukuaika":"1 minuutti"},"schema":{"@context":"https:\/\/schema.org","@graph":[{"@type":"WebPage","@id":"https:\/\/dev.codenot.studio\/extery-new\/fi\/tuotteet\/puiston-penkki-jada-set12\/","url":"https:\/\/dev.codenot.studio\/extery-new\/fi\/tuotteet\/puiston-penkki-jada-set12\/","name":"puiston penkki JADA SET12 - Extery kaupunkikalusteet","isPartOf":{"@id":"https:\/\/dev.codenot.studio\/extery-new\/fi\/#website"},"primaryImageOfPage":{"@id":"https:\/\/dev.codenot.studio\/extery-new\/fi\/tuotteet\/puiston-penkki-jada-set12\/#primaryimage"},"image":{"@id":"https:\/\/dev.codenot.studio\/extery-new\/fi\/tuotteet\/puiston-penkki-jada-set12\/#primaryimage"},"thumbnailUrl":"https:\/\/dev.codenot.studio\/extery-new\/wp-content\/uploads\/2022\/11\/Jada-12.jpg","datePublished":"2022-11-25T09:03:52+00:00","dateModified":"2023-12-01T12:14:22+00:00","description":"Puistopenkki Jada - modulaarinen kaupunkikalustej\u00e4rjestelm\u00e4, joka mahdollistaa kokonaisten oleskelualueiden luomisen yksinkertaisesti. Tarkoitettu reunustamaan esimerkiksi kaupunkien aukioita, leikkialueita jamutkikkaita kulkuteit\u00e4.","breadcrumb":{"@id":"https:\/\/dev.codenot.studio\/extery-new\/fi\/tuotteet\/puiston-penkki-jada-set12\/#breadcrumb"},"inLanguage":"fi","potentialAction":[{"@type":"ReadAction","target":["https:\/\/dev.codenot.studio\/extery-new\/fi\/tuotteet\/puiston-penkki-jada-set12\/"]}]},{"@type":"ImageObject","inLanguage":"fi","@id":"https:\/\/dev.codenot.studio\/extery-new\/fi\/tuotteet\/puiston-penkki-jada-set12\/#primaryimage","url":"https:\/\/dev.codenot.studio\/extery-new\/wp-content\/uploads\/2022\/11\/Jada-12.jpg","contentUrl":"https:\/\/dev.codenot.studio\/extery-new\/wp-content\/uploads\/2022\/11\/Jada-12.jpg","width":2255,"height":1560},{"@type":"BreadcrumbList","@id":"https:\/\/dev.codenot.studio\/extery-new\/fi\/tuotteet\/puiston-penkki-jada-set12\/#breadcrumb","itemListElement":[{"@type":"ListItem","position":1,"name":"Home","item":"https:\/\/dev.codenot.studio\/extery-new\/fi\/"},{"@type":"ListItem","position":2,"name":"Tuotteet","item":"https:\/\/dev.codenot.studio\/extery-new\/fi\/tuotteet\/"},{"@type":"ListItem","position":3,"name":"puiston penkki JADA SET12"}]},{"@type":"WebSite","@id":"https:\/\/dev.codenot.studio\/extery-new\/fi\/#website","url":"https:\/\/dev.codenot.studio\/extery-new\/fi\/","name":"Extery","description":"","publisher":{"@id":"https:\/\/dev.codenot.studio\/extery-new\/fi\/#organization"},"potentialAction":[{"@type":"SearchAction","target":{"@type":"EntryPoint","urlTemplate":"https:\/\/dev.codenot.studio\/extery-new\/fi\/?s={search_term_string}"},"query-input":{"@type":"PropertyValueSpecification","valueRequired":true,"valueName":"search_term_string"}}],"inLanguage":"fi"},{"@type":"Organization","@id":"https:\/\/dev.codenot.studio\/extery-new\/fi\/#organization","name":"Extery","url":"https:\/\/dev.codenot.studio\/extery-new\/fi\/","logo":{"@type":"ImageObject","inLanguage":"fi","@id":"https:\/\/dev.codenot.studio\/extery-new\/fi\/#\/schema\/logo\/image\/","url":"https:\/\/dev.codenot.studio\/extery-new\/wp-content\/uploads\/2023\/11\/footer-logo.svg","contentUrl":"https:\/\/dev.codenot.studio\/extery-new\/wp-content\/uploads\/2023\/11\/footer-logo.svg","caption":"Extery"},"image":{"@id":"https:\/\/dev.codenot.studio\/extery-new\/fi\/#\/schema\/logo\/image\/"}}]}},"_links":{"self":[{"href":"https:\/\/dev.codenot.studio\/extery-new\/fi\/wp-json\/wp\/v2\/product\/21239","targetHints":{"allow":["GET"]}}],"collection":[{"href":"https:\/\/dev.codenot.studio\/extery-new\/fi\/wp-json\/wp\/v2\/product"}],"about":[{"href":"https:\/\/dev.codenot.studio\/extery-new\/fi\/wp-json\/wp\/v2\/types\/product"}],"replies":[{"embeddable":true,"href":"https:\/\/dev.codenot.studio\/extery-new\/fi\/wp-json\/wp\/v2\/comments?post=21239"}],"wp:featuredmedia":[{"embeddable":true,"href":"https:\/\/dev.codenot.studio\/extery-new\/fi\/wp-json\/wp\/v2\/media\/21225"}],"wp:attachment":[{"href":"https:\/\/dev.codenot.studio\/extery-new\/fi\/wp-json\/wp\/v2\/media?parent=21239"}],"wp:term":[{"taxonomy":"product_cat","embeddable":true,"href":"https:\/\/dev.codenot.studio\/extery-new\/fi\/wp-json\/wp\/v2\/product_cat?post=21239"},{"taxonomy":"product_tag","embeddable":true,"href":"https:\/\/dev.codenot.studio\/extery-new\/fi\/wp-json\/wp\/v2\/product_tag?post=21239"}],"curies":[{"name":"wp","href":"https:\/\/api.w.org\/{rel}","templated":true}]}}