{"id":12192,"date":"2021-02-19T11:29:09","date_gmt":"2021-02-19T11:29:09","guid":{"rendered":"https:\/\/extery.com\/tarinamme\/"},"modified":"2021-02-19T13:33:06","modified_gmt":"2021-02-19T13:33:06","slug":"blogi","status":"publish","type":"page","link":"https:\/\/dev.codenot.studio\/extery-new\/fi\/blogi\/","title":{"rendered":"Blogi"},"content":{"rendered":"","protected":false},"excerpt":{"rendered":"","protected":false},"author":1,"featured_media":0,"parent":0,"menu_order":0,"comment_status":"closed","ping_status":"closed","template":"tpl__stories.php","meta":{"_acf_changed":false,"footnotes":""},"class_list":["post-12192","page","type-page","status-publish","hentry"],"acf":[],"yoast_head":"<!-- This site is optimized with the Yoast SEO plugin v24.1 - https:\/\/yoast.com\/wordpress\/plugins\/seo\/ -->\n<title>Blogi - Extery kaupungin huonekalut puiston penkit roskakorit polkupy\u00f6r\u00e4telineet<\/title>\n<meta name=\"description\" content=\"Kaupunkihuonekalut - puiston penkit, astiat, polkupy\u00f6r\u00e4telineet, pollarit ja kasviastiat.\" \/>\n<meta name=\"robots\" content=\"index, follow, max-snippet:-1, max-image-preview:large, max-video-preview:-1\" \/>\n<link rel=\"canonical\" href=\"https:\/\/dev.codenot.studio\/extery-new\/fi\/blogi\/\" \/>\n<meta property=\"og:locale\" content=\"fi_FI\" \/>\n<meta property=\"og:type\" content=\"article\" \/>\n<meta property=\"og:title\" content=\"Blogi - Extery kaupungin huonekalut puiston penkit roskakorit polkupy\u00f6r\u00e4telineet\" \/>\n<meta property=\"og:description\" content=\"Kaupunkihuonekalut - puiston penkit, astiat, polkupy\u00f6r\u00e4telineet, pollarit ja kasviastiat.\" \/>\n<meta property=\"og:url\" content=\"https:\/\/dev.codenot.studio\/extery-new\/fi\/blogi\/\" \/>\n<meta property=\"og:site_name\" content=\"Extery\" \/>\n<meta property=\"article:modified_time\" content=\"2021-02-19T13:33:06+00:00\" \/>\n<meta property=\"og:image\" content=\"https:\/\/dev.codenot.studio\/extery-new\/wp-content\/uploads\/2021\/01\/extery-1.jpg\" \/>\n\t<meta property=\"og:image:width\" content=\"1200\" \/>\n\t<meta property=\"og:image:height\" content=\"630\" \/>\n\t<meta property=\"og:image:type\" content=\"image\/jpeg\" \/>\n<meta name=\"twitter:card\" content=\"summary_large_image\" \/>\n<script type=\"application\/ld+json\" class=\"yoast-schema-graph\">{\"@context\":\"https:\/\/schema.org\",\"@graph\":[{\"@type\":\"WebPage\",\"@id\":\"https:\/\/dev.codenot.studio\/extery-new\/fi\/blogi\/\",\"url\":\"https:\/\/dev.codenot.studio\/extery-new\/fi\/blogi\/\",\"name\":\"Blogi - Extery kaupungin huonekalut puiston penkit roskakorit polkupy\u00f6r\u00e4telineet\",\"isPartOf\":{\"@id\":\"https:\/\/dev.codenot.studio\/extery-new\/fi\/#website\"},\"datePublished\":\"2021-02-19T11:29:09+00:00\",\"dateModified\":\"2021-02-19T13:33:06+00:00\",\"description\":\"Kaupunkihuonekalut - puiston penkit, astiat, polkupy\u00f6r\u00e4telineet, pollarit ja kasviastiat.\",\"breadcrumb\":{\"@id\":\"https:\/\/dev.codenot.studio\/extery-new\/fi\/blogi\/#breadcrumb\"},\"inLanguage\":\"fi\",\"potentialAction\":[{\"@type\":\"ReadAction\",\"target\":[\"https:\/\/dev.codenot.studio\/extery-new\/fi\/blogi\/\"]}]},{\"@type\":\"BreadcrumbList\",\"@id\":\"https:\/\/dev.codenot.studio\/extery-new\/fi\/blogi\/#breadcrumb\",\"itemListElement\":[{\"@type\":\"ListItem\",\"position\":1,\"name\":\"Home\",\"item\":\"https:\/\/dev.codenot.studio\/extery-new\/fi\/\"},{\"@type\":\"ListItem\",\"position\":2,\"name\":\"Blogi\"}]},{\"@type\":\"WebSite\",\"@id\":\"https:\/\/dev.codenot.studio\/extery-new\/fi\/#website\",\"url\":\"https:\/\/dev.codenot.studio\/extery-new\/fi\/\",\"name\":\"Extery\",\"description\":\"\",\"publisher\":{\"@id\":\"https:\/\/dev.codenot.studio\/extery-new\/fi\/#organization\"},\"potentialAction\":[{\"@type\":\"SearchAction\",\"target\":{\"@type\":\"EntryPoint\",\"urlTemplate\":\"https:\/\/dev.codenot.studio\/extery-new\/fi\/?s={search_term_string}\"},\"query-input\":{\"@type\":\"PropertyValueSpecification\",\"valueRequired\":true,\"valueName\":\"search_term_string\"}}],\"inLanguage\":\"fi\"},{\"@type\":\"Organization\",\"@id\":\"https:\/\/dev.codenot.studio\/extery-new\/fi\/#organization\",\"name\":\"Extery\",\"url\":\"https:\/\/dev.codenot.studio\/extery-new\/fi\/\",\"logo\":{\"@type\":\"ImageObject\",\"inLanguage\":\"fi\",\"@id\":\"https:\/\/dev.codenot.studio\/extery-new\/fi\/#\/schema\/logo\/image\/\",\"url\":\"https:\/\/dev.codenot.studio\/extery-new\/wp-content\/uploads\/2023\/11\/footer-logo.svg\",\"contentUrl\":\"https:\/\/dev.codenot.studio\/extery-new\/wp-content\/uploads\/2023\/11\/footer-logo.svg\",\"caption\":\"Extery\"},\"image\":{\"@id\":\"https:\/\/dev.codenot.studio\/extery-new\/fi\/#\/schema\/logo\/image\/\"}}]}<\/script>\n<!-- \/ Yoast SEO plugin. -->","yoast_head_json":{"title":"Blogi - Extery kaupungin huonekalut puiston penkit roskakorit polkupy\u00f6r\u00e4telineet","description":"Kaupunkihuonekalut - puiston penkit, astiat, polkupy\u00f6r\u00e4telineet, pollarit ja kasviastiat.","robots":{"index":"index","follow":"follow","max-snippet":"max-snippet:-1","max-image-preview":"max-image-preview:large","max-video-preview":"max-video-preview:-1"},"canonical":"https:\/\/dev.codenot.studio\/extery-new\/fi\/blogi\/","og_locale":"fi_FI","og_type":"article","og_title":"Blogi - Extery kaupungin huonekalut puiston penkit roskakorit polkupy\u00f6r\u00e4telineet","og_description":"Kaupunkihuonekalut - puiston penkit, astiat, polkupy\u00f6r\u00e4telineet, pollarit ja kasviastiat.","og_url":"https:\/\/dev.codenot.studio\/extery-new\/fi\/blogi\/","og_site_name":"Extery","article_modified_time":"2021-02-19T13:33:06+00:00","og_image":[{"width":1200,"height":630,"url":"https:\/\/dev.codenot.studio\/extery-new\/wp-content\/uploads\/2021\/01\/extery-1.jpg","type":"image\/jpeg"}],"twitter_card":"summary_large_image","schema":{"@context":"https:\/\/schema.org","@graph":[{"@type":"WebPage","@id":"https:\/\/dev.codenot.studio\/extery-new\/fi\/blogi\/","url":"https:\/\/dev.codenot.studio\/extery-new\/fi\/blogi\/","name":"Blogi - Extery kaupungin huonekalut puiston penkit roskakorit polkupy\u00f6r\u00e4telineet","isPartOf":{"@id":"https:\/\/dev.codenot.studio\/extery-new\/fi\/#website"},"datePublished":"2021-02-19T11:29:09+00:00","dateModified":"2021-02-19T13:33:06+00:00","description":"Kaupunkihuonekalut - puiston penkit, astiat, polkupy\u00f6r\u00e4telineet, pollarit ja kasviastiat.","breadcrumb":{"@id":"https:\/\/dev.codenot.studio\/extery-new\/fi\/blogi\/#breadcrumb"},"inLanguage":"fi","potentialAction":[{"@type":"ReadAction","target":["https:\/\/dev.codenot.studio\/extery-new\/fi\/blogi\/"]}]},{"@type":"BreadcrumbList","@id":"https:\/\/dev.codenot.studio\/extery-new\/fi\/blogi\/#breadcrumb","itemListElement":[{"@type":"ListItem","position":1,"name":"Home","item":"https:\/\/dev.codenot.studio\/extery-new\/fi\/"},{"@type":"ListItem","position":2,"name":"Blogi"}]},{"@type":"WebSite","@id":"https:\/\/dev.codenot.studio\/extery-new\/fi\/#website","url":"https:\/\/dev.codenot.studio\/extery-new\/fi\/","name":"Extery","description":"","publisher":{"@id":"https:\/\/dev.codenot.studio\/extery-new\/fi\/#organization"},"potentialAction":[{"@type":"SearchAction","target":{"@type":"EntryPoint","urlTemplate":"https:\/\/dev.codenot.studio\/extery-new\/fi\/?s={search_term_string}"},"query-input":{"@type":"PropertyValueSpecification","valueRequired":true,"valueName":"search_term_string"}}],"inLanguage":"fi"},{"@type":"Organization","@id":"https:\/\/dev.codenot.studio\/extery-new\/fi\/#organization","name":"Extery","url":"https:\/\/dev.codenot.studio\/extery-new\/fi\/","logo":{"@type":"ImageObject","inLanguage":"fi","@id":"https:\/\/dev.codenot.studio\/extery-new\/fi\/#\/schema\/logo\/image\/","url":"https:\/\/dev.codenot.studio\/extery-new\/wp-content\/uploads\/2023\/11\/footer-logo.svg","contentUrl":"https:\/\/dev.codenot.studio\/extery-new\/wp-content\/uploads\/2023\/11\/footer-logo.svg","caption":"Extery"},"image":{"@id":"https:\/\/dev.codenot.studio\/extery-new\/fi\/#\/schema\/logo\/image\/"}}]}},"_links":{"self":[{"href":"https:\/\/dev.codenot.studio\/extery-new\/fi\/wp-json\/wp\/v2\/pages\/12192","targetHints":{"allow":["GET"]}}],"collection":[{"href":"https:\/\/dev.codenot.studio\/extery-new\/fi\/wp-json\/wp\/v2\/pages"}],"about":[{"href":"https:\/\/dev.codenot.studio\/extery-new\/fi\/wp-json\/wp\/v2\/types\/page"}],"author":[{"embeddable":true,"href":"https:\/\/dev.codenot.studio\/extery-new\/fi\/wp-json\/wp\/v2\/users\/1"}],"replies":[{"embeddable":true,"href":"https:\/\/dev.codenot.studio\/extery-new\/fi\/wp-json\/wp\/v2\/comments?post=12192"}],"version-history":[{"count":0,"href":"https:\/\/dev.codenot.studio\/extery-new\/fi\/wp-json\/wp\/v2\/pages\/12192\/revisions"}],"wp:attachment":[{"href":"https:\/\/dev.codenot.studio\/extery-new\/fi\/wp-json\/wp\/v2\/media?parent=12192"}],"curies":[{"name":"wp","href":"https:\/\/api.w.org\/{rel}","templated":true}]}}